{"id":5100,"date":"2022-08-01T11:12:13","date_gmt":"2022-08-01T09:12:13","guid":{"rendered":"https:\/\/idealstaff.com\/kariera-ludzie\/"},"modified":"2026-03-17T14:05:12","modified_gmt":"2026-03-17T13:05:12","slug":"team","status":"publish","type":"page","link":"https:\/\/idealstaff.com\/de\/team\/","title":{"rendered":"Team"},"content":{"rendered":"[vc_row type=&#8221;in_container&#8221; full_screen_row_position=&#8221;middle&#8221; column_margin=&#8221;default&#8221; column_direction=&#8221;default&#8221; column_direction_tablet=&#8221;default&#8221; column_direction_phone=&#8221;default&#8221; bg_color=&#8221;#ffffff&#8221; scene_position=&#8221;center&#8221; top_padding=&#8221;3%&#8221; bottom_padding=&#8221;7%&#8221; left_padding_desktop=&#8221;3%&#8221; right_padding_desktop=&#8221;3%&#8221; bottom_margin=&#8221;80px&#8221; text_color=&#8221;dark&#8221; text_align=&#8221;left&#8221; row_border_radius=&#8221;none&#8221; row_border_radius_applies=&#8221;bg&#8221; row_position_desktop=&#8221;default&#8221; row_position_tablet=&#8221;inherit&#8221; row_position_phone=&#8221;inherit&#8221; overflow=&#8221;visible&#8221; class=&#8221;kariera_i_ludzie_zespoly&#8221; id=&#8221;poznaj_lepiej_nasze_zespoly&#8221; advanced_gradient_angle=&#8221;0&#8243; overlay_strength=&#8221;0.3&#8243; gradient_direction=&#8221;left_to_right&#8221; shape_divider_position=&#8221;bottom&#8221; bg_image_animation=&#8221;none&#8221; gradient_type=&#8221;default&#8221; shape_type=&#8221;&#8221;][vc_column column_padding=&#8221;no-extra-padding&#8221; column_padding_tablet=&#8221;inherit&#8221; column_padding_phone=&#8221;inherit&#8221; column_padding_position=&#8221;all&#8221; flex_gap_desktop=&#8221;10px&#8221; column_element_direction_desktop=&#8221;default&#8221; column_element_spacing=&#8221;default&#8221; desktop_text_alignment=&#8221;default&#8221; tablet_text_alignment=&#8221;default&#8221; phone_text_alignment=&#8221;default&#8221; background_color_opacity=&#8221;1&#8243; background_hover_color_opacity=&#8221;1&#8243; column_backdrop_filter=&#8221;none&#8221; column_shadow=&#8221;none&#8221; column_border_radius=&#8221;none&#8221; column_link_target=&#8221;_self&#8221; column_position=&#8221;default&#8221; gradient_direction=&#8221;left_to_right&#8221; overlay_strength=&#8221;0.3&#8243; width=&#8221;1\/1&#8243; tablet_width_inherit=&#8221;default&#8221; animation_type=&#8221;default&#8221; bg_image_animation=&#8221;none&#8221; border_type=&#8221;simple&#8221; column_border_width=&#8221;none&#8221; column_border_style=&#8221;solid&#8221;][vc_custom_heading text=&#8221;Lernen Sie unsere Teams besser kennen&#8221; font_container=&#8221;tag:h2|text_align:center&#8221; use_theme_fonts=&#8221;yes&#8221; css=&#8221;.vc_custom_1670405020928{padding-bottom: 30px !important;}&#8221; el_class=&#8221;bold&#8221;][vc_row_inner column_margin=&#8221;40px&#8221; column_direction=&#8221;default&#8221; column_direction_tablet=&#8221;default&#8221; column_direction_phone=&#8221;default&#8221; text_align=&#8221;left&#8221; row_position=&#8221;default&#8221; row_position_tablet=&#8221;inherit&#8221; row_position_phone=&#8221;inherit&#8221; overflow=&#8221;visible&#8221; pointer_events=&#8221;all&#8221;][vc_column_inner column_padding=&#8221;no-extra-padding&#8221; column_padding_tablet=&#8221;inherit&#8221; column_padding_phone=&#8221;inherit&#8221; column_padding_position=&#8221;all&#8221; flex_gap_desktop=&#8221;10px&#8221; column_element_direction_desktop=&#8221;default&#8221; column_element_spacing=&#8221;default&#8221; desktop_text_alignment=&#8221;default&#8221; tablet_text_alignment=&#8221;default&#8221; phone_text_alignment=&#8221;default&#8221; background_color_opacity=&#8221;1&#8243; background_hover_color_opacity=&#8221;1&#8243; column_backdrop_filter=&#8221;none&#8221; column_shadow=&#8221;none&#8221; column_border_radius=&#8221;none&#8221; column_link_target=&#8221;_self&#8221; overflow=&#8221;visible&#8221; gradient_direction=&#8221;left_to_right&#8221; overlay_strength=&#8221;0.3&#8243; width=&#8221;1\/2&#8243; tablet_width_inherit=&#8221;default&#8221; animation_type=&#8221;default&#8221; bg_image_animation=&#8221;none&#8221; border_type=&#8221;simple&#8221; column_border_width=&#8221;none&#8221; column_border_style=&#8221;solid&#8221;][image_with_animation image_url=&#8221;15427&#8243; image_size=&#8221;full&#8221; max_width=&#8221;100%&#8221; max_width_mobile=&#8221;default&#8221; animation_type=&#8221;entrance&#8221; animation=&#8221;Fade In&#8221; animation_easing=&#8221;default&#8221; animation_movement_type=&#8221;transform_y&#8221; hover_animation=&#8221;none&#8221; alignment=&#8221;center&#8221; border_radius=&#8221;none&#8221; box_shadow=&#8221;none&#8221; image_loading=&#8221;default&#8221;][vc_custom_heading text=&#8221;Personalbeschaffung&#8221; font_container=&#8221;tag:h3|text_align:left&#8221; use_theme_fonts=&#8221;yes&#8221;][vc_column_text]Unsere Abteilung besteht aus Menschen, die mit Leidenschaft, Engagement und unkonventionellem Denken handeln und st\u00e4ndig auf der Suche nach neuen Herausforderungen sind. Eine Vielzahl von Charakteren und F\u00e4higkeiten, die sich gegenseitig perfekt erg\u00e4nzen. Wir befassen uns mit der Anwerbung und Auswahl von Mitarbeitern. Wir sorgen st\u00e4ndig daf\u00fcr, dass wir \u00fcber kompetente Mitarbeiter f\u00fcr die von unseren Kunden angebotenen Stellen verf\u00fcgen.[\/vc_column_text][\/vc_column_inner][vc_column_inner column_padding=&#8221;no-extra-padding&#8221; column_padding_tablet=&#8221;inherit&#8221; column_padding_phone=&#8221;inherit&#8221; column_padding_position=&#8221;all&#8221; flex_gap_desktop=&#8221;10px&#8221; column_element_direction_desktop=&#8221;default&#8221; column_element_spacing=&#8221;default&#8221; desktop_text_alignment=&#8221;default&#8221; tablet_text_alignment=&#8221;default&#8221; phone_text_alignment=&#8221;default&#8221; background_color_opacity=&#8221;1&#8243; background_hover_color_opacity=&#8221;1&#8243; column_backdrop_filter=&#8221;none&#8221; column_shadow=&#8221;none&#8221; column_border_radius=&#8221;none&#8221; column_link_target=&#8221;_self&#8221; overflow=&#8221;visible&#8221; gradient_direction=&#8221;left_to_right&#8221; overlay_strength=&#8221;0.3&#8243; width=&#8221;1\/2&#8243; tablet_width_inherit=&#8221;default&#8221; animation_type=&#8221;default&#8221; bg_image_animation=&#8221;none&#8221; border_type=&#8221;simple&#8221; column_border_width=&#8221;none&#8221; column_border_style=&#8221;solid&#8221;][image_with_animation image_url=&#8221;15431&#8243; image_size=&#8221;full&#8221; max_width=&#8221;100%&#8221; max_width_mobile=&#8221;default&#8221; animation_type=&#8221;entrance&#8221; animation=&#8221;Fade In&#8221; animation_easing=&#8221;default&#8221; animation_movement_type=&#8221;transform_y&#8221; hover_animation=&#8221;none&#8221; alignment=&#8221;center&#8221; border_radius=&#8221;none&#8221; box_shadow=&#8221;none&#8221; image_loading=&#8221;default&#8221;][vc_custom_heading text=&#8221;Buchhaltung&#8221; font_container=&#8221;tag:h3|text_align:left&#8221; use_theme_fonts=&#8221;yes&#8221;][vc_column_text]Zahlen und Rechnungen sind unser t\u00e4gliches Gesch\u00e4ft und der Taschenrechner ist unsere rechte Hand.\u00a0 Wir setzen unser Wissen, unsere F\u00e4higkeiten und unsere Erfahrung in folgenden Bereichen ein: Umsetzung der Finanzstrategie und umfassende Buchhaltungs- und Steuerdienstleistungen f\u00fcr die Unternehmen der IDEAL-Gruppe, \u00dcberwachung und Kontrolle des Umlaufs von Buchhaltungsunterlagen, Rechnungsstellung, \u00dcberwachung und Abwicklung von Zahlungen, Steuerabrechnungen und Steuerberatung sowie Finanzcontrolling. Wir nehmen regelm\u00e4\u00dfig an Fortbildungskursen teil, um bei unserer t\u00e4glichen Arbeit aktuelles Wissen im Bereich Steuern und Finanzbuchhaltung anzuwenden.[\/vc_column_text][\/vc_column_inner][\/vc_row_inner][vc_row_inner column_margin=&#8221;40px&#8221; column_direction=&#8221;default&#8221; column_direction_tablet=&#8221;default&#8221; column_direction_phone=&#8221;default&#8221; text_align=&#8221;left&#8221; row_position=&#8221;default&#8221; row_position_tablet=&#8221;inherit&#8221; row_position_phone=&#8221;inherit&#8221; overflow=&#8221;visible&#8221; pointer_events=&#8221;all&#8221;][vc_column_inner column_padding=&#8221;no-extra-padding&#8221; column_padding_tablet=&#8221;inherit&#8221; column_padding_phone=&#8221;inherit&#8221; column_padding_position=&#8221;all&#8221; flex_gap_desktop=&#8221;10px&#8221; column_element_direction_desktop=&#8221;default&#8221; column_element_spacing=&#8221;default&#8221; desktop_text_alignment=&#8221;default&#8221; tablet_text_alignment=&#8221;default&#8221; phone_text_alignment=&#8221;default&#8221; background_color_opacity=&#8221;1&#8243; background_hover_color_opacity=&#8221;1&#8243; column_backdrop_filter=&#8221;none&#8221; column_shadow=&#8221;none&#8221; column_border_radius=&#8221;none&#8221; column_link_target=&#8221;_self&#8221; overflow=&#8221;visible&#8221; gradient_direction=&#8221;left_to_right&#8221; overlay_strength=&#8221;0.3&#8243; width=&#8221;1\/2&#8243; tablet_width_inherit=&#8221;default&#8221; animation_type=&#8221;default&#8221; bg_image_animation=&#8221;none&#8221; border_type=&#8221;simple&#8221; column_border_width=&#8221;none&#8221; column_border_style=&#8221;solid&#8221;][image_with_animation image_url=&#8221;15436&#8243; image_size=&#8221;full&#8221; max_width=&#8221;100%&#8221; max_width_mobile=&#8221;default&#8221; animation_type=&#8221;entrance&#8221; animation=&#8221;Fade In&#8221; animation_easing=&#8221;default&#8221; animation_movement_type=&#8221;transform_y&#8221; hover_animation=&#8221;none&#8221; alignment=&#8221;center&#8221; border_radius=&#8221;none&#8221; box_shadow=&#8221;none&#8221; image_loading=&#8221;default&#8221;][vc_custom_heading text=&#8221;B\u00fcro des Verwaltungsrats&#8221; font_container=&#8221;tag:h3|text_align:left&#8221; use_theme_fonts=&#8221;yes&#8221;][vc_column_text]Wir sind ein Team f\u00fcr besondere Aufgaben. Zu unseren Aufgaben geh\u00f6ren: die Koordination der B\u00fcroarbeit (Bearbeitung der Korrespondenz, Versand von Paketen per Kurierdienst), die Organisation von Meetings und Veranstaltungen, die Vermittlung von Kontakten mit Kunden und die Pflege der Zusammenarbeit mit Au\u00dfenstellen, die Organisation des B\u00fcros, die \u00dcberwachung des Umlaufs der Unternehmensdokumentation, die Unterst\u00fctzung der Gesch\u00e4ftsleitung bei der t\u00e4glichen Gesch\u00e4ftsf\u00fchrung, die \u00dcberwachung des Terminkalenders der F\u00fchrungskr\u00e4fte und des Konferenzraums, die Sicherstellung einer effizienten und effektiven Kommunikation innerhalb und au\u00dferhalb des B\u00fcros, die Archivierung und Aufzeichnung der Dokumentation, die Kontrolle der Ausgaben, Ausstattung des B\u00fcros.[\/vc_column_text][\/vc_column_inner][vc_column_inner column_padding=&#8221;no-extra-padding&#8221; column_padding_tablet=&#8221;inherit&#8221; column_padding_phone=&#8221;inherit&#8221; column_padding_position=&#8221;all&#8221; flex_gap_desktop=&#8221;10px&#8221; column_element_direction_desktop=&#8221;default&#8221; column_element_spacing=&#8221;default&#8221; desktop_text_alignment=&#8221;default&#8221; tablet_text_alignment=&#8221;default&#8221; phone_text_alignment=&#8221;default&#8221; background_color_opacity=&#8221;1&#8243; background_hover_color_opacity=&#8221;1&#8243; column_backdrop_filter=&#8221;none&#8221; column_shadow=&#8221;none&#8221; column_border_radius=&#8221;none&#8221; column_link_target=&#8221;_self&#8221; overflow=&#8221;visible&#8221; gradient_direction=&#8221;left_to_right&#8221; overlay_strength=&#8221;0.3&#8243; width=&#8221;1\/2&#8243; tablet_width_inherit=&#8221;default&#8221; animation_type=&#8221;default&#8221; bg_image_animation=&#8221;none&#8221; border_type=&#8221;simple&#8221; column_border_width=&#8221;none&#8221; column_border_style=&#8221;solid&#8221;][image_with_animation image_url=&#8221;15453&#8243; image_size=&#8221;full&#8221; max_width=&#8221;100%&#8221; max_width_mobile=&#8221;default&#8221; animation_type=&#8221;entrance&#8221; animation=&#8221;Fade In&#8221; animation_easing=&#8221;default&#8221; animation_movement_type=&#8221;transform_y&#8221; hover_animation=&#8221;none&#8221; alignment=&#8221;center&#8221; border_radius=&#8221;none&#8221; box_shadow=&#8221;none&#8221; image_loading=&#8221;default&#8221;][vc_custom_heading text=&#8221;Abteilung Operations&#8221; font_container=&#8221;tag:h3|text_align:left&#8221; use_theme_fonts=&#8221;yes&#8221;][vc_column_text]Unser Team besteht aus Menschen, die keine Angst vor neuen Herausforderungen haben, und wenn Sie etwas nicht k\u00f6nnen, k\u00f6nnen Sie es sofort tun! Wir sind in den t\u00e4glichen Dienst des Kunden eingebunden, wenn es um allt\u00e4gliche betriebliche Angelegenheiten geht (Bestellung von Personal, Erh\u00f6hung\/Reduzierung von Auftr\u00e4gen). Neben allen anderen speziellen Aufgaben geh\u00f6rt zu unserem t\u00e4glichen Auftrag: Onboarding und Offboarding des Mitarbeiters, allt\u00e4gliche Betreuung der Mitarbeiter durch die Koordinatoren in Deutschland (Organisation der Arbeit, Arbeitsunf\u00e4lle, Arzttermine usw.), Betreuung der Koordinatoren durch das Operations Team in Warschau, Bereitstellung von Unterk\u00fcnften in eigenen und gemieteten Unterk\u00fcnften, Bereitstellung von Transportmitteln und Betrieb des Fuhrparks.[\/vc_column_text][\/vc_column_inner][\/vc_row_inner][vc_row_inner column_margin=&#8221;40px&#8221; column_direction=&#8221;default&#8221; column_direction_tablet=&#8221;default&#8221; column_direction_phone=&#8221;default&#8221; text_align=&#8221;left&#8221; row_position=&#8221;default&#8221; row_position_tablet=&#8221;inherit&#8221; row_position_phone=&#8221;inherit&#8221; overflow=&#8221;visible&#8221; pointer_events=&#8221;all&#8221;][vc_column_inner column_padding=&#8221;no-extra-padding&#8221; column_padding_tablet=&#8221;inherit&#8221; column_padding_phone=&#8221;inherit&#8221; column_padding_position=&#8221;all&#8221; flex_gap_desktop=&#8221;10px&#8221; column_element_direction_desktop=&#8221;default&#8221; column_element_spacing=&#8221;default&#8221; desktop_text_alignment=&#8221;default&#8221; tablet_text_alignment=&#8221;default&#8221; phone_text_alignment=&#8221;default&#8221; background_color_opacity=&#8221;1&#8243; background_hover_color_opacity=&#8221;1&#8243; column_backdrop_filter=&#8221;none&#8221; column_shadow=&#8221;none&#8221; column_border_radius=&#8221;none&#8221; column_link_target=&#8221;_self&#8221; overflow=&#8221;visible&#8221; gradient_direction=&#8221;left_to_right&#8221; overlay_strength=&#8221;0.3&#8243; width=&#8221;1\/2&#8243; tablet_width_inherit=&#8221;default&#8221; animation_type=&#8221;default&#8221; bg_image_animation=&#8221;none&#8221; border_type=&#8221;simple&#8221; column_border_width=&#8221;none&#8221; column_border_style=&#8221;solid&#8221;][image_with_animation image_url=&#8221;15464&#8243; image_size=&#8221;full&#8221; max_width=&#8221;100%&#8221; max_width_mobile=&#8221;default&#8221; animation_type=&#8221;entrance&#8221; animation=&#8221;Fade In&#8221; animation_easing=&#8221;default&#8221; animation_movement_type=&#8221;transform_y&#8221; hover_animation=&#8221;none&#8221; alignment=&#8221;center&#8221; border_radius=&#8221;none&#8221; box_shadow=&#8221;none&#8221; image_loading=&#8221;default&#8221;][vc_custom_heading text=&#8221;Abteilung Vertrieb und Kundenbeziehungen&#8221; font_container=&#8221;tag:h3|text_align:left&#8221; use_theme_fonts=&#8221;yes&#8221; css=&#8221;&#8221;][vc_column_text css=&#8221;&#8221; text_direction=&#8221;default&#8221;]\n<p data-start=\"0\" data-end=\"234\">Relationen, Gespr\u00e4che und Gesch\u00e4ftsentwicklung geh\u00f6ren zu unserem Alltag. Wir sind verantwortlich f\u00fcr die Gewinnung neuer Kunden sowie den Aufbau langfristiger, partnerschaftlicher Kooperationen auf dem polnischen und deutschen Markt.<\/p>\n<p data-start=\"236\" data-end=\"585\">Wir erstellen ma\u00dfgeschneiderte Angebote, f\u00fchren Verhandlungen, initiieren neue Projekte und \u00fcberwachen deren ordnungsgem\u00e4\u00dfe Umsetzung in Zusammenarbeit mit der Rekrutierungs- und Operationsabteilung. Wir verfolgen den Verlauf der Zusammenarbeit, analysieren die Ergebnisse und sorgen f\u00fcr die kontinuierliche Weiterentwicklung der laufenden Projekte.<\/p>\n<p data-start=\"587\" data-end=\"813\" data-is-last-node=\"\" data-is-only-node=\"\">Regelm\u00e4\u00dfig nehmen wir an Branchenmessen, Gesch\u00e4ftstreffen und Schulungen teil, um effektiv auf die sich ver\u00e4ndernden Marktanforderungen zu reagieren und unseren Kunden den h\u00f6chsten Standard der Zusammenarbeit zu gew\u00e4hrleisten.<\/p>\n[\/vc_column_text][\/vc_column_inner][vc_column_inner column_padding=&#8221;no-extra-padding&#8221; column_padding_tablet=&#8221;inherit&#8221; column_padding_phone=&#8221;inherit&#8221; column_padding_position=&#8221;all&#8221; flex_gap_desktop=&#8221;10px&#8221; column_element_direction_desktop=&#8221;default&#8221; column_element_spacing=&#8221;default&#8221; desktop_text_alignment=&#8221;default&#8221; tablet_text_alignment=&#8221;default&#8221; phone_text_alignment=&#8221;default&#8221; background_color_opacity=&#8221;1&#8243; background_hover_color_opacity=&#8221;1&#8243; column_backdrop_filter=&#8221;none&#8221; column_shadow=&#8221;none&#8221; column_border_radius=&#8221;none&#8221; column_link_target=&#8221;_self&#8221; overflow=&#8221;visible&#8221; gradient_direction=&#8221;left_to_right&#8221; overlay_strength=&#8221;0.3&#8243; width=&#8221;1\/2&#8243; tablet_width_inherit=&#8221;default&#8221; animation_type=&#8221;default&#8221; bg_image_animation=&#8221;none&#8221; border_type=&#8221;simple&#8221; column_border_width=&#8221;none&#8221; column_border_style=&#8221;solid&#8221;][image_with_animation image_url=&#8221;4914&#8243; image_size=&#8221;full&#8221; max_width=&#8221;100%&#8221; max_width_mobile=&#8221;default&#8221; animation_type=&#8221;entrance&#8221; animation=&#8221;Fade In&#8221; animation_easing=&#8221;default&#8221; animation_movement_type=&#8221;transform_y&#8221; hover_animation=&#8221;none&#8221; alignment=&#8221;center&#8221; border_radius=&#8221;none&#8221; box_shadow=&#8221;none&#8221; image_loading=&#8221;default&#8221;][vc_custom_heading text=&#8221;Personalwesen und Gehaltsabrechnung&#8221; font_container=&#8221;tag:h3|text_align:left&#8221; use_theme_fonts=&#8221;yes&#8221;][vc_column_text]Wir haben keine Angst vor Papierkram. Wir lieben es sogar! Unser Team besteht aus Menschen mit Leidenschaft und Liebe f\u00fcr ihren Beruf. Was tun wir tagt\u00e4glich? Wir bieten allt\u00e4gliche HR- und Gehaltsabrechnungsdienste f\u00fcr interne und externe Mitarbeiter. Genauer gesagt: die Berechnung und Auszahlung von Geh\u00e4ltern, die An- und Abmeldung von Arbeitnehmern bei der Sozialversicherung, dem Finanzamt, Gerichtsvollziehern, die F\u00fchrung einer vollst\u00e4ndigen Personaldokumentation (Vertr\u00e4ge, Anh\u00e4nge, Arbeitsbescheinigungen usw.), die Erstellung von Berichten, Aufstellungen und gesetzlich vorgeschriebenen Erkl\u00e4rungen und vieles mehr.[\/vc_column_text][\/vc_column_inner][\/vc_row_inner][vc_row_inner column_margin=&#8221;40px&#8221; column_direction=&#8221;default&#8221; column_direction_tablet=&#8221;default&#8221; column_direction_phone=&#8221;default&#8221; text_align=&#8221;left&#8221; row_position=&#8221;default&#8221; row_position_tablet=&#8221;inherit&#8221; row_position_phone=&#8221;inherit&#8221; overflow=&#8221;visible&#8221; pointer_events=&#8221;all&#8221;][vc_column_inner column_padding=&#8221;no-extra-padding&#8221; column_padding_tablet=&#8221;inherit&#8221; column_padding_phone=&#8221;inherit&#8221; column_padding_position=&#8221;all&#8221; flex_gap_desktop=&#8221;10px&#8221; column_element_direction_desktop=&#8221;default&#8221; column_element_spacing=&#8221;default&#8221; desktop_text_alignment=&#8221;default&#8221; tablet_text_alignment=&#8221;default&#8221; phone_text_alignment=&#8221;default&#8221; background_color_opacity=&#8221;1&#8243; background_hover_color_opacity=&#8221;1&#8243; column_backdrop_filter=&#8221;none&#8221; column_shadow=&#8221;none&#8221; column_border_radius=&#8221;none&#8221; column_link_target=&#8221;_self&#8221; overflow=&#8221;visible&#8221; gradient_direction=&#8221;left_to_right&#8221; overlay_strength=&#8221;0.3&#8243; width=&#8221;1\/2&#8243; tablet_width_inherit=&#8221;default&#8221; animation_type=&#8221;default&#8221; bg_image_animation=&#8221;none&#8221; border_type=&#8221;simple&#8221; column_border_width=&#8221;none&#8221; column_border_style=&#8221;solid&#8221;][image_with_animation image_url=&#8221;15449&#8243; image_size=&#8221;full&#8221; max_width=&#8221;100%&#8221; max_width_mobile=&#8221;default&#8221; animation_type=&#8221;entrance&#8221; animation=&#8221;Fade In&#8221; animation_easing=&#8221;default&#8221; animation_movement_type=&#8221;transform_y&#8221; hover_animation=&#8221;none&#8221; alignment=&#8221;center&#8221; border_radius=&#8221;none&#8221; box_shadow=&#8221;none&#8221; image_loading=&#8221;default&#8221;][vc_custom_heading text=&#8221;Marketingabteilung&#8221; font_container=&#8221;tag:h3|text_align:left&#8221; use_theme_fonts=&#8221;yes&#8221;][vc_column_text]Jeden Tag konzentriert unser Team seine Aufmerksamkeit und seine Aktivit\u00e4ten darauf, die Bed\u00fcrfnisse unserer Bewerber, Auftragnehmer und Mitarbeiter immer besser zu verstehen. Wir f\u00fchren Werbe- und Verkaufskampagnen in der Online-Welt durch, haupts\u00e4chlich in den sozialen Medien. Hier kommunizieren wir auch mit unseren Nutzern &#8211; wir antworten auf Kommentare und Nachrichten, ver\u00f6ffentlichen Beitr\u00e4ge und k\u00fcmmern uns um das Image des Unternehmens. Bei uns gibt es keine Langeweile &#8211; wir erfinden st\u00e4ndig neue Strategien, testen neue L\u00f6sungen und optimieren unsere Prozesse und Aktivit\u00e4ten.[\/vc_column_text][\/vc_column_inner][vc_column_inner column_padding=&#8221;no-extra-padding&#8221; column_padding_tablet=&#8221;inherit&#8221; column_padding_phone=&#8221;inherit&#8221; column_padding_position=&#8221;all&#8221; flex_gap_desktop=&#8221;10px&#8221; column_element_direction_desktop=&#8221;default&#8221; column_element_spacing=&#8221;default&#8221; desktop_text_alignment=&#8221;default&#8221; tablet_text_alignment=&#8221;default&#8221; phone_text_alignment=&#8221;default&#8221; background_color_opacity=&#8221;1&#8243; background_hover_color_opacity=&#8221;1&#8243; column_backdrop_filter=&#8221;none&#8221; column_shadow=&#8221;none&#8221; column_border_radius=&#8221;none&#8221; column_link_target=&#8221;_self&#8221; overflow=&#8221;visible&#8221; gradient_direction=&#8221;left_to_right&#8221; overlay_strength=&#8221;0.3&#8243; width=&#8221;1\/2&#8243; tablet_width_inherit=&#8221;default&#8221; animation_type=&#8221;default&#8221; bg_image_animation=&#8221;none&#8221; border_type=&#8221;simple&#8221; column_border_width=&#8221;none&#8221; column_border_style=&#8221;solid&#8221;][image_with_animation image_url=&#8221;15459&#8243; image_size=&#8221;full&#8221; max_width=&#8221;100%&#8221; max_width_mobile=&#8221;default&#8221; animation_type=&#8221;entrance&#8221; animation=&#8221;Fade In&#8221; animation_easing=&#8221;default&#8221; animation_movement_type=&#8221;transform_y&#8221; hover_animation=&#8221;none&#8221; alignment=&#8221;center&#8221; border_radius=&#8221;none&#8221; box_shadow=&#8221;none&#8221; image_loading=&#8221;default&#8221;][vc_custom_heading text=&#8221;Interne IT-Abteilung&#8221; font_container=&#8221;tag:h3|text_align:left&#8221; use_theme_fonts=&#8221;yes&#8221; css=&#8221;&#8221;][vc_column_text css=&#8221;&#8221; text_direction=&#8221;default&#8221;]Die interne IT-Abteilung ist das technologische Zentrum der Organisation. Jeden Tag sorgen wir f\u00fcr Stabilit\u00e4t, Sicherheit und die kontinuierliche Weiterentwicklung der IT-Umgebung, die alle Unternehmensbereiche unterst\u00fctzt.<\/p>\n<p>Wir bieten umfassende Unterst\u00fctzung \u2013 von der Einrichtung von Arbeitspl\u00e4tzen und dem Onboarding neuer Mitarbeitender \u00fcber das Zugriffsmanagement und die Systembetreuung bis hin zur Umsetzung von IT-Projekten zur Optimierung von Gesch\u00e4ftsprozessen.<\/p>\n<p>Dank Standardisierung, Automatisierung und kontinuierlicher Prozessverbesserung handeln wir schnell, effizient und zuverl\u00e4ssig. Die Technologie in unserer Organisation unterst\u00fctzt nicht nur die t\u00e4gliche Arbeit, sondern treibt ihre Weiterentwicklung aktiv voran.[\/vc_column_text][\/vc_column_inner][\/vc_row_inner][\/vc_column][\/vc_row]\n","protected":false},"excerpt":{"rendered":"<p>[vc_row type=&#8221;in_container&#8221; full_screen_row_position=&#8221;middle&#8221; column_margin=&#8221;default&#8221; column_direction=&#8221;default&#8221; column_direction_tablet=&#8221;default&#8221; column_direction_phone=&#8221;default&#8221; bg_color=&#8221;#ffffff&#8221; scene_position=&#8221;center&#8221; top_padding=&#8221;3%&#8221; bottom_padding=&#8221;7%&#8221; left_padding_desktop=&#8221;3%&#8221; right_padding_desktop=&#8221;3%&#8221; bottom_margin=&#8221;80px&#8221; text_color=&#8221;dark&#8221; text_align=&#8221;left&#8221; row_border_radius=&#8221;none&#8221; row_border_radius_applies=&#8221;bg&#8221; row_position_desktop=&#8221;default&#8221; row_position_tablet=&#8221;inherit&#8221; row_position_phone=&#8221;inherit&#8221; overflow=&#8221;visible&#8221; class=&#8221;kariera_i_ludzie_zespoly&#8221; id=&#8221;poznaj_lepiej_nasze_zespoly&#8221; advanced_gradient_angle=&#8221;0&#8243; overlay_strength=&#8221;0.3&#8243; gradient_direction=&#8221;left_to_right&#8221; shape_divider_position=&#8221;bottom&#8221; bg_image_animation=&#8221;none&#8221; gradient_type=&#8221;default&#8221;&#8230;<\/p>\n","protected":false},"author":1,"featured_media":0,"parent":0,"menu_order":0,"comment_status":"closed","ping_status":"closed","template":"","meta":{"_acf_changed":false,"inline_featured_image":false,"footnotes":""},"class_list":["post-5100","page","type-page","status-publish"],"acf":[],"_links":{"self":[{"href":"https:\/\/idealstaff.com\/de\/wp-json\/wp\/v2\/pages\/5100","targetHints":{"allow":["GET"]}}],"collection":[{"href":"https:\/\/idealstaff.com\/de\/wp-json\/wp\/v2\/pages"}],"about":[{"href":"https:\/\/idealstaff.com\/de\/wp-json\/wp\/v2\/types\/page"}],"author":[{"embeddable":true,"href":"https:\/\/idealstaff.com\/de\/wp-json\/wp\/v2\/users\/1"}],"replies":[{"embeddable":true,"href":"https:\/\/idealstaff.com\/de\/wp-json\/wp\/v2\/comments?post=5100"}],"version-history":[{"count":6,"href":"https:\/\/idealstaff.com\/de\/wp-json\/wp\/v2\/pages\/5100\/revisions"}],"predecessor-version":[{"id":15614,"href":"https:\/\/idealstaff.com\/de\/wp-json\/wp\/v2\/pages\/5100\/revisions\/15614"}],"wp:attachment":[{"href":"https:\/\/idealstaff.com\/de\/wp-json\/wp\/v2\/media?parent=5100"}],"curies":[{"name":"wp","href":"https:\/\/api.w.org\/{rel}","templated":true}]}}