{"id":118,"date":"2022-08-01T11:08:33","date_gmt":"2022-08-01T09:08:33","guid":{"rendered":"https:\/\/idealstaff.com\/?page_id=118"},"modified":"2023-08-25T09:07:24","modified_gmt":"2023-08-25T07:07:24","slug":"wzory-cv-do-pobrania","status":"publish","type":"page","link":"https:\/\/idealstaff.com\/pl\/wzory-cv-do-pobrania\/","title":{"rendered":"Wzory CV do pobrania"},"content":{"rendered":"[vc_row type=&#8221;in_container&#8221; full_screen_row_position=&#8221;middle&#8221; column_margin=&#8221;default&#8221; column_direction=&#8221;default&#8221; column_direction_tablet=&#8221;default&#8221; column_direction_phone=&#8221;default&#8221; scene_position=&#8221;center&#8221; top_margin=&#8221;80px&#8221; top_margin_tablet=&#8221;50px&#8221; text_color=&#8221;dark&#8221; text_align=&#8221;left&#8221; row_border_radius=&#8221;none&#8221; row_border_radius_applies=&#8221;bg&#8221; overflow=&#8221;visible&#8221; class=&#8221;sekcja_bialy_bg_z_sidebarem_bez_tla&#8221; advanced_gradient_angle=&#8221;0&#8243; overlay_strength=&#8221;0.3&#8243; gradient_direction=&#8221;left_to_right&#8221; shape_divider_position=&#8221;bottom&#8221; bg_image_animation=&#8221;none&#8221; gradient_type=&#8221;default&#8221; shape_type=&#8221;&#8221;][vc_column column_padding=&#8221;padding-3-percent&#8221; column_padding_tablet=&#8221;inherit&#8221; column_padding_phone=&#8221;inherit&#8221; column_padding_position=&#8221;all&#8221; column_element_spacing=&#8221;default&#8221; sticky_content=&#8221;true&#8221; sticky_content_functionality=&#8221;js&#8221; background_color=&#8221;#ffffff&#8221; background_color_opacity=&#8221;1&#8243; background_hover_color_opacity=&#8221;1&#8243; column_shadow=&#8221;none&#8221; column_border_radius=&#8221;none&#8221; column_link_target=&#8221;_self&#8221; column_position=&#8221;default&#8221; el_class=&#8221;tab_wzory_cv&#8221; advanced_gradient_angle=&#8221;0&#8243; gradient_direction=&#8221;left_to_right&#8221; overlay_strength=&#8221;0.3&#8243; width=&#8221;3\/4&#8243; tablet_width_inherit=&#8221;default&#8221; tablet_text_alignment=&#8221;default&#8221; phone_text_alignment=&#8221;default&#8221; animation_type=&#8221;default&#8221; bg_image_animation=&#8221;none&#8221; border_type=&#8221;simple&#8221; column_border_width=&#8221;none&#8221; column_border_style=&#8221;solid&#8221; gradient_type=&#8221;default&#8221;][vc_row_inner column_margin=&#8221;default&#8221; column_direction=&#8221;default&#8221; column_direction_tablet=&#8221;default&#8221; column_direction_phone=&#8221;default&#8221; top_padding_tablet=&#8221;50px&#8221; text_align=&#8221;left&#8221; row_position=&#8221;default&#8221; row_position_tablet=&#8221;inherit&#8221; row_position_phone=&#8221;inherit&#8221; overflow=&#8221;visible&#8221; pointer_events=&#8221;all&#8221;][vc_column_inner column_padding=&#8221;no-extra-padding&#8221; column_padding_tablet=&#8221;inherit&#8221; column_padding_phone=&#8221;inherit&#8221; column_padding_position=&#8221;all&#8221; column_element_spacing=&#8221;default&#8221; background_color_opacity=&#8221;1&#8243; background_hover_color_opacity=&#8221;1&#8243; column_shadow=&#8221;none&#8221; column_border_radius=&#8221;none&#8221; column_link_target=&#8221;_self&#8221; gradient_direction=&#8221;left_to_right&#8221; overlay_strength=&#8221;0.3&#8243; width=&#8221;1\/1&#8243; tablet_width_inherit=&#8221;default&#8221; animation_type=&#8221;default&#8221; bg_image_animation=&#8221;none&#8221; border_type=&#8221;simple&#8221; column_border_width=&#8221;none&#8221; column_border_style=&#8221;solid&#8221;][vc_custom_heading text=&#8221;Pobierz darmowe wzory CV&#8221; use_theme_fonts=&#8221;yes&#8221;][vc_column_text]Zobacz, jak wygl\u0105da profesjonalny wz\u00f3r CV na stanowisko, kt\u00f3re mo\u017ce Ci\u0119 interesowa\u0107.<br \/>\nOdszukaj wz\u00f3r dla siebie, pobierz go za darmo i znajd\u017a swoj\u0105 wymarzon\u0105 prac\u0119.[\/vc_column_text][\/vc_column_inner][\/vc_row_inner][tabbed_section style=&#8221;default&#8221; alignment=&#8221;left&#8221; spacing=&#8221;default&#8221; tab_color=&#8221;Accent-Color&#8221; vs_content_animation=&#8221;fade&#8221; vs_link_animation=&#8221;opacity&#8221; vs_navigation_alignment=&#8221;left&#8221; vs_navigation_width_2=&#8221;25%&#8221; vs_navigation_func=&#8221;default&#8221; vs_navigation_width=&#8221;regular&#8221; vs_navigation_spacing=&#8221;15px&#8221; vs_navigation_mobile_display=&#8221;visible&#8221; vs_tab_spacing=&#8221;5%&#8221;][tab icon_family=&#8221;none&#8221; title=&#8221;Wzory CV ze zdj\u0119ciem&#8221; id=&#8221;1692946386302-7&#8243; tab_id=&#8221;1692946386302-3&#8243;][vc_row_inner content_placement=&#8221;middle&#8221; column_margin=&#8221;default&#8221; column_direction=&#8221;default&#8221; column_direction_tablet=&#8221;default&#8221; column_direction_phone=&#8221;default&#8221; text_align=&#8221;left&#8221; row_position=&#8221;default&#8221; row_position_tablet=&#8221;inherit&#8221; row_position_phone=&#8221;inherit&#8221; overflow=&#8221;visible&#8221; pointer_events=&#8221;all&#8221;][vc_column_inner column_padding=&#8221;no-extra-padding&#8221; column_padding_tablet=&#8221;inherit&#8221; column_padding_phone=&#8221;inherit&#8221; column_padding_position=&#8221;all&#8221; column_element_spacing=&#8221;default&#8221; background_color_opacity=&#8221;1&#8243; background_hover_color_opacity=&#8221;1&#8243; column_shadow=&#8221;none&#8221; column_border_radius=&#8221;none&#8221; column_link_target=&#8221;_self&#8221; gradient_direction=&#8221;left_to_right&#8221; overlay_strength=&#8221;0.3&#8243; width=&#8221;2\/3&#8243; tablet_width_inherit=&#8221;default&#8221; animation_type=&#8221;default&#8221; bg_image_animation=&#8221;none&#8221; border_type=&#8221;simple&#8221; column_border_width=&#8221;none&#8221; column_border_style=&#8221;solid&#8221;][vc_column_text]\n<ul>\n<li><a href=\"\/wp-content\/uploads\/2022\/09\/Wzor-CV_brygadzista_ze-zdjeciem.docx\" target=\"_blank\" rel=\"noopener\">Wz\u00f3r CV brygadzista ze zdj\u0119ciem<\/a><br \/>\nZobacz oferty pracy na stanowisko: <a href=\"https:\/\/idealstaff.com\/brygadzista\/\">brygadzista<\/a><\/li>\n<li><a href=\"\/wp-content\/uploads\/2022\/09\/Wzo\u0301r-CV_komisjoner-ze-zdje\u0328ciem.docx\" target=\"_blank\" rel=\"noopener\">Wz\u00f3r CV komisjoner ze zdj\u0119ciem<\/a><br \/>\nZobacz oferty pracy na stanowisko: <a href=\"https:\/\/idealstaff.com\/komisjoner-order-picker\/\">komisjoner<\/a><\/li>\n<li><a href=\"\/wp-content\/uploads\/2022\/09\/Wzor-CV_kurier_ze-zdjeciem.docx\" target=\"_blank\" rel=\"noopener\">Wz\u00f3r CV kurier ze zdj\u0119ciem<\/a><br \/>\nZobacz oferty pracy na stanowisko: <a href=\"https:\/\/idealstaff.com\/kurier\/\">kurier<\/a><\/li>\n<li><a href=\"\/wp-content\/uploads\/2022\/09\/Wzor-CV_magazynier-ze-zdjeciem.docx\" target=\"_blank\" rel=\"noopener\">Wz\u00f3r CV magazynier ze zdj\u0119ciem<\/a><br \/>\nZobacz oferty pracy na stanowisko: <a href=\"https:\/\/idealstaff.com\/magazynier\/\">magazynier<\/a><\/li>\n<li><a href=\"\/wp-content\/uploads\/2022\/09\/Wzor-CV_operator-wozkow-widlowych_ze-zdjeciem.docx\" target=\"_blank\" rel=\"noopener\">Wz\u00f3r CV operator w\u00f3zk\u00f3w wid\u0142owych ze zdj\u0119ciem<\/a><br \/>\nZobacz oferty pracy na stanowisko: <a href=\"https:\/\/idealstaff.com\/operator-wozka-widlowego\/\">operator w\u00f3zk\u00f3w wid\u0142owych<\/a><\/li>\n<\/ul>\n[\/vc_column_text][\/vc_column_inner][vc_column_inner column_padding=&#8221;no-extra-padding&#8221; column_padding_tablet=&#8221;inherit&#8221; column_padding_phone=&#8221;inherit&#8221; column_padding_position=&#8221;all&#8221; column_element_spacing=&#8221;default&#8221; background_color_opacity=&#8221;1&#8243; background_hover_color_opacity=&#8221;1&#8243; column_shadow=&#8221;none&#8221; column_border_radius=&#8221;none&#8221; column_link_target=&#8221;_self&#8221; gradient_direction=&#8221;left_to_right&#8221; overlay_strength=&#8221;0.3&#8243; width=&#8221;1\/3&#8243; tablet_width_inherit=&#8221;default&#8221; animation_type=&#8221;default&#8221; bg_image_animation=&#8221;none&#8221; border_type=&#8221;simple&#8221; column_border_width=&#8221;none&#8221; column_border_style=&#8221;solid&#8221;][image_with_animation image_url=&#8221;1814&#8243; image_size=&#8221;full&#8221; animation_type=&#8221;entrance&#8221; animation=&#8221;Fade In&#8221; hover_animation=&#8221;none&#8221; alignment=&#8221;center&#8221; border_radius=&#8221;none&#8221; box_shadow=&#8221;none&#8221; image_loading=&#8221;default&#8221; max_width=&#8221;100%&#8221; max_width_mobile=&#8221;default&#8221;][\/vc_column_inner][\/vc_row_inner][\/tab][tab icon_family=&#8221;none&#8221; title=&#8221;Wzory CV bez zdj\u0119cia&#8221; id=&#8221;1692946386416-7&#8243; tab_id=&#8221;1692946386417-3&#8243;][vc_row_inner column_margin=&#8221;default&#8221; column_direction=&#8221;default&#8221; column_direction_tablet=&#8221;default&#8221; column_direction_phone=&#8221;default&#8221; text_align=&#8221;left&#8221; row_position=&#8221;default&#8221; row_position_tablet=&#8221;inherit&#8221; row_position_phone=&#8221;inherit&#8221; overflow=&#8221;visible&#8221; pointer_events=&#8221;all&#8221;][vc_column_inner column_padding=&#8221;no-extra-padding&#8221; column_padding_tablet=&#8221;inherit&#8221; column_padding_phone=&#8221;inherit&#8221; column_padding_position=&#8221;all&#8221; column_element_spacing=&#8221;default&#8221; background_color_opacity=&#8221;1&#8243; background_hover_color_opacity=&#8221;1&#8243; column_shadow=&#8221;none&#8221; column_border_radius=&#8221;none&#8221; column_link_target=&#8221;_self&#8221; gradient_direction=&#8221;left_to_right&#8221; overlay_strength=&#8221;0.3&#8243; width=&#8221;2\/3&#8243; tablet_width_inherit=&#8221;default&#8221; animation_type=&#8221;default&#8221; bg_image_animation=&#8221;none&#8221; border_type=&#8221;simple&#8221; column_border_width=&#8221;none&#8221; column_border_style=&#8221;solid&#8221;][vc_column_text]\n<ul>\n<li><a href=\"\/wp-content\/uploads\/2022\/09\/Wzor-CV_brygadzista_bez-zdje\u0328cia.docx\" target=\"_blank\" rel=\"noopener\">Wz\u00f3r CV brygadzista bez zdj\u0119cia<\/a><br \/>\nZobacz oferty pracy na stanowisko: <a href=\"https:\/\/idealstaff.com\/brygadzista\/\">brygadzista<\/a><\/li>\n<li><a href=\"\/wp-content\/uploads\/2022\/09\/Wzo\u0301r-CV_komisjoner-bez-zdje\u0328cia.docx\" target=\"_blank\" rel=\"noopener\">Wz\u00f3r CV komisjoner bez zdj\u0119cia<\/a><br \/>\nZobacz oferty pracy na stanowisko: <a href=\"https:\/\/idealstaff.com\/komisjoner-order-picker\/\">komisjoner<\/a><\/li>\n<li><a href=\"\/wp-content\/uploads\/2022\/09\/Wzor-CV_kurier_bez-zdjecia.docx\" target=\"_blank\" rel=\"noopener\">Wz\u00f3r CV kurier bez zdj\u0119cia<\/a><br \/>\nZobacz oferty pracy na stanowisko: <a href=\"https:\/\/idealstaff.com\/kurier\/\">kurier<\/a><\/li>\n<li><a href=\"\/wp-content\/uploads\/2022\/09\/Wzor-CV_magazynier-bez-zdje\u0328cia.docx\" target=\"_blank\" rel=\"noopener\">Wz\u00f3r CV magazynier bez zdj\u0119cia<\/a><br \/>\nZobacz oferty pracy na stanowisko: <a href=\"https:\/\/idealstaff.com\/magazynier\/\">magazynier<\/a><\/li>\n<li><a href=\"\/wp-content\/uploads\/2022\/09\/Wzor-CV_operator-wozka-widlowego-bez-zdje\u0328cia.docx\" target=\"_blank\" rel=\"noopener\">Wz\u00f3r CV operator w\u00f3zk\u00f3w wid\u0142owych bez zdj\u0119cia<\/a><br \/>\nZobacz oferty pracy na stanowisko: <a href=\"https:\/\/idealstaff.com\/operator-wozka-widlowego\/\">operator w\u00f3zk\u00f3w wid\u0142owych<\/a><\/li>\n<\/ul>\n[\/vc_column_text][\/vc_column_inner][vc_column_inner column_padding=&#8221;no-extra-padding&#8221; column_padding_tablet=&#8221;inherit&#8221; column_padding_phone=&#8221;inherit&#8221; column_padding_position=&#8221;all&#8221; column_element_spacing=&#8221;default&#8221; background_color_opacity=&#8221;1&#8243; background_hover_color_opacity=&#8221;1&#8243; column_shadow=&#8221;none&#8221; column_border_radius=&#8221;none&#8221; column_link_target=&#8221;_self&#8221; gradient_direction=&#8221;left_to_right&#8221; overlay_strength=&#8221;0.3&#8243; width=&#8221;1\/3&#8243; tablet_width_inherit=&#8221;default&#8221; animation_type=&#8221;default&#8221; bg_image_animation=&#8221;none&#8221; border_type=&#8221;simple&#8221; column_border_width=&#8221;none&#8221; column_border_style=&#8221;solid&#8221;][image_with_animation image_url=&#8221;1813&#8243; image_size=&#8221;full&#8221; animation_type=&#8221;entrance&#8221; animation=&#8221;Fade In&#8221; hover_animation=&#8221;none&#8221; alignment=&#8221;center&#8221; border_radius=&#8221;none&#8221; box_shadow=&#8221;none&#8221; image_loading=&#8221;default&#8221; max_width=&#8221;100%&#8221; max_width_mobile=&#8221;default&#8221;][\/vc_column_inner][\/vc_row_inner][\/tab][\/tabbed_section][vc_row_inner column_margin=&#8221;default&#8221; column_direction=&#8221;default&#8221; column_direction_tablet=&#8221;default&#8221; column_direction_phone=&#8221;default&#8221; top_padding=&#8221;80px&#8221; top_padding_tablet=&#8221;50px&#8221; text_align=&#8221;left&#8221; row_position=&#8221;default&#8221; row_position_tablet=&#8221;inherit&#8221; row_position_phone=&#8221;inherit&#8221; overflow=&#8221;visible&#8221; pointer_events=&#8221;all&#8221; css=&#8221;.vc_custom_1663073394179{border-top-width: 4px !important;border-top-color: #f8f8f8 !important;border-top-style: solid !important;}&#8221;][vc_column_inner column_padding=&#8221;no-extra-padding&#8221; column_padding_tablet=&#8221;inherit&#8221; column_padding_phone=&#8221;inherit&#8221; column_padding_position=&#8221;all&#8221; column_element_spacing=&#8221;default&#8221; background_color_opacity=&#8221;1&#8243; background_hover_color_opacity=&#8221;1&#8243; column_shadow=&#8221;none&#8221; column_border_radius=&#8221;none&#8221; column_link_target=&#8221;_self&#8221; gradient_direction=&#8221;left_to_right&#8221; overlay_strength=&#8221;0.3&#8243; width=&#8221;1\/1&#8243; tablet_width_inherit=&#8221;default&#8221; animation_type=&#8221;default&#8221; bg_image_animation=&#8221;none&#8221; border_type=&#8221;simple&#8221; column_border_width=&#8221;none&#8221; column_border_style=&#8221;solid&#8221;][vc_custom_heading text=&#8221;Jak napisa\u0107 CV?&#8221; use_theme_fonts=&#8221;yes&#8221;][vc_column_text el_class=&#8221;numerowana_lista_pomaranczowe_tlo_biale_liczby&#8221;]<strong>IDEALne CV powinno zawiera\u0107:<\/strong><\/p>\n<ol>\n<li>Twoje <strong>dane osobowe i kontaktowe<\/strong> (imi\u0119, nazwisko, adres e-mail i telefon), aby rekruter m\u00f3g\u0142 si\u0119 z Tob\u0105 skontaktowa\u0107.<\/li>\n<li><strong>Obecne stanowisko lub zaw\u00f3d<\/strong>. Rekruter od razu b\u0119dzie m\u00f3g\u0142 przedstawi\u0107 ofert\u0119 pracy odpowiedni\u0105 dla Ciebie.<\/li>\n<li><strong>Podsumowanie oraz cel zawodowy na pocz\u0105tku<\/strong>. Osoba, kt\u00f3ra otrzyma Twoje CV zobaczy od razu, \u017ce jeste\u015b ambitny i warto da\u0107 Ci szans\u0119.<\/li>\n<li><strong>Opis Twojego do\u015bwiadczenia zawodowego<\/strong> i poprzednich stanowisk.<\/li>\n<li><strong>Opis obowi\u0105zk\u00f3w i sukces\u00f3w<\/strong>, jakie osi\u0105gn\u0105\u0142e\u015b w dotychczasowej pracy.<\/li>\n<li>W CV warto zawrze\u0107 <strong>umiej\u0119tno\u015bci specjalistyczne, uko\u0144czone kursy, certyfikaty<\/strong> oraz <strong>znajomo\u015b\u0107 j\u0119zyk\u00f3w obcych<\/strong>.<\/li>\n<li>Dodaj r\u00f3wnie\u017c swoje <strong>wykszta\u0142cenie<\/strong>.<\/li>\n<li>Na ko\u0144cu CV <strong>umie\u015b\u0107 klauzul\u0119 do CV<\/strong> ze zgod\u0105 na przetwarzanie Twoich danych osobowych:<br \/>\n&#8220;Wyra\u017cam zgod\u0119 na przetwarzanie moich danych osobowych zawartych w aplikacji oraz innych przekazanych przeze mnie dokumentach przez Grup\u0119 Sp\u00f3\u0142ek IDEAL z siedzib\u0105 w Warszawie do potrzeb niezb\u0119dnych do realizacji obecnych i przysz\u0142ych proces\u00f3w rekrutacji zgodnie z Ustaw\u0105 z dnia 29.08.1997 r. o Ochronie danych osobowych (tekst jedn.: Dz. U. z 2014 r. poz. 1182 z p\u00f3\u017an. zm.).&#8221;<\/li>\n<\/ol>\n[\/vc_column_text][\/vc_column_inner][\/vc_row_inner][vc_row_inner column_margin=&#8221;default&#8221; column_direction=&#8221;default&#8221; column_direction_tablet=&#8221;default&#8221; column_direction_phone=&#8221;default&#8221; text_align=&#8221;left&#8221; row_position=&#8221;default&#8221; row_position_tablet=&#8221;inherit&#8221; row_position_phone=&#8221;inherit&#8221; class=&#8221;sekcja_z_tytulem_i_przyciskiem_50_na_50&#8243; overflow=&#8221;visible&#8221; pointer_events=&#8221;all&#8221;][vc_column_inner column_padding=&#8221;no-extra-padding&#8221; column_padding_tablet=&#8221;inherit&#8221; column_padding_phone=&#8221;inherit&#8221; column_padding_position=&#8221;all&#8221; column_element_spacing=&#8221;default&#8221; background_color_opacity=&#8221;1&#8243; background_hover_color_opacity=&#8221;1&#8243; column_shadow=&#8221;none&#8221; column_border_radius=&#8221;none&#8221; column_link_target=&#8221;_self&#8221; gradient_direction=&#8221;left_to_right&#8221; overlay_strength=&#8221;0.3&#8243; width=&#8221;1\/2&#8243; tablet_width_inherit=&#8221;default&#8221; animation_type=&#8221;default&#8221; bg_image_animation=&#8221;none&#8221; border_type=&#8221;simple&#8221; column_border_width=&#8221;none&#8221; column_border_style=&#8221;solid&#8221;][vc_custom_heading text=&#8221;Stworzy\u0142e\u015b ju\u017c swoje CV?<br \/>\nSprawd\u017a nasze aktualne oferty<br \/>\npracy!&#8221; font_container=&#8221;tag:p|text_align:left&#8221; use_theme_fonts=&#8221;yes&#8221;][\/vc_column_inner][vc_column_inner column_padding=&#8221;no-extra-padding&#8221; column_padding_tablet=&#8221;inherit&#8221; column_padding_phone=&#8221;inherit&#8221; column_padding_position=&#8221;all&#8221; column_element_spacing=&#8221;default&#8221; background_color_opacity=&#8221;1&#8243; background_hover_color_opacity=&#8221;1&#8243; column_shadow=&#8221;none&#8221; column_border_radius=&#8221;none&#8221; column_link_target=&#8221;_self&#8221; gradient_direction=&#8221;left_to_right&#8221; overlay_strength=&#8221;0.3&#8243; width=&#8221;1\/2&#8243; tablet_width_inherit=&#8221;default&#8221; animation_type=&#8221;default&#8221; bg_image_animation=&#8221;none&#8221; border_type=&#8221;simple&#8221; column_border_width=&#8221;none&#8221; column_border_style=&#8221;solid&#8221;][nectar_btn size=&#8221;small&#8221; button_style=&#8221;see-through-2&#8243; color_override=&#8221;#ffffff&#8221; hover_color_override=&#8221;#ffffff&#8221; hover_text_color_override=&#8221;#000000&#8243; icon_family=&#8221;none&#8221; el_class=&#8221;pracownicy_tymczasowi_sekcja_z_przyciskiem&#8221; text=&#8221;Zobacz oferty pracy&#8221; url=&#8221;\/oferty-pracy\/&#8221;][\/vc_column_inner][\/vc_row_inner][\/vc_column][vc_column column_padding=&#8221;no-extra-padding&#8221; column_padding_tablet=&#8221;inherit&#8221; column_padding_phone=&#8221;inherit&#8221; column_padding_position=&#8221;all&#8221; column_element_spacing=&#8221;default&#8221; sticky_content=&#8221;true&#8221; sticky_content_functionality=&#8221;js&#8221; background_color_opacity=&#8221;1&#8243; background_hover_color_opacity=&#8221;1&#8243; column_shadow=&#8221;none&#8221; column_border_radius=&#8221;none&#8221; column_link_target=&#8221;_self&#8221; column_position=&#8221;default&#8221; advanced_gradient_angle=&#8221;0&#8243; gradient_direction=&#8221;left_to_right&#8221; overlay_strength=&#8221;0.3&#8243; width=&#8221;1\/4&#8243; tablet_width_inherit=&#8221;default&#8221; tablet_text_alignment=&#8221;default&#8221; phone_text_alignment=&#8221;default&#8221; animation_type=&#8221;default&#8221; bg_image_animation=&#8221;none&#8221; border_type=&#8221;simple&#8221; column_border_width=&#8221;none&#8221; column_border_style=&#8221;solid&#8221; gradient_type=&#8221;default&#8221;][vc_row_inner column_margin=&#8221;default&#8221; column_direction=&#8221;default&#8221; column_direction_tablet=&#8221;default&#8221; column_direction_phone=&#8221;default&#8221; text_align=&#8221;left&#8221; row_position=&#8221;default&#8221; row_position_tablet=&#8221;inherit&#8221; row_position_phone=&#8221;inherit&#8221; class=&#8221;box_z_prawej_rownoleglobok&#8221; overflow=&#8221;visible&#8221; pointer_events=&#8221;all&#8221;][vc_column_inner column_padding=&#8221;no-extra-padding&#8221; column_padding_tablet=&#8221;inherit&#8221; column_padding_phone=&#8221;inherit&#8221; column_padding_position=&#8221;all&#8221; column_element_spacing=&#8221;default&#8221; background_color_opacity=&#8221;1&#8243; background_hover_color_opacity=&#8221;1&#8243; column_shadow=&#8221;none&#8221; column_border_radius=&#8221;none&#8221; column_link_target=&#8221;_self&#8221; gradient_direction=&#8221;left_to_right&#8221; overlay_strength=&#8221;0.3&#8243; width=&#8221;1\/1&#8243; tablet_width_inherit=&#8221;default&#8221; animation_type=&#8221;default&#8221; bg_image_animation=&#8221;none&#8221; border_type=&#8221;simple&#8221; column_border_width=&#8221;none&#8221; column_border_style=&#8221;solid&#8221;][image_with_animation image_url=&#8221;1815&#8243; image_size=&#8221;full&#8221; animation_type=&#8221;entrance&#8221; animation=&#8221;None&#8221; hover_animation=&#8221;none&#8221; alignment=&#8221;right&#8221; border_radius=&#8221;none&#8221; box_shadow=&#8221;none&#8221; image_loading=&#8221;default&#8221; max_width=&#8221;100%&#8221; max_width_mobile=&#8221;default&#8221;][vc_custom_heading text=&#8221;Programy i benefity&#8221; font_container=&#8221;tag:p|text_align:left&#8221; use_theme_fonts=&#8221;yes&#8221;][vc_column_text]Sprawd\u017a, co zyskujesz wybieraj\u0105c IDEAL WORK![\/vc_column_text][nectar_btn size=&#8221;small&#8221; button_style=&#8221;see-through-2&#8243; hover_text_color_override=&#8221;#ffffff&#8221; icon_family=&#8221;none&#8221; text=&#8221;Sprawd\u017a&#8221; url=&#8221;\/programy-i-benefity\/&#8221;][\/vc_column_inner][\/vc_row_inner][\/vc_column][\/vc_row]\n","protected":false},"excerpt":{"rendered":"<p>[vc_row type=&#8221;in_container&#8221; full_screen_row_position=&#8221;middle&#8221; column_margin=&#8221;default&#8221; column_direction=&#8221;default&#8221; column_direction_tablet=&#8221;default&#8221; column_direction_phone=&#8221;default&#8221; scene_position=&#8221;center&#8221; top_margin=&#8221;80px&#8221; top_margin_tablet=&#8221;50px&#8221; text_color=&#8221;dark&#8221; text_align=&#8221;left&#8221; row_border_radius=&#8221;none&#8221; row_border_radius_applies=&#8221;bg&#8221; overflow=&#8221;visible&#8221; class=&#8221;sekcja_bialy_bg_z_sidebarem_bez_tla&#8221; advanced_gradient_angle=&#8221;0&#8243; overlay_strength=&#8221;0.3&#8243; gradient_direction=&#8221;left_to_right&#8221; shape_divider_position=&#8221;bottom&#8221; bg_image_animation=&#8221;none&#8221; gradient_type=&#8221;default&#8221; shape_type=&#8221;&#8221;][vc_column column_padding=&#8221;padding-3-percent&#8221; column_padding_tablet=&#8221;inherit&#8221; column_padding_phone=&#8221;inherit&#8221; column_padding_position=&#8221;all&#8221; column_element_spacing=&#8221;default&#8221; sticky_content=&#8221;true&#8221; sticky_content_functionality=&#8221;js&#8221;&#8230;<\/p>\n","protected":false},"author":1,"featured_media":0,"parent":0,"menu_order":0,"comment_status":"closed","ping_status":"closed","template":"","meta":{"_acf_changed":false,"inline_featured_image":false,"footnotes":""},"class_list":["post-118","page","type-page","status-publish"],"acf":[],"_links":{"self":[{"href":"https:\/\/idealstaff.com\/pl\/wp-json\/wp\/v2\/pages\/118","targetHints":{"allow":["GET"]}}],"collection":[{"href":"https:\/\/idealstaff.com\/pl\/wp-json\/wp\/v2\/pages"}],"about":[{"href":"https:\/\/idealstaff.com\/pl\/wp-json\/wp\/v2\/types\/page"}],"author":[{"embeddable":true,"href":"https:\/\/idealstaff.com\/pl\/wp-json\/wp\/v2\/users\/1"}],"replies":[{"embeddable":true,"href":"https:\/\/idealstaff.com\/pl\/wp-json\/wp\/v2\/comments?post=118"}],"version-history":[{"count":0,"href":"https:\/\/idealstaff.com\/pl\/wp-json\/wp\/v2\/pages\/118\/revisions"}],"wp:attachment":[{"href":"https:\/\/idealstaff.com\/pl\/wp-json\/wp\/v2\/media?parent=118"}],"curies":[{"name":"wp","href":"https:\/\/api.w.org\/{rel}","templated":true}]}}