{"id":130,"date":"2022-08-01T11:09:57","date_gmt":"2022-08-01T09:09:57","guid":{"rendered":"https:\/\/idealstaff.com\/?page_id=130"},"modified":"2022-09-30T09:17:54","modified_gmt":"2022-09-30T07:17:54","slug":"profil-kandydata","status":"publish","type":"page","link":"https:\/\/idealstaff.com\/pl\/profil-kandydata\/","title":{"rendered":"Profil kandydata"},"content":{"rendered":"[vc_row type=&#8221;in_container&#8221; full_screen_row_position=&#8221;middle&#8221; column_margin=&#8221;default&#8221; column_direction=&#8221;default&#8221; column_direction_tablet=&#8221;default&#8221; column_direction_phone=&#8221;default&#8221; bg_color=&#8221;#ffffff&#8221; scene_position=&#8221;center&#8221; top_padding=&#8221;3%&#8221; bottom_padding=&#8221;3%&#8221; left_padding_desktop=&#8221;3%&#8221; right_padding_desktop=&#8221;3%&#8221; top_margin=&#8221;80px&#8221; bottom_margin=&#8221;4px&#8221; text_color=&#8221;dark&#8221; text_align=&#8221;left&#8221; row_border_radius=&#8221;none&#8221; row_border_radius_applies=&#8221;bg&#8221; overflow=&#8221;visible&#8221; advanced_gradient_angle=&#8221;0&#8243; overlay_strength=&#8221;0.3&#8243; gradient_direction=&#8221;left_to_right&#8221; shape_divider_position=&#8221;bottom&#8221; bg_image_animation=&#8221;none&#8221; gradient_type=&#8221;default&#8221; shape_type=&#8221;&#8221;][vc_column column_padding=&#8221;no-extra-padding&#8221; column_padding_tablet=&#8221;inherit&#8221; column_padding_phone=&#8221;inherit&#8221; column_padding_position=&#8221;all&#8221; column_element_spacing=&#8221;default&#8221; background_color_opacity=&#8221;1&#8243; background_hover_color_opacity=&#8221;1&#8243; column_shadow=&#8221;none&#8221; column_border_radius=&#8221;none&#8221; column_link_target=&#8221;_self&#8221; column_position=&#8221;default&#8221; gradient_direction=&#8221;left_to_right&#8221; overlay_strength=&#8221;0.3&#8243; width=&#8221;1\/1&#8243; tablet_width_inherit=&#8221;default&#8221; tablet_text_alignment=&#8221;default&#8221; phone_text_alignment=&#8221;default&#8221; animation_type=&#8221;default&#8221; bg_image_animation=&#8221;none&#8221; border_type=&#8221;simple&#8221; column_border_width=&#8221;none&#8221; column_border_style=&#8221;solid&#8221;][vc_custom_heading text=&#8221;Za\u0142\u00f3\u017c profil kandydata i b\u0105d\u017a na bie\u017c\u0105co z ofertami pracy&#8221; font_container=&#8221;tag:h2|text_align:center&#8221; el_class=&#8221;bold&#8221;][vc_custom_heading text=&#8221;Dlaczego warto za\u0142o\u017cy\u0107 profil kandydata?&#8221; font_container=&#8221;tag:h3|text_align:center&#8221; el_class=&#8221;bold&#8221; css=&#8221;.vc_custom_1663836818458{padding-top: 20px !important;}&#8221;][vc_column_text css=&#8221;.vc_custom_1663842803802{padding-top: 10px !important;}&#8221;]\n<p style=\"text-align: center;\">Profil kandydata jest <strong>darmowy<\/strong> \u2013 bez \u017cadnych op\u0142at mo\u017cesz korzysta\u0107 z jego mo\u017cliwo\u015bci:<\/p>\n[\/vc_column_text][vc_row_inner column_margin=&#8221;default&#8221; column_direction=&#8221;default&#8221; column_direction_tablet=&#8221;default&#8221; column_direction_phone=&#8221;default&#8221; text_align=&#8221;left&#8221; row_position=&#8221;default&#8221; row_position_tablet=&#8221;inherit&#8221; row_position_phone=&#8221;inherit&#8221; overflow=&#8221;visible&#8221; pointer_events=&#8221;all&#8221;][vc_column_inner column_padding=&#8221;no-extra-padding&#8221; column_padding_tablet=&#8221;inherit&#8221; column_padding_phone=&#8221;inherit&#8221; column_padding_position=&#8221;all&#8221; column_element_spacing=&#8221;default&#8221; background_color_opacity=&#8221;1&#8243; background_hover_color_opacity=&#8221;1&#8243; column_shadow=&#8221;none&#8221; column_border_radius=&#8221;none&#8221; column_link_target=&#8221;_self&#8221; gradient_direction=&#8221;left_to_right&#8221; overlay_strength=&#8221;0.3&#8243; width=&#8221;1\/3&#8243; tablet_width_inherit=&#8221;default&#8221; animation_type=&#8221;default&#8221; bg_image_animation=&#8221;none&#8221; border_type=&#8221;simple&#8221; column_border_width=&#8221;none&#8221; column_border_style=&#8221;solid&#8221;][image_with_animation image_url=&#8221;2595&#8243; image_size=&#8221;full&#8221; animation_type=&#8221;entrance&#8221; animation=&#8221;Fade In&#8221; hover_animation=&#8221;none&#8221; alignment=&#8221;center&#8221; border_radius=&#8221;none&#8221; box_shadow=&#8221;none&#8221; image_loading=&#8221;default&#8221; max_width=&#8221;100%&#8221; max_width_mobile=&#8221;default&#8221;][vc_custom_heading text=&#8221;Wszystkie aplikacje w jednym miejscu&#8221; font_container=&#8221;tag:p|text_align:center|color:%23103c68&#8243; use_theme_fonts=&#8221;yes&#8221; el_class=&#8221;bold&#8221; css=&#8221;.vc_custom_1663837014779{padding-bottom: 10px !important;}&#8221;][vc_custom_heading text=&#8221;Nie musisz przeszukiwa\u0107 skrzynki pocztowej, by przypomnie\u0107 sobie kiedy i na jakie stanowisko aplikowa\u0142e\u015b\/-\u0142a\u015b.&#8221; font_container=&#8221;tag:p|text_align:center|color:%23103c68&#8243; use_theme_fonts=&#8221;yes&#8221;][\/vc_column_inner][vc_column_inner column_padding=&#8221;no-extra-padding&#8221; column_padding_tablet=&#8221;inherit&#8221; column_padding_phone=&#8221;inherit&#8221; column_padding_position=&#8221;all&#8221; column_element_spacing=&#8221;default&#8221; background_color_opacity=&#8221;1&#8243; background_hover_color_opacity=&#8221;1&#8243; column_shadow=&#8221;none&#8221; column_border_radius=&#8221;none&#8221; column_link_target=&#8221;_self&#8221; gradient_direction=&#8221;left_to_right&#8221; overlay_strength=&#8221;0.3&#8243; width=&#8221;1\/3&#8243; tablet_width_inherit=&#8221;default&#8221; animation_type=&#8221;default&#8221; bg_image_animation=&#8221;none&#8221; border_type=&#8221;simple&#8221; column_border_width=&#8221;none&#8221; column_border_style=&#8221;solid&#8221;][image_with_animation image_url=&#8221;2594&#8243; image_size=&#8221;full&#8221; animation_type=&#8221;entrance&#8221; animation=&#8221;Fade In&#8221; hover_animation=&#8221;none&#8221; alignment=&#8221;center&#8221; border_radius=&#8221;none&#8221; box_shadow=&#8221;none&#8221; image_loading=&#8221;default&#8221; max_width=&#8221;100%&#8221; max_width_mobile=&#8221;default&#8221;][vc_custom_heading text=&#8221;Dost\u0119p do najnowszych ofert<br \/>\ni \u0142atwe aplikowanie&#8221; font_container=&#8221;tag:p|text_align:center|color:%23103c68&#8243; use_theme_fonts=&#8221;yes&#8221; el_class=&#8221;bold&#8221; css=&#8221;.vc_custom_1663837019073{padding-bottom: 10px !important;}&#8221;][vc_custom_heading text=&#8221;Formularz aplikacyjny jest ju\u017c uzupe\u0142niony wcze\u015bniej wprowadzonymi danymi.&#8221; font_container=&#8221;tag:p|text_align:center|color:%23103c68&#8243; use_theme_fonts=&#8221;yes&#8221;][\/vc_column_inner][vc_column_inner column_padding=&#8221;no-extra-padding&#8221; column_padding_tablet=&#8221;inherit&#8221; column_padding_phone=&#8221;inherit&#8221; column_padding_position=&#8221;all&#8221; column_element_spacing=&#8221;default&#8221; background_color_opacity=&#8221;1&#8243; background_hover_color_opacity=&#8221;1&#8243; column_shadow=&#8221;none&#8221; column_border_radius=&#8221;none&#8221; column_link_target=&#8221;_self&#8221; gradient_direction=&#8221;left_to_right&#8221; overlay_strength=&#8221;0.3&#8243; width=&#8221;1\/3&#8243; tablet_width_inherit=&#8221;default&#8221; animation_type=&#8221;default&#8221; bg_image_animation=&#8221;none&#8221; border_type=&#8221;simple&#8221; column_border_width=&#8221;none&#8221; column_border_style=&#8221;solid&#8221;][image_with_animation image_url=&#8221;2593&#8243; image_size=&#8221;full&#8221; animation_type=&#8221;entrance&#8221; animation=&#8221;Fade In&#8221; hover_animation=&#8221;none&#8221; alignment=&#8221;center&#8221; border_radius=&#8221;none&#8221; box_shadow=&#8221;none&#8221; image_loading=&#8221;default&#8221; max_width=&#8221;100%&#8221; max_width_mobile=&#8221;default&#8221;][vc_custom_heading text=&#8221;Dopasowane oferty&#8221; font_container=&#8221;tag:p|text_align:center|color:%23103c68&#8243; use_theme_fonts=&#8221;yes&#8221; el_class=&#8221;bold&#8221; css=&#8221;.vc_custom_1663837023571{padding-bottom: 10px !important;}&#8221;][vc_custom_heading text=&#8221;Uzupe\u0142nij szczeg\u00f3\u0142y swojego profilu tj. do\u015bwiadczenie, wykszta\u0142cenie, umiej\u0119tno\u015bci, aby\u015bmy mogli proponowa\u0107 Ci dopasowane oferty pracy.&#8221; font_container=&#8221;tag:p|text_align:center|color:%23103c68&#8243; use_theme_fonts=&#8221;yes&#8221;][\/vc_column_inner][\/vc_row_inner][\/vc_column][\/vc_row][vc_row type=&#8221;in_container&#8221; full_screen_row_position=&#8221;middle&#8221; column_margin=&#8221;default&#8221; column_direction=&#8221;default&#8221; column_direction_tablet=&#8221;default&#8221; column_direction_phone=&#8221;default&#8221; bg_color=&#8221;#ffffff&#8221; scene_position=&#8221;center&#8221; top_padding=&#8221;3%&#8221; bottom_padding=&#8221;5%&#8221; left_padding_desktop=&#8221;3%&#8221; right_padding_desktop=&#8221;3%&#8221; bottom_margin=&#8221;4px&#8221; text_color=&#8221;dark&#8221; text_align=&#8221;left&#8221; row_border_radius=&#8221;none&#8221; row_border_radius_applies=&#8221;bg&#8221; overflow=&#8221;visible&#8221; advanced_gradient_angle=&#8221;0&#8243; overlay_strength=&#8221;0.3&#8243; gradient_direction=&#8221;left_to_right&#8221; shape_divider_position=&#8221;bottom&#8221; bg_image_animation=&#8221;none&#8221; gradient_type=&#8221;default&#8221; shape_type=&#8221;&#8221;][vc_column column_padding=&#8221;no-extra-padding&#8221; column_padding_tablet=&#8221;inherit&#8221; column_padding_phone=&#8221;inherit&#8221; column_padding_position=&#8221;all&#8221; column_element_spacing=&#8221;default&#8221; background_color_opacity=&#8221;1&#8243; background_hover_color_opacity=&#8221;1&#8243; column_shadow=&#8221;none&#8221; column_border_radius=&#8221;none&#8221; column_link_target=&#8221;_self&#8221; column_position=&#8221;default&#8221; gradient_direction=&#8221;left_to_right&#8221; overlay_strength=&#8221;0.3&#8243; width=&#8221;1\/1&#8243; tablet_width_inherit=&#8221;default&#8221; tablet_text_alignment=&#8221;default&#8221; phone_text_alignment=&#8221;default&#8221; animation_type=&#8221;default&#8221; bg_image_animation=&#8221;none&#8221; border_type=&#8221;simple&#8221; column_border_width=&#8221;none&#8221; column_border_style=&#8221;solid&#8221;][vc_custom_heading text=&#8221;Zak\u0142adanie profilu i logowanie&#8221; font_container=&#8221;tag:h2|text_align:center&#8221; el_class=&#8221;bold&#8221;][vc_custom_heading text=&#8221;Jak wygl\u0105da proces zak\u0142adania profilu kandydata?&#8221; font_container=&#8221;tag:h3|text_align:center&#8221; el_class=&#8221;bold&#8221; css=&#8221;.vc_custom_1663842761645{padding-top: 20px !important;padding-bottom: 40px !important;}&#8221;][vc_column_text el_class=&#8221;profil_kandydata_krok profil_kandydata_krok_1&#8243;]KROK 1[\/vc_column_text][vc_column_text]\n<p style=\"text-align: center;\">Wejd\u017a na stron\u0119 <a href=\"https:\/\/idealgrupa.zohorecruit.eu\/candidateportal\" target=\"_blank\" rel=\"noopener\">https:\/\/idealgrupa.zohorecruit.eu\/candidateportal<\/a> i wybierz przycisk \u201cUtw\u00f3rz konto\u201d.<\/p>\n[\/vc_column_text][image_with_animation image_url=&#8221;2597&#8243; image_size=&#8221;full&#8221; animation_type=&#8221;entrance&#8221; animation=&#8221;Fade In&#8221; hover_animation=&#8221;none&#8221; alignment=&#8221;center&#8221; border_radius=&#8221;none&#8221; box_shadow=&#8221;none&#8221; image_loading=&#8221;default&#8221; max_width=&#8221;100%&#8221; max_width_mobile=&#8221;default&#8221; margin_bottom=&#8221;30px&#8221;][vc_column_text el_class=&#8221;profil_kandydata_krok profil_kandydata_krok_2&#8243;]KROK 2[\/vc_column_text][vc_column_text css=&#8221;.vc_custom_1663842494422{padding-right: 10% !important;padding-left: 10% !important;}&#8221;]\n<p style=\"text-align: center;\">Wype\u0142nij formularz rejestracyjny uzupe\u0142niaj\u0105c dane takie jak: adres e-mail, has\u0142o do profilu, imi\u0119, nazwisko, telefon, CV. Zatwierd\u017a wprowadzone dane przyciskiem \u201c<strong>Zarejestruj<\/strong>\u201d.<\/p>\n[\/vc_column_text][image_with_animation image_url=&#8221;2596&#8243; image_size=&#8221;full&#8221; animation_type=&#8221;entrance&#8221; animation=&#8221;Fade In&#8221; hover_animation=&#8221;none&#8221; alignment=&#8221;center&#8221; border_radius=&#8221;none&#8221; box_shadow=&#8221;none&#8221; image_loading=&#8221;default&#8221; max_width=&#8221;100%&#8221; max_width_mobile=&#8221;default&#8221;][vc_column_text el_class=&#8221;profil_kandydata_krok profil_kandydata_krok_3&#8243;]KROK 3[\/vc_column_text][vc_column_text css=&#8221;.vc_custom_1663842487952{padding-right: 10% !important;padding-left: 10% !important;}&#8221;]\n<p style=\"text-align: center;\">Odbierz wiadomo\u015b\u0107 wys\u0142an\u0105 na Twoj\u0105 skrzynk\u0119 e-mail z potwierdzeniem rejestracji konta. Kliknij \u201c<strong>Potwierd\u017a<\/strong>\u201d. Je\u015bli nie widzisz wiadomo\u015bci w skrzynce odbiorczej<strong> sprawd\u017a folder \u201cSpam\u201d<\/strong>.<\/p>\n[\/vc_column_text][vc_custom_heading text=&#8221;Jak zalogowa\u0107 si\u0119 do profilu kandydata?&#8221; font_container=&#8221;tag:h3|text_align:center&#8221; el_class=&#8221;bold&#8221; css=&#8221;.vc_custom_1663842445147{padding-top: 40px !important;}&#8221;][vc_column_text css=&#8221;.vc_custom_1664285667670{padding-right: 10% !important;padding-left: 10% !important;}&#8221;]\n<p style=\"text-align: center;\">Wejd\u017a na stron\u0119 <a href=\"https:\/\/idealgrupa.zohorecruit.eu\/candidateportal\" target=\"_blank\" rel=\"noopener\">https:\/\/idealgrupa.zohorecruit.eu\/candidateportal<\/a> i zaloguj si\u0119 u\u017cywaj\u0105c podanego podczas rejestracji adresu mailowego oraz ustawionego has\u0142a.<\/p>\n[\/vc_column_text][\/vc_column][\/vc_row][vc_row type=&#8221;in_container&#8221; full_screen_row_position=&#8221;middle&#8221; column_margin=&#8221;default&#8221; column_direction=&#8221;default&#8221; column_direction_tablet=&#8221;default&#8221; column_direction_phone=&#8221;default&#8221; bg_color=&#8221;#ffffff&#8221; scene_position=&#8221;center&#8221; top_padding=&#8221;3%&#8221; bottom_padding=&#8221;3%&#8221; left_padding_desktop=&#8221;3%&#8221; right_padding_desktop=&#8221;3%&#8221; bottom_margin=&#8221;0&#8243; text_color=&#8221;dark&#8221; text_align=&#8221;left&#8221; row_border_radius=&#8221;none&#8221; row_border_radius_applies=&#8221;bg&#8221; overflow=&#8221;visible&#8221; advanced_gradient_angle=&#8221;0&#8243; overlay_strength=&#8221;0.3&#8243; gradient_direction=&#8221;left_to_right&#8221; shape_divider_position=&#8221;bottom&#8221; bg_image_animation=&#8221;none&#8221; gradient_type=&#8221;default&#8221; shape_type=&#8221;&#8221;][vc_column column_padding=&#8221;no-extra-padding&#8221; column_padding_tablet=&#8221;inherit&#8221; column_padding_phone=&#8221;inherit&#8221; column_padding_position=&#8221;all&#8221; column_element_spacing=&#8221;default&#8221; background_color_opacity=&#8221;1&#8243; background_hover_color_opacity=&#8221;1&#8243; column_shadow=&#8221;none&#8221; column_border_radius=&#8221;none&#8221; column_link_target=&#8221;_self&#8221; column_position=&#8221;default&#8221; gradient_direction=&#8221;left_to_right&#8221; overlay_strength=&#8221;0.3&#8243; width=&#8221;1\/1&#8243; tablet_width_inherit=&#8221;default&#8221; tablet_text_alignment=&#8221;default&#8221; phone_text_alignment=&#8221;default&#8221; animation_type=&#8221;default&#8221; bg_image_animation=&#8221;none&#8221; border_type=&#8221;simple&#8221; column_border_width=&#8221;none&#8221; column_border_style=&#8221;solid&#8221;][vc_custom_heading text=&#8221;Jakie opcje s\u0105 dost\u0119pne na profilu kandydata?&#8221; font_container=&#8221;tag:h2|text_align:center&#8221; el_class=&#8221;bold&#8221;][vc_column_text css=&#8221;.vc_custom_1663842393073{padding-top: 20px !important;}&#8221;]\n<p style=\"text-align: center;\">Po zalogowaniu na konto masz dost\u0119p do zak\u0142adek:<\/p>\n[\/vc_column_text][\/vc_column][\/vc_row][vc_row type=&#8221;in_container&#8221; full_screen_row_position=&#8221;middle&#8221; column_margin=&#8221;default&#8221; column_direction=&#8221;default&#8221; column_direction_tablet=&#8221;default&#8221; column_direction_phone=&#8221;default&#8221; bg_color=&#8221;#ffffff&#8221; scene_position=&#8221;center&#8221; bottom_padding=&#8221;5%&#8221; left_padding_desktop=&#8221;3%&#8221; right_padding_desktop=&#8221;3%&#8221; bottom_margin=&#8221;0&#8243; text_color=&#8221;dark&#8221; text_align=&#8221;left&#8221; row_border_radius=&#8221;none&#8221; row_border_radius_applies=&#8221;bg&#8221; overflow=&#8221;visible&#8221; class=&#8221;profil_kandydata_boxy&#8221; advanced_gradient_angle=&#8221;0&#8243; overlay_strength=&#8221;0.3&#8243; gradient_direction=&#8221;left_to_right&#8221; shape_divider_position=&#8221;bottom&#8221; bg_image_animation=&#8221;none&#8221; gradient_type=&#8221;default&#8221; shape_type=&#8221;&#8221;][vc_column column_padding=&#8221;no-extra-padding&#8221; column_padding_tablet=&#8221;inherit&#8221; column_padding_phone=&#8221;inherit&#8221; column_padding_position=&#8221;all&#8221; column_element_spacing=&#8221;default&#8221; background_color_opacity=&#8221;1&#8243; background_hover_color_opacity=&#8221;1&#8243; column_shadow=&#8221;none&#8221; column_border_radius=&#8221;none&#8221; column_link_target=&#8221;_self&#8221; column_position=&#8221;default&#8221; gradient_direction=&#8221;left_to_right&#8221; overlay_strength=&#8221;0.3&#8243; width=&#8221;1\/3&#8243; tablet_width_inherit=&#8221;default&#8221; tablet_text_alignment=&#8221;default&#8221; phone_text_alignment=&#8221;default&#8221; animation_type=&#8221;default&#8221; bg_image_animation=&#8221;none&#8221; border_type=&#8221;simple&#8221; column_border_width=&#8221;none&#8221; column_border_style=&#8221;solid&#8221;][vc_column_text el_class=&#8221;ikona_txt_w_linii_text_block&#8221;]<img decoding=\"async\" class=\"alignnone size-full wp-image-2564\" src=\"https:\/\/idealstaff.com\/wp-content\/uploads\/2022\/09\/arr-double-65x65-green.svg\" alt=\"\" width=\"65\" height=\"65\" title=\"\">Profil[\/vc_column_text][vc_column_text]Tu zobaczysz swoje dane osobowe, wykszta\u0142cenie i do\u015bwiadczenie oraz za\u0142\u0105czone CV.<\/p>\n<p>Mo\u017cesz edytowa\u0107 lub usuwa\u0107 podane przez siebie informacje, kiedy tylko chcesz, klikaj\u0105c przycisk Edytuj na ka\u017cdej karcie.[\/vc_column_text][\/vc_column][vc_column column_padding=&#8221;no-extra-padding&#8221; column_padding_tablet=&#8221;inherit&#8221; column_padding_phone=&#8221;inherit&#8221; column_padding_position=&#8221;all&#8221; column_element_spacing=&#8221;default&#8221; background_color_opacity=&#8221;1&#8243; background_hover_color_opacity=&#8221;1&#8243; column_shadow=&#8221;none&#8221; column_border_radius=&#8221;none&#8221; column_link_target=&#8221;_self&#8221; column_position=&#8221;default&#8221; gradient_direction=&#8221;left_to_right&#8221; overlay_strength=&#8221;0.3&#8243; width=&#8221;1\/3&#8243; tablet_width_inherit=&#8221;default&#8221; tablet_text_alignment=&#8221;default&#8221; phone_text_alignment=&#8221;default&#8221; animation_type=&#8221;default&#8221; bg_image_animation=&#8221;none&#8221; border_type=&#8221;simple&#8221; column_border_width=&#8221;none&#8221; column_border_style=&#8221;solid&#8221;][vc_column_text el_class=&#8221;ikona_txt_w_linii_text_block&#8221;]<img decoding=\"async\" class=\"alignnone size-full wp-image-2566\" src=\"https:\/\/idealstaff.com\/wp-content\/uploads\/2022\/09\/arr-double-65x65-yellow.svg\" alt=\"\" width=\"65\" height=\"65\" title=\"\">Oferty pracy[\/vc_column_text][vc_column_text]Oferty pracy sk\u0142adaj\u0105 si\u0119 z listy bie\u017c\u0105cych ofert pracy oraz ze z\u0142o\u017conych przez Ciebie aplikacji (wniosk\u00f3w).<\/p>\n<p>Mo\u017cesz przegl\u0105da\u0107 kiedy i na jakie stanowisko aplikowa\u0142e\u015b\/-\u0142a\u015b[\/vc_column_text][\/vc_column][vc_column column_padding=&#8221;no-extra-padding&#8221; column_padding_tablet=&#8221;inherit&#8221; column_padding_phone=&#8221;inherit&#8221; column_padding_position=&#8221;all&#8221; column_element_spacing=&#8221;default&#8221; background_color_opacity=&#8221;1&#8243; background_hover_color_opacity=&#8221;1&#8243; column_shadow=&#8221;none&#8221; column_border_radius=&#8221;none&#8221; column_link_target=&#8221;_self&#8221; column_position=&#8221;default&#8221; gradient_direction=&#8221;left_to_right&#8221; overlay_strength=&#8221;0.3&#8243; width=&#8221;1\/3&#8243; tablet_width_inherit=&#8221;default&#8221; tablet_text_alignment=&#8221;default&#8221; phone_text_alignment=&#8221;default&#8221; animation_type=&#8221;default&#8221; bg_image_animation=&#8221;none&#8221; border_type=&#8221;simple&#8221; column_border_width=&#8221;none&#8221; column_border_style=&#8221;solid&#8221;][vc_column_text el_class=&#8221;ikona_txt_w_linii_text_block&#8221;]<img decoding=\"async\" class=\"alignnone size-full wp-image-2565\" src=\"https:\/\/idealstaff.com\/wp-content\/uploads\/2022\/09\/arr-double-65x65-orange.svg\" alt=\"\" width=\"65\" height=\"65\" title=\"\">Ustawienia[\/vc_column_text][vc_column_text]W tej sekcji masz mo\u017cliwo\u015b\u0107 zmiany adresu e-mail oraz has\u0142a do konta.[\/vc_column_text][\/vc_column][\/vc_row][vc_row type=&#8221;in_container&#8221; full_screen_row_position=&#8221;middle&#8221; column_margin=&#8221;default&#8221; column_direction=&#8221;default&#8221; column_direction_tablet=&#8221;default&#8221; column_direction_phone=&#8221;default&#8221; bg_color=&#8221;#ffffff&#8221; scene_position=&#8221;center&#8221; bottom_padding=&#8221;5%&#8221; left_padding_desktop=&#8221;3%&#8221; right_padding_desktop=&#8221;3%&#8221; bottom_padding_tablet=&#8221;50px&#8221; bottom_margin=&#8221;80px&#8221; text_color=&#8221;dark&#8221; text_align=&#8221;left&#8221; row_border_radius=&#8221;none&#8221; row_border_radius_applies=&#8221;bg&#8221; overflow=&#8221;visible&#8221; advanced_gradient_angle=&#8221;0&#8243; overlay_strength=&#8221;0.3&#8243; gradient_direction=&#8221;left_to_right&#8221; shape_divider_position=&#8221;bottom&#8221; bg_image_animation=&#8221;none&#8221; gradient_type=&#8221;default&#8221; shape_type=&#8221;&#8221;][vc_column column_padding=&#8221;no-extra-padding&#8221; column_padding_tablet=&#8221;inherit&#8221; column_padding_phone=&#8221;inherit&#8221; column_padding_position=&#8221;all&#8221; column_element_spacing=&#8221;default&#8221; centered_text=&#8221;true&#8221; background_color_opacity=&#8221;1&#8243; background_hover_color_opacity=&#8221;1&#8243; column_shadow=&#8221;none&#8221; column_border_radius=&#8221;none&#8221; column_link_target=&#8221;_self&#8221; column_position=&#8221;default&#8221; advanced_gradient_angle=&#8221;0&#8243; gradient_direction=&#8221;left_to_right&#8221; overlay_strength=&#8221;0.3&#8243; width=&#8221;1\/1&#8243; tablet_width_inherit=&#8221;default&#8221; tablet_text_alignment=&#8221;default&#8221; phone_text_alignment=&#8221;default&#8221; animation_type=&#8221;default&#8221; bg_image_animation=&#8221;none&#8221; border_type=&#8221;simple&#8221; column_border_width=&#8221;none&#8221; column_border_style=&#8221;solid&#8221; gradient_type=&#8221;default&#8221;][vc_row_inner column_margin=&#8221;default&#8221; column_direction=&#8221;default&#8221; column_direction_tablet=&#8221;default&#8221; column_direction_phone=&#8221;default&#8221; top_padding=&#8221;50px&#8221; bottom_padding=&#8221;50px&#8221; text_align=&#8221;left&#8221; row_position=&#8221;default&#8221; row_position_tablet=&#8221;inherit&#8221; row_position_phone=&#8221;inherit&#8221; class=&#8221;bg_wzorek&#8221; overflow=&#8221;visible&#8221; pointer_events=&#8221;all&#8221;][vc_column_inner column_padding=&#8221;no-extra-padding&#8221; column_padding_tablet=&#8221;inherit&#8221; column_padding_phone=&#8221;inherit&#8221; column_padding_position=&#8221;all&#8221; column_element_spacing=&#8221;default&#8221; background_color_opacity=&#8221;1&#8243; background_hover_color_opacity=&#8221;1&#8243; column_shadow=&#8221;none&#8221; column_border_radius=&#8221;none&#8221; column_link_target=&#8221;_self&#8221; gradient_direction=&#8221;left_to_right&#8221; overlay_strength=&#8221;0.3&#8243; width=&#8221;1\/1&#8243; tablet_width_inherit=&#8221;default&#8221; animation_type=&#8221;default&#8221; bg_image_animation=&#8221;none&#8221; border_type=&#8221;simple&#8221; column_border_width=&#8221;none&#8221; column_border_style=&#8221;solid&#8221;][nectar_btn size=&#8221;small&#8221; button_style=&#8221;see-through-2&#8243; color_override=&#8221;#ffffff&#8221; hover_color_override=&#8221;#ffffff&#8221; hover_text_color_override=&#8221;#000000&#8243; icon_family=&#8221;none&#8221; text=&#8221;Za\u0142\u00f3\u017c profil kandydata&#8221; url=&#8221;https:\/\/idealgrupa.zohorecruit.eu\/candidateportal&#8221;][\/vc_column_inner][\/vc_row_inner][\/vc_column][\/vc_row]\n","protected":false},"excerpt":{"rendered":"<p>[vc_row type=&#8221;in_container&#8221; full_screen_row_position=&#8221;middle&#8221; column_margin=&#8221;default&#8221; column_direction=&#8221;default&#8221; column_direction_tablet=&#8221;default&#8221; column_direction_phone=&#8221;default&#8221; bg_color=&#8221;#ffffff&#8221; scene_position=&#8221;center&#8221; top_padding=&#8221;3%&#8221; bottom_padding=&#8221;3%&#8221; left_padding_desktop=&#8221;3%&#8221; right_padding_desktop=&#8221;3%&#8221; top_margin=&#8221;80px&#8221; bottom_margin=&#8221;4px&#8221; text_color=&#8221;dark&#8221; text_align=&#8221;left&#8221; row_border_radius=&#8221;none&#8221; row_border_radius_applies=&#8221;bg&#8221; overflow=&#8221;visible&#8221; advanced_gradient_angle=&#8221;0&#8243; overlay_strength=&#8221;0.3&#8243; gradient_direction=&#8221;left_to_right&#8221; shape_divider_position=&#8221;bottom&#8221; bg_image_animation=&#8221;none&#8221; gradient_type=&#8221;default&#8221; shape_type=&#8221;&#8221;][vc_column column_padding=&#8221;no-extra-padding&#8221; column_padding_tablet=&#8221;inherit&#8221; column_padding_phone=&#8221;inherit&#8221;&#8230;<\/p>\n","protected":false},"author":1,"featured_media":0,"parent":0,"menu_order":0,"comment_status":"closed","ping_status":"closed","template":"","meta":{"_acf_changed":false,"inline_featured_image":false,"footnotes":""},"class_list":["post-130","page","type-page","status-publish"],"acf":[],"_links":{"self":[{"href":"https:\/\/idealstaff.com\/pl\/wp-json\/wp\/v2\/pages\/130","targetHints":{"allow":["GET"]}}],"collection":[{"href":"https:\/\/idealstaff.com\/pl\/wp-json\/wp\/v2\/pages"}],"about":[{"href":"https:\/\/idealstaff.com\/pl\/wp-json\/wp\/v2\/types\/page"}],"author":[{"embeddable":true,"href":"https:\/\/idealstaff.com\/pl\/wp-json\/wp\/v2\/users\/1"}],"replies":[{"embeddable":true,"href":"https:\/\/idealstaff.com\/pl\/wp-json\/wp\/v2\/comments?post=130"}],"version-history":[{"count":0,"href":"https:\/\/idealstaff.com\/pl\/wp-json\/wp\/v2\/pages\/130\/revisions"}],"wp:attachment":[{"href":"https:\/\/idealstaff.com\/pl\/wp-json\/wp\/v2\/media?parent=130"}],"curies":[{"name":"wp","href":"https:\/\/api.w.org\/{rel}","templated":true}]}}