{"id":2182,"date":"2022-09-15T22:54:37","date_gmt":"2022-09-15T20:54:37","guid":{"rendered":"https:\/\/idealstaff.com\/?page_id=2182"},"modified":"2022-10-01T17:31:22","modified_gmt":"2022-10-01T15:31:22","slug":"regulamin","status":"publish","type":"page","link":"https:\/\/idealstaff.com\/pl\/regulamin\/","title":{"rendered":"Regulamin"},"content":{"rendered":"[vc_row type=&#8221;in_container&#8221; full_screen_row_position=&#8221;middle&#8221; column_margin=&#8221;default&#8221; column_direction=&#8221;default&#8221; column_direction_tablet=&#8221;default&#8221; column_direction_phone=&#8221;default&#8221; bg_color=&#8221;#ffffff&#8221; scene_position=&#8221;center&#8221; top_padding=&#8221;3%&#8221; bottom_padding=&#8221;3%&#8221; left_padding_desktop=&#8221;3%&#8221; right_padding_desktop=&#8221;3%&#8221; top_margin=&#8221;80px&#8221; text_color=&#8221;dark&#8221; text_align=&#8221;left&#8221; row_border_radius=&#8221;none&#8221; row_border_radius_applies=&#8221;bg&#8221; overflow=&#8221;visible&#8221; advanced_gradient_angle=&#8221;0&#8243; overlay_strength=&#8221;0.3&#8243; gradient_direction=&#8221;left_to_right&#8221; shape_divider_position=&#8221;bottom&#8221; bg_image_animation=&#8221;none&#8221; gradient_type=&#8221;default&#8221; shape_type=&#8221;&#8221;][vc_column column_padding=&#8221;no-extra-padding&#8221; column_padding_tablet=&#8221;inherit&#8221; column_padding_phone=&#8221;inherit&#8221; column_padding_position=&#8221;all&#8221; column_element_spacing=&#8221;default&#8221; background_color_opacity=&#8221;1&#8243; background_hover_color_opacity=&#8221;1&#8243; column_shadow=&#8221;none&#8221; column_border_radius=&#8221;none&#8221; column_link_target=&#8221;_self&#8221; column_position=&#8221;default&#8221; gradient_direction=&#8221;left_to_right&#8221; overlay_strength=&#8221;0.3&#8243; width=&#8221;1\/1&#8243; tablet_width_inherit=&#8221;default&#8221; tablet_text_alignment=&#8221;default&#8221; phone_text_alignment=&#8221;default&#8221; animation_type=&#8221;default&#8221; bg_image_animation=&#8221;none&#8221; border_type=&#8221;simple&#8221; column_border_width=&#8221;none&#8221; column_border_style=&#8221;solid&#8221;][heading]\n<h1 style=\"text-align: center;\">Regulamin promocji<\/h1>\n<h2 style=\"text-align: center;\">\u201ePREMIA 100 EUR ZA POLECENIE PRACOWNIKA\u201d<\/h2>\n[\/heading][vc_column_text]Dla wszystkich pracownik\u00f3w zatrudnionych w jednej ze sp\u00f3\u0142ek <a href=\"https:\/\/idealstaff.com\/grupa-spolek-ideal-jako-ado\/\">Grupy Ideal<\/a>, kt\u00f3rzy polec\u0105 nowego pracownika do pracy w <a href=\"https:\/\/idealstaff.com\/grupa-spolek-ideal-jako-ado\/\">Grupie Sp\u00f3\u0142ek Ideal<\/a> w okresie od 17.08.2022r. do 30.09.2022r.[\/vc_column_text][vc_column_text]\n<h3><strong>\u00a7 1. Promocja<\/strong><\/h3>\n<p>Okres Promocji \u201ePREMIA 100 EUR ZA POLECENIE PRACOWNIKA\u201d b\u0119dzie trwa\u0107 od 17.08.2022r. do 30.09.2022r.[\/vc_column_text][vc_column_text]\n<h3><strong>\u00a7 2. Organizator<\/strong><\/h3>\n<p>2.1. Organizatorem Promocji jest firma <a href=\"https:\/\/idealstaff.com\/grupa-spolek-ideal-jako-ado\/\">Grupa Sp\u00f3\u0142ek Ideal<\/a> z siedzib\u0105 w Warszawie, ul. Karolkowa 30, 01-207 Warszawa.<\/p>\n<p>2.2. Kontakt w sprawach polece\u0144 pracownik\u00f3w \u201ePREMIA ZA POLECENIE PRACOWNIKA\u201d jest mo\u017cliwy pod numerem telefonu: <a href=\"tel:+48799374440\">+48 799 374 440<\/a>, <a href=\"tel:+48799372317\">+48 799 372 317<\/a>, <a href=\"tel:+48799355540\">+48 799 355 540<\/a>, bezpo\u015brednio u koordynatora regionalnego lub brygadzisty.<\/p>\n<p>2.3. Zg\u0142oszenia w sprawie polece\u0144 pracownik\u00f3w mog\u0105 by\u0107 r\u00f3wnie\u017c realizowane poprzez formularz aplikacyjny, kt\u00f3ry Organizator udost\u0119pnia na swojej stronie internetowej, w mediach spo\u0142eczno\u015bciowych, komunikatach przekazywanych w wiadomo\u015bciach SMS lub e-mail.<\/p>\n<p>2.4. Polecaj\u0105cym jest uczestnik promocji polecaj\u0105cy potencjalnego kandydata do pracy.<\/p>\n<p>2.5. Poleconym jest osoba polecona jako potencjalny kandydat do pracy przez Polecaj\u0105cego.<\/p>\n<p>2.6. Wysoko\u015b\u0107 \u201ePREMII 100 EUR ZA POLECENIE PRACOWNIKA\u201d wynosi 100\u20ac brutto.<\/p>\n<p>2.7. W ofercie premii dodatkowej \u201ePREMIA ZA POLECENIE PRACOWNIKA\u201d bior\u0105 udzia\u0142 wszyscy, kt\u00f3rzy wyra\u017c\u0105 ch\u0119\u0107 polecenia i zg\u0142osz\u0105\/polec\u0105 osob\u0119 ch\u0119tn\u0105 do pracy w <a href=\"https:\/\/idealstaff.com\/grupa-spolek-ideal-jako-ado\/\">Grupie Sp\u00f3\u0142ek Ideal<\/a>.<\/p>\n<p>2.8. \u201ePREMIA ZA POLECENIE PRACOWNIKA\u201d wyp\u0142acana b\u0119dzie ka\u017cdemu z Polecaj\u0105cych, w momencie gdy osoba Polecona przez Polecaj\u0105cego spe\u0142ni jednocze\u015bnie trzy warunki:<\/p>\n<p style=\"padding-left: 40px;\">a. Polecony pozytywnie przejdzie proces rekrutacji i dostarczy wszystkie niezb\u0119dne dokumenty do rozpocz\u0119cia pracy<\/p>\n<p style=\"padding-left: 40px;\">b. Polecony przepracuje w <a href=\"https:\/\/idealstaff.com\/grupa-spolek-ideal-jako-ado\/\">Grupie Sp\u00f3\u0142ek Ideal<\/a> min. 30 dni (zgodnie z umowami o prac\u0119) ci\u0105giem (na jednej lub wi\u0119cej umowach o prac\u0119).<\/p>\n<p style=\"padding-left: 40px;\">c. podczas pracy w okresie wymienionym w \u00a73.6. a., Polecony nie przebywa na zwolnieniu lekarskim i nie ma nieusprawiedliwionej nieobecno\u015bci w pracy.<\/p>\n<p>2.9. Podatek dochodowy odprowadza za uczestnika nagrodzonego organizator promocji.<\/p>\n<p>2.10. Polecaj\u0105cy nie ma limitu polece\u0144.[\/vc_column_text][vc_column_text]\n<h3><strong>\u00a7 3. Przebieg akcji premiowej <\/strong><\/h3>\n<p>3.1. Polecaj\u0105cy zg\u0142aszaj\u0105 potencjalnych kandydat\u00f3w do pracy zg\u0142aszaj\u0105c si\u0119 bezpo\u015brednio do Koordynatora, Brygadzisty, pod ww. numery telefon\u00f3w, e-mailem,<br \/>\nna stronie internetowej lub w mediach spo\u0142eczno\u015bciowych Organizatora.<\/p>\n<p>3.2. Zg\u0142oszenia gromadzone s\u0105 w systemie CRM przez Dzia\u0142 Rekrutacji Grupy Sp\u00f3\u0142ek Ideal.<\/p>\n<p>3.3. Obs\u0142uguj\u0105cy z Dzia\u0142u Rekrutacji Grupy Sp\u00f3\u0142ek Ideal, Koordynator lub Brygadzista przeprowadza proces informacyjny Polecaj\u0105cego i przedstawia zasady otrzymania premii i jej wysoko\u015b\u0107.<\/p>\n<p>3.4. Polecaj\u0105cy zg\u0142asza do osoby Obs\u0142uguj\u0105cej promocje, Koordynatora lub Brygadzisty osob\u0119 Polecon\u0105, wskazuje imi\u0119, nazwisko i telefon\/opcjonalnie e-mail Poleconego, b\u0105d\u017a wype\u0142nia formularz aplikacyjny.<\/p>\n<p>3.5. Po przepracowaniu 30 dni przez Poleconego, Polecaj\u0105cy otrzymuje premi\u0119 na wskazane przez siebie konto bankowe do 20. dnia miesi\u0105ca nast\u0119puj\u0105cego po<br \/>\nkolejnym przepracowanym przez Poleconego okresie wskazanym w \u00a73.6. a.<\/p>\n<p>3.6. Premie otrzymuj\u0105 wszyscy, kt\u00f3rzy:<\/p>\n<p style=\"padding-left: 40px;\">a. Polec\u0105 osob\u0119 do pracy w dniach od 17.08.2022r. do 30.09.2022r., kt\u00f3ra przepracuje min. 30 dni ci\u0105giem w jednej ze sp\u00f3\u0142ek Grupy Sp\u00f3\u0142ek Ideal.<\/p>\n[\/vc_column_text][vc_column_text]\n<h3><strong>\u00a7 4. Dane osobowe<\/strong><\/h3>\n<p>4.1. Administratorem danych osobowych jest Organizator &#8211; <a href=\"https:\/\/idealstaff.com\/grupa-spolek-ideal-jako-ado\/\">Grupa Sp\u00f3\u0142ek Idea<\/a>l.<\/p>\n<p>4.2. Dane osobowe Uczestnik\u00f3w podane przy rejestracji przetwarzane s\u0105 na potrzeby organizacji Promocji przez czas niezb\u0119dny do jej przeprowadzenia i rozliczenia.<\/p>\n<p>4.3. Przekazanie przez Uczestnik\u00f3w innych danych osobowych lub wyra\u017cenie zgody na przetwarzanie ich w innym zakresie ni\u017c jest to potrzebne na potrzeby organizacji Promocji jest dobrowolne i informacja o niej lub zaproszenie do niej nie stanowi obowi\u0105zku udzia\u0142u dla osoby informowanej o ww. promocji.[\/vc_column_text][vc_column_text]\n<h3><strong>\u00a7 5. Postanowienia ko\u0144cowe<\/strong><\/h3>\n<p>5.1. Organizator zastrzega sobie mo\u017cliwo\u015b\u0107 zmiany Regulaminu a\u017c do zako\u0144czenia akcji \u201ePREMIA 100 EUR ZA POLECENIE PRACOWNIKA\u201d.<\/p>\n<p>5.2. Reklamacje mo\u017cna sk\u0142ada\u0107 telefonicznie pod numerem telefonu: <a href=\"tel:+48799374440\">+48 799 374 440<\/a>[\/vc_column_text][\/vc_column][\/vc_row]\n","protected":false},"excerpt":{"rendered":"<p>[vc_row type=&#8221;in_container&#8221; full_screen_row_position=&#8221;middle&#8221; column_margin=&#8221;default&#8221; column_direction=&#8221;default&#8221; column_direction_tablet=&#8221;default&#8221; column_direction_phone=&#8221;default&#8221; bg_color=&#8221;#ffffff&#8221; scene_position=&#8221;center&#8221; top_padding=&#8221;3%&#8221; bottom_padding=&#8221;3%&#8221; left_padding_desktop=&#8221;3%&#8221; right_padding_desktop=&#8221;3%&#8221; top_margin=&#8221;80px&#8221; text_color=&#8221;dark&#8221; text_align=&#8221;left&#8221; row_border_radius=&#8221;none&#8221; row_border_radius_applies=&#8221;bg&#8221; overflow=&#8221;visible&#8221; advanced_gradient_angle=&#8221;0&#8243; overlay_strength=&#8221;0.3&#8243; gradient_direction=&#8221;left_to_right&#8221; shape_divider_position=&#8221;bottom&#8221; bg_image_animation=&#8221;none&#8221; gradient_type=&#8221;default&#8221; shape_type=&#8221;&#8221;][vc_column column_padding=&#8221;no-extra-padding&#8221; column_padding_tablet=&#8221;inherit&#8221; column_padding_phone=&#8221;inherit&#8221; column_padding_position=&#8221;all&#8221;&#8230;<\/p>\n","protected":false},"author":11,"featured_media":0,"parent":0,"menu_order":0,"comment_status":"closed","ping_status":"closed","template":"","meta":{"_acf_changed":false,"inline_featured_image":false,"footnotes":""},"class_list":["post-2182","page","type-page","status-publish"],"acf":[],"_links":{"self":[{"href":"https:\/\/idealstaff.com\/pl\/wp-json\/wp\/v2\/pages\/2182","targetHints":{"allow":["GET"]}}],"collection":[{"href":"https:\/\/idealstaff.com\/pl\/wp-json\/wp\/v2\/pages"}],"about":[{"href":"https:\/\/idealstaff.com\/pl\/wp-json\/wp\/v2\/types\/page"}],"author":[{"embeddable":true,"href":"https:\/\/idealstaff.com\/pl\/wp-json\/wp\/v2\/users\/11"}],"replies":[{"embeddable":true,"href":"https:\/\/idealstaff.com\/pl\/wp-json\/wp\/v2\/comments?post=2182"}],"version-history":[{"count":0,"href":"https:\/\/idealstaff.com\/pl\/wp-json\/wp\/v2\/pages\/2182\/revisions"}],"wp:attachment":[{"href":"https:\/\/idealstaff.com\/pl\/wp-json\/wp\/v2\/media?parent=2182"}],"curies":[{"name":"wp","href":"https:\/\/api.w.org\/{rel}","templated":true}]}}