{"id":5399,"date":"2022-12-27T15:18:25","date_gmt":"2022-12-27T14:18:25","guid":{"rendered":"https:\/\/idealstaff.com\/?page_id=5399"},"modified":"2023-01-26T10:35:56","modified_gmt":"2023-01-26T09:35:56","slug":"grupa-spolek-ideal-jako-ado","status":"publish","type":"page","link":"https:\/\/idealstaff.com\/pl\/grupa-spolek-ideal-jako-ado\/","title":{"rendered":"Grupa sp\u00f3\u0142ek IDEAL jako administrator danych osobowych"},"content":{"rendered":"[vc_row type=&#8221;in_container&#8221; full_screen_row_position=&#8221;middle&#8221; column_margin=&#8221;default&#8221; column_direction=&#8221;default&#8221; column_direction_tablet=&#8221;default&#8221; column_direction_phone=&#8221;default&#8221; bg_color=&#8221;#ffffff&#8221; scene_position=&#8221;center&#8221; top_padding=&#8221;3%&#8221; bottom_padding=&#8221;3%&#8221; left_padding_desktop=&#8221;3%&#8221; right_padding_desktop=&#8221;3%&#8221; top_margin=&#8221;80px&#8221; top_margin_tablet=&#8221;50px&#8221; text_color=&#8221;dark&#8221; text_align=&#8221;left&#8221; row_border_radius=&#8221;none&#8221; row_border_radius_applies=&#8221;bg&#8221; overflow=&#8221;visible&#8221; advanced_gradient_angle=&#8221;0&#8243; overlay_strength=&#8221;0.3&#8243; gradient_direction=&#8221;left_to_right&#8221; shape_divider_position=&#8221;bottom&#8221; bg_image_animation=&#8221;none&#8221; gradient_type=&#8221;default&#8221; shape_type=&#8221;&#8221;][vc_column column_padding=&#8221;no-extra-padding&#8221; column_padding_tablet=&#8221;inherit&#8221; column_padding_phone=&#8221;inherit&#8221; column_padding_position=&#8221;all&#8221; column_element_spacing=&#8221;default&#8221; background_color_opacity=&#8221;1&#8243; background_hover_color_opacity=&#8221;1&#8243; column_shadow=&#8221;none&#8221; column_border_radius=&#8221;none&#8221; column_link_target=&#8221;_self&#8221; column_position=&#8221;default&#8221; gradient_direction=&#8221;left_to_right&#8221; overlay_strength=&#8221;0.3&#8243; width=&#8221;1\/1&#8243; tablet_width_inherit=&#8221;default&#8221; tablet_text_alignment=&#8221;default&#8221; phone_text_alignment=&#8221;default&#8221; animation_type=&#8221;default&#8221; bg_image_animation=&#8221;none&#8221; border_type=&#8221;simple&#8221; column_border_width=&#8221;none&#8221; column_border_style=&#8221;solid&#8221;][vc_column_text]\n<h2>Grupa sp\u00f3\u0142ek IDEAL jako administrator danych osobowych<\/h2>\n<p>Dla zachowania bezpiecze\u0144stwa danych osobowych przetwarzanych przez nasze sp\u00f3\u0142ki, kt\u00f3re s\u0105 ze sob\u0105 powi\u0105zane kapita\u0142owo, osobowo i organizacyjnie, a tak\u017ce dla zapewnienia wysokiej jako\u015bci oferowanych przez nas us\u0142ug, w Grupie sp\u00f3\u0142ek IDEAL przyj\u0119li\u015bmy model wsp\u00f3\u0142administrowania danymi. Na mocy porozumienia pomi\u0119dzy ni\u017cej wymienionymi podmiotami, ka\u017cda ze sp\u00f3\u0142ek, zwana dalej Wsp\u00f3\u0142administratorem, ma takie same obowi\u0105zki i uprawnienia wzgl\u0119dem przetwarzanych danych osobowych.<\/p>\n<p><strong>Co to oznacza dla Ciebie?<\/strong><\/p>\n<h3>Bezpiecze\u0144stwo Twoich danych<\/h3>\n<p>Twoje dane b\u0119d\u0105 przetwarzane na takich samych zasadach przez wszystkich Wsp\u00f3\u0142administrator\u00f3w. We wszystkich sp\u00f3\u0142kach obwi\u0105zuje ta sama Polityka Ochrony Danych. Na jej podstawie administrujemy Twoimi danymi z zachowaniem przepis\u00f3w prawa, w tym w szczeg\u00f3lno\u015bci przepis\u00f3w z zakresu ochrony danych osobowych i wymog\u00f3w bezpiecze\u0144stwa. Nie przekazujemy Twoich danych poza Grup\u0119 sp\u00f3\u0142ek IDEAL.<\/p>\n<h3>Dochodzenie roszcze\u0144<\/h3>\n<p>Ka\u017cdy ze Wsp\u00f3\u0142administrator\u00f3w ponosi solidarn\u0105 odpowiedzialno\u015b\u0107 za wszelkie naruszenia w procesie przetwarzania danych. Osoba kt\u00f3rej dane dotycz\u0105 mo\u017ce zg\u0142osi\u0107 swoje roszczenia wybranemu Wsp\u00f3\u0142administratorowi, kt\u00f3ry b\u0119dzie zobowi\u0105zany do naprawienia szkody, nawet je\u015bli wyrz\u0105dzi\u0142 j\u0105 inny Wsp\u00f3\u0142administrator. Tym samym, osoba, kt\u00f3rej dane dotycz\u0105, ma prawo do kierowania roszcze\u0144 przeciwko kt\u00f3remukolwiek ze Wsp\u00f3\u0142administrator\u00f3w \u2013 ten za\u015b, kt\u00f3rego wybierze, odpowiada wobec niego za ca\u0142\u0105 szkod\u0119, jak\u0105 mu wyrz\u0105dzono przez naruszenie przepis\u00f3w o ochronie danych osobowych.<\/p>\n<h3>Wsp\u00f3lny punkt kontaktowy<\/h3>\n<p>Dla u\u0142atwienia kontaktu w sprawie przetwarzania danych osobowych, wyznaczyli\u015bmy wsp\u00f3lnego Inspektora Ochrony Danych dla wszystkich Wsp\u00f3\u0142administrator\u00f3w: <a href=\"mailto:administrator.danych@idealgrupa.pl\">administrator.danych@idealgrupa.pl<\/a>. Pod tym adresem mo\u017cesz zg\u0142osi\u0107 wszelkie zastrze\u017cenia dotycz\u0105ce Twoich danych, kt\u00f3re przetwarzamy, wnioskowa\u0107 o dost\u0119p do tre\u015bci danych oraz ich sprostowania, usuni\u0119cia lub ograniczenia przetwarzania, a tak\u017ce wnie\u015b\u0107 sprzeciwu, za\u017c\u0105da\u0107 zaprzestania przetwarzania danych, jak r\u00f3wnie\u017c mo\u017cesz wycofa\u0107 swoja zgod\u0119 w dowolnym momencie.<\/p>\n<h3>Wsp\u00f3lne cele przetwarzania danych<\/h3>\n<p>Grupa sp\u00f3\u0142ek IDEAL przetwarza dane osobowe w celu zapewnienia sprawnej obs\u0142ugi swoich Klient\u00f3w, zar\u00f3wno os\u00f3b fizycznych, jak i prawnych, obs\u0142uguj\u0105c proces rekrutacji od wyszukania odpowiedniego kandydata do pracy, czy sta\u017cu, przez finalizacj\u0119 procesu zatrudnienia, po jego rozliczenie. W procesie tym bior\u0105 udzia\u0142 pracownicy sp\u00f3\u0142ek, wskazanych jako Wsp\u00f3\u0142administratorzy danych. Ni\u017cej wymienione sp\u00f3\u0142ki dokonuj\u0105 nast\u0119puj\u0105cych czynno\u015bci w tym procesie:<\/p>\n<h2>Grup\u0119 sp\u00f3\u0142ek IDEAL stanowi\u0105 sp\u00f3\u0142ki*:<\/h2>\n<p>Ideal Work Germany Sp. z o. o. z siedzib\u0105 w (01-207) Warszawa ul. Karolkowa 30<\/p>\n<ul>\n<li>Prowadzi proces rekrutacji kandydat\u00f3w na potrzeby w\u0142asne i na zlecenie innych pracodawc\u00f3w<\/li>\n<li>Gromadzi i przetwarza dane kandydat\u00f3w w celach rekrutacji i marketingu.<\/li>\n<\/ul>\n<p>Ideal Germany GmbH z siedzib\u0105 w (12435 ) Berlin, Am Treptower Park 75,<\/p>\n<ul>\n<li>Prowadzi proces rekrutacji kandydat\u00f3w na potrzeby w\u0142asne i na zlecenie innych pracodawc\u00f3w<\/li>\n<li>Gromadzi i przetwarza dane kandydat\u00f3w w celach rekrutacji i marketingu.<\/li>\n<\/ul>\n[\/vc_column_text][vc_column_text]Ideal Work EU Sp. z o.o. z siedzib\u0105 w (01-207) Warszawa ul. Karolkowa 30<\/p>\n<ul>\n<li>Prowadzi proces rekrutacji kandydat\u00f3w na potrzeby w\u0142asne<\/li>\n<li>Gromadzi i przetwarza dane kandydat\u00f3w w celach rekrutacji i marketingu.<\/li>\n<\/ul>\n<p>Ideal Kurier Sp. z o. o. z siedzib\u0105 w (01-207) Warszawa ul. Karolkowa 30<\/p>\n<ul>\n<li>Prowadzi proces rekrutacji kandydat\u00f3w na potrzeby w\u0142asne<\/li>\n<li>Gromadzi i przetwarza dane kandydat\u00f3w w celach rekrutacji i marketingu.<\/li>\n<\/ul>\n<p>Ideal Kurier GmbH z siedzib\u0105 w (D-04509 ) Delitzsch, Gellertstra\u00dfe 34,<\/p>\n<ul>\n<li>Prowadzi proces rekrutacji kandydat\u00f3w na potrzeby w\u0142asne<\/li>\n<li>Gromadzi i przetwarza dane kandydat\u00f3w w celach rekrutacji i marketingu.<\/li>\n<\/ul>\n<p>IKG Sp. z o. o z siedzib\u0105 w (01-207) Warszawa ul. Karolkowa 30,<\/p>\n<ul>\n<li>Prowadzi proces rekrutacji kandydat\u00f3w na potrzeby w\u0142asne<\/li>\n<li>Gromadzi i przetwarza dane kandydat\u00f3w w celach rekrutacji i marketingu.<\/li>\n<\/ul>\n<p>Ideal Konsorcjum Sp. z o. o. z siedzib\u0105 w (01-207) Warszawa ul. Karolkowa 30<\/p>\n<ul>\n<li>Prowadzi proces rekrutacji kandydat\u00f3w na potrzeby w\u0142asne<\/li>\n<li>Gromadzi i przetwarza dane kandydat\u00f3w w celach rekrutacji i marketingu.<\/li>\n<\/ul>\n<p>JOBWERKE Sp. z o.o. (Ideal Work Sp. z o.o.) z siedzib\u0105 w (01-207) Warszawa ul. Karolkowa 30<\/p>\n<ul>\n<li>Prowadzi proces rekrutacji kandydat\u00f3w na potrzeby w\u0142asne<\/li>\n<li>Gromadzi i przetwarza dane kandydat\u00f3w w celach rekrutacji i marketingu.<\/li>\n<\/ul>\n[\/vc_column_text][\/vc_column][\/vc_row]\n","protected":false},"excerpt":{"rendered":"<p>[vc_row type=&#8221;in_container&#8221; full_screen_row_position=&#8221;middle&#8221; column_margin=&#8221;default&#8221; column_direction=&#8221;default&#8221; column_direction_tablet=&#8221;default&#8221; column_direction_phone=&#8221;default&#8221; bg_color=&#8221;#ffffff&#8221; scene_position=&#8221;center&#8221; top_padding=&#8221;3%&#8221; bottom_padding=&#8221;3%&#8221; left_padding_desktop=&#8221;3%&#8221; right_padding_desktop=&#8221;3%&#8221; top_margin=&#8221;80px&#8221; top_margin_tablet=&#8221;50px&#8221; text_color=&#8221;dark&#8221; text_align=&#8221;left&#8221; row_border_radius=&#8221;none&#8221; row_border_radius_applies=&#8221;bg&#8221; overflow=&#8221;visible&#8221; advanced_gradient_angle=&#8221;0&#8243; overlay_strength=&#8221;0.3&#8243; gradient_direction=&#8221;left_to_right&#8221; shape_divider_position=&#8221;bottom&#8221; bg_image_animation=&#8221;none&#8221; gradient_type=&#8221;default&#8221; shape_type=&#8221;&#8221;][vc_column column_padding=&#8221;no-extra-padding&#8221; column_padding_tablet=&#8221;inherit&#8221; column_padding_phone=&#8221;inherit&#8221;&#8230;<\/p>\n","protected":false},"author":11,"featured_media":0,"parent":0,"menu_order":0,"comment_status":"closed","ping_status":"closed","template":"","meta":{"_acf_changed":false,"inline_featured_image":false,"footnotes":""},"class_list":["post-5399","page","type-page","status-publish"],"acf":[],"_links":{"self":[{"href":"https:\/\/idealstaff.com\/pl\/wp-json\/wp\/v2\/pages\/5399","targetHints":{"allow":["GET"]}}],"collection":[{"href":"https:\/\/idealstaff.com\/pl\/wp-json\/wp\/v2\/pages"}],"about":[{"href":"https:\/\/idealstaff.com\/pl\/wp-json\/wp\/v2\/types\/page"}],"author":[{"embeddable":true,"href":"https:\/\/idealstaff.com\/pl\/wp-json\/wp\/v2\/users\/11"}],"replies":[{"embeddable":true,"href":"https:\/\/idealstaff.com\/pl\/wp-json\/wp\/v2\/comments?post=5399"}],"version-history":[{"count":0,"href":"https:\/\/idealstaff.com\/pl\/wp-json\/wp\/v2\/pages\/5399\/revisions"}],"wp:attachment":[{"href":"https:\/\/idealstaff.com\/pl\/wp-json\/wp\/v2\/media?parent=5399"}],"curies":[{"name":"wp","href":"https:\/\/api.w.org\/{rel}","templated":true}]}}