{"id":6927,"date":"2022-12-29T10:10:54","date_gmt":"2022-12-29T09:10:54","guid":{"rendered":"https:\/\/idealstaff.com\/hinweis-zum-datenschutz\/"},"modified":"2023-02-23T21:32:38","modified_gmt":"2023-02-23T20:32:38","slug":"klauzula-informacyjna","status":"publish","type":"page","link":"https:\/\/idealstaff.com\/pl\/klauzula-informacyjna\/","title":{"rendered":"Klauzula informacyjna"},"content":{"rendered":"[vc_row type=&#8221;in_container&#8221; full_screen_row_position=&#8221;middle&#8221; column_margin=&#8221;20px&#8221; column_direction=&#8221;default&#8221; column_direction_tablet=&#8221;default&#8221; column_direction_phone=&#8221;default&#8221; bg_color=&#8221;#ffffff&#8221; scene_position=&#8221;center&#8221; top_padding=&#8221;3%&#8221; bottom_padding=&#8221;3%&#8221; left_padding_desktop=&#8221;3%&#8221; right_padding_desktop=&#8221;3%&#8221; text_color=&#8221;dark&#8221; text_align=&#8221;left&#8221; row_border_radius=&#8221;none&#8221; row_border_radius_applies=&#8221;bg&#8221; overflow=&#8221;visible&#8221; advanced_gradient_angle=&#8221;0&#8243; overlay_strength=&#8221;0.3&#8243; gradient_direction=&#8221;left_to_right&#8221; shape_divider_position=&#8221;bottom&#8221; bg_image_animation=&#8221;none&#8221; gradient_type=&#8221;default&#8221; shape_type=&#8221;&#8221;][vc_column column_padding=&#8221;no-extra-padding&#8221; column_padding_tablet=&#8221;inherit&#8221; column_padding_phone=&#8221;inherit&#8221; column_padding_position=&#8221;all&#8221; column_element_spacing=&#8221;default&#8221; background_color_opacity=&#8221;1&#8243; background_hover_color_opacity=&#8221;1&#8243; column_shadow=&#8221;none&#8221; column_border_radius=&#8221;none&#8221; column_link_target=&#8221;_self&#8221; column_position=&#8221;default&#8221; gradient_direction=&#8221;left_to_right&#8221; overlay_strength=&#8221;0.3&#8243; width=&#8221;1\/1&#8243; tablet_width_inherit=&#8221;default&#8221; tablet_text_alignment=&#8221;default&#8221; phone_text_alignment=&#8221;default&#8221; animation_type=&#8221;default&#8221; bg_image_animation=&#8221;none&#8221; border_type=&#8221;simple&#8221; column_border_width=&#8221;none&#8221; column_border_style=&#8221;solid&#8221;][vc_column_text]\n<h1><strong>Klauzula informacyjna<br \/>\n<\/strong><\/h1>\n[\/vc_column_text][vc_column_text]Zgodnie z art. 13 ust. 1 og\u00f3lnego rozporz\u0105dzenia o ochronie danych osobowych z dnia 27 kwietnia 2016 r. informujemy, \u017ce:<\/p>\n<ol>\n<li>Administratorem Pani\/Pana danych osobowych podanych w dokumentach rekrutacyjnych oraz w formularzach aplikacyjnych na stronach internetowych <a href=\"https:\/\/idealstaff.com\/\">www.idealgrupa.pl<\/a>, b\u0119dzie wsp\u00f3lnie Grupa Sp\u00f3\u0142ek Ideal z siedzib\u0105 w Warszawie (01-207), ul. Karolkowa 30. Z Inspektorem Ochrony Danych Grupy Sp\u00f3\u0142ek Ideal mo\u017cna skontaktowa\u0107 si\u0119 pisemnie, kieruj\u0105c korespondencj\u0119 na adres Administratora Danych, lub e-mailowo na adres poczty elektronicznej <a href=\"mailto:administratordanych@idealgrupa.pl\">administratordanych@idealgrupa.pl<\/a><\/li>\n<li>Podane dane osobowe przetwarzane b\u0119d\u0105 w celu realizacji zleconych zapyta\u0144 lub je\u015bli uczestniczy Pani\/Pan w procesie rekrutacji b\u0119d\u0105 one u\u017cyte w celu przeprowadzenia procesu rekrutacji teraz i w przysz\u0142o\u015bci, na podstawie dobrowolnie udzielonej zgody i b\u0119d\u0105 przechowywane do czasu ustania celu, dla kt\u00f3rego zosta\u0142y zebrane.<\/li>\n<li>Posiada Pani\/Pan prawo dost\u0119pu do tre\u015bci swoich danych oraz prawo ich sprostowania, usuni\u0119cia, ograniczenia przetwarzania, prawo do przenoszenia danych, prawo wniesienia sprzeciwu, prawo do cofni\u0119cia zgody w dowolnym momencie bez wp\u0142ywu na zgodno\u015b\u0107 z prawem przetwarzania, kt\u00f3rego dokonano na podstawie zgody przed jej cofni\u0119ciem, jak r\u00f3wnie\u017c wniesienia skargi do Generalnego Inspektora Danych Osobowych (po 25 maja 2018 r. Prezesa Urz\u0119du Ochrony Danych Osobowych), gdy uzna Pani\/Pan, i\u017c przetwarzanie danych osobowych Pani\/Pana dotycz\u0105cych narusza przepisy ochrony danych osobowych.<\/li>\n<li>Podanie przez Pana\/Pani\u0105 danych osobowych jest dobrowolne, jednak konsekwencj\u0105 ich niepodania b\u0119dzie brak mo\u017cliwo\u015bci skorzystania z us\u0142ug Grupy Sp\u00f3\u0142ek Ideal, w tym wzi\u0119cia udzia\u0142u w procesie rekrutacji lub przysz\u0142ych procesach rekrutacyjnych.<\/li>\n<li>Zebrane dane osobowe mog\u0105 by\u0107 udost\u0119pnione podmiotom wskazanym w przepisach powszechnie obowi\u0105zuj\u0105cego prawa.<\/li>\n<li>Pani\/Pana dane b\u0119d\u0105 przetwarzane w spos\u00f3b zautomatyzowany, w tym r\u00f3wnie\u017c w formie profilowania. Zautomatyzowane podejmowanie decyzji b\u0119dzie odbywa\u0142o si\u0119 na zasadach segmentacji i dobory ofer pracy oraz marketingu us\u0142ug w\u0142asnych.<\/li>\n<\/ol>\n[\/vc_column_text][\/vc_column][\/vc_row]\n","protected":false},"excerpt":{"rendered":"<p>[vc_row type=&#8221;in_container&#8221; full_screen_row_position=&#8221;middle&#8221; column_margin=&#8221;20px&#8221; column_direction=&#8221;default&#8221; column_direction_tablet=&#8221;default&#8221; column_direction_phone=&#8221;default&#8221; bg_color=&#8221;#ffffff&#8221; scene_position=&#8221;center&#8221; top_padding=&#8221;3%&#8221; bottom_padding=&#8221;3%&#8221; left_padding_desktop=&#8221;3%&#8221; right_padding_desktop=&#8221;3%&#8221; text_color=&#8221;dark&#8221; text_align=&#8221;left&#8221; row_border_radius=&#8221;none&#8221; row_border_radius_applies=&#8221;bg&#8221; overflow=&#8221;visible&#8221; advanced_gradient_angle=&#8221;0&#8243; overlay_strength=&#8221;0.3&#8243; gradient_direction=&#8221;left_to_right&#8221; shape_divider_position=&#8221;bottom&#8221; bg_image_animation=&#8221;none&#8221; gradient_type=&#8221;default&#8221; shape_type=&#8221;&#8221;][vc_column column_padding=&#8221;no-extra-padding&#8221; column_padding_tablet=&#8221;inherit&#8221; column_padding_phone=&#8221;inherit&#8221; column_padding_position=&#8221;all&#8221; column_element_spacing=&#8221;default&#8221;&#8230;<\/p>\n","protected":false},"author":11,"featured_media":0,"parent":0,"menu_order":0,"comment_status":"closed","ping_status":"closed","template":"","meta":{"_acf_changed":false,"inline_featured_image":false,"footnotes":""},"class_list":["post-6927","page","type-page","status-publish"],"acf":[],"_links":{"self":[{"href":"https:\/\/idealstaff.com\/pl\/wp-json\/wp\/v2\/pages\/6927","targetHints":{"allow":["GET"]}}],"collection":[{"href":"https:\/\/idealstaff.com\/pl\/wp-json\/wp\/v2\/pages"}],"about":[{"href":"https:\/\/idealstaff.com\/pl\/wp-json\/wp\/v2\/types\/page"}],"author":[{"embeddable":true,"href":"https:\/\/idealstaff.com\/pl\/wp-json\/wp\/v2\/users\/11"}],"replies":[{"embeddable":true,"href":"https:\/\/idealstaff.com\/pl\/wp-json\/wp\/v2\/comments?post=6927"}],"version-history":[{"count":0,"href":"https:\/\/idealstaff.com\/pl\/wp-json\/wp\/v2\/pages\/6927\/revisions"}],"wp:attachment":[{"href":"https:\/\/idealstaff.com\/pl\/wp-json\/wp\/v2\/media?parent=6927"}],"curies":[{"name":"wp","href":"https:\/\/api.w.org\/{rel}","templated":true}]}}