{"id":12648,"date":"2025-10-09T11:41:41","date_gmt":"2025-10-09T09:41:41","guid":{"rendered":"https:\/\/idealstaff.com\/oferta\/pracownik-sklepu-samoobslugowego-w-niemczech-wyjazd-w-maju\/"},"modified":"2025-12-01T23:00:41","modified_gmt":"2025-12-01T22:00:41","slug":"pracownik-sklepu-samoobslugowego-w-niemczech-wyjazd-w-maju","status":"publish","type":"product","link":"https:\/\/idealstaff.com\/pl\/oferta\/pracownik-sklepu-samoobslugowego-w-niemczech-wyjazd-w-maju\/","title":{"rendered":"Pracownik sklepu samoobs\u0142ugowego w Niemczech"},"content":{"rendered":"<p><span id=\"spandesc\"><\/p>\n<div>\n<h2>Pracownik sklepu samoobs\u0142ugowego<br \/><\/h2>\n<\/div>\n<div>Dla naszego Klienta poszukujemy osoby na stanowisko Pracownika sklepu samoobs\u0142ugowego w Niemczech. Je\u015bli posiadasz do\u015bwiadczenie w handlu, jeste\u015b otwarty\/a na prac\u0119 zmianow\u0105 i zale\u017cy Ci na nowoczesnym \u015brodowisku pracy &#8211; szukamy w\u0142a\u015bnie Ciebie!<\/p>\n<hr>\n<\/div>\n<div>Lokalizacja: Berlin<\/div>\n<div>Wynagrodzenie: 2440- 2670 Euro brutto miesi\u0119cznie<\/p>\n<hr>\n<\/div>\n<div><strong>Zadania:<\/strong><\/div>\n<ul>\n<li><span>Prowadzenie sklepu samoobs\u0142ugowego <br \/><\/span><\/li>\n<li><span>Przyjmowanie dostaw<br \/><\/span><\/li>\n<li><span>Roz\u0142adunek dostaw, uk\u0142adanie towaru<br \/><\/span><\/li>\n<li><span>Dbanie o porz\u0105dek w magazynie oraz na sali sprzeda\u017cy<br \/><\/span><\/li>\n<li><span>Obs\u0142uga aplikacji dedykowanej do zarz\u0105dzania stanem magazynowym i procesem dostaw<br \/><\/span><\/li>\n<\/ul>\n<p><\/span><br \/><span id=\"spanreq\"><\/p>\n<h3>Wymagania<\/h3>\n<div><strong>Wymagania:<\/strong><\/div>\n<ul>\n<li><span>Do\u015bwiadczenie w handlu\/ pracy w sklepie<br \/><\/span><\/li>\n<li><span>Umiej\u0119tno\u015bci organizacyjne<br \/><\/span><\/li>\n<li><span>Dok\u0142adno\u015b\u0107 w powierzonych obowi\u0105zkach<\/span><\/li>\n<li><span><span>Prawo jazdy kat. B<\/span><br \/><\/span><\/li>\n<\/ul>\n<div><strong>Mile widziane:<\/strong><span><\/span><\/div>\n<ul>\n<li><span>Znajomo\u015b\u0107 j. niemieckiego lub angielskiego<\/span><\/li>\n<\/ul>\n<p><\/span><br \/><span id=\"spanben\"><\/p>\n<h3>\u015awiadczenia<\/h3>\n<div><strong>Oferujemy:<\/strong><\/div>\n<ul>\n<li><span>Praca na dwie zmiany- poniedzia\u0142ek-pi\u0105tek\/ wtorek-sobota w godzinach 6-14 i 10-18<br \/><\/span><\/li>\n<li><span>Wsparcie polskiego koordynatora<br \/><\/span><\/li>\n<li><span>Ubezpieczenie i opieka medyczna<br \/><\/span><\/li>\n<li><span>Wyp\u0142ata do 10 dnia miesi\u0105ca<br \/><\/span><\/li>\n<li><span>100 EUR brutto za polecenie pracownik\u00f3w do pracy<br \/><\/span><\/li>\n<li><span>222,82 EUR premii p\u00f3\u0142rocznej (Urlabsgeld\/Weihnachtsgeld) <\/span><\/li>\n<\/ul>\n<div>&nbsp;<\/div>\n<div>\n<hr>\n<p><\/div>\n<div>IDEAL WORK GERMANY SP. Z O.O. Numer wpisu do rejestru agencji zatrudnienia: 12001&nbsp; <\/div>\n<div>\n<hr>\n<p><\/div>\n<p><\/span><\/p>\n","protected":false},"excerpt":{"rendered":"<p>Pracownik sklepu samoobs\u0142ugowego Dla naszego Klienta poszukujemy osoby na stanowisko Pracownika sklepu samoobs\u0142ugowego w Niemczech. Je\u015bli posiadasz do\u015bwiadczenie w handlu, jeste\u015b otwarty\/a na prac\u0119 zmianow\u0105 i zale\u017cy Ci na nowoczesnym&#8230;<\/p>\n","protected":false},"featured_media":0,"comment_status":"open","ping_status":"closed","template":"","meta":{"_acf_changed":false,"inline_featured_image":false},"product_brand":[],"product_cat":[84],"product_tag":[],"class_list":{"0":"post-12648","1":"product","2":"type-product","3":"status-publish","5":"product_cat-archiwum","6":"pa_branza-handel-detaliczny","7":"pa_dzial-praca-tymczasowa-zagranica","8":"pa_kraj-niemcy","9":"pa_obszar-pracy-berlin","10":"pa_stanowisko-pracownik-sklepu-samoobslugowego","12":"first","13":"instock","14":"shipping-taxable","15":"product-type-simple"},"acf":{"idealWorkDescription":"","idealWorkCountry":"Niemcy","IdealWorkIndustry":"Handel detaliczny","idealWorkDepartment":"Praca Tymczasowa Zagranica","idealWorkPlace":"Pracownik sklepu samoobs\u0142ugowego","idealZohoSkrypt":"<script type=\"text\/javascript\"> var xhr = new XMLHttpRequest(); xhr.open(\"GET\", \"https:\/\/idealgrupa.zohorecruit.eu\/recruit\/PortalDetail.na?iframe=true&digest=KRqHuidkPGGsXSohZiMno7R@KhhO4sNvD4wPaRr1lL8-&jobid=1710000009838373&widgetid=1710000000211080&embedsource=CareerSite\"); xhr.send(); <\/script>","idealAplicationLink":"https:\/\/forms.zohopublic.eu\/idealgrupa\/form\/Formularzaplikacyjny13\/formperma\/T2S6vtDBSCEn802MeLiVWwcugbL37Zalo1Bs_-KYAIU?jobID=1710000009838373&stanowiskoCRM=pracownik sklepu samoobs\u0142ugowego DE&obszar=Berlin&kampania=ZBK&link=https:\/\/idealstaff.com\/oferta\/pracownik-sklepu-samoobslugowego-w-niemczech-wyjazd-w-maju\/","idealWorkArea":"Berlin","idealWorkHours":"","idealWorkLevel":"","idealWorkSallary":"2 440- 2 670 euro brutto\/mc","idealWorkDataCreate":"2025-04-09","idealWorkDataExpiration":"2025-11-30","idealWorkVacancies":"1","recruitJobID":1710000009838373,"stanowiskoZohoCRM":"pracownik sklepu samoobs\u0142ugowego DE","biale_kolnierzyki":false,"idealOfertaDlaPar":false,"idealOfertaOdZaraz":false,"idealOfertaTygodnia":false,"idealOfertaSuper":false},"_links":{"self":[{"href":"https:\/\/idealstaff.com\/pl\/wp-json\/wp\/v2\/product\/12648","targetHints":{"allow":["GET"]}}],"collection":[{"href":"https:\/\/idealstaff.com\/pl\/wp-json\/wp\/v2\/product"}],"about":[{"href":"https:\/\/idealstaff.com\/pl\/wp-json\/wp\/v2\/types\/product"}],"replies":[{"embeddable":true,"href":"https:\/\/idealstaff.com\/pl\/wp-json\/wp\/v2\/comments?post=12648"}],"wp:attachment":[{"href":"https:\/\/idealstaff.com\/pl\/wp-json\/wp\/v2\/media?parent=12648"}],"wp:term":[{"taxonomy":"product_brand","embeddable":true,"href":"https:\/\/idealstaff.com\/pl\/wp-json\/wp\/v2\/product_brand?post=12648"},{"taxonomy":"product_cat","embeddable":true,"href":"https:\/\/idealstaff.com\/pl\/wp-json\/wp\/v2\/product_cat?post=12648"},{"taxonomy":"product_tag","embeddable":true,"href":"https:\/\/idealstaff.com\/pl\/wp-json\/wp\/v2\/product_tag?post=12648"}],"curies":[{"name":"wp","href":"https:\/\/api.w.org\/{rel}","templated":true}]}}