{"id":13535,"date":"2025-07-31T12:26:40","date_gmt":"2025-07-31T10:26:40","guid":{"rendered":"https:\/\/idealstaff.com\/oferta\/operator-pakowania-koncowego-chorzele\/"},"modified":"2025-09-10T13:01:45","modified_gmt":"2025-09-10T11:01:45","slug":"operator-pakowania-koncowego-chorzele","status":"publish","type":"product","link":"https:\/\/idealstaff.com\/pl\/oferta\/operator-pakowania-koncowego-chorzele\/","title":{"rendered":"Operator pakowania ko\u0144cowego | Chorzele"},"content":{"rendered":"<p><span id=\"spandesc\"><\/p>\n<h2>Operator pakowania ko\u0144cowego<br \/><\/h2>\n<div>Dla naszego klienta BEL POLSKA poszukujemy osoby na stanowisko Operatora pakowania ko\u0144cowego. Je\u017celi interesuje Ci\u0119 praca w bran\u017cy produkcyjnej, to ta oferta jest dla Ciebie!<\/p>\n<hr>\n<\/div>\n<div><strong>Lokalizacja:<\/strong> Chorzele<\/div>\n<div><strong>Wynagrodzenie<\/strong> 4666 z\u0142 brutto + premie<\/div>\n<div>\n<hr>\n<p><\/div>\n<div><strong>Zakres obowi\u0105zk\u00f3w:<\/strong><\/div>\n<ul>\n<li><span>Obs\u0142uga maszyn produkuj\u0105cych ser<br \/><\/span><\/li>\n<li><span>Zasilanie maszyny w surowce do produkcji<br \/><\/span><\/li>\n<li><span>Wype\u0142nianie dokumentacji produkcyjnej<br \/><\/span><\/li>\n<li><span>D\u0105\u017cenie do wymaganej efektywno\u015bci pracy maszyn oraz jako\u015bci produktu ko\u0144cowego<br \/><\/span><\/li>\n<li><span>Dba\u0142o\u015b\u0107 o czysto\u015b\u0107 maszyn i urz\u0105dze\u0144, surowc\u00f3w, oraz pakowanego wyrobu<br \/><\/span><\/li>\n<\/ul>\n<p><\/span><br \/><span id=\"spanreq\"><\/p>\n<h3>Wymagania<\/h3>\n<ul>\n<li><span>Gotowo\u015b\u0107 do pracy w systemie 3-zmianowym obejmuj\u0105cym weekendy<br \/><\/span><\/li>\n<li><span>Umiej\u0119tno\u015b\u0107 pracy w zespole<br \/><\/span><\/li>\n<li><span>Umiej\u0119tno\u015b\u0107 logicznego my\u015blenia i szybkiego przyswajania wiedzy<br \/><\/span><\/li>\n<li><span>Ch\u0119\u0107 do nauki i podnoszenia kwalifikacji<br \/><\/span><\/li>\n<li><span>Sprawno\u015b\u0107 fizyczna<br \/><\/span><\/li>\n<li><span>Ksi\u0105\u017ceczka do cel\u00f3w sanitarno-epidemiologicznych<\/span><\/li>\n<\/ul>\n<p><\/span><br \/><span id=\"spanben\"><\/p>\n<h3>\u015awiadczenia<\/h3>\n<div><strong>Oferujemy:<\/strong><\/div>\n<ul>\n<li><span>Umow\u0119 o prac\u0119 tymczasow\u0105<br \/><\/span><\/li>\n<li><span>Wdro\u017cenie pod opiek\u0105 do\u015bwiadczonego operatora<br \/><\/span><\/li>\n<li><span>Przyjazn\u0105 atmosfer\u0119 i wysokie standardy pracy<br \/><\/span><\/li>\n<li><span>Mo\u017cliwo\u015b\u0107 ci\u0105g\u0142ego podnoszenia kwalifikacji<br \/><\/span><\/li>\n<\/ul>\n<div><strong>Aplikuj i dowiedz si\u0119 wi\u0119cej!<\/strong><\/div>\n<div><strong>\u200b<\/strong><\/div>\n<div>&nbsp;<\/div>\n<div>\n<hr>\n<p><\/div>\n<div>IDEAL WORK GERMANY SP. Z O.O. Numer wpisu do rejestru agencji zatrudnienia: 12001&nbsp; <\/div>\n<div>\n<hr>\n<p><\/div>\n<div><strong>\u200b<\/strong><\/div>\n<p><\/span><\/p>\n","protected":false},"excerpt":{"rendered":"<p>Operator pakowania ko\u0144cowego Dla naszego klienta BEL POLSKA poszukujemy osoby na stanowisko Operatora pakowania ko\u0144cowego. Je\u017celi interesuje Ci\u0119 praca w bran\u017cy produkcyjnej, to ta oferta jest dla Ciebie! Lokalizacja: Chorzele&#8230;<\/p>\n","protected":false},"featured_media":0,"comment_status":"open","ping_status":"closed","template":"","meta":{"_acf_changed":false,"inline_featured_image":false},"product_brand":[],"product_cat":[55],"product_tag":[],"class_list":{"0":"post-13535","1":"product","2":"type-product","3":"status-publish","5":"product_cat-polska","6":"pa_branza-branza-spozywcza","7":"pa_kraj-polska","8":"pa_obszar-pracy-chorzele","9":"pa_stanowisko-pracownik-produkcji","11":"first","12":"instock","13":"shipping-taxable","14":"product-type-simple"},"acf":{"idealWorkDescription":"","idealWorkCountry":"Polska","IdealWorkIndustry":"Bran\u017ca spo\u017cywcza","idealWorkDepartment":"","idealWorkPlace":"Pracownik produkcji","idealZohoSkrypt":"<script type=\"text\/javascript\"> var xhr = new XMLHttpRequest(); xhr.open(\"GET\", \"https:\/\/idealgrupa.zohorecruit.eu\/recruit\/PortalDetail.na?iframe=true&digest=KRqHuidkPGGsXSohZiMno7R@KhhO4sNvD4wPaRr1lL8-&jobid=1710000010236264&widgetid=1710000000211080&embedsource=CareerSite\"); xhr.send(); <\/script>","idealAplicationLink":"https:\/\/forms.zohopublic.eu\/idealgrupa\/form\/FormularzaplikacyjnyCRM\/formperma\/qxWd9ajn_GlbLKvGv5V26d6RkqYkgftZGkQ0UMmlf94?jobID=1710000010236264&stanowiskoCRM=pracownik produkcji PL&obszar=Chorzele&kampania=BEL&link=https:\/\/idealstaff.com\/oferta\/operator-pakowania-koncowego-chorzele\/","idealWorkArea":"Chorzele","idealWorkHours":"Pe\u0142ny etat","idealWorkLevel":"Pracownik fizyczny","idealWorkSallary":"4666 z\u0142 brutto + premie","idealWorkDataCreate":"2025-09-01","idealWorkDataExpiration":"2025-12-31","idealWorkVacancies":"1","recruitJobID":1710000010236264,"stanowiskoZohoCRM":"pracownik produkcji PL","biale_kolnierzyki":false,"idealOfertaDlaPar":false,"idealOfertaOdZaraz":false,"idealOfertaTygodnia":false,"idealOfertaSuper":false},"_links":{"self":[{"href":"https:\/\/idealstaff.com\/pl\/wp-json\/wp\/v2\/product\/13535","targetHints":{"allow":["GET"]}}],"collection":[{"href":"https:\/\/idealstaff.com\/pl\/wp-json\/wp\/v2\/product"}],"about":[{"href":"https:\/\/idealstaff.com\/pl\/wp-json\/wp\/v2\/types\/product"}],"replies":[{"embeddable":true,"href":"https:\/\/idealstaff.com\/pl\/wp-json\/wp\/v2\/comments?post=13535"}],"wp:attachment":[{"href":"https:\/\/idealstaff.com\/pl\/wp-json\/wp\/v2\/media?parent=13535"}],"wp:term":[{"taxonomy":"product_brand","embeddable":true,"href":"https:\/\/idealstaff.com\/pl\/wp-json\/wp\/v2\/product_brand?post=13535"},{"taxonomy":"product_cat","embeddable":true,"href":"https:\/\/idealstaff.com\/pl\/wp-json\/wp\/v2\/product_cat?post=13535"},{"taxonomy":"product_tag","embeddable":true,"href":"https:\/\/idealstaff.com\/pl\/wp-json\/wp\/v2\/product_tag?post=13535"}],"curies":[{"name":"wp","href":"https:\/\/api.w.org\/{rel}","templated":true}]}}