{"id":13670,"date":"2025-08-14T20:47:15","date_gmt":"2025-08-14T18:47:15","guid":{"rendered":"https:\/\/idealstaff.com\/oferta\/praca-w-niemczech-od-wrzesnia\/"},"modified":"2025-11-01T23:03:09","modified_gmt":"2025-11-01T22:03:09","slug":"praca-w-niemczech-od-wrzesnia","status":"publish","type":"product","link":"https:\/\/idealstaff.com\/pl\/oferta\/praca-w-niemczech-od-wrzesnia\/","title":{"rendered":"Praca w Niemczech OD ZARAZ!"},"content":{"rendered":"<p>&nbsp;<\/p>\n<div>\n<div>Rozpocznij prac\u0119 w Niemczech! Oferujemy szeroki wyb\u00f3r lokalizacji, stanowisk, mo\u017cliwo\u015b\u0107 zdobycia do\u015bwiadczenia oraz korzystne warunki zatrudnienia. Sprawd\u017a nasze oferty ju\u017c dzi\u015b!<\/div>\n<div>\n<hr \/>\n<p>&nbsp;<\/p>\n<\/div>\n<\/div>\n<div><strong>Lokalizacja:\u00a0<\/strong>Okolice Kassel, Berlina lub Kolonii<\/div>\n<div><strong>Wynagrodzenie:<\/strong> 2 400- 3 400EUR brutto miesi\u0119cznie * Wynagrodzenie zale\u017cne od wybranego projektu<\/div>\n<div><strong>Dost\u0119pne stanowiska:<\/strong> Magazynier, komisjoner, operator w\u00f3zka wid\u0142owego wysokiego sk\u0142adu *Zakres obowi\u0105zk\u00f3w zale\u017cny od wybranego stanowiska<\/div>\n<div>\n<hr \/>\n<p>&nbsp;<\/p>\n<\/div>\n<p><span id=\"spanreq\"><\/span><\/p>\n<h3>Wymagania<\/h3>\n<ul>\n<li>Wysoka sprawno\u015b\u0107 fizyczna<\/li>\n<\/ul>\n<p><span id=\"spanben\"><\/span><\/p>\n<h3>\u015awiadczenia<\/h3>\n<div><strong>Oferujemy: <\/strong><\/div>\n<ul>\n<li>Zakwaterowanie w domach i pensjonatach<\/li>\n<li>Wsparcie polskiego koordynatora<\/li>\n<li>Pomoc w zorganizowaniu dojazdu do Niemiec<\/li>\n<li>Dojazd do pracy firmowymi busami<\/li>\n<li>Wynagrodzenie wyp\u0142acane do 10 dnia miesi\u0105ca<\/li>\n<li>Wiele dodatk\u00f3w: zapytaj Rekrutera o obowi\u0105zuj\u0105ce premie!<\/li>\n<\/ul>\n<div><strong>Mo\u017cliwo\u015bci:\u00a0 <\/strong><\/div>\n<ul>\n<li>Praca w systemie zmianowym<\/li>\n<li>Mo\u017cliwo\u015b\u0107 wyjazdu na kr\u00f3tki okres lub d\u0142u\u017cej<\/li>\n<li>Szkolenia i rozw\u00f3j na lidera\/brygadzist\u0119<\/li>\n<\/ul>\n<div>Aplikuj i zarezerwuj termin na wyjazd\u00a0\u2013 zgarnij 200\u20ac brutto premii!<\/div>\n<div>\n<hr \/>\n<p>&nbsp;<\/p>\n<\/div>\n<div>IDEAL WORK GERMANY SP. Z O.O. Numer wpisu do rejestru agencji zatrudnienia: 12001<\/div>\n<div>\n<hr \/>\n<p>&nbsp;<\/p>\n<\/div>\n<p>&nbsp;<\/p>\n","protected":false},"excerpt":{"rendered":"<p>&nbsp; Rozpocznij prac\u0119 w Niemczech! Oferujemy szeroki wyb\u00f3r lokalizacji, stanowisk, mo\u017cliwo\u015b\u0107 zdobycia do\u015bwiadczenia oraz korzystne warunki zatrudnienia. Sprawd\u017a nasze oferty ju\u017c dzi\u015b! &nbsp; Lokalizacja:\u00a0Okolice Kassel, Berlina lub Kolonii Wynagrodzenie: 2&#8230;<\/p>\n","protected":false},"featured_media":0,"comment_status":"open","ping_status":"closed","template":"","meta":{"_acf_changed":false,"inline_featured_image":false},"product_brand":[],"product_cat":[84],"product_tag":[],"class_list":{"0":"post-13670","1":"product","2":"type-product","3":"status-publish","5":"product_cat-archiwum","6":"pa_branza-logistyka","7":"pa_dzial-praca-tymczasowa-zagranica","8":"pa_kraj-niemcy","9":"pa_obszar-pracy-inne","10":"pa_stanowisko-praca-na-magazynie","12":"first","13":"instock","14":"shipping-taxable","15":"product-type-simple"},"acf":{"idealWorkDescription":"","idealWorkCountry":"Niemcy","IdealWorkIndustry":"Logistyka","idealWorkDepartment":"Praca Tymczasowa Zagranica","idealWorkPlace":"Praca na magazynie","idealZohoSkrypt":"<script type=\"text\/javascript\"> var xhr = new XMLHttpRequest(); xhr.open(\"GET\", \"https:\/\/idealgrupa.zohorecruit.eu\/recruit\/PortalDetail.na?iframe=true&digest=KRqHuidkPGGsXSohZiMno7R@KhhO4sNvD4wPaRr1lL8-&jobid=1710000010287102&widgetid=1710000000211080&embedsource=CareerSite\"); xhr.send(); <\/script>","idealAplicationLink":"https:\/\/forms.zohopublic.eu\/idealgrupa\/form\/Formularzaplikacyjny8\/formperma\/tOUb0gcJYqXK8J9j3-pDnVHnbsiPjnFK84uyJtjKIhE?jobID=1710000010287102&stanowiskoCRM=pracownik fizyczny DE&obszar=inne&kampania=jesien_2025&link=https:\/\/idealstaff.com\/oferta\/praca-w-niemczech-od-wrzesnia\/","idealWorkArea":"inne","idealWorkHours":"","idealWorkLevel":"Pracownik fizyczny","idealWorkSallary":"2 400- 3 350EUR brutto miesi\u0119cznie","idealWorkDataCreate":"2025-10-16","idealWorkDataExpiration":"2025-10-31","idealWorkVacancies":"1","recruitJobID":1710000010287102,"stanowiskoZohoCRM":"pracownik fizyczny DE","biale_kolnierzyki":false,"idealOfertaDlaPar":false,"idealOfertaOdZaraz":false,"idealOfertaTygodnia":false,"idealOfertaSuper":false},"_links":{"self":[{"href":"https:\/\/idealstaff.com\/pl\/wp-json\/wp\/v2\/product\/13670","targetHints":{"allow":["GET"]}}],"collection":[{"href":"https:\/\/idealstaff.com\/pl\/wp-json\/wp\/v2\/product"}],"about":[{"href":"https:\/\/idealstaff.com\/pl\/wp-json\/wp\/v2\/types\/product"}],"replies":[{"embeddable":true,"href":"https:\/\/idealstaff.com\/pl\/wp-json\/wp\/v2\/comments?post=13670"}],"wp:attachment":[{"href":"https:\/\/idealstaff.com\/pl\/wp-json\/wp\/v2\/media?parent=13670"}],"wp:term":[{"taxonomy":"product_brand","embeddable":true,"href":"https:\/\/idealstaff.com\/pl\/wp-json\/wp\/v2\/product_brand?post=13670"},{"taxonomy":"product_cat","embeddable":true,"href":"https:\/\/idealstaff.com\/pl\/wp-json\/wp\/v2\/product_cat?post=13670"},{"taxonomy":"product_tag","embeddable":true,"href":"https:\/\/idealstaff.com\/pl\/wp-json\/wp\/v2\/product_tag?post=13670"}],"curies":[{"name":"wp","href":"https:\/\/api.w.org\/{rel}","templated":true}]}}