{"id":14883,"date":"2025-12-05T16:36:41","date_gmt":"2025-12-05T15:36:41","guid":{"rendered":"https:\/\/idealstaff.com\/oferta\/praca-dla-komisjonera-w-niemczech-praca-za-granica-od-zaraz-m-k\/"},"modified":"2026-03-02T16:08:28","modified_gmt":"2026-03-02T15:08:28","slug":"praca-dla-komisjonera-w-niemczech-praca-za-granica-od-zaraz-m-k","status":"publish","type":"product","link":"https:\/\/idealstaff.com\/pl\/oferta\/praca-dla-komisjonera-w-niemczech-praca-za-granica-od-zaraz-m-k\/","title":{"rendered":"Praca dla KOMISJONERA w Niemczech | Praca za granic\u0105 | OD ZARAZ (m\/k)"},"content":{"rendered":"<div data-pm-slice=\"1 1 []\"><strong>Lokalizacja: <\/strong>okolice Monachium<\/div>\n<div><strong>Wynagrodzenie: <\/strong>2 825\u2013 3 000EUR brutto miesi\u0119cznie<\/div>\n<div><strong>Stawka godzinowa brutto:<\/strong> 16,30EUR<\/div>\n<div><strong>Zadania:<\/strong><\/div>\n<ul>\n<li>\n<div>Kompletowanie i sk\u0142adowanie towar\u00f3w<\/div>\n<\/li>\n<li>\n<div>Praca z w\u00f3zkiem wid\u0142owym czo\u0142owym<\/div>\n<\/li>\n<li>\n<div>Praca ze skanerem lub pick by voice\/na s\u0142uchawkach j. polski<\/div>\n<\/li>\n<\/ul>\n<div><strong>Wymagania:<\/strong><\/div>\n<ul>\n<li>\n<div>Do\u015bwiadczenie na podobnym stanowisku<\/div>\n<\/li>\n<li>\n<div>Mile widziane uprawnienia na w\u00f3zek UDT\/mo\u017cliwo\u015b\u0107 zrobienia uprawnie\u0144 na miejscu<\/div>\n<\/li>\n<li>\n<div>Sprawno\u015b\u0107 fizyczna<\/div>\n<\/li>\n<\/ul>\n<div><strong>Mile widziane:<\/strong><\/div>\n<ul>\n<li>\n<div>Prawo jazdy kat. B (125EUR brutto premii za prowadzenie firmowego busa)<\/div>\n<\/li>\n<\/ul>\n<div><strong>Oferujemy:<\/strong><\/div>\n<ul>\n<li>\n<div>Zakwaterowanie z wifi<\/div>\n<\/li>\n<li>\n<div>Wsparcie polskiego koordynatora<\/div>\n<\/li>\n<li>\n<div>Pomoc w doje\u017adzie do Niemiec<\/div>\n<\/li>\n<li>\n<div>Ubezpieczenie<\/div>\n<\/li>\n<li>\n<div>Dojazd firmowymi busami<\/div>\n<\/li>\n<li>\n<div>Wyp\u0142ata do 10 dnia miesi\u0105ca<\/div>\n<\/li>\n<li>\n<div>100EUR brutto\u00a0 za\u00a0 POLECENIE pracownik\u00f3w do pracy<\/div>\n<\/li>\n<li>\n<div>229,48EUR premii Urlabsgeld, 235,22EUR premii Weihnachtsgeld<\/div>\n<\/li>\n<\/ul>\n<div><strong>Mo\u017cliwo\u015bci:<\/strong><\/div>\n<ul>\n<li>\n<div>Szkolenia i rozw\u00f3j na lidera\/brygadzist\u0119<\/div>\n<div>\u00a0<\/div>\n<div><strong>Zainteresowany? Kliknij przycisk &#8220;Aplikuj&#8221; i wype\u0142nij kr\u00f3tki formularz!<\/strong><\/div>\n<\/li>\n<\/ul>\n<div data-pm-slice=\"1 1 []\">IDEAL WORK GERMANY SP. Z O.O. Numer wpisu do rejestru agencji zatrudnienia: 12001\u00a0<\/div>\n","protected":false},"excerpt":{"rendered":"<p>Lokalizacja: okolice Monachium Wynagrodzenie: 2 825\u2013 3 000EUR brutto miesi\u0119cznie Stawka godzinowa brutto: 16,30EUR Zadania: Kompletowanie i sk\u0142adowanie towar\u00f3w Praca z w\u00f3zkiem wid\u0142owym czo\u0142owym Praca ze skanerem lub pick by&#8230;<\/p>\n","protected":false},"featured_media":0,"comment_status":"open","ping_status":"closed","template":"","meta":{"_acf_changed":false,"inline_featured_image":false},"product_brand":[],"product_cat":[56],"product_tag":[],"class_list":{"0":"post-14883","1":"product","2":"type-product","3":"status-publish","5":"product_cat-niemcy","6":"pa_branza-handel","7":"pa_dzial-praca-tymczasowa-zagranica","8":"pa_kraj-niemcy","9":"pa_obszar-pracy-okolice-monachium","10":"pa_stanowisko-komisjoner","12":"first","13":"instock","14":"shipping-taxable","15":"product-type-simple"},"acf":{"idealWorkDescription":"","idealWorkCountry":"Niemcy","IdealWorkIndustry":"Handel","idealWorkDepartment":"Praca Tymczasowa Zagranica","idealWorkPlace":"Komisjoner","idealZohoSkrypt":"","idealAplicationLink":"https:\/\/idealwork.traffit.com\/public\/form\/a\/fa8de0b5b084012f1b736cfbcfffd6784e664d3d","idealWorkArea":"okolice Monachium","idealWorkHours":"","idealWorkLevel":"Komisjoner","idealWorkSallary":"2 825 - 3 000EUR brutto miesi\u0119cznie","idealWorkDataCreate":"2025-11-07","idealWorkDataExpiration":"2026-03-31","idealWorkVacancies":"1","recruitJobID":22,"stanowiskoZohoCRM":"","biale_kolnierzyki":false,"idealOfertaDlaPar":false,"idealOfertaOdZaraz":false,"idealOfertaTygodnia":false,"idealOfertaSuper":false},"_links":{"self":[{"href":"https:\/\/idealstaff.com\/pl\/wp-json\/wp\/v2\/product\/14883","targetHints":{"allow":["GET"]}}],"collection":[{"href":"https:\/\/idealstaff.com\/pl\/wp-json\/wp\/v2\/product"}],"about":[{"href":"https:\/\/idealstaff.com\/pl\/wp-json\/wp\/v2\/types\/product"}],"replies":[{"embeddable":true,"href":"https:\/\/idealstaff.com\/pl\/wp-json\/wp\/v2\/comments?post=14883"}],"wp:attachment":[{"href":"https:\/\/idealstaff.com\/pl\/wp-json\/wp\/v2\/media?parent=14883"}],"wp:term":[{"taxonomy":"product_brand","embeddable":true,"href":"https:\/\/idealstaff.com\/pl\/wp-json\/wp\/v2\/product_brand?post=14883"},{"taxonomy":"product_cat","embeddable":true,"href":"https:\/\/idealstaff.com\/pl\/wp-json\/wp\/v2\/product_cat?post=14883"},{"taxonomy":"product_tag","embeddable":true,"href":"https:\/\/idealstaff.com\/pl\/wp-json\/wp\/v2\/product_tag?post=14883"}],"curies":[{"name":"wp","href":"https:\/\/api.w.org\/{rel}","templated":true}]}}