{"id":14895,"date":"2025-12-07T20:41:12","date_gmt":"2025-12-07T19:41:12","guid":{"rendered":"https:\/\/idealstaff.com\/oferta\/praca-fizyczna-niemcy-blisko-granicy-dodatek-za-prawo-jazdy-kat-b\/"},"modified":"2026-04-17T17:00:36","modified_gmt":"2026-04-17T15:00:36","slug":"praca-fizyczna-niemcy-blisko-granicy-dodatek-za-prawo-jazdy-kat-b","status":"publish","type":"product","link":"https:\/\/idealstaff.com\/pl\/oferta\/praca-fizyczna-niemcy-blisko-granicy-dodatek-za-prawo-jazdy-kat-b\/","title":{"rendered":"Praca fizyczna Niemcy | BLISKO GRANICY | Praca w Niemczech | Dodatek za prawo jazdy kat. B"},"content":{"rendered":"<div data-pm-slice=\"1 1 []\"><strong>Lokalizacja:<\/strong> Okolice Berlina<\/div>\n<div><strong>Wynagrodzenie: <\/strong>2 400 \u2013 2 650 Euro miesi\u0119cznie brutto<\/div>\n<div><strong>Stawka godzinowa: <\/strong>dzienna 14,96Euro i nocna 18,70 Euro<\/div>\n<div><strong>Zadania:<\/strong><\/div>\n<ul>\n<li>\n<div>Roz\u0142adunek\/za\u0142adunek przesy\u0142ek kurierskich<\/div>\n<\/li>\n<\/ul>\n<div><strong>Wymagania:<\/strong><\/div>\n<ul>\n<li>\n<div>Wysoka sprawno\u015b\u0107 fizyczna<\/div>\n<\/li>\n<li>\n<div>Plan pracy na min. 3 miesi\u0105ce<\/div>\n<\/li>\n<\/ul>\n<div><strong>Mile widziane:<\/strong><\/div>\n<ul>\n<li>\n<div><strong>Prawo jazdy kat. B (150EUR brutto\u00a0za\u00a0U\u017bYWANIE W\u0141ASNEGO SAMOCHODU)<\/strong><\/div>\n<\/li>\n<li>\n<div>Do\u015bwiadczenie w pracy fizycznej<\/div>\n<\/li>\n<\/ul>\n<div><strong>Oferujemy:<\/strong><\/div>\n<ul>\n<li>\n<div>Zakwaterowanie z wifi<\/div>\n<\/li>\n<li>\n<div>Wsparcie polskiego koordynatora<\/div>\n<\/li>\n<li>\n<div>Pomoc w doje\u017adzie do Niemiec<\/div>\n<\/li>\n<li>\n<div>Ubezpieczenie<\/div>\n<\/li>\n<li>\n<div>Dojazd firmowymi busami<\/div>\n<\/li>\n<li>\n<div>Wyp\u0142ata do 10 dnia miesi\u0105ca<\/div>\n<\/li>\n<li>\n<div>100EUR brutto\u00a0 za\u00a0 POLECENIE pracownik\u00f3w do pracy<\/div>\n<\/li>\n<li>\n<div>125UR brutto premii za prowadzenie firmowego busa)<\/div>\n<\/li>\n<li>\n<div>229,48EUR premii Urlabsgeld, 235,22EUR premii Weihnachtsgeld<\/div>\n<\/li>\n<\/ul>\n<div><strong>Mo\u017cliwo\u015bci:<\/strong><\/div>\n<ul>\n<li>\n<div>Szkolenia i rozw\u00f3j na lidera\/brygadzist\u0119<\/div>\n<\/li>\n<\/ul>\n<div><strong>Zainteresowany? Skontaktuj si\u0119 z nami!<\/strong><\/div>\n<div data-pm-slice=\"1 1 []\">IDEAL WORK GERMANY SP. Z O.O. Numer wpisu do rejestru agencji zatrudnienia: 12001<\/div>\n","protected":false},"excerpt":{"rendered":"<p>Lokalizacja: Okolice Berlina Wynagrodzenie: 2 400 \u2013 2 650 Euro miesi\u0119cznie brutto Stawka godzinowa: dzienna 14,96Euro i nocna 18,70 Euro Zadania: Roz\u0142adunek\/za\u0142adunek przesy\u0142ek kurierskich Wymagania: Wysoka sprawno\u015b\u0107 fizyczna Plan pracy&#8230;<\/p>\n","protected":false},"featured_media":0,"comment_status":"open","ping_status":"closed","template":"","meta":{"_acf_changed":false,"inline_featured_image":false},"product_brand":[],"product_cat":[56],"product_tag":[],"class_list":{"0":"post-14895","1":"product","2":"type-product","3":"status-publish","5":"product_cat-niemcy","6":"pa_branza-logistyka","7":"pa_dzial-praca-tymczasowa-zagranica","8":"pa_kraj-niemcy","9":"pa_obszar-pracy-okolice-berlin","10":"pa_stanowisko-magazynier","12":"first","13":"instock","14":"shipping-taxable","15":"product-type-simple"},"acf":{"idealWorkDescription":"","idealWorkCountry":"Niemcy","IdealWorkIndustry":"Logistyka","idealWorkDepartment":"Praca Tymczasowa Zagranica","idealWorkPlace":"Magazynier","idealZohoSkrypt":"","idealAplicationLink":"https:\/\/idealwork.traffit.com\/public\/form\/a\/a48f99615c340c68f3952ded25e1150a6f55383d?utm_source=IDEALGRUPA.PL-APLIKACJA","idealWorkArea":"okolice Berlin","idealWorkHours":"","idealWorkLevel":"Magazynier","idealWorkSallary":"2 400 - 2 650 Euro miesi\u0119cznie brutto","idealWorkDataCreate":"2026-03-31","idealWorkDataExpiration":"2026-04-30","idealWorkVacancies":"1","recruitJobID":23,"stanowiskoZohoCRM":"","biale_kolnierzyki":false,"idealOfertaDlaPar":false,"idealOfertaOdZaraz":false,"idealOfertaTygodnia":false,"idealOfertaSuper":false},"_links":{"self":[{"href":"https:\/\/idealstaff.com\/pl\/wp-json\/wp\/v2\/product\/14895","targetHints":{"allow":["GET"]}}],"collection":[{"href":"https:\/\/idealstaff.com\/pl\/wp-json\/wp\/v2\/product"}],"about":[{"href":"https:\/\/idealstaff.com\/pl\/wp-json\/wp\/v2\/types\/product"}],"replies":[{"embeddable":true,"href":"https:\/\/idealstaff.com\/pl\/wp-json\/wp\/v2\/comments?post=14895"}],"wp:attachment":[{"href":"https:\/\/idealstaff.com\/pl\/wp-json\/wp\/v2\/media?parent=14895"}],"wp:term":[{"taxonomy":"product_brand","embeddable":true,"href":"https:\/\/idealstaff.com\/pl\/wp-json\/wp\/v2\/product_brand?post=14895"},{"taxonomy":"product_cat","embeddable":true,"href":"https:\/\/idealstaff.com\/pl\/wp-json\/wp\/v2\/product_cat?post=14895"},{"taxonomy":"product_tag","embeddable":true,"href":"https:\/\/idealstaff.com\/pl\/wp-json\/wp\/v2\/product_tag?post=14895"}],"curies":[{"name":"wp","href":"https:\/\/api.w.org\/{rel}","templated":true}]}}