{"id":14905,"date":"2025-12-07T19:27:43","date_gmt":"2025-12-07T18:27:43","guid":{"rendered":"https:\/\/idealstaff.com\/oferta\/operator-wozka-widlowego-wysokiego-skladu-praca-niemcy-rozne-lokalizacje-k-m\/"},"modified":"2026-03-02T16:40:36","modified_gmt":"2026-03-02T15:40:36","slug":"operator-wozka-widlowego-wysokiego-skladu-praca-niemcy-rozne-lokalizacje-k-m","status":"publish","type":"product","link":"https:\/\/idealstaff.com\/pl\/oferta\/operator-wozka-widlowego-wysokiego-skladu-praca-niemcy-rozne-lokalizacje-k-m\/","title":{"rendered":"Operator w\u00f3zka wid\u0142owego wysokiego sk\u0142adu | Praca Niemcy &#8211; r\u00f3\u017cne lokalizacje (k\/m)"},"content":{"rendered":"<div class=\"MsoNormal\">Poszukujemy <span>\u00a0<\/span>operator\u00f3w w\u00f3zk\u00f3w wid\u0142owych wysokiego sk\u0142adu do pracy na magazynie w Niemczech! Oferujemy r\u00f3\u017cne lokalizacje do wyboru, zakwaterowanie oraz pomoc w organizacji przejazdu do Niemiec!<\/div>\n<div class=\"MsoNormal\"><strong>Wynagrodzenie: <\/strong>2\u00a0900 \u2013 3\u00a0300EUR brutto + Premie o kt\u00f3re b\u0119dziesz m\u00f3g\u0142 dopyta\u0107 podczas rozmowy z rekruterem * Wynagrodzenie zale\u017cne od wybranego projektu<\/div>\n<div class=\"MsoNormal\"><strong>Wymagania:<\/strong><\/div>\n<ul>\n<li class=\"MsoNormal\">Uprawnienia UDT na w\u00f3zki boczne wysokiego sk\u0142adowania<\/li>\n<li class=\"MsoNormal\">Znajomo\u015b\u0107 j\u0119zyka niemieckiego lub angielskiego w stopniu komunikatywnym<\/li>\n<li class=\"MsoNormal\">Do\u015bwiadczenie w pracy jako operator wysokiego sk\u0142adowania<\/li>\n<li class=\"MsoNormal\">Wysoka sprawno\u015b\u0107 fizyczna<\/li>\n<\/ul>\n<div class=\"MsoNormal\"><strong>Oferujemy:<\/strong><\/div>\n<ul>\n<li class=\"MsoNormal\">Zakwaterowanie\u00a0<\/li>\n<li class=\"MsoNormal\">Wsparcie\u00a0polskiego koordynatora<\/li>\n<li class=\"MsoNormal\">Pomoc w zorganizowaniu dojazdu\u00a0do Niemiec<\/li>\n<li class=\"MsoNormal\">Ubezpieczenie<\/li>\n<li class=\"MsoNormal\">Dojazd do pracy firmowymi busami<\/li>\n<li class=\"MsoNormal\">wynagrodzenie wyp\u0142acane do 10 dnia miesi\u0105ca<\/li>\n<\/ul>\n<div class=\"MsoNormal\"><strong>Mo\u017cliwo\u015bci:\u00a0<\/strong><\/div>\n<ul>\n<li class=\"MsoNormal\">Praca w systemie zmianowym<\/li>\n<li class=\"MsoNormal\">Szkolenia i rozw\u00f3j na lidera\/brygadzist\u0119<\/li>\n<\/ul>\n<div class=\"MsoNormal\" style=\"text-align: center\"><strong>Aplikuj i zarezerwuj termin na wyjazd!<\/strong><\/div>\n<div>IDEAL WORK GERMANY SP. Z O.O. Numer wpisu do rejestru agencji zatrudnienia: 12001\u00a0<\/div>\n","protected":false},"excerpt":{"rendered":"<p>Poszukujemy \u00a0operator\u00f3w w\u00f3zk\u00f3w wid\u0142owych wysokiego sk\u0142adu do pracy na magazynie w Niemczech! Oferujemy r\u00f3\u017cne lokalizacje do wyboru, zakwaterowanie oraz pomoc w organizacji przejazdu do Niemiec! Wynagrodzenie: 2\u00a0900 \u2013 3\u00a0300EUR brutto&#8230;<\/p>\n","protected":false},"featured_media":0,"comment_status":"open","ping_status":"closed","template":"","meta":{"_acf_changed":false,"inline_featured_image":false},"product_brand":[],"product_cat":[56],"product_tag":[],"class_list":{"0":"post-14905","1":"product","2":"type-product","3":"status-publish","5":"product_cat-niemcy","6":"pa_branza-logistyka","7":"pa_dzial-praca-tymczasowa-zagranica","8":"pa_kraj-niemcy","9":"pa_obszar-pracy-inne","10":"pa_stanowisko-operator-wozka-widlowego","12":"first","13":"instock","14":"shipping-taxable","15":"product-type-simple"},"acf":{"idealWorkDescription":"","idealWorkCountry":"Niemcy","IdealWorkIndustry":"Logistyka","idealWorkDepartment":"Praca Tymczasowa Zagranica","idealWorkPlace":"Operator w\u00f3zka wid\u0142owego","idealZohoSkrypt":"","idealAplicationLink":"https:\/\/idealwork.traffit.com\/public\/form\/a\/e449141adf26ecbf3ab86a267583d7d87562383d","idealWorkArea":"inne","idealWorkHours":"Stacjonarna","idealWorkLevel":"Operator w\u00f3zka wid\u0142owego","idealWorkSallary":"2 900 - 3 300EUR brutto m-c + Premie","idealWorkDataCreate":"2025-11-24","idealWorkDataExpiration":"2026-03-31","idealWorkVacancies":"1","recruitJobID":84,"stanowiskoZohoCRM":"","biale_kolnierzyki":false,"idealOfertaDlaPar":false,"idealOfertaOdZaraz":false,"idealOfertaTygodnia":false,"idealOfertaSuper":false},"_links":{"self":[{"href":"https:\/\/idealstaff.com\/pl\/wp-json\/wp\/v2\/product\/14905","targetHints":{"allow":["GET"]}}],"collection":[{"href":"https:\/\/idealstaff.com\/pl\/wp-json\/wp\/v2\/product"}],"about":[{"href":"https:\/\/idealstaff.com\/pl\/wp-json\/wp\/v2\/types\/product"}],"replies":[{"embeddable":true,"href":"https:\/\/idealstaff.com\/pl\/wp-json\/wp\/v2\/comments?post=14905"}],"wp:attachment":[{"href":"https:\/\/idealstaff.com\/pl\/wp-json\/wp\/v2\/media?parent=14905"}],"wp:term":[{"taxonomy":"product_brand","embeddable":true,"href":"https:\/\/idealstaff.com\/pl\/wp-json\/wp\/v2\/product_brand?post=14905"},{"taxonomy":"product_cat","embeddable":true,"href":"https:\/\/idealstaff.com\/pl\/wp-json\/wp\/v2\/product_cat?post=14905"},{"taxonomy":"product_tag","embeddable":true,"href":"https:\/\/idealstaff.com\/pl\/wp-json\/wp\/v2\/product_tag?post=14905"}],"curies":[{"name":"wp","href":"https:\/\/api.w.org\/{rel}","templated":true}]}}