{"id":15008,"date":"2025-12-15T12:49:37","date_gmt":"2025-12-15T11:49:37","guid":{"rendered":"https:\/\/idealstaff.com\/oferta\/praca-na-produkcji-w-niemczech-z-zakwaterowaniem\/"},"modified":"2026-01-07T13:35:37","modified_gmt":"2026-01-07T12:35:37","slug":"praca-na-produkcji-w-niemczech-z-zakwaterowaniem","status":"publish","type":"product","link":"https:\/\/idealstaff.com\/pl\/oferta\/praca-na-produkcji-w-niemczech-z-zakwaterowaniem\/","title":{"rendered":"PRACA NA PRODUKCJI W NIEMCZECH  Z zakwaterowaniem"},"content":{"rendered":"<div class=\"MsoNormal\">Szukamy zmotywowanych i odpowiedzialnych os\u00f3b do pracy na produkcji w Niemczech. Je\u015bli cenisz sobie solidno\u015b\u0107, ch\u0119tnie uczysz si\u0119 nowych rzeczy i szukasz pracy za granic\u0105 \u2013 ta oferta jest dla Ciebie!<\/div>\n<div class=\"MsoNormal\"><strong>Wynagrodzenie:<\/strong> 2 400-2 700 EUR brutto miesi\u0119cznie<\/div>\n<div class=\"MsoNormal\"><strong>Zadania:<\/strong><\/div>\n<ul>\n<li class=\"MsoNormal\">Proste prace produkcyjne<\/li>\n<li class=\"MsoNormal\">Przestrzeganie zasad bezpiecze\u0144stwa i obowi\u0105zuj\u0105cych procedur<\/li>\n<\/ul>\n<div><strong>Wymagania:<\/strong><\/div>\n<ul>\n<li class=\"MsoNormal\">Gotowo\u015b\u0107 do pracy w systemie zmianowym<\/li>\n<li class=\"MsoNormal\">Sumienno\u015b\u0107, dok\u0142adno\u015b\u0107 i odpowiedzialne podej\u015bcie do powierzonych zada\u0144<\/li>\n<li class=\"MsoNormal\">Umiej\u0119tno\u015b\u0107 pracy w zespole<\/li>\n<\/ul>\n<div class=\"MsoNormal\"><strong>Oferujemy:<\/strong><\/div>\n<ul>\n<li class=\"MsoNormal\">Zakwaterowanie\u00a0<\/li>\n<li class=\"MsoNormal\">Dodatek za znajomo\u015b\u0107 j. niemieckiego<\/li>\n<li class=\"MsoNormal\">Wsparcie\u00a0polskiego koordynatora<\/li>\n<li class=\"MsoNormal\">Pomoc w zorganizowaniu dojazdu\u00a0do Niemiec<\/li>\n<li class=\"MsoNormal\">Ubezpieczenie<\/li>\n<li class=\"MsoNormal\">Dojazd do pracy firmowymi busami<\/li>\n<li class=\"MsoNormal\">wynagrodzenie wyp\u0142acane do 10 dnia miesi\u0105ca<\/li>\n<\/ul>\n<div class=\"MsoNormal\" style=\"text-align: center\"><strong>Aplikuj i dowiedz si\u0119 wi\u0119cej!<\/strong><\/div>\n<div>IDEAL WORK GERMANY SP. Z O.O. Numer wpisu do rejestru agencji zatrudnienia: 12001\u00a0<\/div>\n","protected":false},"excerpt":{"rendered":"<p>Szukamy zmotywowanych i odpowiedzialnych os\u00f3b do pracy na produkcji w Niemczech. Je\u015bli cenisz sobie solidno\u015b\u0107, ch\u0119tnie uczysz si\u0119 nowych rzeczy i szukasz pracy za granic\u0105 \u2013 ta oferta jest dla&#8230;<\/p>\n","protected":false},"featured_media":0,"comment_status":"open","ping_status":"closed","template":"","meta":{"_acf_changed":false,"inline_featured_image":false},"product_brand":[],"product_cat":[56],"product_tag":[],"class_list":{"0":"post-15008","1":"product","2":"type-product","3":"status-publish","5":"product_cat-niemcy","6":"pa_branza-produkcja","7":"pa_dzial-praca-tymczasowa-zagranica","8":"pa_kraj-niemcy","9":"pa_obszar-pracy-inne","10":"pa_stanowisko-pracownik-produkcji","12":"first","13":"instock","14":"shipping-taxable","15":"product-type-simple"},"acf":{"idealWorkDescription":"","idealWorkCountry":"Niemcy","IdealWorkIndustry":"Produkcja","idealWorkDepartment":"Praca Tymczasowa Zagranica","idealWorkPlace":"Pracownik produkcji","idealZohoSkrypt":"","idealAplicationLink":"https:\/\/idealwork.traffit.com\/public\/form\/a\/be9682722c5da29bdab998cf3d8d75e65270593d?utm_source=IDEALGRUPA.PL-APLIKACJA","idealWorkArea":"inne","idealWorkHours":"","idealWorkLevel":"Pracownik produkcji","idealWorkSallary":"2 400-2 700 EUR brutto miesi\u0119cznie","idealWorkDataCreate":"2025-12-15","idealWorkDataExpiration":"2026-03-31","idealWorkVacancies":"1","recruitJobID":87,"stanowiskoZohoCRM":"","biale_kolnierzyki":false,"idealOfertaDlaPar":false,"idealOfertaOdZaraz":false,"idealOfertaTygodnia":false,"idealOfertaSuper":false},"_links":{"self":[{"href":"https:\/\/idealstaff.com\/pl\/wp-json\/wp\/v2\/product\/15008","targetHints":{"allow":["GET"]}}],"collection":[{"href":"https:\/\/idealstaff.com\/pl\/wp-json\/wp\/v2\/product"}],"about":[{"href":"https:\/\/idealstaff.com\/pl\/wp-json\/wp\/v2\/types\/product"}],"replies":[{"embeddable":true,"href":"https:\/\/idealstaff.com\/pl\/wp-json\/wp\/v2\/comments?post=15008"}],"wp:attachment":[{"href":"https:\/\/idealstaff.com\/pl\/wp-json\/wp\/v2\/media?parent=15008"}],"wp:term":[{"taxonomy":"product_brand","embeddable":true,"href":"https:\/\/idealstaff.com\/pl\/wp-json\/wp\/v2\/product_brand?post=15008"},{"taxonomy":"product_cat","embeddable":true,"href":"https:\/\/idealstaff.com\/pl\/wp-json\/wp\/v2\/product_cat?post=15008"},{"taxonomy":"product_tag","embeddable":true,"href":"https:\/\/idealstaff.com\/pl\/wp-json\/wp\/v2\/product_tag?post=15008"}],"curies":[{"name":"wp","href":"https:\/\/api.w.org\/{rel}","templated":true}]}}