{"id":15016,"date":"2025-12-15T13:54:37","date_gmt":"2025-12-15T12:54:37","guid":{"rendered":"https:\/\/idealstaff.com\/oferta\/praca-na-produkcji-w-niemczech-z-doswiadczeniem\/"},"modified":"2026-03-02T15:42:49","modified_gmt":"2026-03-02T14:42:49","slug":"praca-na-produkcji-w-niemczech-z-doswiadczeniem","status":"publish","type":"product","link":"https:\/\/idealstaff.com\/pl\/oferta\/praca-na-produkcji-w-niemczech-z-doswiadczeniem\/","title":{"rendered":"Praca na produkcji w Niemczech &#8211; Z DO\u015aWIADCZENIEM"},"content":{"rendered":"<div class=\"MsoNormal\">Poszukujemy do\u015bwiadczonych os\u00f3b do pracy na produkcji w Niemczech w r\u00f3\u017cnych obszarach. Oferujemy stabilne zatrudnienie, atrakcyjne warunki pracy oraz pomoc w organizacji przejazdu do Niemiec.<\/div>\n<div class=\"MsoNormal\"><strong>Wynagrodzenie: <\/strong>4000 &#8211; 4400 EUR brutto miesi\u0119cznie<\/div>\n<div class=\"MsoNormal\">\u00a0<\/div>\n<div class=\"MsoNormal\"><strong>Zadania:<\/strong><\/div>\n<ul>\n<li class=\"MsoNormal\">Zakres obowi\u0105zk\u00f3w sprofilowany pod Twoje do\u015bwiadczenie zawodowe, kompetencje i uprawnienia<\/li>\n<\/ul>\n<div class=\"MsoNormal\">\u00a0<\/div>\n<div class=\"MsoNormal\"><strong>Wymagania:<\/strong><\/div>\n<ul>\n<li class=\"MsoNormal\">Do\u015bwiadczenie jako monter, operator maszyn, operator maszyn CNC, specjalista produkcji<\/li>\n<li class=\"MsoNormal\">Gotowo\u015b\u0107 do pracy w systemie zmianowym<\/li>\n<li class=\"MsoNormal\">Sumienno\u015b\u0107, dok\u0142adno\u015b\u0107 i odpowiedzialne podej\u015bcie do powierzonych zada\u0144<\/li>\n<li class=\"MsoNormal\">Znajomo\u015b\u0107 j\u0119zyka niemieckiego lub angielskiego na poziomie komunikatywnym<\/li>\n<li class=\"MsoNormal\">Umiej\u0119tno\u015b\u0107 pracy w zespole<\/li>\n<\/ul>\n<div class=\"MsoNormal\">\u00a0<\/div>\n<div class=\"MsoNormal\"><strong>Oferujemy:<\/strong><\/div>\n<ul>\n<li class=\"MsoNormal\">Zakwaterowanie\u00a0<\/li>\n<li class=\"MsoNormal\">Dodatek za znajomo\u015b\u0107 j. niemieckiego<\/li>\n<li class=\"MsoNormal\">Wsparcie\u00a0polskiego koordynatora<\/li>\n<li class=\"MsoNormal\">Pomoc w zorganizowaniu dojazdu\u00a0do Niemiec<\/li>\n<li class=\"MsoNormal\">Ubezpieczenie<\/li>\n<li class=\"MsoNormal\">Dojazd do pracy firmowymi busami<\/li>\n<li class=\"MsoNormal\">wynagrodzenie wyp\u0142acane do 10 dnia miesi\u0105ca<\/li>\n<\/ul>\n<div class=\"MsoNormal\">\u00a0<\/div>\n<div class=\"MsoNormal\">Aplikuj i dowiedz si\u0119 wi\u0119cej!<\/div>\n<div>IDEAL WORK GERMANY SP. Z O.O. Numer wpisu do rejestru agencji zatrudnienia: 12001\u00a0<\/div>\n","protected":false},"excerpt":{"rendered":"<p>Poszukujemy do\u015bwiadczonych os\u00f3b do pracy na produkcji w Niemczech w r\u00f3\u017cnych obszarach. Oferujemy stabilne zatrudnienie, atrakcyjne warunki pracy oraz pomoc w organizacji przejazdu do Niemiec. Wynagrodzenie: 4000 &#8211; 4400 EUR&#8230;<\/p>\n","protected":false},"featured_media":0,"comment_status":"open","ping_status":"closed","template":"","meta":{"_acf_changed":false,"inline_featured_image":false},"product_brand":[],"product_cat":[56],"product_tag":[],"class_list":{"0":"post-15016","1":"product","2":"type-product","3":"status-publish","5":"product_cat-niemcy","6":"pa_branza-produkcja","7":"pa_dzial-praca-tymczasowa-zagranica","8":"pa_kraj-niemcy","9":"pa_obszar-pracy-inne","10":"pa_stanowisko-pracownik-produkcji","12":"first","13":"instock","14":"shipping-taxable","15":"product-type-simple"},"acf":{"idealWorkDescription":"","idealWorkCountry":"Niemcy","IdealWorkIndustry":"Produkcja","idealWorkDepartment":"Praca Tymczasowa Zagranica","idealWorkPlace":"Pracownik produkcji","idealZohoSkrypt":"","idealAplicationLink":"https:\/\/idealwork.traffit.com\/public\/form\/a\/9d4bd2a2be96015350c6314dddde3d1246696b3d","idealWorkArea":"inne","idealWorkHours":"","idealWorkLevel":"Pracownik produkcji","idealWorkSallary":"4000 - 4400 EUR brutto miesi\u0119cznie","idealWorkDataCreate":"2025-12-15","idealWorkDataExpiration":"2026-03-31","idealWorkVacancies":"1","recruitJobID":88,"stanowiskoZohoCRM":"","biale_kolnierzyki":false,"idealOfertaDlaPar":false,"idealOfertaOdZaraz":false,"idealOfertaTygodnia":false,"idealOfertaSuper":false},"_links":{"self":[{"href":"https:\/\/idealstaff.com\/pl\/wp-json\/wp\/v2\/product\/15016","targetHints":{"allow":["GET"]}}],"collection":[{"href":"https:\/\/idealstaff.com\/pl\/wp-json\/wp\/v2\/product"}],"about":[{"href":"https:\/\/idealstaff.com\/pl\/wp-json\/wp\/v2\/types\/product"}],"replies":[{"embeddable":true,"href":"https:\/\/idealstaff.com\/pl\/wp-json\/wp\/v2\/comments?post=15016"}],"wp:attachment":[{"href":"https:\/\/idealstaff.com\/pl\/wp-json\/wp\/v2\/media?parent=15016"}],"wp:term":[{"taxonomy":"product_brand","embeddable":true,"href":"https:\/\/idealstaff.com\/pl\/wp-json\/wp\/v2\/product_brand?post=15016"},{"taxonomy":"product_cat","embeddable":true,"href":"https:\/\/idealstaff.com\/pl\/wp-json\/wp\/v2\/product_cat?post=15016"},{"taxonomy":"product_tag","embeddable":true,"href":"https:\/\/idealstaff.com\/pl\/wp-json\/wp\/v2\/product_tag?post=15016"}],"curies":[{"name":"wp","href":"https:\/\/api.w.org\/{rel}","templated":true}]}}