{"id":15080,"date":"2025-12-19T15:20:37","date_gmt":"2025-12-19T14:20:37","guid":{"rendered":"https:\/\/idealstaff.com\/oferta\/pracownik-sklepu-samoobslugowego-w-niemczech-praca-berlin-m-k\/"},"modified":"2026-04-29T16:11:23","modified_gmt":"2026-04-29T14:11:23","slug":"pracownik-sklepu-samoobslugowego-w-niemczech-praca-berlin-m-k","status":"publish","type":"product","link":"https:\/\/idealstaff.com\/pl\/oferta\/pracownik-sklepu-samoobslugowego-w-niemczech-praca-berlin-m-k\/","title":{"rendered":"Pracownik sklepu samoobs\u0142ugowego w Niemczech | Praca Berlin (m\/k)"},"content":{"rendered":"<div data-pm-slice=\"1 1 []\">Dla naszego Klienta poszukujemy osoby na stanowisko Pracownika sklepu samoobs\u0142ugowego w Niemczech. Je\u015bli posiadasz do\u015bwiadczenie w handlu, jeste\u015b otwarty\/a na prac\u0119 zmianow\u0105 i zale\u017cy Ci na nowoczesnym \u015brodowisku pracy &#8211; szukamy w\u0142a\u015bnie Ciebie!<\/div>\n<div><strong>Lokalizacja:<\/strong> Berlin<\/div>\n<div><strong>Wynagrodzenie:<\/strong> 2440- 2670 Euro brutto miesi\u0119cznie<\/div>\n<div><strong>Zadania:<\/strong><\/div>\n<ul>\n<li>\n<div>Prowadzenie sklepu samoobs\u0142ugowego<\/div>\n<\/li>\n<li>\n<div>Przyjmowanie dostaw<\/div>\n<\/li>\n<li>\n<div>Roz\u0142adunek dostaw, uk\u0142adanie towaru<\/div>\n<\/li>\n<li>\n<div>Dbanie o porz\u0105dek w magazynie oraz na sali sprzeda\u017cy<\/div>\n<\/li>\n<li>\n<div>Obs\u0142uga aplikacji dedykowanej do zarz\u0105dzania stanem magazynowym i procesem dostaw<\/div>\n<\/li>\n<\/ul>\n<div><strong>Wymagania:<\/strong><\/div>\n<ul>\n<li>Prawo jazdy kat. B<\/li>\n<li>\n<div>Do\u015bwiadczenie w handlu\/ pracy w sklepie<\/div>\n<\/li>\n<li>\n<div>Umiej\u0119tno\u015bci organizacyjne<\/div>\n<\/li>\n<li>\n<div>Dok\u0142adno\u015b\u0107 w powierzonych obowi\u0105zkach<\/div>\n<\/li>\n<\/ul>\n<div><strong>Mile widziane:<\/strong><\/div>\n<ul>\n<li>\n<div>Znajomo\u015b\u0107 j. niemieckiego lub angielskiego<\/div>\n<\/li>\n<\/ul>\n<div><strong>Oferujemy:<\/strong><\/div>\n<ul>\n<li>\n<div>Praca na dwie zmiany- poniedzia\u0142ek-pi\u0105tek\/ wtorek-sobota w godzinach 6-14 i 10-18<\/div>\n<\/li>\n<li>\n<div>Wsparcie polskiego koordynatora<\/div>\n<\/li>\n<li>\n<div>Wyp\u0142ata do 10 dnia miesi\u0105ca<\/div>\n<\/li>\n<li>\n<div>premia p\u00f3\u0142roczna (Urlabsgeld\/Weihnachtsgeld)<strong>\u00a0<\/strong><\/div>\n<\/li>\n<\/ul>\n<div><strong>Aplikuj i dowiedz si\u0119 wi\u0119cej!<\/strong><\/div>\n<div>IDEAL WORK GERMANY SP. Z O.O. Numer wpisu do rejestru agencji zatrudnienia: 12001\u00a0<\/div>\n","protected":false},"excerpt":{"rendered":"<p>Dla naszego Klienta poszukujemy osoby na stanowisko Pracownika sklepu samoobs\u0142ugowego w Niemczech. Je\u015bli posiadasz do\u015bwiadczenie w handlu, jeste\u015b otwarty\/a na prac\u0119 zmianow\u0105 i zale\u017cy Ci na nowoczesnym \u015brodowisku pracy &#8211;&#8230;<\/p>\n","protected":false},"featured_media":0,"comment_status":"open","ping_status":"closed","template":"","meta":{"_acf_changed":false,"inline_featured_image":false},"product_brand":[],"product_cat":[56],"product_tag":[],"class_list":{"0":"post-15080","1":"product","2":"type-product","3":"status-publish","5":"product_cat-niemcy","6":"pa_branza-handel","7":"pa_dzial-praca-tymczasowa-zagranica","8":"pa_kraj-niemcy","9":"pa_obszar-pracy-okolice-berlin","10":"pa_stanowisko-pracownik-sklepu-samoobslugowego","12":"first","13":"instock","14":"shipping-taxable","15":"product-type-simple"},"acf":{"idealWorkDescription":"","idealWorkCountry":"Niemcy","IdealWorkIndustry":"Handel","idealWorkDepartment":"Praca Tymczasowa Zagranica","idealWorkPlace":"Pracownik sklepu samoobs\u0142ugowego","idealZohoSkrypt":"","idealAplicationLink":"https:\/\/idealwork.traffit.com\/public\/form\/a\/17684916c8eb0f11e5df303b78c516624f78733d?utm_source=IDEALGRUPA.PL-APLIKACJA","idealWorkArea":"okolice Berlin","idealWorkHours":"","idealWorkLevel":"Pracownik sklepu samoobs\u0142ugowego","idealWorkSallary":"2440- 2670 Euro brutto miesi\u0119cznie","idealWorkDataCreate":"2025-12-19","idealWorkDataExpiration":"2026-04-28","idealWorkVacancies":"1","recruitJobID":30,"stanowiskoZohoCRM":"","biale_kolnierzyki":false,"idealOfertaDlaPar":false,"idealOfertaOdZaraz":false,"idealOfertaTygodnia":false,"idealOfertaSuper":false},"_links":{"self":[{"href":"https:\/\/idealstaff.com\/pl\/wp-json\/wp\/v2\/product\/15080","targetHints":{"allow":["GET"]}}],"collection":[{"href":"https:\/\/idealstaff.com\/pl\/wp-json\/wp\/v2\/product"}],"about":[{"href":"https:\/\/idealstaff.com\/pl\/wp-json\/wp\/v2\/types\/product"}],"replies":[{"embeddable":true,"href":"https:\/\/idealstaff.com\/pl\/wp-json\/wp\/v2\/comments?post=15080"}],"wp:attachment":[{"href":"https:\/\/idealstaff.com\/pl\/wp-json\/wp\/v2\/media?parent=15080"}],"wp:term":[{"taxonomy":"product_brand","embeddable":true,"href":"https:\/\/idealstaff.com\/pl\/wp-json\/wp\/v2\/product_brand?post=15080"},{"taxonomy":"product_cat","embeddable":true,"href":"https:\/\/idealstaff.com\/pl\/wp-json\/wp\/v2\/product_cat?post=15080"},{"taxonomy":"product_tag","embeddable":true,"href":"https:\/\/idealstaff.com\/pl\/wp-json\/wp\/v2\/product_tag?post=15080"}],"curies":[{"name":"wp","href":"https:\/\/api.w.org\/{rel}","templated":true}]}}