{"id":15083,"date":"2026-01-02T09:47:39","date_gmt":"2026-01-02T08:47:39","guid":{"rendered":"https:\/\/idealstaff.com\/oferta\/pracownik-montazu-systemow-z-niemieckim-k-m-umowa-de-zakwaterowanie\/"},"modified":"2026-03-02T15:40:17","modified_gmt":"2026-03-02T14:40:17","slug":"pracownik-montazu-systemow-z-niemieckim-k-m-umowa-de-zakwaterowanie","status":"publish","type":"product","link":"https:\/\/idealstaff.com\/pl\/oferta\/pracownik-montazu-systemow-z-niemieckim-k-m-umowa-de-zakwaterowanie\/","title":{"rendered":"Pracownik monta\u017cu system\u00f3w z niemieckim (k\/m)-umowa DE, zakwaterowanie"},"content":{"rendered":"<div class=\"OutlineElement Ltr SCXW40137661 BCX0\">\n<div class=\"Paragraph SCXW40137661 BCX0\"><span style=\"font-family: arial, helvetica, sans-serif\"><strong><span class=\"TextRun SCXW40137661 BCX0\" lang=\"PL-PL\" xml:lang=\"PL-PL\" data-contrast=\"auto\"><span class=\"NormalTextRun SCXW40137661 BCX0\">Lokalizacja:<\/span><\/span><\/strong><span class=\"TextRun SCXW40137661 BCX0\" lang=\"PL-PL\" xml:lang=\"PL-PL\" data-contrast=\"auto\"><span class=\"NormalTextRun SCXW40137661 BCX0\"><strong>\u00a0<\/strong>okolice\u00a0<\/span><span class=\"NormalTextRun SCXW40137661 BCX0\">Stuttgartu<\/span><span class=\"NormalTextRun SCXW40137661 BCX0\">, Niemcy<\/span><\/span><span class=\"EOP SCXW40137661 BCX0\" data-ccp-props=\"{&quot;134233117&quot;:false,&quot;134233118&quot;:false,&quot;201341983&quot;:0,&quot;335551550&quot;:1,&quot;335551620&quot;:1,&quot;335559685&quot;:0,&quot;335559737&quot;:0,&quot;335559738&quot;:240,&quot;335559739&quot;:240,&quot;335559740&quot;:279}\">\u00a0<\/span><\/span><\/div><\/div>\n<div class=\"OutlineElement Ltr SCXW40137661 BCX0\">\n<div class=\"Paragraph SCXW40137661 BCX0\"><span style=\"font-family: arial, helvetica, sans-serif\"><strong><span class=\"TextRun SCXW40137661 BCX0\" lang=\"PL-PL\" xml:lang=\"PL-PL\" data-contrast=\"auto\"><span class=\"NormalTextRun SCXW40137661 BCX0\">Wynagrodzenie:<\/span><\/span><\/strong><span class=\"TextRun SCXW40137661 BCX0\" lang=\"PL-PL\" xml:lang=\"PL-PL\" data-contrast=\"auto\"><span class=\"NormalTextRun SCXW40137661 BCX0\"><strong>\u00a0<\/strong>3 350 \u2013 3 500 Euro miesi\u0119cznie brutto<\/span><\/span><span class=\"EOP SCXW40137661 BCX0\" data-ccp-props=\"{&quot;134233117&quot;:false,&quot;134233118&quot;:false,&quot;335559738&quot;:240,&quot;335559739&quot;:240}\">\u00a0<\/span><\/span><\/div><\/div>\n<div class=\"OutlineElement Ltr SCXW40137661 BCX0\">\n<div class=\"Paragraph SCXW40137661 BCX0\"><span style=\"font-family: arial, helvetica, sans-serif\"><strong><span class=\"TextRun SCXW40137661 BCX0\" lang=\"PL-PL\" xml:lang=\"PL-PL\" data-contrast=\"auto\"><span class=\"NormalTextRun SCXW40137661 BCX0\">Stawka godzinowa:<\/span><\/span><\/strong><span class=\"TextRun SCXW40137661 BCX0\" lang=\"PL-PL\" xml:lang=\"PL-PL\" data-contrast=\"auto\"><span class=\"NormalTextRun SCXW40137661 BCX0\">\u00a018,20 Euro brutto<\/span><\/span><span class=\"LineBreakBlob BlobObject DragDrop SCXW40137661 BCX0\"><span class=\"SCXW40137661 BCX0\">\u00a0<\/span><\/span><span class=\"TextRun SCXW40137661 BCX0\" lang=\"PL-PL\" xml:lang=\"PL-PL\" data-contrast=\"auto\"><span class=\"NormalTextRun SCXW40137661 BCX0\">(dodatek +1,50 Euro brutto\/h dla os\u00f3b znaj\u0105cych j\u0119zyk niemiecki)<\/span><\/span><span class=\"EOP SCXW40137661 BCX0\" data-ccp-props=\"{&quot;134233117&quot;:false,&quot;134233118&quot;:false,&quot;335559738&quot;:240,&quot;335559739&quot;:240}\">\u00a0<\/span><\/span><\/div><\/div>\n<div class=\"OutlineElement Ltr SCXW40137661 BCX0\">\n<div><span style=\"font-family: arial, helvetica, sans-serif\"><strong><span class=\"TextRun SCXW40137661 BCX0\" lang=\"PL-PL\" xml:lang=\"PL-PL\" data-contrast=\"auto\"><span class=\"NormalTextRun SCXW40137661 BCX0\">Zadania:<\/span><\/span><\/strong><span class=\"LineBreakBlob BlobObject DragDrop SCXW40137661 BCX0\"><strong> <\/strong><\/span><\/span><\/div>\n<ul>\n<li style=\"font-family: arial, helvetica, sans-serif\"><span style=\"font-family: arial, helvetica, sans-serif\"><span class=\"TextRun SCXW40137661 BCX0\" lang=\"PL-PL\" xml:lang=\"PL-PL\" data-contrast=\"auto\"><span class=\"NormalTextRun SCXW40137661 BCX0\">Staranna produkcja i monta\u017c zespo\u0142\u00f3w mechanicznych oraz elektromechanicznych<\/span><\/span> <\/span><\/li>\n<li style=\"font-family: arial, helvetica, sans-serif\"><span style=\"font-family: arial, helvetica, sans-serif\"><span class=\"TextRun SCXW40137661 BCX0\" lang=\"PL-PL\" xml:lang=\"PL-PL\" data-contrast=\"auto\"><span class=\"NormalTextRun SCXW40137661 BCX0\">Monta\u017c system\u00f3w \u2013 prace wykonywane g\u0142\u00f3wnie r\u0119cznie<\/span><\/span> <\/span><\/li>\n<li style=\"font-family: arial, helvetica, sans-serif\"><span style=\"font-family: arial, helvetica, sans-serif\"><span class=\"TextRun SCXW40137661 BCX0\" lang=\"PL-PL\" xml:lang=\"PL-PL\" data-contrast=\"auto\"><span class=\"NormalTextRun SCXW40137661 BCX0\">Kontrola wizualna i jako\u015bciowa element\u00f3w<\/span><\/span><span class=\"EOP SCXW40137661 BCX0\" data-ccp-props=\"{&quot;134233117&quot;:false,&quot;134233118&quot;:false,&quot;335559738&quot;:240,&quot;335559739&quot;:240}\">\u00a0<\/span><\/span><\/li>\n<\/ul><\/div>\n<div class=\"OutlineElement Ltr SCXW40137661 BCX0\">\n<div class=\"Paragraph SCXW40137661 BCX0\"><span class=\"EOP SCXW40137661 BCX0\" style=\"font-family: arial, helvetica, sans-serif\" data-ccp-props=\"{}\">\u00a0<\/span><\/div><\/div>\n<div class=\"OutlineElement Ltr SCXW40137661 BCX0\">\n<div><span style=\"font-family: arial, helvetica, sans-serif\"><strong><span class=\"TextRun SCXW40137661 BCX0\" lang=\"PL-PL\" xml:lang=\"PL-PL\" data-contrast=\"auto\"><span class=\"NormalTextRun SCXW40137661 BCX0\">Wymagania:<\/span><\/span><\/strong><span class=\"LineBreakBlob BlobObject DragDrop SCXW40137661 BCX0\"><strong> <\/strong><\/span><\/span><\/div>\n<ul>\n<li style=\"font-family: arial, helvetica, sans-serif\"><span style=\"font-family: arial, helvetica, sans-serif\"><span class=\"TextRun SCXW40137661 BCX0\" lang=\"PL-PL\" xml:lang=\"PL-PL\" data-contrast=\"auto\"><span class=\"NormalTextRun SCXW40137661 BCX0\">Zdolno\u015bci manualne oraz precyzyjna motoryka<\/span><\/span> <\/span><\/li>\n<li style=\"font-family: arial, helvetica, sans-serif\"><span style=\"font-family: arial, helvetica, sans-serif\"><span class=\"TextRun SCXW40137661 BCX0\" lang=\"PL-PL\" xml:lang=\"PL-PL\" data-contrast=\"auto\"><span class=\"NormalTextRun SCXW40137661 BCX0\">Dobra sprawno\u015b\u0107 fizyczna<\/span><\/span> <\/span><\/li>\n<li style=\"font-family: arial, helvetica, sans-serif\"><span style=\"font-family: arial, helvetica, sans-serif\"><span class=\"TextRun SCXW40137661 BCX0\" lang=\"PL-PL\" xml:lang=\"PL-PL\" data-contrast=\"auto\"><span class=\"NormalTextRun SCXW40137661 BCX0\">Gotowo\u015b\u0107 do pracy zmianowej<\/span><\/span> <\/span><\/li>\n<li style=\"font-family: arial, helvetica, sans-serif\"><span style=\"font-family: arial, helvetica, sans-serif\"><span class=\"TextRun SCXW40137661 BCX0\" lang=\"PL-PL\" xml:lang=\"PL-PL\" data-contrast=\"auto\"><strong><span class=\"NormalTextRun SCXW40137661 BCX0\">Znajomo\u015b\u0107 j\u0119zyka niemieckiego b\u0119dzie zalet\u0105<\/span><span class=\"NormalTextRun SCXW40137661 BCX0\">\u00a0<\/span><\/strong><span class=\"NormalTextRun SCXW40137661 BCX0\">(brak znajomo\u015bci j\u0119zyka \u2013 <strong>mo\u017cliwo\u015b\u0107 aplikacji z t\u0142umaczem<\/strong>)<\/span><\/span><span class=\"EOP SCXW40137661 BCX0\" data-ccp-props=\"{&quot;134233117&quot;:false,&quot;134233118&quot;:false,&quot;335559738&quot;:240,&quot;335559739&quot;:240}\">\u00a0<\/span><\/span><\/li>\n<\/ul><\/div>\n<div class=\"OutlineElement Ltr SCXW40137661 BCX0\">\n<div class=\"Paragraph SCXW40137661 BCX0\"><span class=\"EOP SCXW40137661 BCX0\" style=\"font-family: arial, helvetica, sans-serif\" data-ccp-props=\"{}\">\u00a0<\/span><\/div><\/div>\n<div class=\"OutlineElement Ltr SCXW40137661 BCX0\">\n<div><span style=\"font-family: arial, helvetica, sans-serif\"><strong><span class=\"TextRun SCXW40137661 BCX0\" lang=\"PL-PL\" xml:lang=\"PL-PL\" data-contrast=\"auto\"><span class=\"NormalTextRun SCXW40137661 BCX0\">Mile widziane:<\/span><\/span><\/strong><span class=\"LineBreakBlob BlobObject DragDrop SCXW40137661 BCX0\"><strong> <\/strong><\/span><\/span><\/div>\n<ul>\n<li style=\"font-family: arial, helvetica, sans-serif\"><span style=\"font-family: arial, helvetica, sans-serif\"><span class=\"TextRun SCXW40137661 BCX0\" lang=\"PL-PL\" xml:lang=\"PL-PL\" data-contrast=\"auto\"><span class=\"NormalTextRun SCXW40137661 BCX0\">Wykszta\u0142cenie zawodowe (rzemie\u015blnicze)<\/span><\/span> <\/span><\/li>\n<li style=\"font-family: arial, helvetica, sans-serif\"><span style=\"font-family: arial, helvetica, sans-serif\"><span class=\"TextRun SCXW40137661 BCX0\" lang=\"PL-PL\" xml:lang=\"PL-PL\" data-contrast=\"auto\"><span class=\"NormalTextRun SCXW40137661 BCX0\">Do\u015bwiadczenie w pracy monta\u017cowej lub produkcyjnej<\/span><\/span> <\/span><\/li>\n<li style=\"font-family: arial, helvetica, sans-serif\"><span style=\"font-family: arial, helvetica, sans-serif\"><span class=\"TextRun SCXW40137661 BCX0\" lang=\"PL-PL\" xml:lang=\"PL-PL\" data-contrast=\"auto\"><span class=\"NormalTextRun SCXW40137661 BCX0\">Znajomo\u015b\u0107 j\u0119zyka angielskiego<\/span><\/span><span class=\"LineBreakBlob BlobObject DragDrop SCXW40137661 BCX0\"><span class=\"SCXW40137661 BCX0\">\u00a0<\/span><br class=\"SCXW40137661 BCX0\"><\/span><span class=\"EOP SCXW40137661 BCX0\" data-ccp-props=\"{&quot;134233117&quot;:false,&quot;134233118&quot;:false,&quot;335559738&quot;:240,&quot;335559739&quot;:240}\">\u00a0<\/span><\/span><\/li>\n<\/ul><\/div>\n<div class=\"OutlineElement Ltr SCXW40137661 BCX0\">\n<div class=\"Paragraph SCXW40137661 BCX0\"><span style=\"font-family: arial, helvetica, sans-serif\"><strong><span class=\"TextRun SCXW40137661 BCX0\" lang=\"PL-PL\" xml:lang=\"PL-PL\" data-contrast=\"auto\"><span class=\"NormalTextRun SCXW40137661 BCX0\">Oferujemy:<\/span><\/span><\/strong><span class=\"LineBreakBlob BlobObject DragDrop SCXW40137661 BCX0\"><strong><span class=\"SCXW40137661 BCX0\">\u00a0<\/span><\/strong><br class=\"SCXW40137661 BCX0\"><\/span><\/span><\/div>\n<ul>\n<li class=\"Paragraph SCXW40137661 BCX0\" style=\"font-family: arial, helvetica, sans-serif\"><span style=\"font-family: arial, helvetica, sans-serif\"><span class=\"TextRun SCXW40137661 BCX0\" lang=\"PL-PL\" xml:lang=\"PL-PL\" data-contrast=\"auto\"><span class=\"NormalTextRun SCXW40137661 BCX0\"><strong>Stabilne zatrudnienie<\/strong> w oparciu o<strong> polsk\u0105 lub niemieck\u0105 umow\u0119<\/strong> o prac\u0119<\/span><\/span> <\/span><\/li>\n<li class=\"Paragraph SCXW40137661 BCX0\" style=\"font-family: arial, helvetica, sans-serif\"><span style=\"font-family: arial, helvetica, sans-serif\"><strong><span class=\"NormalTextRun SCXW40137661 BCX0\">Zakwaterowanie<\/span><\/strong> <\/span><\/li>\n<li class=\"Paragraph SCXW40137661 BCX0\" style=\"font-weight: bold;font-family: arial, helvetica, sans-serif\"><span style=\"font-family: arial, helvetica, sans-serif\"><strong><span class=\"NormalTextRun SCXW40137661 BCX0\">Premie za efektywno\u015b\u0107<\/span> <\/strong><\/span><\/li>\n<li class=\"Paragraph SCXW40137661 BCX0\" style=\"font-family: arial, helvetica, sans-serif\"><span style=\"font-family: arial, helvetica, sans-serif\"><strong><span class=\"NormalTextRun SCXW40137661 BCX0\">Wsparcie polskiego koordynatora<\/span><\/strong> <\/span><\/li>\n<li class=\"Paragraph SCXW40137661 BCX0\" style=\"font-family: arial, helvetica, sans-serif\"><span style=\"font-family: arial, helvetica, sans-serif\"><span class=\"NormalTextRun SCXW40137661 BCX0\">Wyp\u0142ata do 10 dnia miesi\u0105ca<\/span> <\/span><\/li>\n<li class=\"Paragraph SCXW40137661 BCX0\" style=\"font-family: arial, helvetica, sans-serif\"><span style=\"font-family: arial, helvetica, sans-serif\"><span class=\"NormalTextRun SCXW40137661 BCX0\">Praca w systemie dwuzmianowym <\/span><span class=\"EOP SCXW40137661 BCX0\" data-ccp-props=\"{&quot;134233117&quot;:false,&quot;134233118&quot;:false,&quot;335559738&quot;:0,&quot;335559739&quot;:0}\">\u00a0<\/span><\/span><\/li>\n<li class=\"Paragraph SCXW40137661 BCX0\" style=\"font-family: arial, helvetica, sans-serif\"><span style=\"font-family: arial, helvetica, sans-serif\"><span class=\"NormalTextRun SCXW40137661 BCX0\">Minimum 7,5 godziny pracy dziennie<\/span> <\/span><\/li>\n<li class=\"Paragraph SCXW40137661 BCX0\" style=\"font-family: arial, helvetica, sans-serif\"><span style=\"font-family: arial, helvetica, sans-serif\"><span class=\"NormalTextRun SCXW40137661 BCX0\"><strong>100EUR <\/strong>za pe\u0142nienie funkcji kierowcy firmowego <\/span><span class=\"NormalTextRun SpellingErrorV2Themed SCXW40137661 BCX0\">busa<\/span> <\/span><\/li>\n<li class=\"Paragraph SCXW40137661 BCX0\" style=\"font-family: arial, helvetica, sans-serif\"><span style=\"font-family: arial, helvetica, sans-serif\"><strong><span class=\"NormalTextRun SCXW40137661 BCX0\">100EUR <\/span><\/strong><span class=\"NormalTextRun ContextualSpellingAndGrammarErrorV2Themed SCXW40137661 BCX0\">brutto\u00a0 za<\/span><span class=\"NormalTextRun SCXW40137661 BCX0\">\u00a0 POLECENIE pracownik\u00f3w do pracy<\/span> <\/span><\/li>\n<li class=\"Paragraph SCXW40137661 BCX0\" style=\"font-family: arial, helvetica, sans-serif\"><span style=\"font-family: arial, helvetica, sans-serif\"><span class=\"NormalTextRun SCXW40137661 BCX0\">229,48EUR premii <\/span><span class=\"NormalTextRun SpellingErrorV2Themed SCXW40137661 BCX0\">Urlabsgeld<\/span><span class=\"NormalTextRun SCXW40137661 BCX0\">, 235,22EUR premii\u00a0<\/span><span class=\"NormalTextRun SpellingErrorV2Themed SCXW40137661 BCX0\">Weihnachtsgeld<\/span> <\/span><\/li>\n<li class=\"Paragraph SCXW40137661 BCX0\" style=\"font-weight: bold;font-family: arial, helvetica, sans-serif\"><span style=\"font-family: arial, helvetica, sans-serif\"><strong><span class=\"NormalTextRun SCXW40137661 BCX0\">Mo\u017cliwo\u015b\u0107 d\u0142u\u017cszej wsp\u00f3\u0142pracy po zako\u0144czeniu projektu<\/span><span class=\"EOP SCXW40137661 BCX0\" data-ccp-props=\"{&quot;134233117&quot;:false,&quot;134233118&quot;:false,&quot;335559738&quot;:0,&quot;335559739&quot;:0}\">\u00a0<\/span><\/strong><\/span><\/li>\n<\/ul><\/div>\n<div class=\"OutlineElement Ltr SCXW40137661 BCX0\">\n<div class=\"Paragraph SCXW40137661 BCX0\"><span class=\"EOP SCXW40137661 BCX0\" style=\"font-family: arial, helvetica, sans-serif\" data-ccp-props=\"{}\">\u00a0<\/span><\/div><\/div>\n<div class=\"OutlineElement Ltr SCXW40137661 BCX0\">\n<div class=\"Paragraph SCXW40137661 BCX0\"><span style=\"font-family: arial, helvetica, sans-serif\"><strong><span class=\"TextRun SCXW40137661 BCX0\" lang=\"PL-PL\" xml:lang=\"PL-PL\" data-contrast=\"auto\"><span class=\"NormalTextRun SCXW40137661 BCX0\">Zainteresowany?<\/span><\/span><\/strong><span class=\"LineBreakBlob BlobObject DragDrop SCXW40137661 BCX0\"><strong><span class=\"SCXW40137661 BCX0\">\u00a0<\/span><\/strong><br class=\"SCXW40137661 BCX0\"><\/span><strong><span class=\"TextRun SCXW40137661 BCX0\" lang=\"PL-PL\" xml:lang=\"PL-PL\" data-contrast=\"auto\"><span class=\"NormalTextRun SCXW40137661 BCX0\">Kliknij przycisk \u201eAplikuj\u201d i wype\u0142nij kr\u00f3tki formularz.<\/span><\/span><span class=\"EOP SCXW40137661 BCX0\" data-ccp-props=\"{&quot;134233117&quot;:false,&quot;134233118&quot;:false,&quot;335559738&quot;:240,&quot;335559739&quot;:240}\">\u00a0<\/span><\/strong><\/span><\/div><\/div>\n<div class=\"OutlineElement Ltr SCXW40137661 BCX0\">\n<div class=\"Paragraph SCXW40137661 BCX0\"><span style=\"font-family: arial, helvetica, sans-serif\"><span class=\"TextRun SCXW40137661 BCX0\" lang=\"PL-PL\" xml:lang=\"PL-PL\" data-contrast=\"auto\"><span class=\"NormalTextRun SCXW40137661 BCX0\">IDEAL WORK GERMANY Sp. z o.o.<\/span><\/span><span class=\"LineBreakBlob BlobObject DragDrop SCXW40137661 BCX0\"><span class=\"SCXW40137661 BCX0\">\u00a0<\/span><br class=\"SCXW40137661 BCX0\"><\/span><span class=\"TextRun SCXW40137661 BCX0\" lang=\"PL-PL\" xml:lang=\"PL-PL\" data-contrast=\"auto\"><span class=\"NormalTextRun SCXW40137661 BCX0\">Numer wpisu do rejestru agencji zatrudnienia: 12001<\/span><\/span><span class=\"EOP SCXW40137661 BCX0\" data-ccp-props=\"{&quot;134233117&quot;:false,&quot;134233118&quot;:false,&quot;335559738&quot;:240,&quot;335559739&quot;:240}\">\u00a0<\/span><\/span><\/div><\/div>\n","protected":false},"excerpt":{"rendered":"<p>Lokalizacja:\u00a0okolice\u00a0Stuttgartu, Niemcy\u00a0 Wynagrodzenie:\u00a03 350 \u2013 3 500 Euro miesi\u0119cznie brutto\u00a0 Stawka godzinowa:\u00a018,20 Euro brutto\u00a0(dodatek +1,50 Euro brutto\/h dla os\u00f3b znaj\u0105cych j\u0119zyk niemiecki)\u00a0 Zadania: Staranna produkcja i monta\u017c zespo\u0142\u00f3w mechanicznych oraz&#8230;<\/p>\n","protected":false},"featured_media":0,"comment_status":"open","ping_status":"closed","template":"","meta":{"_acf_changed":false,"inline_featured_image":false},"product_brand":[],"product_cat":[56],"product_tag":[],"class_list":{"0":"post-15083","1":"product","2":"type-product","3":"status-publish","5":"product_cat-niemcy","6":"pa_branza-produkcja","7":"pa_dzial-praca-tymczasowa-zagranica","8":"pa_kraj-niemcy","9":"pa_obszar-pracy-okolice-stuttgartu","10":"pa_stanowisko-pracownik-produkcji","12":"first","13":"instock","14":"shipping-taxable","15":"product-type-simple"},"acf":{"idealWorkDescription":"","idealWorkCountry":"Niemcy","IdealWorkIndustry":"Produkcja","idealWorkDepartment":"Praca Tymczasowa Zagranica","idealWorkPlace":"Pracownik produkcji","idealZohoSkrypt":"","idealAplicationLink":"https:\/\/idealwork.traffit.com\/public\/form\/a\/b04929fb156553b9e476901b34f3c5887045593d","idealWorkArea":"okolice Stuttgartu","idealWorkHours":"","idealWorkLevel":"Pracownik produkcji","idealWorkSallary":"3 350 - 3 500 Euro miesi\u0119cznie brutto","idealWorkDataCreate":"2025-12-29","idealWorkDataExpiration":"2026-02-28","idealWorkVacancies":"1","recruitJobID":92,"stanowiskoZohoCRM":"","biale_kolnierzyki":false,"idealOfertaDlaPar":false,"idealOfertaOdZaraz":false,"idealOfertaTygodnia":false,"idealOfertaSuper":false},"_links":{"self":[{"href":"https:\/\/idealstaff.com\/pl\/wp-json\/wp\/v2\/product\/15083","targetHints":{"allow":["GET"]}}],"collection":[{"href":"https:\/\/idealstaff.com\/pl\/wp-json\/wp\/v2\/product"}],"about":[{"href":"https:\/\/idealstaff.com\/pl\/wp-json\/wp\/v2\/types\/product"}],"replies":[{"embeddable":true,"href":"https:\/\/idealstaff.com\/pl\/wp-json\/wp\/v2\/comments?post=15083"}],"wp:attachment":[{"href":"https:\/\/idealstaff.com\/pl\/wp-json\/wp\/v2\/media?parent=15083"}],"wp:term":[{"taxonomy":"product_brand","embeddable":true,"href":"https:\/\/idealstaff.com\/pl\/wp-json\/wp\/v2\/product_brand?post=15083"},{"taxonomy":"product_cat","embeddable":true,"href":"https:\/\/idealstaff.com\/pl\/wp-json\/wp\/v2\/product_cat?post=15083"},{"taxonomy":"product_tag","embeddable":true,"href":"https:\/\/idealstaff.com\/pl\/wp-json\/wp\/v2\/product_tag?post=15083"}],"curies":[{"name":"wp","href":"https:\/\/api.w.org\/{rel}","templated":true}]}}