{"id":15193,"date":"2026-01-14T14:16:55","date_gmt":"2026-01-14T13:16:55","guid":{"rendered":"https:\/\/idealstaff.com\/oferta\/pracownik-produkcji-tworzywa-sztuczne-k-m-z-j-niemieckim-umowa-de-2\/"},"modified":"2026-03-02T15:13:06","modified_gmt":"2026-03-02T14:13:06","slug":"pracownik-produkcji-tworzywa-sztuczne-k-m-z-j-niemieckim-umowa-de-2","status":"publish","type":"product","link":"https:\/\/idealstaff.com\/pl\/oferta\/pracownik-produkcji-tworzywa-sztuczne-k-m-z-j-niemieckim-umowa-de-2\/","title":{"rendered":"Pracownik produkcji- tworzywa sztuczne (k\/m) z j.niemieckim | umowa DE"},"content":{"rendered":"<div>\u00a0<\/div>\n<div><strong>Pracownik produkcji wtrysku tworzyw sztucznych (k\/m)\u00a0<\/strong><\/div>\n<div><strong>Lokalizacja:<\/strong> okolice Stuttgartu, Niemcy\u00a0<\/div>\n<div><strong>Wynagrodzenie:<\/strong> 3 150 \u2013 3 300 Euro miesi\u0119cznie brutto\u00a0<\/div>\n<div><strong>Stawka godzinowa:<\/strong> 17,00 Euro brutto (+ 1,50 Euro brutto dodatku za znajomo\u015b\u0107 j\u0119zyka niemieckiego)\u00a0<\/div>\n<div><span style=\"font-size: 18px\"><strong>Oferujemy<\/strong><\/span><\/div>\n<ul>\n<li><strong>Stabilne zatrudnienie <\/strong>w oparciu o <strong>polsk\u0105 lub niemieck\u0105 umow\u0119<\/strong> o prac\u0119<\/li>\n<li style=\"font-weight: bold\"><strong>Zakwaterowanie<\/strong><\/li>\n<li style=\"font-weight: bold\"><strong>Premie za efektywno\u015b\u0107<\/strong><\/li>\n<li>Wsparcie polskiego koordynatora<\/li>\n<li>Wyp\u0142ata do 10 dnia miesi\u0105ca<\/li>\n<li>Praca w systemie dwuzmianowym<\/li>\n<li>Minimum 7,5 godziny pracy dziennie<\/li>\n<li><strong>100EUR<\/strong> za pe\u0142nienie funkcji kierowcy firmowego busa<\/li>\n<li><strong>100EUR<\/strong> brutto \u00a0za \u00a0POLECENIE pracownik\u00f3w do pracy<\/li>\n<li><strong>229,48EUR<\/strong> premii Urlabsgeld,<strong> 235,22EUR<\/strong> premii Weihnachtsgeld<\/li>\n<li>Mo\u017cliwo\u015b\u0107 d\u0142u\u017cszej wsp\u00f3\u0142pracy po zako\u0144czeniu projektu\u00a0<\/li>\n<\/ul>\n<div>\u00a0<\/div>\n<div><span style=\"font-size: 18px\"><strong>Obowi\u0105zki<\/strong><\/span><\/div>\n<ul>\n<li>Za\u0142adunek element\u00f3w do maszyn wtryskowych<\/li>\n<li>Odbi\u00f3r gotowych cz\u0119\u015bci z maszyn<\/li>\n<li>Obr\u00f3bka element\u00f3w oraz monta\u017c tulejek gwintowanych<\/li>\n<li>Usuwanie zadzior\u00f3w (gratowanie)<\/li>\n<li>Kontrola wizualna i jako\u015bciowa produkt\u00f3w\u00a0<\/li>\n<\/ul>\n<div>\u00a0<\/div>\n<div><strong>Wymagania<\/strong><\/div>\n<ul>\n<li>Komunikatywna znajomo\u015b\u0107 j\u0119zyka niemieckiego na poziomie A2<\/li>\n<li>Zdolno\u015bci manualne &#8211; staranno\u015b\u0107 i dok\u0142adno\u015b\u0107<\/li>\n<li>Dobra sprawno\u015b\u0107 fizyczna<\/li>\n<li>Gotowo\u015b\u0107 do pracy w systemie zmianowym<\/li>\n<\/ul>\n<div>\u00a0<\/div>\n<div><strong>Mile widziane:\u00a0<\/strong><\/div>\n<ul>\n<li>Wykszta\u0142cenie zawodowe (rzemie\u015blnicze)<\/li>\n<li>Do\u015bwiadczenie w pracy na produkcji\u00a0<\/li>\n<\/ul>\n<div>\u00a0<\/div>\n","protected":false},"excerpt":{"rendered":"<p>\u00a0 Pracownik produkcji wtrysku tworzyw sztucznych (k\/m)\u00a0 Lokalizacja: okolice Stuttgartu, Niemcy\u00a0 Wynagrodzenie: 3 150 \u2013 3 300 Euro miesi\u0119cznie brutto\u00a0 Stawka godzinowa: 17,00 Euro brutto (+ 1,50 Euro brutto dodatku&#8230;<\/p>\n","protected":false},"featured_media":0,"comment_status":"open","ping_status":"closed","template":"","meta":{"_acf_changed":false,"inline_featured_image":false},"product_brand":[],"product_cat":[56],"product_tag":[],"class_list":{"0":"post-15193","1":"product","2":"type-product","3":"status-publish","5":"product_cat-niemcy","6":"pa_branza-produkcja","7":"pa_dzial-praca-tymczasowa-zagranica","8":"pa_kraj-niemcy","9":"pa_obszar-pracy-okolice-stuttgartu","10":"pa_stanowisko-pracownik-produkcji","12":"first","13":"instock","14":"shipping-taxable","15":"product-type-simple"},"acf":{"idealWorkDescription":"","idealWorkCountry":"Niemcy","IdealWorkIndustry":"Produkcja","idealWorkDepartment":"Praca Tymczasowa Zagranica","idealWorkPlace":"Pracownik produkcji","idealZohoSkrypt":"","idealAplicationLink":"https:\/\/idealwork.traffit.com\/public\/form\/a\/d2cb8a839a6d85b40146dc2bb61ec59e7157303d","idealWorkArea":"okolice Stuttgartu","idealWorkHours":"","idealWorkLevel":"Pracownik produkcji","idealWorkSallary":"3 150 - 3 300 EUR brutto miesi\u0119cznie","idealWorkDataCreate":"2026-01-13","idealWorkDataExpiration":"2026-02-12","idealWorkVacancies":"1","recruitJobID":96,"stanowiskoZohoCRM":"","biale_kolnierzyki":false,"idealOfertaDlaPar":false,"idealOfertaOdZaraz":false,"idealOfertaTygodnia":false,"idealOfertaSuper":false},"_links":{"self":[{"href":"https:\/\/idealstaff.com\/pl\/wp-json\/wp\/v2\/product\/15193","targetHints":{"allow":["GET"]}}],"collection":[{"href":"https:\/\/idealstaff.com\/pl\/wp-json\/wp\/v2\/product"}],"about":[{"href":"https:\/\/idealstaff.com\/pl\/wp-json\/wp\/v2\/types\/product"}],"replies":[{"embeddable":true,"href":"https:\/\/idealstaff.com\/pl\/wp-json\/wp\/v2\/comments?post=15193"}],"wp:attachment":[{"href":"https:\/\/idealstaff.com\/pl\/wp-json\/wp\/v2\/media?parent=15193"}],"wp:term":[{"taxonomy":"product_brand","embeddable":true,"href":"https:\/\/idealstaff.com\/pl\/wp-json\/wp\/v2\/product_brand?post=15193"},{"taxonomy":"product_cat","embeddable":true,"href":"https:\/\/idealstaff.com\/pl\/wp-json\/wp\/v2\/product_cat?post=15193"},{"taxonomy":"product_tag","embeddable":true,"href":"https:\/\/idealstaff.com\/pl\/wp-json\/wp\/v2\/product_tag?post=15193"}],"curies":[{"name":"wp","href":"https:\/\/api.w.org\/{rel}","templated":true}]}}