{"id":15195,"date":"2026-01-19T14:55:35","date_gmt":"2026-01-19T13:55:35","guid":{"rendered":"https:\/\/idealstaff.com\/oferta\/praca-w-niemczech-dla-spawacza-131-aluminium-do-3950eur-na-reke-m-k\/"},"modified":"2026-03-02T15:13:04","modified_gmt":"2026-03-02T14:13:04","slug":"praca-w-niemczech-dla-spawacza-131-aluminium-do-3950eur-na-reke-m-k","status":"publish","type":"product","link":"https:\/\/idealstaff.com\/pl\/oferta\/praca-w-niemczech-dla-spawacza-131-aluminium-do-3950eur-na-reke-m-k\/","title":{"rendered":"Praca w Niemczech dla spawacza 131 aluminium | Do 3950EUR na r\u0119k\u0119 (m\/k)"},"content":{"rendered":"<div class=\"MsoNormal\"><span lang=\"EN-GB\">Zatrudnimy spawaczy MIG 131 do spawania aluminiowych element\u00f3w pojazd\u00f3w szynowych. Oferujemy stabiln\u0105 prac\u0119 stacjonarn\u0105 w nowoczesnym zak\u0142adzie produkcyjnym w Niemczech oraz atrakcyjne wynagrodzenie.<\/span><\/div>\n<div class=\"MsoNormal\"><span lang=\"EN-GB\"><strong>Miejsce pracy:<\/strong> Niemcy, Salzgitter <\/span><\/div>\n<div class=\"MsoNormal\"><span lang=\"EN-GB\"><strong>Wynagrodzenie:<\/strong> 3500-3950EUR netto<\/span><\/div>\n<div class=\"MsoNormal\"><strong><span lang=\"EN-GB\">Stawka godzinowa: <\/span><\/strong><span lang=\"EN-GB\">\u00a0<\/span><span lang=\"EN-GB\">29,12EUR brutto \/ godz.<\/span><\/div>\n<div class=\"MsoNormal\"><span lang=\"EN-GB\"><strong>Start pracy:<\/strong> stycze\u0144\/ luty<\/p>\n<p><\/span><\/div>\n<div class=\"MsoNormal\"><strong><span lang=\"EN-GB\">Zakres obowi\u0105zk\u00f3w:<\/span><\/strong><\/div>\n<ul>\n<li class=\"MsoNormal\"><span lang=\"EN-GB\">Spawanie element\u00f3w aluminiowych metod\u0105 MIG 131<\/span><\/li>\n<li class=\"MsoNormal\"><span lang=\"EN-GB\">Praca na elementach o grubo\u015bci od 8 do 18 mm<\/span><\/li>\n<li class=\"MsoNormal\"><span lang=\"EN-GB\">Spawy pachwinowe (Y, V) oraz doczo\u0142owe, r\u00f3\u017cne pozycje spawania<\/span><\/li>\n<li class=\"MsoNormal\"><span lang=\"EN-GB\">Czytanie rysunku technicznego<\/span><\/li>\n<li class=\"MsoNormal\"><span lang=\"EN-GB\">Dokumentowanie wykonanych prac<\/span><\/li>\n<\/ul>\n<div class=\"MsoNormal\"><span lang=\"EN-GB\">\u00a0<\/span><\/div>\n<div class=\"MsoNormal\"><strong><span lang=\"EN-GB\">Oferujemy:<\/span><\/strong><\/div>\n<ul>\n<li class=\"MsoNormal\"><span lang=\"EN-GB\">Niemieck\u0105 umow\u0119 o prac\u0119<\/span><\/li>\n<li class=\"MsoNormal\"><span lang=\"EN-GB\">Prac\u0119 od poniedzia\u0142ku do pi\u0105tku (mo\u017cliwo\u015b\u0107 pracy w soboty, wg aktualnego zapotrzebowania)<\/span><\/li>\n<li class=\"MsoNormal\"><span lang=\"EN-GB\">Darmowe zakwaterowanie \u2013 komfortowe, jednoosobowe pokoje<\/span><\/li>\n<li class=\"MsoNormal\"><span lang=\"EN-GB\">Mo\u017cliwo\u015b\u0107 wyp\u0142aty zaliczki<\/span><\/li>\n<li class=\"MsoNormal\"><span lang=\"EN-GB\">Wyp\u0142at\u0119 do 10. dnia ka\u017cdego miesi\u0105ca<\/span><\/li>\n<li class=\"MsoNormal\"><span lang=\"EN-GB\">Premi\u0119: Weihnachtsgeld i Urlaubsgeld<\/span><\/li>\n<li class=\"MsoNormal\"><span lang=\"EN-GB\">Premi\u0119 frekwencyjn\u0105<\/span><\/li>\n<li class=\"MsoNormal\"><span lang=\"EN-GB\">P\u0142atne \u015bwi\u0119ta wg kalendarza niemieckiego<\/span><\/li>\n<li class=\"MsoNormal\"><span lang=\"EN-GB\">Pe\u0142ne wyposa\u017cenie w odzie\u017c robocz\u0105 i sprz\u0119t spawalniczy<\/span><\/li>\n<\/ul>\n<div class=\"MsoNormal\"><span lang=\"EN-GB\">\u00a0<\/span><\/div>\n<div class=\"MsoNormal\"><strong><span lang=\"EN-GB\">Wymagania:<\/span><\/strong><\/div>\n<ul>\n<li class=\"MsoNormal\"><span lang=\"EN-GB\">Do\u015bwiadczenie w spawaniu aluminium metod\u0105 MIG 131<\/span><\/li>\n<li class=\"MsoNormal\"><span lang=\"EN-GB\">Umiej\u0119tno\u015b\u0107 pracy z rysunkiem technicznym<\/span><\/li>\n<li class=\"MsoNormal\"><span lang=\"EN-GB\">Gotowo\u015b\u0107 do pracy w systemie zmianowym (praca na trzy zmiany: 6:00-14:00, 14:00-22:00 22:00-06:00) <\/span><\/li>\n<\/ul>\n<div class=\"MsoNormal\"><span lang=\"EN-GB\">\u00a0<\/span><\/div>\n<div class=\"MsoNormal\"><strong><span lang=\"EN-GB\">Mile widziane:<\/span><\/strong><\/div>\n<ul>\n<li class=\"MsoNormal\"><span lang=\"EN-GB\">Certyfikat spawalniczy MIG 131 \u2013 aluminium<br \/>(w przypadku braku certyfikat mo\u017ce zosta\u0107 wyrobiony na miejscu na koszt pracodawcy)<\/span><\/li>\n<li class=\"MsoNormal\"><span lang=\"EN-GB\">Prawo jazdy oraz w\u0142asny \u015brodek transportu<\/span><\/li>\n<\/ul>\n<div class=\"MsoNormal\"><span lang=\"EN-GB\">\u00a0<\/span><\/div>\n<div class=\"MsoNormal\"><strong><span lang=\"EN-GB\">Aplikuj i dowiedz si\u0119 wi\u0119cej!<\/span><\/strong><\/div>\n<div>IDEAL WORK GERMANY SP. Z O.O. Numer wpisu do rejestru agencji zatrudnienia: 12001\u00a0<\/div>\n","protected":false},"excerpt":{"rendered":"<p>Zatrudnimy spawaczy MIG 131 do spawania aluminiowych element\u00f3w pojazd\u00f3w szynowych. Oferujemy stabiln\u0105 prac\u0119 stacjonarn\u0105 w nowoczesnym zak\u0142adzie produkcyjnym w Niemczech oraz atrakcyjne wynagrodzenie. Miejsce pracy: Niemcy, Salzgitter Wynagrodzenie: 3500-3950EUR netto&#8230;<\/p>\n","protected":false},"featured_media":0,"comment_status":"open","ping_status":"closed","template":"","meta":{"_acf_changed":false,"inline_featured_image":false},"product_brand":[],"product_cat":[56],"product_tag":[],"class_list":{"0":"post-15195","1":"product","2":"type-product","3":"status-publish","5":"product_cat-niemcy","6":"pa_branza-produkcja","7":"pa_dzial-praca-tymczasowa-zagranica","8":"pa_kraj-niemcy","9":"pa_obszar-pracy-okolice-hanower","10":"pa_stanowisko-spawacz","12":"first","13":"instock","14":"shipping-taxable","15":"product-type-simple"},"acf":{"idealWorkDescription":"","idealWorkCountry":"Niemcy","IdealWorkIndustry":"Produkcja","idealWorkDepartment":"Praca Tymczasowa Zagranica","idealWorkPlace":"Spawacz","idealZohoSkrypt":"","idealAplicationLink":"https:\/\/idealwork.traffit.com\/public\/form\/a\/7a4500cd8bc8809086cd32fd8176a1db5447343d","idealWorkArea":"okolice Hanower","idealWorkHours":"","idealWorkLevel":"Spawacz","idealWorkSallary":"3500-3950 EUR miesi\u0119cznie netto","idealWorkDataCreate":"2026-01-16","idealWorkDataExpiration":"2026-03-31","idealWorkVacancies":"1","recruitJobID":97,"stanowiskoZohoCRM":"","biale_kolnierzyki":false,"idealOfertaDlaPar":false,"idealOfertaOdZaraz":false,"idealOfertaTygodnia":false,"idealOfertaSuper":false},"_links":{"self":[{"href":"https:\/\/idealstaff.com\/pl\/wp-json\/wp\/v2\/product\/15195","targetHints":{"allow":["GET"]}}],"collection":[{"href":"https:\/\/idealstaff.com\/pl\/wp-json\/wp\/v2\/product"}],"about":[{"href":"https:\/\/idealstaff.com\/pl\/wp-json\/wp\/v2\/types\/product"}],"replies":[{"embeddable":true,"href":"https:\/\/idealstaff.com\/pl\/wp-json\/wp\/v2\/comments?post=15195"}],"wp:attachment":[{"href":"https:\/\/idealstaff.com\/pl\/wp-json\/wp\/v2\/media?parent=15195"}],"wp:term":[{"taxonomy":"product_brand","embeddable":true,"href":"https:\/\/idealstaff.com\/pl\/wp-json\/wp\/v2\/product_brand?post=15195"},{"taxonomy":"product_cat","embeddable":true,"href":"https:\/\/idealstaff.com\/pl\/wp-json\/wp\/v2\/product_cat?post=15195"},{"taxonomy":"product_tag","embeddable":true,"href":"https:\/\/idealstaff.com\/pl\/wp-json\/wp\/v2\/product_tag?post=15195"}],"curies":[{"name":"wp","href":"https:\/\/api.w.org\/{rel}","templated":true}]}}