{"id":15203,"date":"2026-01-20T11:21:29","date_gmt":"2026-01-20T10:21:29","guid":{"rendered":"https:\/\/idealstaff.com\/oferta\/magazynier-niemcy-codzienne-dojazdy-do-pracy-z-slubic-m-k\/"},"modified":"2026-04-15T16:42:16","modified_gmt":"2026-04-15T14:42:16","slug":"magazynier-niemcy-codzienne-dojazdy-do-pracy-z-slubic-m-k","status":"publish","type":"product","link":"https:\/\/idealstaff.com\/pl\/oferta\/magazynier-niemcy-codzienne-dojazdy-do-pracy-z-slubic-m-k\/","title":{"rendered":"Magazynier Niemcy &#8211; codzienne dojazdy do pracy z S\u0142ubic (m\/k)"},"content":{"rendered":"<div><strong>Lokalizacja: <\/strong>Okolice Berlina<\/div>\n<div><strong>Wynagrodzenie miesi\u0119czne:<\/strong> 2 600- 2 650EUR brutto<\/div>\n<div><strong>Stawka godzinowa brutto:<\/strong> 13,90EUR\/h stawka dzienna, 17,38EUR\/h stawka nocna<\/div>\n<div>\u00a0<\/div>\n<div><strong>Zadania:<\/strong><\/div>\n<ul>\n<li>Roz\u0142adunek\/za\u0142adunek przesy\u0142ek kurierskich<\/li>\n<\/ul>\n<div>\u00a0<\/div>\n<div><strong>Wymagania:<\/strong><\/div>\n<ul>\n<li style=\"font-weight: bold\"><strong>Prawo jazdy kat. B (150EUR premii dla kierowc\u00f3w auta s\u0142u\u017cbowego)<\/strong><\/li>\n<li>Wysoka sprawno\u015b\u0107 fizyczna<\/li>\n<li>Plan pracy na min. 3 miesi\u0105ce<\/li>\n<\/ul>\n<div>\u00a0<\/div>\n<div><strong>Mile widziane:<\/strong><\/div>\n<ul>\n<li>Do\u015bwiadczenie w pracy fizycznej<\/li>\n<\/ul>\n<div>\u00a0<\/div>\n<div><strong>Oferujemy<\/strong>:<\/div>\n<ul>\n<li>Niemiecka umowa<\/li>\n<li>Codzienne dojazdy z S\u0142ubic do Niemiec firmowymi busami<\/li>\n<li>Wsparcie polskiego koordynatora<\/li>\n<li>Wyp\u0142ata do 10 dnia miesi\u0105ca<\/li>\n<li>100EUR brutto \u00a0za \u00a0POLECENIE pracownik\u00f3w do pracy<\/li>\n<li>235,22EUR premii Weihnachtsgeld<\/li>\n<\/ul>\n<div>\u00a0<\/div>\n<div><strong>Mo\u017cliwo\u015bci:<\/strong><\/div>\n<ul>\n<li>Szkolenia i rozw\u00f3j na lidera\/brygadzist\u0119<\/li>\n<\/ul>\n<div>\u00a0<\/div>\n<div>Zainteresowany? Skontaktuj si\u0119 z nami!<\/div>\n<div>IDEAL WORK GERMANY SP. Z O.O. Numer wpisu do rejestru agencji zatrudnienia: 12001\u00a0<\/div>\n<div>IDEAL WORK \u2013 to polska agencja pracy tymczasowej, kt\u00f3ra wsp\u00f3\u0142pracuje z najwi\u0119kszymi dostawcami us\u0142ug kurierskich w Europie oraz z firmami z bran\u017cy produkcji, automotive, rolnictwa czy meblarskiej.<\/div>\n<div>Przez lata naszej dzia\u0142alno\u015bci na rynku niemieckim zapewnili\u015bmy miejsca pracy tysi\u0105com pracownikom z Polski. Do\u0142\u0105cz do grona zadowolonych pracownik\u00f3w i spr\u00f3buj swoich si\u0142 w pracy w Niemczech z IDEAL!<\/div>\n<div>Zapoznaj si\u0119 z nasz\u0105 Polityk\u0105 prywatno\u015bci i tym, w jaki spos\u00f3b b\u0119dziemy przetwarza\u0107 Twoje dane osobowe https:\/\/idealstaff.com\/pl\/polityka-prywatnosci-i-cookies\/.<\/div>\n","protected":false},"excerpt":{"rendered":"<p>Lokalizacja: Okolice Berlina Wynagrodzenie miesi\u0119czne: 2 600- 2 650EUR brutto Stawka godzinowa brutto: 13,90EUR\/h stawka dzienna, 17,38EUR\/h stawka nocna \u00a0 Zadania: Roz\u0142adunek\/za\u0142adunek przesy\u0142ek kurierskich \u00a0 Wymagania: Prawo jazdy kat. B&#8230;<\/p>\n","protected":false},"featured_media":0,"comment_status":"open","ping_status":"closed","template":"","meta":{"_acf_changed":false,"inline_featured_image":false},"product_brand":[],"product_cat":[56],"product_tag":[],"class_list":{"0":"post-15203","1":"product","2":"type-product","3":"status-publish","5":"product_cat-niemcy","6":"pa_branza-logistyka","7":"pa_dzial-praca-tymczasowa-zagranica","8":"pa_kraj-niemcy","9":"pa_obszar-pracy-okolice-berlin","10":"pa_stanowisko-magazynier","12":"first","13":"instock","14":"shipping-taxable","15":"product-type-simple"},"acf":{"idealWorkDescription":"","idealWorkCountry":"Niemcy","IdealWorkIndustry":"Logistyka","idealWorkDepartment":"Praca Tymczasowa Zagranica","idealWorkPlace":"Magazynier","idealZohoSkrypt":"","idealAplicationLink":"https:\/\/idealwork.traffit.com\/public\/form\/a\/c2f5c9a4f5e76a64a806f4d10ac1a6cc4b38343d","idealWorkArea":"okolice Berlin","idealWorkHours":"","idealWorkLevel":"Magazynier","idealWorkSallary":"2 600 - 2 650EUR brutto miesi\u0119cznie","idealWorkDataCreate":"2026-03-27","idealWorkDataExpiration":"","idealWorkVacancies":"1","recruitJobID":98,"stanowiskoZohoCRM":"","biale_kolnierzyki":false,"idealOfertaDlaPar":false,"idealOfertaOdZaraz":false,"idealOfertaTygodnia":false,"idealOfertaSuper":false},"_links":{"self":[{"href":"https:\/\/idealstaff.com\/pl\/wp-json\/wp\/v2\/product\/15203","targetHints":{"allow":["GET"]}}],"collection":[{"href":"https:\/\/idealstaff.com\/pl\/wp-json\/wp\/v2\/product"}],"about":[{"href":"https:\/\/idealstaff.com\/pl\/wp-json\/wp\/v2\/types\/product"}],"replies":[{"embeddable":true,"href":"https:\/\/idealstaff.com\/pl\/wp-json\/wp\/v2\/comments?post=15203"}],"wp:attachment":[{"href":"https:\/\/idealstaff.com\/pl\/wp-json\/wp\/v2\/media?parent=15203"}],"wp:term":[{"taxonomy":"product_brand","embeddable":true,"href":"https:\/\/idealstaff.com\/pl\/wp-json\/wp\/v2\/product_brand?post=15203"},{"taxonomy":"product_cat","embeddable":true,"href":"https:\/\/idealstaff.com\/pl\/wp-json\/wp\/v2\/product_cat?post=15203"},{"taxonomy":"product_tag","embeddable":true,"href":"https:\/\/idealstaff.com\/pl\/wp-json\/wp\/v2\/product_tag?post=15203"}],"curies":[{"name":"wp","href":"https:\/\/api.w.org\/{rel}","templated":true}]}}