{"id":15208,"date":"2026-01-21T13:29:48","date_gmt":"2026-01-21T12:29:48","guid":{"rendered":"https:\/\/idealstaff.com\/oferta\/pracownik-produkcji-praca-od-zaraz-niemcy-m-k\/"},"modified":"2026-03-17T14:48:48","modified_gmt":"2026-03-17T13:48:48","slug":"pracownik-produkcji-praca-od-zaraz-niemcy-m-k","status":"publish","type":"product","link":"https:\/\/idealstaff.com\/pl\/oferta\/pracownik-produkcji-praca-od-zaraz-niemcy-m-k\/","title":{"rendered":"PRACOWNIK PRODUKCJI z autem- Praca od zaraz | Niemcy (m\/k)"},"content":{"rendered":"<div>Dla naszego klienta z bran\u017cy przetw\u00f3rstwa \u017cywno\u015bci poszukujemy os\u00f3b do lekkiej pracy na produkcji. Je\u015bli interesuje Ci\u0119 praca na produkcji i zale\u017cy Ci na szybkim wyje\u017adzie, aplikuj!<br \/>\nLokalizacja: Okolice Kilonii<strong>\u00a0Wynagrodzenie: <\/strong>2\u202f500- 2\u202f750EUR brutto<br \/>\n<strong>Stawka godzinowa:<\/strong>15EUR brutto<\/p>\n<p><strong>\u00a0Zadania: <\/strong><\/p>\n<\/div>\n<ul>\n<li>Praca na jednym z dzia\u0142\u00f3w:<\/li>\n<\/ul>\n<div>-Pakowanie (maszyny do termoformowania pr\u00f3\u017cniowego)<br \/>\n-Wysy\u0142ka i etykietowanie (linie do karton\u00f3w i etykiet)<br \/>\n<strong>\u00a0Wymagania:\u00a0<\/strong><\/div>\n<ul>\n<li>W\u0142asne auto<\/li>\n<li>Gotowo\u015b\u0107 do pracy fizycznej<\/li>\n<li>Dyspozycyjno\u015b\u0107 do pracy w godzinach 6:00\u201315:00<\/li>\n<li>sumienno\u015b\u0107 i dok\u0142adno\u015b\u0107<\/li>\n<\/ul>\n<div><strong>\u00a0Oferujemy:\u00a0<\/strong><\/div>\n<ul>\n<li>Zakwaterowanie<\/li>\n<li>Pomoc w doje\u017adzie do Niemiec<\/li>\n<li>Ubezpieczenie<\/li>\n<li>Wsparcie polskiego koordynatora na miejscu<\/li>\n<li>Prac\u0119 w stabilnym systemie zmianowym (tylko dzienna zmiana: 6:00\u201315:00)<\/li>\n<li>Wyp\u0142ata do 10 dnia miesi\u0105ca<\/li>\n<li>100 EUR brutto za polecenie pracownika<\/li>\n<li>229,48EUR premii Urlabsgeld, 235,22EUR premii Weihnachtsgeld<br \/>\n<strong>\u00a0<\/strong><\/li>\n<\/ul>\n<div><strong>Mile widziane:\u00a0<\/strong><\/div>\n<ul>\n<li>\u00a0Do\u015bwiadczenie w pracy na produkcji lub w bran\u017cy mi\u0119snej<\/li>\n<li>Prawo jazdy kat. BZainteresowany? Skontaktuj si\u0119 z nami!\n<div data-pm-slice=\"1 1 []\"><strong>IDEAL WORK<\/strong>\u00a0\u2013 to polska agencja pracy tymczasowej, kt\u00f3ra wsp\u00f3\u0142pracuje z najwi\u0119kszymi dostawcami us\u0142ug kurierskich w Europie oraz z firmami z bran\u017cy produkcji, automotive, rolnictwa czy meblarskiej.<\/div>\n<div>Przez lata naszej dzia\u0142alno\u015bci na rynku niemieckim zapewnili\u015bmy miejsca pracy tysi\u0105com pracownikom z Polski. Do\u0142\u0105cz do grona zadowolonych pracownik\u00f3w i spr\u00f3buj swoich si\u0142 w pracy w Niemczech z IDEAL!<\/div>\n<div>Zapoznaj si\u0119 z nasz\u0105 Polityk\u0105 prywatno\u015bci i tym, w jaki spos\u00f3b b\u0119dziemy przetwarza\u0107 Twoje dane osobowe https:\/\/idealstaff.com\/pl\/polityka-prywatnosci-i-cookies\/.<\/div>\n<div><\/div>\n<\/li>\n<\/ul>\n","protected":false},"excerpt":{"rendered":"<p>Dla naszego klienta z bran\u017cy przetw\u00f3rstwa \u017cywno\u015bci poszukujemy os\u00f3b do lekkiej pracy na produkcji. Je\u015bli interesuje Ci\u0119 praca na produkcji i zale\u017cy Ci na szybkim wyje\u017adzie, aplikuj! Lokalizacja: Okolice Kilonii\u00a0Wynagrodzenie:&#8230;<\/p>\n","protected":false},"featured_media":0,"comment_status":"open","ping_status":"closed","template":"","meta":{"_acf_changed":false,"inline_featured_image":false},"product_brand":[],"product_cat":[56],"product_tag":[],"class_list":{"0":"post-15208","1":"product","2":"type-product","3":"status-publish","5":"product_cat-niemcy","6":"pa_branza-produkcja","7":"pa_dzial-praca-tymczasowa-zagranica","8":"pa_kraj-niemcy","9":"pa_obszar-pracy-okolice-kilonii","10":"pa_stanowisko-pracownik-produkcji","12":"first","13":"instock","14":"shipping-taxable","15":"product-type-simple"},"acf":{"idealWorkDescription":"","idealWorkCountry":"Niemcy","IdealWorkIndustry":"Produkcja","idealWorkDepartment":"Praca Tymczasowa Zagranica","idealWorkPlace":"Pracownik produkcji","idealZohoSkrypt":"","idealAplicationLink":"https:\/\/idealwork.traffit.com\/public\/form\/a\/2ae78a6e3001a1722172e1dced7cccb13256493d","idealWorkArea":"okolice Kilonii","idealWorkHours":"","idealWorkLevel":"Pracownik produkcji","idealWorkSallary":"2500-2750EUR brutto miesi\u0119cznie","idealWorkDataCreate":"2026-01-20","idealWorkDataExpiration":"2026-03-04","idealWorkVacancies":"1","recruitJobID":64,"stanowiskoZohoCRM":"","biale_kolnierzyki":false,"idealOfertaDlaPar":false,"idealOfertaOdZaraz":false,"idealOfertaTygodnia":false,"idealOfertaSuper":false},"_links":{"self":[{"href":"https:\/\/idealstaff.com\/pl\/wp-json\/wp\/v2\/product\/15208","targetHints":{"allow":["GET"]}}],"collection":[{"href":"https:\/\/idealstaff.com\/pl\/wp-json\/wp\/v2\/product"}],"about":[{"href":"https:\/\/idealstaff.com\/pl\/wp-json\/wp\/v2\/types\/product"}],"replies":[{"embeddable":true,"href":"https:\/\/idealstaff.com\/pl\/wp-json\/wp\/v2\/comments?post=15208"}],"wp:attachment":[{"href":"https:\/\/idealstaff.com\/pl\/wp-json\/wp\/v2\/media?parent=15208"}],"wp:term":[{"taxonomy":"product_brand","embeddable":true,"href":"https:\/\/idealstaff.com\/pl\/wp-json\/wp\/v2\/product_brand?post=15208"},{"taxonomy":"product_cat","embeddable":true,"href":"https:\/\/idealstaff.com\/pl\/wp-json\/wp\/v2\/product_cat?post=15208"},{"taxonomy":"product_tag","embeddable":true,"href":"https:\/\/idealstaff.com\/pl\/wp-json\/wp\/v2\/product_tag?post=15208"}],"curies":[{"name":"wp","href":"https:\/\/api.w.org\/{rel}","templated":true}]}}