{"id":15226,"date":"2026-01-29T13:02:24","date_gmt":"2026-01-29T12:02:24","guid":{"rendered":"https:\/\/idealstaff.com\/oferta\/operator-cnc-praca-w-niemczech-umowa-pl-lub-de-m-k\/"},"modified":"2026-04-23T21:28:01","modified_gmt":"2026-04-23T19:28:01","slug":"operator-cnc-praca-w-niemczech-umowa-pl-lub-de-m-k","status":"publish","type":"product","link":"https:\/\/idealstaff.com\/pl\/oferta\/operator-cnc-praca-w-niemczech-umowa-pl-lub-de-m-k\/","title":{"rendered":"Operator frezarki\/tokarki CNC | Praca w Niemczech | UMOWA PL LUB DE (m\/k)"},"content":{"rendered":"<div class=\"MsoNormal\"><strong>Miejsce pracy:<\/strong> Niemcy, okolice Monachium<\/div>\n<div class=\"MsoNormal\"><strong>Wynagrodzenie:<\/strong> <span lang=\"EN-GB\">4000 \u2013 4200EUR Brutto<\/span><\/div>\n<div class=\"MsoNormal\"><span lang=\"EN-GB\"><strong>Stawka godzinowa:<\/strong> 22EUR Brutto\/ h<\/span><\/div>\n<div class=\"MsoNormal\"><\/div>\n<div class=\"MsoNormal\"><strong>Zadania:<\/strong><\/div>\n<ul>\n<li class=\"MsoNormal\">Przygotowanie cz\u0119\u015bci, wykonywanie pomiar\u00f3w, korekt oraz wymiana narz\u0119dzi<\/li>\n<li class=\"MsoNormal\">Wk\u0142adanie element\u00f3w do maszyny oraz z\u0142o\u017conych cz\u0119\u015bci seryjnych do frezarek<\/li>\n<li class=\"MsoNormal\">Optymalizacja procesu obr\u00f3bki<\/li>\n<li class=\"MsoNormal\">Gratowanie element\u00f3w, polegaj\u0105ce na usuwaniu ostrych kraw\u0119dzi oraz zadzior\u00f3w z element\u00f3w<\/li>\n<\/ul>\n<div class=\"MsoNormal\"><strong>Wymagania:<\/strong><\/div>\n<ul>\n<li class=\"MsoNormal\">Wykszta\u0142cenie zawodowe jako tokarz\/frezarz CNC lub w pokrewnej dziedzinie lub do\u015bwiadczenie w obs\u0142udze tokarek\/frezarek CNC<\/li>\n<li class=\"MsoNormal\">Umiej\u0119tno\u015b\u0107 precyzyjnej pracy oraz dba\u0142o\u015b\u0107 o wysok\u0105 jako\u015b\u0107 wykonywanych element\u00f3w<\/li>\n<li class=\"MsoNormal\">Elastyczno\u015b\u0107 oraz umiej\u0119tno\u015b\u0107 pracy w zespole<\/li>\n<li class=\"MsoNormal\">Inicjatywa w\u0142asna w realizacji powierzonych zada\u0144<\/li>\n<li class=\"MsoNormal\">Niezawodno\u015b\u0107 oraz odpowiedzialno\u015b\u0107 w procesie produkcyjnym<\/li>\n<\/ul>\n<div class=\"MsoNormal\"><strong>\u00a0Mile widziane:<\/strong><\/div>\n<ul>\n<li class=\"MsoNormal\">Znajomo\u015b\u0107 j\u0119zyka niemieckiego<\/li>\n<\/ul>\n<div class=\"MsoNormal\"><strong>Oferujemy:<\/strong><\/div>\n<ul>\n<li class=\"MsoNormal\">Niemieck\u0105 lub polsk\u0105 umow\u0119 o prac\u0119<\/li>\n<li class=\"MsoNormal\"><span lang=\"EN-GB\">Zakwaterowanie <\/span><\/li>\n<li class=\"MsoNormal\"><span lang=\"EN-GB\">Wsparcie polskiego koordynatora<\/span><\/li>\n<li class=\"MsoNormal\"><span lang=\"EN-GB\">Pomoc w doje\u017adzie do Niemiec<\/span><\/li>\n<li class=\"MsoNormal\"><span lang=\"EN-GB\">Ubezpieczenie<\/span><\/li>\n<li class=\"MsoNormal\"><span lang=\"EN-GB\">Wyp\u0142ata do 10 dnia miesi\u0105ca<\/span><\/li>\n<li class=\"MsoNormal\"><span lang=\"EN-GB\">100EUR brutto\u00a0 za\u00a0 POLECENIE pracownik\u00f3w do pracy<\/span><\/li>\n<li class=\"MsoNormal\"><span lang=\"EN-GB\">229,48EUR premii Urlabsgeld, 235,22EUR premii Weihnachtsgeld<\/span><\/li>\n<\/ul>\n<div class=\"MsoNormal\"><\/div>\n<div class=\"MsoNormal\"><strong><span lang=\"EN-GB\">Aplikuj i dowiedz si\u0119 wi\u0119cej!<\/span><\/strong><\/div>\n<div>IDEAL WORK GERMANY SP. Z O.O. Numer wpisu do rejestru agencji zatrudnienia: 12001<\/div>\n","protected":false},"excerpt":{"rendered":"<p>Miejsce pracy: Niemcy, okolice Monachium Wynagrodzenie: 4000 \u2013 4200EUR Brutto Stawka godzinowa: 22EUR Brutto\/ h Zadania: Przygotowanie cz\u0119\u015bci, wykonywanie pomiar\u00f3w, korekt oraz wymiana narz\u0119dzi Wk\u0142adanie element\u00f3w do maszyny oraz z\u0142o\u017conych&#8230;<\/p>\n","protected":false},"featured_media":0,"comment_status":"open","ping_status":"closed","template":"","meta":{"_acf_changed":false,"inline_featured_image":false},"product_brand":[],"product_cat":[56],"product_tag":[],"class_list":{"0":"post-15226","1":"product","2":"type-product","3":"status-publish","5":"product_cat-niemcy","6":"pa_branza-produkcja","7":"pa_dzial-praca-tymczasowa-zagranica","8":"pa_kraj-niemcy","9":"pa_obszar-pracy-okolice-monachium","10":"pa_stanowisko-operator-cnc","12":"first","13":"instock","14":"shipping-taxable","15":"product-type-simple"},"acf":{"idealWorkDescription":"","idealWorkCountry":"Niemcy","IdealWorkIndustry":"Produkcja","idealWorkDepartment":"Praca Tymczasowa Zagranica","idealWorkPlace":"Operator CNC","idealZohoSkrypt":"","idealAplicationLink":"https:\/\/idealwork.traffit.com\/public\/form\/a\/75de26e9b091550d02ba7b0066e5fe9d4a496b3d","idealWorkArea":"okolice Monachium","idealWorkHours":"","idealWorkLevel":"Operator CNC","idealWorkSallary":"4000 - 4200EUR brutto","idealWorkDataCreate":"2026-01-28","idealWorkDataExpiration":"2026-04-30","idealWorkVacancies":"1","recruitJobID":99,"stanowiskoZohoCRM":"","biale_kolnierzyki":false,"idealOfertaDlaPar":false,"idealOfertaOdZaraz":false,"idealOfertaTygodnia":false,"idealOfertaSuper":false},"_links":{"self":[{"href":"https:\/\/idealstaff.com\/pl\/wp-json\/wp\/v2\/product\/15226","targetHints":{"allow":["GET"]}}],"collection":[{"href":"https:\/\/idealstaff.com\/pl\/wp-json\/wp\/v2\/product"}],"about":[{"href":"https:\/\/idealstaff.com\/pl\/wp-json\/wp\/v2\/types\/product"}],"replies":[{"embeddable":true,"href":"https:\/\/idealstaff.com\/pl\/wp-json\/wp\/v2\/comments?post=15226"}],"wp:attachment":[{"href":"https:\/\/idealstaff.com\/pl\/wp-json\/wp\/v2\/media?parent=15226"}],"wp:term":[{"taxonomy":"product_brand","embeddable":true,"href":"https:\/\/idealstaff.com\/pl\/wp-json\/wp\/v2\/product_brand?post=15226"},{"taxonomy":"product_cat","embeddable":true,"href":"https:\/\/idealstaff.com\/pl\/wp-json\/wp\/v2\/product_cat?post=15226"},{"taxonomy":"product_tag","embeddable":true,"href":"https:\/\/idealstaff.com\/pl\/wp-json\/wp\/v2\/product_tag?post=15226"}],"curies":[{"name":"wp","href":"https:\/\/api.w.org\/{rel}","templated":true}]}}