{"id":15338,"date":"2026-03-11T11:45:56","date_gmt":"2026-03-11T10:45:56","guid":{"rendered":"https:\/\/idealstaff.com\/oferta\/magazynier-w-branzy-meblowej-niemcy-zakwaterowanie-m-k\/"},"modified":"2026-04-15T17:00:45","modified_gmt":"2026-04-15T15:00:45","slug":"magazynier-w-branzy-meblowej-niemcy-zakwaterowanie-m-k","status":"publish","type":"product","link":"https:\/\/idealstaff.com\/pl\/oferta\/magazynier-w-branzy-meblowej-niemcy-zakwaterowanie-m-k\/","title":{"rendered":"Magazynier w bran\u017cy meblowej Niemcy | Zakwaterowanie (m\/k)"},"content":{"rendered":"<div data-pm-slice=\"1 1 []\"><strong>Lokalizacja:\u00a0<\/strong>okolice Monachium<\/div>\n<div><strong>Wynagrodzenie:\u00a0<\/strong>2 700\u2013 2 850EUR brutto miesi\u0119cznie<\/div>\n<div><strong>Stawka godzinowa brutto:<\/strong> 15,29EUR, po 6 tygodniach pracy 15,90EUR<\/div>\n<div><strong>Zadania:<\/strong><\/div>\n<ul>\n<li>\n<div>Praca przy roz\u0142adunku i za\u0142adunku kontener\u00f3w<\/div>\n<\/li>\n<\/ul>\n<div><strong>Wymagania:<\/strong><\/div>\n<ul>\n<li>\n<div>Sprawno\u015b\u0107 fizyczna<\/div>\n<\/li>\n<\/ul>\n<div><strong>Mile widziane:<\/strong><\/div>\n<ul>\n<li>\n<div>Prawo jazdy kat. B (125EUR brutto premii za prowadzenie firmowego busa)<\/div>\n<\/li>\n<\/ul>\n<div><strong>Oferujemy:<\/strong><\/div>\n<ul>\n<li>\n<div>Zakwaterowanie z wifi<\/div>\n<\/li>\n<li>\n<div>Wsparcie polskiego koordynatora<\/div>\n<\/li>\n<li>\n<div>Pomoc w doje\u017adzie do Niemiec<\/div>\n<\/li>\n<li>\n<div>Ubezpieczenie<\/div>\n<\/li>\n<li>Mo\u017cliwo\u015b\u0107 nadgodzin<\/li>\n<li>Mo\u017cliwo\u015b\u0107 dodatkowej pracy w 2 soboty w miesi\u0105cu (+200 EUR brutto dodatku)<\/li>\n<li>\n<div>Dojazd firmowymi busami<\/div>\n<\/li>\n<li>\n<div>Wyp\u0142ata do 10 dnia miesi\u0105ca<\/div>\n<\/li>\n<li>\n<div>100EUR brutto\u00a0 za\u00a0 POLECENIE pracownik\u00f3w do pracy<\/div>\n<\/li>\n<li>\n<div>229,48EUR premii Urlabsgeld, 235,22EUR premii Weihnachtsgeld<\/div>\n<\/li>\n<\/ul>\n<div><strong>Mo\u017cliwo\u015bci:<\/strong><\/div>\n<ul>\n<li>\n<div>Szkolenia i rozw\u00f3j na lidera\/brygadzist\u0119<\/div>\n<div>\u00a0<\/div>\n<div><strong>Zainteresowany? Kliknij przycisk &#8220;Aplikuj&#8221; i wype\u0142nij kr\u00f3tki formularz!<\/strong><\/div>\n<\/li>\n<\/ul>\n<div data-pm-slice=\"1 1 []\">IDEAL WORK GERMANY SP. Z O.O. Numer wpisu do rejestru agencji zatrudnienia: 12001\u00a0<\/div>\n","protected":false},"excerpt":{"rendered":"<p>Lokalizacja:\u00a0okolice Monachium Wynagrodzenie:\u00a02 700\u2013 2 850EUR brutto miesi\u0119cznie Stawka godzinowa brutto: 15,29EUR, po 6 tygodniach pracy 15,90EUR Zadania: Praca przy roz\u0142adunku i za\u0142adunku kontener\u00f3w Wymagania: Sprawno\u015b\u0107 fizyczna Mile widziane: Prawo&#8230;<\/p>\n","protected":false},"featured_media":0,"comment_status":"open","ping_status":"closed","template":"","meta":{"_acf_changed":false,"inline_featured_image":false},"product_brand":[],"product_cat":[56],"product_tag":[],"class_list":{"0":"post-15338","1":"product","2":"type-product","3":"status-publish","5":"product_cat-niemcy","6":"pa_dzial-praca-tymczasowa-zagranica","7":"pa_kraj-niemcy","8":"pa_obszar-pracy-okolice-monachium","9":"pa_stanowisko-magazynier","11":"first","12":"instock","13":"shipping-taxable","14":"product-type-simple"},"acf":{"idealWorkDescription":"","idealWorkCountry":"Niemcy","IdealWorkIndustry":"","idealWorkDepartment":"Praca Tymczasowa Zagranica","idealWorkPlace":"Magazynier","idealZohoSkrypt":"","idealAplicationLink":"https:\/\/idealwork.traffit.com\/public\/form\/a\/293bf8133539e9e551db3338f2262a8c63745270?utm_source=IDEALGRUPA.PL-APLIKACJA","idealWorkArea":"okolice Monachium","idealWorkHours":"","idealWorkLevel":"Magazynier","idealWorkSallary":"2700 - 2850EUR miesi\u0119cznie","idealWorkDataCreate":"2026-02-10","idealWorkDataExpiration":"","idealWorkVacancies":"1","recruitJobID":101,"stanowiskoZohoCRM":"","biale_kolnierzyki":false,"idealOfertaDlaPar":false,"idealOfertaOdZaraz":false,"idealOfertaTygodnia":false,"idealOfertaSuper":false},"_links":{"self":[{"href":"https:\/\/idealstaff.com\/pl\/wp-json\/wp\/v2\/product\/15338","targetHints":{"allow":["GET"]}}],"collection":[{"href":"https:\/\/idealstaff.com\/pl\/wp-json\/wp\/v2\/product"}],"about":[{"href":"https:\/\/idealstaff.com\/pl\/wp-json\/wp\/v2\/types\/product"}],"replies":[{"embeddable":true,"href":"https:\/\/idealstaff.com\/pl\/wp-json\/wp\/v2\/comments?post=15338"}],"wp:attachment":[{"href":"https:\/\/idealstaff.com\/pl\/wp-json\/wp\/v2\/media?parent=15338"}],"wp:term":[{"taxonomy":"product_brand","embeddable":true,"href":"https:\/\/idealstaff.com\/pl\/wp-json\/wp\/v2\/product_brand?post=15338"},{"taxonomy":"product_cat","embeddable":true,"href":"https:\/\/idealstaff.com\/pl\/wp-json\/wp\/v2\/product_cat?post=15338"},{"taxonomy":"product_tag","embeddable":true,"href":"https:\/\/idealstaff.com\/pl\/wp-json\/wp\/v2\/product_tag?post=15338"}],"curies":[{"name":"wp","href":"https:\/\/api.w.org\/{rel}","templated":true}]}}