{"id":15371,"date":"2026-03-10T18:59:37","date_gmt":"2026-03-10T17:59:37","guid":{"rendered":"https:\/\/idealstaff.com\/oferta\/operator-wozka-udt-wysokiego-skladu-niemcy-z-angielskim\/"},"modified":"2026-03-12T13:53:38","modified_gmt":"2026-03-12T12:53:38","slug":"operator-wozka-udt-wysokiego-skladu-niemcy-z-angielskim","status":"publish","type":"product","link":"https:\/\/idealstaff.com\/pl\/oferta\/operator-wozka-udt-wysokiego-skladu-niemcy-z-angielskim\/","title":{"rendered":"Operator w\u00f3zka UDT wysokiego sk\u0142adu z niemieckim | Praca Niemcy (m\/k)"},"content":{"rendered":"<div class=\"MsoNormal\">Dla naszego klienta z bran\u017cy logistycznej poszukujemy do\u015bwiadczonego operatora w\u00f3zka wid\u0142owego bocznego wysokiego sk\u0142adowania. Je\u015bli masz do\u015bwiadczenie w pracy magazynowej i pos\u0142ugujesz si\u0119 j\u0119zykiem niemieckim w stopniu komunikatywnym \u2013 zapraszamy do aplikowania!<\/div>\n<div class=\"MsoNormal\"><strong>Lokalizacja: <\/strong>Okolice Kolonii<\/div>\n<div class=\"MsoNormal\"><strong>Wynagrodzenie:<\/strong> 2800 &#8211; 3000EUR brutto miesi\u0119cznie<\/div>\n<div class=\"MsoNormal\"><strong>Stawka godzinowa:<\/strong> 18EUR brutto\/h<\/div>\n<div class=\"MsoNormal\"><strong>Zadania:<\/strong><\/div>\n<ul>\n<li class=\"MsoNormal\">Obs\u0142uga w\u00f3zka wid\u0142owego bocznego wysokiego sk\u0142adowania<\/li>\n<li class=\"MsoNormal\">Roz\u0142adunek, za\u0142adunek opon na ci\u0119\u017car\u00f3wk\u0119<\/li>\n<li class=\"MsoNormal\">Komisjonowanie opon z magazynu zgodnie z list\u0105 zam\u00f3wie\u0144<\/li>\n<\/ul>\n<div class=\"MsoNormal\"><\/div>\n<div class=\"MsoNormal\"><strong>Wymagania:<\/strong><\/div>\n<ul>\n<li class=\"MsoNormal\">Uprawnienia UDT na w\u00f3zki boczne wysokiego sk\u0142adowania<\/li>\n<li style=\"font-weight: bold;\"><strong>Znajomo\u015b\u0107 j\u0119zyka niemieckiego w stopniu komunikatywnym<\/strong><\/li>\n<li class=\"MsoNormal\">Do\u015bwiadczenie w obs\u0142udze w\u00f3zk\u00f3w bocznych i wysokiego sk\u0142adowania<\/li>\n<\/ul>\n<div class=\"MsoNormal\"><\/div>\n<div class=\"MsoNormal\"><strong>Co oferujemy:<\/strong><\/div>\n<ul>\n<li class=\"MsoNormal\">Zakwaterowanie<\/li>\n<li class=\"MsoNormal\"><span data-teams=\"true\">Zatrudnienie na polskiej lub niemieckiej umowie o prac\u0119<\/span><\/li>\n<li class=\"MsoNormal\">Wsparcie polskiego koordynatora<\/li>\n<li class=\"MsoNormal\">Pomoc w doje\u017adzie do Niemiec<\/li>\n<li class=\"MsoNormal\">Ubezpieczenie<\/li>\n<li class=\"MsoNormal\">Wyp\u0142ata do 10 dnia miesi\u0105ca<\/li>\n<li class=\"MsoNormal\">100EUR brutto\u00a0 za\u00a0 POLECENIE pracownik\u00f3w do pracy<\/li>\n<li class=\"MsoNormal\">229,48EUR premii Urlabsgeld, 235,22EUR premii Weihnachtsgeld<\/li>\n<\/ul>\n<div class=\"MsoNormal\"><strong>Zainteresowany? Skontaktuj si\u0119 z nami!<\/strong><\/div>\n<div>IDEAL WORK GERMANY SP. Z O.O. Numer wpisu do rejestru agencji zatrudnienia: 12001<\/div>\n","protected":false},"excerpt":{"rendered":"<p>Dla naszego klienta z bran\u017cy logistycznej poszukujemy do\u015bwiadczonego operatora w\u00f3zka wid\u0142owego bocznego wysokiego sk\u0142adowania. Je\u015bli masz do\u015bwiadczenie w pracy magazynowej i pos\u0142ugujesz si\u0119 j\u0119zykiem niemieckim w stopniu komunikatywnym \u2013 zapraszamy&#8230;<\/p>\n","protected":false},"featured_media":0,"comment_status":"open","ping_status":"closed","template":"","meta":{"_acf_changed":false,"inline_featured_image":false},"product_brand":[],"product_cat":[56],"product_tag":[],"class_list":{"0":"post-15371","1":"product","2":"type-product","3":"status-publish","5":"product_cat-niemcy","6":"pa_branza-logistyka","7":"pa_dzial-praca-tymczasowa-zagranica","8":"pa_kraj-niemcy","9":"pa_obszar-pracy-okolice-kolonia","10":"pa_stanowisko-operator-wozka-widlowego","12":"first","13":"instock","14":"shipping-taxable","15":"product-type-simple"},"acf":{"idealWorkDescription":"","idealWorkCountry":"Niemcy","IdealWorkIndustry":"Logistyka","idealWorkDepartment":"Praca Tymczasowa Zagranica","idealWorkPlace":"Operator w\u00f3zka wid\u0142owego","idealZohoSkrypt":"","idealAplicationLink":"https:\/\/idealwork.traffit.com\/public\/form\/a\/76416cad4ec3aae7250aaea039396f566263383d","idealWorkArea":"okolice Kolonia","idealWorkHours":"","idealWorkLevel":"Operator w\u00f3zka wid\u0142owego","idealWorkSallary":"2835EUR brutto miesi\u0119cznie","idealWorkDataCreate":"2026-02-13","idealWorkDataExpiration":"","idealWorkVacancies":"1","recruitJobID":67,"stanowiskoZohoCRM":"","biale_kolnierzyki":false,"idealOfertaDlaPar":false,"idealOfertaOdZaraz":false,"idealOfertaTygodnia":false,"idealOfertaSuper":false},"_links":{"self":[{"href":"https:\/\/idealstaff.com\/pl\/wp-json\/wp\/v2\/product\/15371","targetHints":{"allow":["GET"]}}],"collection":[{"href":"https:\/\/idealstaff.com\/pl\/wp-json\/wp\/v2\/product"}],"about":[{"href":"https:\/\/idealstaff.com\/pl\/wp-json\/wp\/v2\/types\/product"}],"replies":[{"embeddable":true,"href":"https:\/\/idealstaff.com\/pl\/wp-json\/wp\/v2\/comments?post=15371"}],"wp:attachment":[{"href":"https:\/\/idealstaff.com\/pl\/wp-json\/wp\/v2\/media?parent=15371"}],"wp:term":[{"taxonomy":"product_brand","embeddable":true,"href":"https:\/\/idealstaff.com\/pl\/wp-json\/wp\/v2\/product_brand?post=15371"},{"taxonomy":"product_cat","embeddable":true,"href":"https:\/\/idealstaff.com\/pl\/wp-json\/wp\/v2\/product_cat?post=15371"},{"taxonomy":"product_tag","embeddable":true,"href":"https:\/\/idealstaff.com\/pl\/wp-json\/wp\/v2\/product_tag?post=15371"}],"curies":[{"name":"wp","href":"https:\/\/api.w.org\/{rel}","templated":true}]}}