{"id":15495,"date":"2026-02-23T17:01:55","date_gmt":"2026-02-23T16:01:55","guid":{"rendered":"https:\/\/idealstaff.com\/oferta\/praca-w-niemczech-na-magazynie-wiele-lokalizacji-zakwaterowanie-2\/"},"modified":"2026-03-02T12:51:47","modified_gmt":"2026-03-02T11:51:47","slug":"praca-w-niemczech-na-magazynie-wiele-lokalizacji-zakwaterowanie-2","status":"publish","type":"product","link":"https:\/\/idealstaff.com\/pl\/oferta\/praca-w-niemczech-na-magazynie-wiele-lokalizacji-zakwaterowanie-2\/","title":{"rendered":"PRACA W NIEMCZECH na magazynie &#8211; wiele lokalizacji, zakwaterowanie"},"content":{"rendered":"<div data-pm-slice=\"1 1 []\">Poszukujemy \u00a0os\u00f3b do pracy na magazynie w Niemczech! Oferujemy wiele lokalizacji do wyboru, zakwaterowanie, pomoc w organizacji przejazdu do Niemiec oraz szybkie terminy na wyjazd!!<\/div>\n<div><strong>Lokalizacja:<\/strong>\u00a0 Okolice Kassel, Berlina, Monachium, Hanower, Lipsk i inne<\/div>\n<div><strong>Wynagrodzenie: <\/strong>2 300- 3 500EUR brutto miesi\u0119cznie + <strong>Premie <\/strong>o kt\u00f3re b\u0119dziesz m\u00f3g\u0142 dopyta\u0107 podczas rozmowy z rekruterem * Wynagrodzenie zale\u017cne od wybranego projektu<\/div>\n<div><strong>Wymagania:<\/strong><\/div>\n<ul>\n<li>\n<div>Wysoka sprawno\u015b\u0107 fizyczna<\/div>\n<\/li>\n<\/ul>\n<div><strong>Oferujemy:<\/strong><\/div>\n<ul>\n<li>\n<div>Zakwaterowanie\u00a0<\/div>\n<\/li>\n<li>\n<div>Wsparcie\u00a0polskiego koordynatora<\/div>\n<\/li>\n<li>\n<div>Pomoc w zorganizowaniu dojazdu\u00a0do Niemiec<\/div>\n<\/li>\n<li>\n<div>Ubezpieczenie<\/div>\n<\/li>\n<li>\n<div>Dojazd do pracy firmowymi busami<\/div>\n<\/li>\n<li>\n<div>wynagrodzenie wyp\u0142acane do 10 dnia miesi\u0105ca<\/div>\n<\/li>\n<\/ul>\n<div><strong>Mo\u017cliwo\u015bci:\u00a0<\/strong><\/div>\n<div><strong>Szybkie terminy na wyjazd<\/strong><\/div>\n<ul>\n<li>\n<div>Praca w systemie zmianowym<\/div>\n<\/li>\n<li>\n<div>Szkolenia i rozw\u00f3j na lidera\/brygadzist\u0119<\/div>\n<\/li>\n<\/ul>\n<div>\u00a0<strong>Aplikuj i zarezerwuj termin na wyjazd!<\/strong><\/div>\n<div>IDEAL WORK GERMANY SP. Z O.O. Numer wpisu do rejestru agencji zatrudnienia: 12001\u00a0<\/div>\n","protected":false},"excerpt":{"rendered":"<p>Poszukujemy \u00a0os\u00f3b do pracy na magazynie w Niemczech! Oferujemy wiele lokalizacji do wyboru, zakwaterowanie, pomoc w organizacji przejazdu do Niemiec oraz szybkie terminy na wyjazd!! Lokalizacja:\u00a0 Okolice Kassel, Berlina, Monachium,&#8230;<\/p>\n","protected":false},"featured_media":0,"comment_status":"open","ping_status":"closed","template":"","meta":{"_acf_changed":false,"inline_featured_image":false},"product_brand":[],"product_cat":[56],"product_tag":[],"class_list":{"0":"post-15495","1":"product","2":"type-product","3":"status-publish","5":"product_cat-niemcy","6":"pa_branza-logistyka","7":"pa_dzial-praca-tymczasowa-zagranica","8":"pa_kraj-niemcy","9":"pa_obszar-pracy-inne","10":"pa_stanowisko-magazynier","12":"first","13":"instock","14":"shipping-taxable","15":"product-type-simple"},"acf":{"idealWorkDescription":"","idealWorkCountry":"Niemcy","IdealWorkIndustry":"Logistyka","idealWorkDepartment":"Praca Tymczasowa Zagranica","idealWorkPlace":"Magazynier","idealZohoSkrypt":"","idealAplicationLink":"https:\/\/idealwork.traffit.com\/public\/form\/a\/5347802293702b6f440c8bf4a136d36a6f48513d","idealWorkArea":"inne","idealWorkHours":"","idealWorkLevel":"Magazynier","idealWorkSallary":"2 300 - 3 500EUR brutto m-c + Premie","idealWorkDataCreate":"2025-11-12","idealWorkDataExpiration":"2026-03-31","idealWorkVacancies":"1","recruitJobID":42,"stanowiskoZohoCRM":"","biale_kolnierzyki":false,"idealOfertaDlaPar":false,"idealOfertaOdZaraz":false,"idealOfertaTygodnia":false,"idealOfertaSuper":false},"_links":{"self":[{"href":"https:\/\/idealstaff.com\/pl\/wp-json\/wp\/v2\/product\/15495","targetHints":{"allow":["GET"]}}],"collection":[{"href":"https:\/\/idealstaff.com\/pl\/wp-json\/wp\/v2\/product"}],"about":[{"href":"https:\/\/idealstaff.com\/pl\/wp-json\/wp\/v2\/types\/product"}],"replies":[{"embeddable":true,"href":"https:\/\/idealstaff.com\/pl\/wp-json\/wp\/v2\/comments?post=15495"}],"wp:attachment":[{"href":"https:\/\/idealstaff.com\/pl\/wp-json\/wp\/v2\/media?parent=15495"}],"wp:term":[{"taxonomy":"product_brand","embeddable":true,"href":"https:\/\/idealstaff.com\/pl\/wp-json\/wp\/v2\/product_brand?post=15495"},{"taxonomy":"product_cat","embeddable":true,"href":"https:\/\/idealstaff.com\/pl\/wp-json\/wp\/v2\/product_cat?post=15495"},{"taxonomy":"product_tag","embeddable":true,"href":"https:\/\/idealstaff.com\/pl\/wp-json\/wp\/v2\/product_tag?post=15495"}],"curies":[{"name":"wp","href":"https:\/\/api.w.org\/{rel}","templated":true}]}}