{"id":15506,"date":"2026-02-26T17:00:29","date_gmt":"2026-02-26T16:00:29","guid":{"rendered":"https:\/\/idealstaff.com\/oferta\/praca-na-magazynie-w-niemczech-zakwaterowanie\/"},"modified":"2026-03-02T12:40:28","modified_gmt":"2026-03-02T11:40:28","slug":"praca-na-magazynie-w-niemczech-zakwaterowanie","status":"publish","type":"product","link":"https:\/\/idealstaff.com\/pl\/oferta\/praca-na-magazynie-w-niemczech-zakwaterowanie\/","title":{"rendered":"Praca na magazynie w Niemczech | Zakwaterowanie"},"content":{"rendered":"<div data-pm-slice=\"1 1 []\"><strong>Lokalizacja: <\/strong>okolice Kassel<\/div>\n<div><strong>Wynagrodzenie: <\/strong>2 850-3 500 Euro brutto miesi\u0119cznie<\/div>\n<div><strong>Stawka godzinowa:<\/strong> dzienna 14,96Euro i nocna 18,70 Euro<\/div>\n<div><strong>Zadania:<\/strong><\/div>\n<ul>\n<li>\n<div>Roz\u0142adunek\/za\u0142adunek przesy\u0142ek kurierskich<\/div>\n<\/li>\n<\/ul>\n<div><strong>Wymagania:<\/strong><\/div>\n<ul>\n<li>\n<div>Wysoka sprawno\u015b\u0107 fizyczna<\/div>\n<\/li>\n<li>\n<div>Plan pracy na min. 3 miesi\u0105ce<\/div>\n<\/li>\n<\/ul>\n<div><strong>Mile widziane:<\/strong><\/div>\n<ul>\n<li>\n<div><strong>Prawo jazdy kat. B (150EUR brutto premii za prowadzenie firmowego busa)<\/strong><\/div>\n<\/li>\n<li>\n<div>Do\u015bwiadczenie w pracy fizycznej<\/div>\n<\/li>\n<\/ul>\n<div><strong>Oferujemy:<\/strong><\/div>\n<ul>\n<li>\n<div>Zakwaterowanie w domach\/pensjonatach z wifi<\/div>\n<\/li>\n<li>\n<div>Wsparcie polskiego koordynatora<\/div>\n<\/li>\n<li>\n<div>Pomoc w doje\u017adzie do Niemiec<\/div>\n<\/li>\n<li>\n<div>Ubezpieczenie<\/div>\n<\/li>\n<li>\n<div>Dojazd firmowymi busami<\/div>\n<\/li>\n<li>\n<div>Wyp\u0142ata do 10 dnia miesi\u0105ca<\/div>\n<\/li>\n<li>\n<div>100EUR brutto\u00a0 za\u00a0 POLECENIE pracownik\u00f3w do pracy<\/div>\n<\/li>\n<li>\n<div>229,48EUR premii Urlabsgeld, 235,22EUR premii Weihnachtsgeld<\/div>\n<\/li>\n<\/ul>\n<div><strong>Mo\u017cliwo\u015bci:<\/strong><\/div>\n<ul>\n<li>\n<div>Szkolenia i rozw\u00f3j na lidera\/brygadzist\u0119<\/div>\n<\/li>\n<\/ul>\n<div><strong>Zainteresowany? Kliknij przycisk &#8220;Aplikuj&#8221; i wype\u0142nij kr\u00f3tki formularz!<\/strong><\/div>\n<div>Magazynier, praca na magazynie, praca za granic\u0105, Niemcy, logistyka, praca w Niemczech, praca Niemcy, praca fizyczna, pracownik fizyczny, pakowanie towar\u00f3w, wydawanie towar\u00f3w, przyjmowanie towar\u00f3w, roz\u0142adunek towar\u00f3w, wyjazd za granic\u0119, zakwaterowanie, benefity pracownicze, praca tymczasowa, praca od zaraz<\/div>\n<div data-pm-slice=\"1 1 []\">IDEAL WORK GERMANY SP. Z O.O. Numer wpisu do rejestru agencji zatrudnienia: 12001\u00a0<\/div>\n","protected":false},"excerpt":{"rendered":"<p>Lokalizacja: okolice Kassel Wynagrodzenie: 2 850-3 500 Euro brutto miesi\u0119cznie Stawka godzinowa: dzienna 14,96Euro i nocna 18,70 Euro Zadania: Roz\u0142adunek\/za\u0142adunek przesy\u0142ek kurierskich Wymagania: Wysoka sprawno\u015b\u0107 fizyczna Plan pracy na min&#8230;.<\/p>\n","protected":false},"featured_media":0,"comment_status":"open","ping_status":"closed","template":"","meta":{"_acf_changed":false,"inline_featured_image":false},"product_brand":[],"product_cat":[56],"product_tag":[],"class_list":{"0":"post-15506","1":"product","2":"type-product","3":"status-publish","5":"product_cat-niemcy","6":"pa_branza-logistyka","7":"pa_dzial-praca-tymczasowa-zagranica","8":"pa_kraj-niemcy","9":"pa_obszar-pracy-okolice-kassel","10":"pa_stanowisko-magazynier","12":"first","13":"instock","14":"shipping-taxable","15":"product-type-simple"},"acf":{"idealWorkDescription":"","idealWorkCountry":"Niemcy","IdealWorkIndustry":"Logistyka","idealWorkDepartment":"Praca Tymczasowa Zagranica","idealWorkPlace":"Magazynier","idealZohoSkrypt":"","idealAplicationLink":"https:\/\/idealwork.traffit.com\/public\/form\/a\/7a08c9bec9dad7b392ba1c38575188ad736a733d","idealWorkArea":"okolice Kassel","idealWorkHours":"","idealWorkLevel":"Magazynier","idealWorkSallary":"2 850-3 500 Euro brutto miesi\u0119cznie","idealWorkDataCreate":"2025-11-12","idealWorkDataExpiration":"2026-03-31","idealWorkVacancies":"1","recruitJobID":44,"stanowiskoZohoCRM":"","biale_kolnierzyki":false,"idealOfertaDlaPar":false,"idealOfertaOdZaraz":false,"idealOfertaTygodnia":false,"idealOfertaSuper":false},"_links":{"self":[{"href":"https:\/\/idealstaff.com\/pl\/wp-json\/wp\/v2\/product\/15506","targetHints":{"allow":["GET"]}}],"collection":[{"href":"https:\/\/idealstaff.com\/pl\/wp-json\/wp\/v2\/product"}],"about":[{"href":"https:\/\/idealstaff.com\/pl\/wp-json\/wp\/v2\/types\/product"}],"replies":[{"embeddable":true,"href":"https:\/\/idealstaff.com\/pl\/wp-json\/wp\/v2\/comments?post=15506"}],"wp:attachment":[{"href":"https:\/\/idealstaff.com\/pl\/wp-json\/wp\/v2\/media?parent=15506"}],"wp:term":[{"taxonomy":"product_brand","embeddable":true,"href":"https:\/\/idealstaff.com\/pl\/wp-json\/wp\/v2\/product_brand?post=15506"},{"taxonomy":"product_cat","embeddable":true,"href":"https:\/\/idealstaff.com\/pl\/wp-json\/wp\/v2\/product_cat?post=15506"},{"taxonomy":"product_tag","embeddable":true,"href":"https:\/\/idealstaff.com\/pl\/wp-json\/wp\/v2\/product_tag?post=15506"}],"curies":[{"name":"wp","href":"https:\/\/api.w.org\/{rel}","templated":true}]}}