{"id":15541,"date":"2026-03-31T13:13:40","date_gmt":"2026-03-31T11:13:40","guid":{"rendered":"https:\/\/idealstaff.com\/oferta\/sprzedawca-w-piekarni-z-niemieckim-praca-w-niemczech-m-k\/"},"modified":"2026-04-16T19:12:47","modified_gmt":"2026-04-16T17:12:47","slug":"sprzedawca-w-piekarni-z-niemieckim-praca-w-niemczech-m-k","status":"publish","type":"product","link":"https:\/\/idealstaff.com\/pl\/oferta\/sprzedawca-w-piekarni-z-niemieckim-praca-w-niemczech-m-k\/","title":{"rendered":"Sprzedawca w piekarni z niemieckim | Praca w Niemczech (m\/k)"},"content":{"rendered":"<div class=\"MsoNormal\">Poszukujemy osoby na stanowisko pracownika sprzeda\u017cy ze znajomo\u015bci\u0105 j\u0119zyka niemieckiego w piekarni w mie\u015bcie po\u0142o\u017conym nad Morzem Ba\u0142tyckim w Niemczech. Je\u015bli lubisz kontakt z lud\u017ami, cenisz sobie przyjazn\u0105 atmosfer\u0119 pracy oraz zapach \u015bwie\u017cego pieczywa o poranku \u2013 aplikuj i dowiedz si\u0119 wi\u0119cej!<\/div>\n<div class=\"MsoNormal\">\u00a0<\/div>\n<div class=\"MsoNormal\"><strong>Miejsce pracy: <\/strong>Niemcy, Prerow<\/div>\n<div class=\"MsoNormal\"><strong>Wynagrodzenie:<\/strong><span><strong> <\/strong><\/span>2800-3000EUR Brutto miesi\u0119cznie<\/div>\n<div class=\"MsoNormal\"><strong>Stawka godzinowa: <\/strong>16,50EUR Brutto\/ h +1,50EUR\/h dodatku za znajomo\u015b\u0107 j\u0119zyka niemieckiego<\/div>\n<div class=\"MsoNormal\">\u00a0<\/div>\n<div class=\"MsoNormal\"><strong>Zadania:<\/strong><\/div>\n<ul>\n<li>profesjonalna obs\u0142uga klient\u00f3w oraz aktywna sprzeda\u017c pieczywa, wypiek\u00f3w i produkt\u00f3w cukierniczych,<\/li>\n<li>doradzanie klientom w wyborze produkt\u00f3w (rodzaje pieczywa, dodatki, napoje),<\/li>\n<li>obs\u0142uga kasy fiskalnej oraz terminala p\u0142atniczego, przyjmowanie p\u0142atno\u015bci got\u00f3wkowych i bezgot\u00f3wkowych,<\/li>\n<li>rozliczanie kasy po zako\u0144czonej zmianie wraz z przygotowaniem zestawie\u0144 sprzeda\u017cy,<\/li>\n<li>przygotowywanie na miejscu \u015bwie\u017cych napoj\u00f3w gor\u0105cych, przek\u0105sek oraz prostych \u015bniada\u0144,<\/li>\n<li>obs\u0142uga piec\u00f3w piekarniczych zgodnie z obowi\u0105zuj\u0105cymi procedurami,<\/li>\n<li>dbanie o estetyczn\u0105 ekspozycj\u0119 towaru oraz bie\u017c\u0105ce uzupe\u0142nianie produkt\u00f3w,<\/li>\n<li>przyjmowanie dostaw towaru, ich weryfikacja oraz rozliczanie,<\/li>\n<li>sk\u0142adanie zam\u00f3wie\u0144 na towar oraz kontrola stan\u00f3w magazynowych,<\/li>\n<li>obs\u0142uga zwrot\u00f3w towaru,<\/li>\n<li>utrzymywanie porz\u0105dku, czysto\u015bci i wysokiego standardu obs\u0142ugi w cz\u0119\u015bci sklepowej i kawiarnianej,<\/li>\n<li>budowanie przyjaznej atmosfery i pozytywnego wizerunku miejsca.<\/li>\n<\/ul>\n<div class=\"MsoNormal\"><strong>Wymagania:<\/strong><\/div>\n<ul>\n<li class=\"MsoNormal\">Znajomo\u015b\u0107 j\u0119zyka niemieckiego w stopniu komunikatywnym (min. B1)<\/li>\n<li class=\"MsoNormal\">Do\u015bwiadczenie w sprzeda\u017cy<\/li>\n<li class=\"MsoNormal\">Gotowo\u015b\u0107 do pracy w systemie zmianowym<\/li>\n<li class=\"MsoNormal\">Mile widziane prawo jazdy kat. B oraz w\u0142asny samoch\u00f3d (wyp\u0142acamy kilometr\u00f3wk\u0119)<\/li>\n<\/ul>\n<div class=\"MsoNormal\"><strong>Oferujemy:<\/strong><\/div>\n<ul>\n<li class=\"MsoNormal\">Zakwaterowanie<\/li>\n<li class=\"MsoNormal\">Wsparcie polskiego koordynatora<\/li>\n<li class=\"MsoNormal\">Pomoc w doje\u017adzie do Niemiec<\/li>\n<li class=\"MsoNormal\">Ubezpieczenie<\/li>\n<li class=\"MsoNormal\">Wyp\u0142ata do 10 dnia miesi\u0105ca<\/li>\n<li class=\"MsoNormal\">100EUR brutto za POLECENIE pracownik\u00f3w do pracy<\/li>\n<li class=\"MsoNormal\">229,48EUR premii Urlabsgeld, 235,22EUR premii Weihnachtsgeld<\/li>\n<\/ul>\n<div class=\"MsoNormal\">\u00a0<\/div>\n<div class=\"MsoNormal\" style=\"text-align: center\"><strong>Aplikuj!<\/strong><\/div>\n<div>IDEAL WORK GERMANY SP. Z O.O. Numer wpisu do rejestru agencji zatrudnienia: 12001\u00a0<\/div>\n","protected":false},"excerpt":{"rendered":"<p>Poszukujemy osoby na stanowisko pracownika sprzeda\u017cy ze znajomo\u015bci\u0105 j\u0119zyka niemieckiego w piekarni w mie\u015bcie po\u0142o\u017conym nad Morzem Ba\u0142tyckim w Niemczech. Je\u015bli lubisz kontakt z lud\u017ami, cenisz sobie przyjazn\u0105 atmosfer\u0119 pracy&#8230;<\/p>\n","protected":false},"featured_media":0,"comment_status":"open","ping_status":"closed","template":"","meta":{"_acf_changed":false,"inline_featured_image":false},"product_brand":[],"product_cat":[56],"product_tag":[],"class_list":{"0":"post-15541","1":"product","2":"type-product","3":"status-publish","5":"product_cat-niemcy","6":"pa_branza-handel","7":"pa_dzial-praca-tymczasowa-zagranica","8":"pa_kraj-niemcy","9":"pa_obszar-pracy-okolice-rostock","10":"pa_stanowisko-pracownik-sprzedazy","12":"first","13":"instock","14":"shipping-taxable","15":"product-type-simple"},"acf":{"idealWorkDescription":"","idealWorkCountry":"Niemcy","IdealWorkIndustry":"Handel","idealWorkDepartment":"Praca Tymczasowa Zagranica","idealWorkPlace":"Pracownik sprzeda\u017cy","idealZohoSkrypt":"","idealAplicationLink":"https:\/\/idealwork.traffit.com\/public\/form\/a\/6294850699a2a1ffcbaba7c589aa620345476553","idealWorkArea":"okolice Rostock","idealWorkHours":"","idealWorkLevel":"Pracownik sprzeda\u017cy","idealWorkSallary":"2800-3000EUR Brutto miesi\u0119cznie","idealWorkDataCreate":"2026-03-05","idealWorkDataExpiration":"","idealWorkVacancies":"1","recruitJobID":104,"stanowiskoZohoCRM":"","biale_kolnierzyki":false,"idealOfertaDlaPar":false,"idealOfertaOdZaraz":false,"idealOfertaTygodnia":false,"idealOfertaSuper":false},"_links":{"self":[{"href":"https:\/\/idealstaff.com\/pl\/wp-json\/wp\/v2\/product\/15541","targetHints":{"allow":["GET"]}}],"collection":[{"href":"https:\/\/idealstaff.com\/pl\/wp-json\/wp\/v2\/product"}],"about":[{"href":"https:\/\/idealstaff.com\/pl\/wp-json\/wp\/v2\/types\/product"}],"replies":[{"embeddable":true,"href":"https:\/\/idealstaff.com\/pl\/wp-json\/wp\/v2\/comments?post=15541"}],"wp:attachment":[{"href":"https:\/\/idealstaff.com\/pl\/wp-json\/wp\/v2\/media?parent=15541"}],"wp:term":[{"taxonomy":"product_brand","embeddable":true,"href":"https:\/\/idealstaff.com\/pl\/wp-json\/wp\/v2\/product_brand?post=15541"},{"taxonomy":"product_cat","embeddable":true,"href":"https:\/\/idealstaff.com\/pl\/wp-json\/wp\/v2\/product_cat?post=15541"},{"taxonomy":"product_tag","embeddable":true,"href":"https:\/\/idealstaff.com\/pl\/wp-json\/wp\/v2\/product_tag?post=15541"}],"curies":[{"name":"wp","href":"https:\/\/api.w.org\/{rel}","templated":true}]}}