{"id":15657,"date":"2026-03-23T12:02:37","date_gmt":"2026-03-23T11:02:37","guid":{"rendered":"https:\/\/idealstaff.com\/oferta\/magazynier-praca-w-niemczech-wyjedz-po-wielkanocy\/"},"modified":"2026-03-23T17:00:38","modified_gmt":"2026-03-23T16:00:38","slug":"magazynier-praca-w-niemczech-wyjedz-po-wielkanocy","status":"publish","type":"product","link":"https:\/\/idealstaff.com\/pl\/oferta\/magazynier-praca-w-niemczech-wyjedz-po-wielkanocy\/","title":{"rendered":"Magazynier \u2013 Praca w Niemczech | Wyjed\u017a po Wielkanocy!"},"content":{"rendered":"<div class=\"MsoNormal\">Poszukujemy \u00a0os\u00f3b do pracy na magazynie w Niemczech! Oferujemy wiele lokalizacji do wyboru, zakwaterowanie, pomoc w organizacji przejazdu do Niemiec oraz terminy na wyjazd po Wielkanocy!!<\/div>\n<div class=\"MsoNormal\"><strong>Wynagrodzenie: <\/strong>2 300- 3 500EUR brutto miesi\u0119cznie + Premie o kt\u00f3re b\u0119dziesz m\u00f3g\u0142 dopyta\u0107 podczas rozmowy z rekruterem * Wynagrodzenie zale\u017cne od wybranego projektu<\/div>\n<div class=\"MsoNormal\"><strong>Lokalizacja:<\/strong> Kassel, Berlin, Hanower<\/div>\n<div class=\"MsoNormal\">\u00a0<\/div>\n<div class=\"MsoNormal\"><strong>Wymagania:<\/strong><\/div>\n<ul>\n<li class=\"MsoNormal\">Wysoka sprawno\u015b\u0107 fizyczna<\/li>\n<\/ul>\n<div class=\"MsoNormal\"><strong>Oferujemy:<\/strong><\/div>\n<ul>\n<li class=\"MsoNormal\">Zakwaterowanie\u00a0<\/li>\n<li class=\"MsoNormal\">Wsparcie\u00a0polskiego koordynatora<\/li>\n<li class=\"MsoNormal\">Pomoc w zorganizowaniu dojazdu\u00a0do Niemiec<\/li>\n<li class=\"MsoNormal\">Ubezpieczenie<\/li>\n<li class=\"MsoNormal\">Dojazd do pracy firmowymi busami<\/li>\n<li class=\"MsoNormal\">wynagrodzenie wyp\u0142acane do 10 dnia miesi\u0105ca<\/li>\n<\/ul>\n<div class=\"MsoNormal\"><strong>Mo\u017cliwo\u015bci:\u00a0<\/strong><\/div>\n<ul>\n<li class=\"MsoNormal\">Praca w systemie zmianowym<\/li>\n<li class=\"MsoNormal\">Szkolenia i rozw\u00f3j na lidera\/brygadzist\u0119<\/li>\n<\/ul>\n<div class=\"MsoNormal\">\u00a0Aplikuj i zarezerwuj termin na wyjazd!<\/div>\n<div class=\"MsoNormal\">IDEAL WORK GERMANY SP. Z O.O. Numer wpisu do rejestru agencji zatrudnienia: 12001\u00a0<\/div>\n<div class=\"MsoNormal\">IDEAL WORK\u00a0\u2013 to polska agencja pracy tymczasowej, kt\u00f3ra wsp\u00f3\u0142pracuje z najwi\u0119kszymi dostawcami us\u0142ug kurierskich w Europie oraz z firmami z bran\u017cy produkcji, automotive, rolnictwa czy meblarskiej.<\/div>\n<div class=\"MsoNormal\">Przez lata naszej dzia\u0142alno\u015bci na rynku niemieckim zapewnili\u015bmy miejsca pracy tysi\u0105com pracownik\u00f3w z Polski. Do\u0142\u0105cz do grona zadowolonych pracownik\u00f3w i spr\u00f3buj swoich si\u0142 w pracy w Niemczech z IDEAL!<\/div>\n<div class=\"MsoNormal\">Zapoznaj si\u0119 z nasz\u0105 Polityk\u0105 prywatno\u015bci i tym, w jaki spos\u00f3b b\u0119dziemy przetwarza\u0107 Twoje dane osobowe https:\/\/idealstaff.com\/pl\/polityka-prywatnosci-i-cookies\/.<\/div>\n","protected":false},"excerpt":{"rendered":"<p>Poszukujemy \u00a0os\u00f3b do pracy na magazynie w Niemczech! Oferujemy wiele lokalizacji do wyboru, zakwaterowanie, pomoc w organizacji przejazdu do Niemiec oraz terminy na wyjazd po Wielkanocy!! Wynagrodzenie: 2 300- 3&#8230;<\/p>\n","protected":false},"featured_media":0,"comment_status":"open","ping_status":"closed","template":"","meta":{"_acf_changed":false,"inline_featured_image":false},"product_brand":[],"product_cat":[56],"product_tag":[],"class_list":{"0":"post-15657","1":"product","2":"type-product","3":"status-publish","5":"product_cat-niemcy","6":"pa_branza-logistyka","7":"pa_dzial-praca-tymczasowa-zagranica","8":"pa_kraj-niemcy","9":"pa_obszar-pracy-inne","10":"pa_stanowisko-magazynier","12":"first","13":"instock","14":"shipping-taxable","15":"product-type-simple"},"acf":{"idealWorkDescription":"","idealWorkCountry":"Niemcy","IdealWorkIndustry":"Logistyka","idealWorkDepartment":"Praca Tymczasowa Zagranica","idealWorkPlace":"Magazynier","idealZohoSkrypt":"","idealAplicationLink":"https:\/\/idealwork.traffit.com\/public\/form\/a\/98cf3fe05985db5d0ff7fb7f0147f3ce46363071","idealWorkArea":"inne","idealWorkHours":"","idealWorkLevel":"Magazynier","idealWorkSallary":"2 300- 3 500EUR brutto\/mc","idealWorkDataCreate":"2026-03-19","idealWorkDataExpiration":"","idealWorkVacancies":"1","recruitJobID":110,"stanowiskoZohoCRM":"","biale_kolnierzyki":false,"idealOfertaDlaPar":false,"idealOfertaOdZaraz":false,"idealOfertaTygodnia":false,"idealOfertaSuper":false},"_links":{"self":[{"href":"https:\/\/idealstaff.com\/pl\/wp-json\/wp\/v2\/product\/15657","targetHints":{"allow":["GET"]}}],"collection":[{"href":"https:\/\/idealstaff.com\/pl\/wp-json\/wp\/v2\/product"}],"about":[{"href":"https:\/\/idealstaff.com\/pl\/wp-json\/wp\/v2\/types\/product"}],"replies":[{"embeddable":true,"href":"https:\/\/idealstaff.com\/pl\/wp-json\/wp\/v2\/comments?post=15657"}],"wp:attachment":[{"href":"https:\/\/idealstaff.com\/pl\/wp-json\/wp\/v2\/media?parent=15657"}],"wp:term":[{"taxonomy":"product_brand","embeddable":true,"href":"https:\/\/idealstaff.com\/pl\/wp-json\/wp\/v2\/product_brand?post=15657"},{"taxonomy":"product_cat","embeddable":true,"href":"https:\/\/idealstaff.com\/pl\/wp-json\/wp\/v2\/product_cat?post=15657"},{"taxonomy":"product_tag","embeddable":true,"href":"https:\/\/idealstaff.com\/pl\/wp-json\/wp\/v2\/product_tag?post=15657"}],"curies":[{"name":"wp","href":"https:\/\/api.w.org\/{rel}","templated":true}]}}