{"id":15700,"date":"2026-03-31T17:01:11","date_gmt":"2026-03-31T15:01:11","guid":{"rendered":"https:\/\/idealstaff.com\/oferta\/magazynier-praca-w-niemczech-zakwaterowanie-bez-jezyka-m-k\/"},"modified":"2026-04-14T20:53:20","modified_gmt":"2026-04-14T18:53:20","slug":"magazynier-praca-w-niemczech-zakwaterowanie-bez-jezyka-m-k","status":"publish","type":"product","link":"https:\/\/idealstaff.com\/pl\/oferta\/magazynier-praca-w-niemczech-zakwaterowanie-bez-jezyka-m-k\/","title":{"rendered":"Magazynier &#8211; Praca w Niemczech | Zakwaterowanie | Bez j\u0119zyka (m\/k)"},"content":{"rendered":"<div><strong>Lokalizacja:\u00a0<\/strong>okolice Kassel<\/div>\n<div><strong>Wynagrodzenie:\u00a0<\/strong>2 575-3 150EUR brutto miesi\u0119cznie<\/div>\n<div><strong>Stawka godzinowa:<\/strong> dzienna 15,29EUR i nocna 19,11 EUR<\/div>\n<div><strong>Zadania:<\/strong><\/div>\n<ul>\n<li>Roz\u0142adunek\/za\u0142adunek przesy\u0142ek kurierskich<\/li>\n<\/ul>\n<div><strong>Wymagania:<\/strong><\/div>\n<ul>\n<li>Wysoka sprawno\u015b\u0107 fizyczna<\/li>\n<li>Plan pracy na min. 3 miesi\u0105ce<\/li>\n<\/ul>\n<div><strong>Mile widziane:<\/strong><\/div>\n<ul>\n<li>Do\u015bwiadczenie w pracy fizycznej<\/li>\n<li><strong>Prawo jazdy kat. B (150EUR brutto premii za prowadzenie firmowego busa)<\/strong><\/li>\n<\/ul>\n<div><strong>Oferujemy:<\/strong><\/div>\n<ul>\n<li>Zakwaterowanie w 2- osobowych pokojach z wifi<\/li>\n<li>Wsparcie polskiego koordynatora<\/li>\n<li>Pomoc w doje\u017adzie do Niemiec<\/li>\n<li>Ubezpieczenie<\/li>\n<li>Dojazd firmowymi busami<\/li>\n<li>Wyp\u0142ata do 10 dnia miesi\u0105ca<\/li>\n<li>100EUR brutto\u00a0 za\u00a0 POLECENIE pracownik\u00f3w do pracy<\/li>\n<li>229,48EUR premii Urlabsgeld, 235,22EUR premii Weihnachtsgeld<\/li>\n<\/ul>\n<div><strong>Mo\u017cliwo\u015bci:<\/strong><\/div>\n<ul>\n<li>Szkolenia i rozw\u00f3j na lidera\/brygadzist\u0119<\/li>\n<\/ul>\n<div><strong>Zainteresowany? Kliknij przycisk &#8220;Aplikuj&#8221; i wype\u0142nij kr\u00f3tki formularz!<\/strong><\/div>\n<div data-pm-slice=\"1 1 []\">IDEAL WORK GERMANY SP. Z O.O. Numer wpisu do rejestru agencji zatrudnienia: 12001<\/div>\n","protected":false},"excerpt":{"rendered":"<p>Lokalizacja:\u00a0okolice Kassel Wynagrodzenie:\u00a02 575-3 150EUR brutto miesi\u0119cznie Stawka godzinowa: dzienna 15,29EUR i nocna 19,11 EUR Zadania: Roz\u0142adunek\/za\u0142adunek przesy\u0142ek kurierskich Wymagania: Wysoka sprawno\u015b\u0107 fizyczna Plan pracy na min. 3 miesi\u0105ce Mile&#8230;<\/p>\n","protected":false},"featured_media":0,"comment_status":"open","ping_status":"closed","template":"","meta":{"_acf_changed":false,"inline_featured_image":false},"product_brand":[],"product_cat":[56],"product_tag":[],"class_list":{"0":"post-15700","1":"product","2":"type-product","3":"status-publish","5":"product_cat-niemcy","6":"pa_branza-logistyka","7":"pa_dzial-praca-tymczasowa-zagranica","8":"pa_kraj-niemcy","9":"pa_obszar-pracy-okolice-kassel","10":"pa_stanowisko-magazynier","12":"first","13":"instock","14":"shipping-taxable","15":"product-type-simple"},"acf":{"idealWorkDescription":"","idealWorkCountry":"Niemcy","IdealWorkIndustry":"Logistyka","idealWorkDepartment":"Praca Tymczasowa Zagranica","idealWorkPlace":"Magazynier","idealZohoSkrypt":"","idealAplicationLink":"https:\/\/idealwork.traffit.com\/public\/form\/a\/b27105edb97455182c9e1d0d39114b194236413d","idealWorkArea":"okolice Kassel","idealWorkHours":"","idealWorkLevel":"Magazynier","idealWorkSallary":"2 500-3 050EUR brutto miesi\u0119cznie","idealWorkDataCreate":"2026-03-11","idealWorkDataExpiration":"2026-04-11","idealWorkVacancies":"1","recruitJobID":81,"stanowiskoZohoCRM":"","biale_kolnierzyki":false,"idealOfertaDlaPar":false,"idealOfertaOdZaraz":false,"idealOfertaTygodnia":false,"idealOfertaSuper":false},"_links":{"self":[{"href":"https:\/\/idealstaff.com\/pl\/wp-json\/wp\/v2\/product\/15700","targetHints":{"allow":["GET"]}}],"collection":[{"href":"https:\/\/idealstaff.com\/pl\/wp-json\/wp\/v2\/product"}],"about":[{"href":"https:\/\/idealstaff.com\/pl\/wp-json\/wp\/v2\/types\/product"}],"replies":[{"embeddable":true,"href":"https:\/\/idealstaff.com\/pl\/wp-json\/wp\/v2\/comments?post=15700"}],"wp:attachment":[{"href":"https:\/\/idealstaff.com\/pl\/wp-json\/wp\/v2\/media?parent=15700"}],"wp:term":[{"taxonomy":"product_brand","embeddable":true,"href":"https:\/\/idealstaff.com\/pl\/wp-json\/wp\/v2\/product_brand?post=15700"},{"taxonomy":"product_cat","embeddable":true,"href":"https:\/\/idealstaff.com\/pl\/wp-json\/wp\/v2\/product_cat?post=15700"},{"taxonomy":"product_tag","embeddable":true,"href":"https:\/\/idealstaff.com\/pl\/wp-json\/wp\/v2\/product_tag?post=15700"}],"curies":[{"name":"wp","href":"https:\/\/api.w.org\/{rel}","templated":true}]}}