{"id":15703,"date":"2026-03-31T17:03:15","date_gmt":"2026-03-31T15:03:15","guid":{"rendered":"https:\/\/idealstaff.com\/oferta\/pracownik-magazynu-praca-za-granica-niemcy-z-zakwaterowaniem-m-k-3\/"},"modified":"2026-04-14T20:49:03","modified_gmt":"2026-04-14T18:49:03","slug":"pracownik-magazynu-praca-za-granica-niemcy-z-zakwaterowaniem-m-k-3","status":"publish","type":"product","link":"https:\/\/idealstaff.com\/pl\/oferta\/pracownik-magazynu-praca-za-granica-niemcy-z-zakwaterowaniem-m-k-3\/","title":{"rendered":"Pracownik Magazynu | Praca za granic\u0105 | Niemcy | Z ZAKWATEROWANIEM (m\/k)"},"content":{"rendered":"<div data-pm-slice=\"1 1 []\"><strong>Lokalizacja:<\/strong> okolice Hanower<\/div>\n<div><strong>Wynagrodzenie: <\/strong>3 000-3 450 euro brutto miesi\u0119cznie<\/div>\n<div><strong>Stawka godzinowa brutto:<\/strong> 14,96EUR godziny dzienne i 18,70 godziny nocne<\/div>\n<div><strong>Zadania:<\/strong><\/div>\n<ul>\n<li>\n<div>Roz\u0142adunek\/za\u0142adunek przesy\u0142ek kurierskich<\/div>\n<\/li>\n<\/ul>\n<div><strong>Wymagania:<\/strong><\/div>\n<ul>\n<li>\n<div>Wysoka sprawno\u015b\u0107 fizyczna<\/div>\n<\/li>\n<li>\n<div>Plan pracy na min. 3 miesi\u0105ce<\/div>\n<\/li>\n<\/ul>\n<div><strong>Mile widziane:<\/strong><\/div>\n<ul>\n<li>\n<div><strong>Prawo jazdy kat. B (100EUR brutto premii za prowadzenie firmowego busa)<\/strong><\/div>\n<\/li>\n<li>\n<div>Do\u015bwiadczenie w pracy fizycznej<\/div>\n<\/li>\n<\/ul>\n<div><strong>Oferujemy:<\/strong><\/div>\n<ul>\n<li>\n<div><strong>Zakwaterowanie\u00a0<\/strong><\/div>\n<\/li>\n<li>\n<div>Wsparcie polskiego koordynatora<\/div>\n<\/li>\n<li>\n<div>Pomoc w doje\u017adzie do Niemiec<\/div>\n<\/li>\n<li>\n<div>Ubezpieczenie i opieka medyczna<\/div>\n<\/li>\n<li>\n<div>Dojazd firmowymi busami<\/div>\n<\/li>\n<li>\n<div>Wyp\u0142ata do 10 dnia miesi\u0105ca<\/div>\n<\/li>\n<li>\n<div>100EUR brutto\u00a0 za\u00a0 POLECENIE pracownik\u00f3w do pracy<\/div>\n<\/li>\n<li>\n<div>229,48EUR premii Urlabsgeld, 235,22EUR premii Weihnachtsgeld<\/div>\n<\/li>\n<li>\n<div><strong>Wyp\u0142acamy kilometr\u00f3wk\u0119<\/strong>\u00a0za\u00a0U\u017bYWANIE W\u0141ASNEGO SAMOCHODU<\/div>\n<div><strong>Zainteresowany? Kliknij przycisk &#8220;Aplikuj&#8221; i wype\u0142nij kr\u00f3tki formularz!<\/strong><\/div>\n<\/li>\n<\/ul>\n<div>IDEAL WORK GERMANY SP. Z O.O. Numer wpisu do rejestru agencji zatrudnienia: 12001<\/div>\n","protected":false},"excerpt":{"rendered":"<p>Lokalizacja: okolice Hanower Wynagrodzenie: 3 000-3 450 euro brutto miesi\u0119cznie Stawka godzinowa brutto: 14,96EUR godziny dzienne i 18,70 godziny nocne Zadania: Roz\u0142adunek\/za\u0142adunek przesy\u0142ek kurierskich Wymagania: Wysoka sprawno\u015b\u0107 fizyczna Plan pracy&#8230;<\/p>\n","protected":false},"featured_media":0,"comment_status":"open","ping_status":"closed","template":"","meta":{"_acf_changed":false,"inline_featured_image":false},"product_brand":[],"product_cat":[56],"product_tag":[],"class_list":{"0":"post-15703","1":"product","2":"type-product","3":"status-publish","5":"product_cat-niemcy","6":"pa_branza-logistyka","7":"pa_dzial-praca-tymczasowa-zagranica","8":"pa_kraj-niemcy","9":"pa_obszar-pracy-okolice-hanower","10":"pa_stanowisko-magazynier","12":"first","13":"instock","14":"shipping-taxable","15":"product-type-simple"},"acf":{"idealWorkDescription":"","idealWorkCountry":"Niemcy","IdealWorkIndustry":"Logistyka","idealWorkDepartment":"Praca Tymczasowa Zagranica","idealWorkPlace":"Magazynier","idealZohoSkrypt":"","idealAplicationLink":"https:\/\/idealwork.traffit.com\/public\/form\/a\/1da4654e4535b6a0e5b4cc03659bda4d3236383d","idealWorkArea":"okolice Hanower","idealWorkHours":"","idealWorkLevel":"Magazynier","idealWorkSallary":"3 000 - 3 450 euro brutto miesi\u0119cznie","idealWorkDataCreate":"2026-03-31","idealWorkDataExpiration":"2026-04-30","idealWorkVacancies":"1","recruitJobID":34,"stanowiskoZohoCRM":"","biale_kolnierzyki":false,"idealOfertaDlaPar":false,"idealOfertaOdZaraz":false,"idealOfertaTygodnia":false,"idealOfertaSuper":false},"_links":{"self":[{"href":"https:\/\/idealstaff.com\/pl\/wp-json\/wp\/v2\/product\/15703","targetHints":{"allow":["GET"]}}],"collection":[{"href":"https:\/\/idealstaff.com\/pl\/wp-json\/wp\/v2\/product"}],"about":[{"href":"https:\/\/idealstaff.com\/pl\/wp-json\/wp\/v2\/types\/product"}],"replies":[{"embeddable":true,"href":"https:\/\/idealstaff.com\/pl\/wp-json\/wp\/v2\/comments?post=15703"}],"wp:attachment":[{"href":"https:\/\/idealstaff.com\/pl\/wp-json\/wp\/v2\/media?parent=15703"}],"wp:term":[{"taxonomy":"product_brand","embeddable":true,"href":"https:\/\/idealstaff.com\/pl\/wp-json\/wp\/v2\/product_brand?post=15703"},{"taxonomy":"product_cat","embeddable":true,"href":"https:\/\/idealstaff.com\/pl\/wp-json\/wp\/v2\/product_cat?post=15703"},{"taxonomy":"product_tag","embeddable":true,"href":"https:\/\/idealstaff.com\/pl\/wp-json\/wp\/v2\/product_tag?post=15703"}],"curies":[{"name":"wp","href":"https:\/\/api.w.org\/{rel}","templated":true}]}}