{"id":15704,"date":"2026-03-31T17:03:30","date_gmt":"2026-03-31T15:03:30","guid":{"rendered":"https:\/\/idealstaff.com\/oferta\/pracownik-w-sortowni-przesylek-cargo-praca-na-lotnisku-niemcy-m-k-2\/"},"modified":"2026-04-14T20:47:31","modified_gmt":"2026-04-14T18:47:31","slug":"pracownik-w-sortowni-przesylek-cargo-praca-na-lotnisku-niemcy-m-k-2","status":"publish","type":"product","link":"https:\/\/idealstaff.com\/pl\/oferta\/pracownik-w-sortowni-przesylek-cargo-praca-na-lotnisku-niemcy-m-k-2\/","title":{"rendered":"Pracownik w sortowni przesy\u0142ek CARGO | Praca na lotnisku | Niemcy (m\/k)"},"content":{"rendered":"<div data-pm-slice=\"1 1 []\"><strong>Lokalizacja:<\/strong>\u202fOkolice Lipska<\/div>\n<div><strong>Wynagrodzenie:<\/strong> 3 000-3 700euro brutto miesi\u0119cznie<\/div>\n<div><strong>Stawka godzinowa brutto:<\/strong> <span data-teams=\"true\">nocna 21,11 EUR* (*19,11 EUR brutto\/h + 2 EUR brutto premii frekwencyjnej)<\/span><\/div>\n<div><span data-teams=\"true\"><strong>System pracy: <\/strong>Praca w godzinach nocnych<\/span><\/div>\n<div><strong>Zadania:<\/strong><\/div>\n<ul>\n<li>\n<div>Realizacja procesu fizycznej obs\u0142ugi przesy\u0142ek z rejs\u00f3w samolotowych w eksporcie i imporcie<\/div>\n<\/li>\n<li>\n<div>Za\u0142adunek i roz\u0142adunek kontener\u00f3w towarowych, palet i pojazd\u00f3w<\/div>\n<\/li>\n<li>\n<div>Sortowanie przesy\u0142ek lotniczych<\/div>\n<\/li>\n<li>\n<div>Obs\u0142uga towar\u00f3w niebezpiecznych<\/div>\n<\/li>\n<li>\n<div>Zg\u0142aszanie usterek, uszkodze\u0144 lub b\u0142\u0119d\u00f3w prze\u0142o\u017conym<\/div>\n<\/li>\n<li>\n<div>Praca zgodnie z instrukcjami obowi\u0105zuj\u0105cymi w zak\u0142adzie pracy<\/div>\n<\/li>\n<\/ul>\n<div><strong>Wymagania:<\/strong><\/div>\n<ul>\n<li>\n<div>Sprawno\u015b\u0107 fizyczna oraz gotowo\u015b\u0107 do pracy na zmianie nocnej, w \u015bwi\u0119ta i w weekendy<\/div>\n<\/li>\n<li>\n<div>Warunek konieczny do pracy na lotnisku: kontrola bezpiecze\u0144stwa \u2013 ostatnie 5 lat Twojej dzia\u0142alno\u015bci\/zatrudnienia\/bezrobocia musi by\u0107 poparte dokumentacj\u0105 bez przerw d\u0142u\u017cszych ni\u017c 28 dni<\/div>\n<\/li>\n<li>\n<div>Niekaralno\u015b\u0107<\/div>\n<\/li>\n<li>\n<div><strong>Warunek konieczny: <\/strong>znajomo\u015b\u0107 angielskiego lub niemieckiego B1 umo\u017cliwiaj\u0105ca swobodn\u0105 komunikacj\u0119 i mo\u017cliwo\u015b\u0107 zaliczenia test\u00f3w ko\u0144cowych (test j\u0119zykowy i test obs\u0142ugi przesy\u0142ek w ruchu lotniczym).<\/div>\n<\/li>\n<\/ul>\n<div><strong>Oferujemy:<\/strong><\/div>\n<ul>\n<li>\n<div>Zakwaterowanie- pokoje 1-2 osobowe<\/div>\n<\/li>\n<li style=\"font-weight: bold;\"><strong>Zatrudnienie na polskiej lub niemieckiej umowie<\/strong><\/li>\n<li>\n<div>Wsparcie polskiego koordynatora<\/div>\n<\/li>\n<li>\n<div>Pomoc w doje\u017adzie do Niemiec<\/div>\n<\/li>\n<li>\n<div>Ubezpieczenie<\/div>\n<\/li>\n<li>\n<div><strong>Bezp\u0142atne szkolenia<\/strong> niezb\u0119dne do pracy na terenie lotniska<\/div>\n<\/li>\n<li>\n<div><strong>Premia za polecenie pracownika 300 euro brutto<\/strong><\/div>\n<\/li>\n<li>\n<div>229,48EUR premii Urlabsgeld, 235,22EUR premii Weihnachtsgeld<\/div>\n<\/li>\n<li>\n<div><strong>Prac\u0119 w zespole koordynowanym przez Mateusza \u2013 poznaj go w formularzu aplikacyjnym.\u00a0\u00a0<\/strong><\/div>\n<\/li>\n<li>\n<div>Bie\u017c\u0105ce wsparcie Koordynatora na miejscu<\/div>\n<\/li>\n<li>\n<div>Wprowadzenie do pracy \/zaplanowany onboarding.<\/div>\n<\/li>\n<\/ul>\n<div><strong>Mo\u017cliwo\u015bci:<\/strong><\/div>\n<ul>\n<li>\n<div>Szkolenia i rozw\u00f3j na lidera\/brygadzist\u0119<\/div>\n<\/li>\n<\/ul>\n<div><strong>Mile widziane CV<\/strong><\/div>\n<div>Zainteresowany? Skontaktuj si\u0119 z nami!<\/div>\n<div data-pm-slice=\"1 1 []\">IDEAL WORK GERMANY SP. Z O.O. Numer wpisu do rejestru agencji zatrudnienia: 12001<\/div>\n","protected":false},"excerpt":{"rendered":"<p>Lokalizacja:\u202fOkolice Lipska Wynagrodzenie: 3 000-3 700euro brutto miesi\u0119cznie Stawka godzinowa brutto: nocna 21,11 EUR* (*19,11 EUR brutto\/h + 2 EUR brutto premii frekwencyjnej) System pracy: Praca w godzinach nocnych Zadania:&#8230;<\/p>\n","protected":false},"featured_media":0,"comment_status":"open","ping_status":"closed","template":"","meta":{"_acf_changed":false,"inline_featured_image":false},"product_brand":[],"product_cat":[56],"product_tag":[],"class_list":{"0":"post-15704","1":"product","2":"type-product","3":"status-publish","5":"product_cat-niemcy","6":"pa_branza-logistyka-lotnicza","7":"pa_dzial-praca-tymczasowa-zagranica","8":"pa_kraj-niemcy","9":"pa_obszar-pracy-okolice-lipsk","10":"pa_stanowisko-pracownik-lotniska","12":"first","13":"instock","14":"shipping-taxable","15":"product-type-simple"},"acf":{"idealWorkDescription":"","idealWorkCountry":"Niemcy","IdealWorkIndustry":"Logistyka lotnicza","idealWorkDepartment":"Praca Tymczasowa Zagranica","idealWorkPlace":"Pracownik lotniska","idealZohoSkrypt":"","idealAplicationLink":"https:\/\/idealwork.traffit.com\/public\/form\/a\/74ef13c6ef8e881ccab82385c1b268f13652513d","idealWorkArea":"okolice Lipsk","idealWorkHours":"","idealWorkLevel":"Pracownik lotniska","idealWorkSallary":"3 000 -3 700Euro brutto miesi\u0119cznie","idealWorkDataCreate":"2026-03-31","idealWorkDataExpiration":"2026-04-30","idealWorkVacancies":"1","recruitJobID":35,"stanowiskoZohoCRM":"","biale_kolnierzyki":false,"idealOfertaDlaPar":false,"idealOfertaOdZaraz":false,"idealOfertaTygodnia":false,"idealOfertaSuper":false},"_links":{"self":[{"href":"https:\/\/idealstaff.com\/pl\/wp-json\/wp\/v2\/product\/15704","targetHints":{"allow":["GET"]}}],"collection":[{"href":"https:\/\/idealstaff.com\/pl\/wp-json\/wp\/v2\/product"}],"about":[{"href":"https:\/\/idealstaff.com\/pl\/wp-json\/wp\/v2\/types\/product"}],"replies":[{"embeddable":true,"href":"https:\/\/idealstaff.com\/pl\/wp-json\/wp\/v2\/comments?post=15704"}],"wp:attachment":[{"href":"https:\/\/idealstaff.com\/pl\/wp-json\/wp\/v2\/media?parent=15704"}],"wp:term":[{"taxonomy":"product_brand","embeddable":true,"href":"https:\/\/idealstaff.com\/pl\/wp-json\/wp\/v2\/product_brand?post=15704"},{"taxonomy":"product_cat","embeddable":true,"href":"https:\/\/idealstaff.com\/pl\/wp-json\/wp\/v2\/product_cat?post=15704"},{"taxonomy":"product_tag","embeddable":true,"href":"https:\/\/idealstaff.com\/pl\/wp-json\/wp\/v2\/product_tag?post=15704"}],"curies":[{"name":"wp","href":"https:\/\/api.w.org\/{rel}","templated":true}]}}