{"id":15706,"date":"2026-03-31T17:04:07","date_gmt":"2026-03-31T15:04:07","guid":{"rendered":"https:\/\/idealstaff.com\/oferta\/magazynier-z-autem-praca-niemcy-zakwaterowanie-bez-jezyka-m-k-3\/"},"modified":"2026-04-14T20:40:13","modified_gmt":"2026-04-14T18:40:13","slug":"magazynier-z-autem-praca-niemcy-zakwaterowanie-bez-jezyka-m-k-3","status":"publish","type":"product","link":"https:\/\/idealstaff.com\/pl\/oferta\/magazynier-z-autem-praca-niemcy-zakwaterowanie-bez-jezyka-m-k-3\/","title":{"rendered":"Magazynier z autem | Praca Niemcy | ZAKWATEROWANIE | Bez j\u0119zyka (m\/k)"},"content":{"rendered":"<div data-pm-slice=\"1 1 []\"><strong>Lokalizacja: <\/strong>Okolice Drezna<\/div>\n<div><strong>Wynagrodzenie<\/strong>: 2 550- 2 850 Euro brutto miesi\u0119cznie<\/div>\n<div><strong>Stawka godzinowa:<\/strong> dzienna 14,96Euro i nocna 18,70Euro<\/div>\n<div><strong>Zadania:<\/strong><\/div>\n<ul>\n<li>\n<div>Roz\u0142adunek\/za\u0142adunek przesy\u0142ek kurierskich<\/div>\n<\/li>\n<\/ul>\n<div><strong>Wymagania:<\/strong><\/div>\n<ul>\n<li>\n<div><strong>W\u0142asne auto<\/strong><\/div>\n<\/li>\n<li>\n<div>Wysoka sprawno\u015b\u0107 fizyczna<\/div>\n<\/li>\n<li>\n<div>Plan pracy na min. 3 miesi\u0105ce<\/div>\n<\/li>\n<\/ul>\n<div><strong>Mile widziane:<\/strong><\/div>\n<ul>\n<li>\n<div>Do\u015bwiadczenie w pracy fizycznej<\/div>\n<\/li>\n<\/ul>\n<div><strong>Oferujemy:<\/strong><\/div>\n<ul>\n<li>\n<div><strong>Zakwaterowanie\u00a0<\/strong>w mieszkaniach\/ 2 osobowe pokoje z wifi<\/div>\n<\/li>\n<li>\n<div>Wsparcie polskiego koordynatora<\/div>\n<\/li>\n<li>\n<div>Pomoc w doje\u017adzie do Niemiec<\/div>\n<\/li>\n<li>\n<div>Ubezpieczenie i opieka medyczna<\/div>\n<\/li>\n<li>\n<div>Dojazd firmowymi busami<\/div>\n<\/li>\n<li>\n<div>Wyp\u0142ata do 10 dnia miesi\u0105ca<\/div>\n<\/li>\n<li>\n<div>100EUR brutto\u00a0 za\u00a0 POLECENIE pracownik\u00f3w do pracy<\/div>\n<\/li>\n<li>\n<div>229,48EUR premii Urlabsgeld, 235,22EUR premii Weihnachtsgeld<\/div>\n<\/li>\n<\/ul>\n<div><strong>Mo\u017cliwo\u015bci:<\/strong><\/div>\n<ul>\n<li>\n<div>Szkolenia i rozw\u00f3j na lidera\/brygadzist\u0119<\/div>\n<\/li>\n<\/ul>\n<div><strong>Zainteresowany? Kliknij przycisk &#8220;Aplikuj&#8221; i wype\u0142nij kr\u00f3tki formularz!<\/strong><\/div>\n<div>IDEAL WORK GERMANY SP. Z O.O. Numer wpisu do rejestru agencji zatrudnienia: 12001<\/div>\n","protected":false},"excerpt":{"rendered":"<p>Lokalizacja: Okolice Drezna Wynagrodzenie: 2 550- 2 850 Euro brutto miesi\u0119cznie Stawka godzinowa: dzienna 14,96Euro i nocna 18,70Euro Zadania: Roz\u0142adunek\/za\u0142adunek przesy\u0142ek kurierskich Wymagania: W\u0142asne auto Wysoka sprawno\u015b\u0107 fizyczna Plan pracy&#8230;<\/p>\n","protected":false},"featured_media":0,"comment_status":"open","ping_status":"closed","template":"","meta":{"_acf_changed":false,"inline_featured_image":false},"product_brand":[],"product_cat":[56],"product_tag":[],"class_list":{"0":"post-15706","1":"product","2":"type-product","3":"status-publish","5":"product_cat-niemcy","6":"pa_branza-logistyka","7":"pa_dzial-praca-tymczasowa-zagranica","8":"pa_kraj-niemcy","9":"pa_obszar-pracy-okolice-drezno","10":"pa_stanowisko-magazynier","12":"first","13":"instock","14":"shipping-taxable","15":"product-type-simple"},"acf":{"idealWorkDescription":"","idealWorkCountry":"Niemcy","IdealWorkIndustry":"Logistyka","idealWorkDepartment":"Praca Tymczasowa Zagranica","idealWorkPlace":"Magazynier","idealZohoSkrypt":"","idealAplicationLink":"https:\/\/idealwork.traffit.com\/public\/form\/a\/d8ab2990bb38303bd8fc8e951f035e8b6555453d","idealWorkArea":"okolice Drezno","idealWorkHours":"","idealWorkLevel":"Magazynier","idealWorkSallary":"2 550- 2 850Euro brutto miesi\u0119cznie","idealWorkDataCreate":"2026-03-31","idealWorkDataExpiration":"2026-04-30","idealWorkVacancies":"1","recruitJobID":40,"stanowiskoZohoCRM":"","biale_kolnierzyki":false,"idealOfertaDlaPar":false,"idealOfertaOdZaraz":false,"idealOfertaTygodnia":false,"idealOfertaSuper":false},"_links":{"self":[{"href":"https:\/\/idealstaff.com\/pl\/wp-json\/wp\/v2\/product\/15706","targetHints":{"allow":["GET"]}}],"collection":[{"href":"https:\/\/idealstaff.com\/pl\/wp-json\/wp\/v2\/product"}],"about":[{"href":"https:\/\/idealstaff.com\/pl\/wp-json\/wp\/v2\/types\/product"}],"replies":[{"embeddable":true,"href":"https:\/\/idealstaff.com\/pl\/wp-json\/wp\/v2\/comments?post=15706"}],"wp:attachment":[{"href":"https:\/\/idealstaff.com\/pl\/wp-json\/wp\/v2\/media?parent=15706"}],"wp:term":[{"taxonomy":"product_brand","embeddable":true,"href":"https:\/\/idealstaff.com\/pl\/wp-json\/wp\/v2\/product_brand?post=15706"},{"taxonomy":"product_cat","embeddable":true,"href":"https:\/\/idealstaff.com\/pl\/wp-json\/wp\/v2\/product_cat?post=15706"},{"taxonomy":"product_tag","embeddable":true,"href":"https:\/\/idealstaff.com\/pl\/wp-json\/wp\/v2\/product_tag?post=15706"}],"curies":[{"name":"wp","href":"https:\/\/api.w.org\/{rel}","templated":true}]}}