{"id":15707,"date":"2026-03-31T17:04:36","date_gmt":"2026-03-31T15:04:36","guid":{"rendered":"https:\/\/idealstaff.com\/oferta\/operator-wozka-widlowego-praca-niemcy-na-dluzej-zakwaterowaniem-k-3\/"},"modified":"2026-04-14T20:38:14","modified_gmt":"2026-04-14T18:38:14","slug":"operator-wozka-widlowego-praca-niemcy-na-dluzej-zakwaterowaniem-k-3","status":"publish","type":"product","link":"https:\/\/idealstaff.com\/pl\/oferta\/operator-wozka-widlowego-praca-niemcy-na-dluzej-zakwaterowaniem-k-3\/","title":{"rendered":"Operator w\u00f3zka wid\u0142owego- Praca Niemcy | NA D\u0141U\u017bEJ | Zakwaterowanie(m\/k)"},"content":{"rendered":"<div><strong>Lokalizacja:<\/strong>\u00a0Okolice Monachium<\/div>\n<div><strong>Wynagrodzenie:<\/strong> 2 950 \u2013 3 150 Euro brutto miesi\u0119cznie<\/div>\n<div><strong>Stawka godzinowa<\/strong>: 17,50 euro brutto\/h<\/div>\n<div><strong>Zadania:<\/strong><\/div>\n<ul>\n<li>Uk\u0142adanie towar\u00f3w na magazynie za pomoc\u0105 w\u00f3zka wid\u0142owego<\/li>\n<\/ul>\n<div><strong>Wymagania:<\/strong><\/div>\n<ul>\n<li>Uprawnienia na w\u00f3zki wid\u0142owe min. II WJO<\/li>\n<\/ul>\n<div><strong>Mile widziane:<\/strong><\/div>\n<ul>\n<li>Prawo jazdy kat. B (125EUR brutto premii za prowadzenie firmowego busa)<\/li>\n<li>Do\u015bwiadczenie w pracy na w\u00f3zku wid\u0142owym<\/li>\n<\/ul>\n<div><strong>Co oferujemy:<\/strong><\/div>\n<ul>\n<li>zakwaterowanie<strong>\u00a0<\/strong>w pensjonacie z wifi<\/li>\n<li>szkolenie<strong>\u00a0<\/strong>wprowadzaj\u0105ce<\/li>\n<li>Wsparcie polskiego koordynatora<\/li>\n<li>Pomoc w doje\u017adzie do Niemiec<\/li>\n<li>Ubezpieczenie i opieka medyczna<\/li>\n<li>Dojazd firmowymi busami<\/li>\n<li>Wyp\u0142ata do 10 dnia miesi\u0105ca<\/li>\n<li>100EUR brutto\u00a0 za\u00a0 POLECENIE pracownik\u00f3w do pracy<\/li>\n<li>150EUR brutto za u\u017cytkowanie w\u0142asnego auta<\/li>\n<li>229,48EUR premii Urlabsgeld, 235,22EUR premii Weihnachtsgeld<\/li>\n<\/ul>\n<div><strong>Mo\u017cliwo\u015bci:<\/strong><\/div>\n<ul>\n<li>Szkolenia i rozw\u00f3j na lidera\/brygadzist\u0119<\/li>\n<\/ul>\n<div><strong>Zainteresowany? Skontaktuj si\u0119 z nami!<\/strong><\/div>\n<div>IDEAL WORK GERMANY SP. Z O.O. Numer wpisu do rejestru agencji zatrudnienia: 12001<\/div>\n","protected":false},"excerpt":{"rendered":"<p>Lokalizacja:\u00a0Okolice Monachium Wynagrodzenie: 2 950 \u2013 3 150 Euro brutto miesi\u0119cznie Stawka godzinowa: 17,50 euro brutto\/h Zadania: Uk\u0142adanie towar\u00f3w na magazynie za pomoc\u0105 w\u00f3zka wid\u0142owego Wymagania: Uprawnienia na w\u00f3zki wid\u0142owe&#8230;<\/p>\n","protected":false},"featured_media":0,"comment_status":"open","ping_status":"closed","template":"","meta":{"_acf_changed":false,"inline_featured_image":false},"product_brand":[],"product_cat":[56],"product_tag":[],"class_list":{"0":"post-15707","1":"product","2":"type-product","3":"status-publish","5":"product_cat-niemcy","6":"pa_branza-handel","7":"pa_dzial-praca-tymczasowa-zagranica","8":"pa_kraj-niemcy","9":"pa_obszar-pracy-okolice-monachium","10":"pa_stanowisko-operator-wozka-widlowego","12":"first","13":"instock","14":"shipping-taxable","15":"product-type-simple"},"acf":{"idealWorkDescription":"","idealWorkCountry":"Niemcy","IdealWorkIndustry":"Handel","idealWorkDepartment":"Praca Tymczasowa Zagranica","idealWorkPlace":"Operator w\u00f3zka wid\u0142owego","idealZohoSkrypt":"","idealAplicationLink":"https:\/\/idealwork.traffit.com\/public\/form\/a\/aa8aede29b9e1c931a27beade7231f97536a413d","idealWorkArea":"okolice Monachium","idealWorkHours":"","idealWorkLevel":"Operator w\u00f3zka wid\u0142owego","idealWorkSallary":"2 950 - 3 150 Euro brutto miesi\u0119cznie","idealWorkDataCreate":"2025-12-15","idealWorkDataExpiration":"","idealWorkVacancies":"1","recruitJobID":78,"stanowiskoZohoCRM":"","biale_kolnierzyki":false,"idealOfertaDlaPar":false,"idealOfertaOdZaraz":false,"idealOfertaTygodnia":false,"idealOfertaSuper":false},"_links":{"self":[{"href":"https:\/\/idealstaff.com\/pl\/wp-json\/wp\/v2\/product\/15707","targetHints":{"allow":["GET"]}}],"collection":[{"href":"https:\/\/idealstaff.com\/pl\/wp-json\/wp\/v2\/product"}],"about":[{"href":"https:\/\/idealstaff.com\/pl\/wp-json\/wp\/v2\/types\/product"}],"replies":[{"embeddable":true,"href":"https:\/\/idealstaff.com\/pl\/wp-json\/wp\/v2\/comments?post=15707"}],"wp:attachment":[{"href":"https:\/\/idealstaff.com\/pl\/wp-json\/wp\/v2\/media?parent=15707"}],"wp:term":[{"taxonomy":"product_brand","embeddable":true,"href":"https:\/\/idealstaff.com\/pl\/wp-json\/wp\/v2\/product_brand?post=15707"},{"taxonomy":"product_cat","embeddable":true,"href":"https:\/\/idealstaff.com\/pl\/wp-json\/wp\/v2\/product_cat?post=15707"},{"taxonomy":"product_tag","embeddable":true,"href":"https:\/\/idealstaff.com\/pl\/wp-json\/wp\/v2\/product_tag?post=15707"}],"curies":[{"name":"wp","href":"https:\/\/api.w.org\/{rel}","templated":true}]}}