{"id":15708,"date":"2026-02-28T17:04:59","date_gmt":"2026-02-28T16:04:59","guid":{"rendered":"https:\/\/idealstaff.com\/oferta\/technik-serwisu-naprawa-kontenerow-niemcy-z-niemieckim-m-k-2\/"},"modified":"2026-04-02T12:22:19","modified_gmt":"2026-04-02T10:22:19","slug":"technik-serwisu-naprawa-kontenerow-niemcy-z-niemieckim-m-k-2","status":"publish","type":"product","link":"https:\/\/idealstaff.com\/pl\/oferta\/technik-serwisu-naprawa-kontenerow-niemcy-z-niemieckim-m-k-2\/","title":{"rendered":"Technik serwisu &#8211; naprawa kontener\u00f3w Niemcy | Z NIEMIECKIM (m\/k)"},"content":{"rendered":"<div data-pm-slice=\"1 1 []\"><strong>Lokalizacja:<\/strong> Okolice Frankfurtu nad Menem<\/div>\n<div><strong>Wynagrodzenie: <\/strong>2 650- 2 800 euro brutto<\/div>\n<div><strong>Stawka godzinowa: <\/strong>15,80 EUR brutto\/h<\/div>\n<ul>\n<li>\n<div>Konserwacja, naprawa oraz serwisowanie kontener\u00f3w towarowych<\/div>\n<\/li>\n<\/ul>\n<div><strong>Wymagania<\/strong>:<\/div>\n<ul>\n<li><strong>Znajomo\u015b\u0107 j\u0119zyka niemieckiego na poziomie B1<\/strong><\/li>\n<li>\n<div><strong>Do\u015bwiadczenie<\/strong> na podobnym stanowisku<\/div>\n<\/li>\n<li>\n<div>Do\u015bwiadczenie w pracy z elektronarz\u0119dziami (wiertarki, wkr\u0119tarki, szlifierki itp.)<\/div>\n<\/li>\n<li>\n<div>Umiej\u0119tno\u015b\u0107 pracy w zespole oraz samodzielno\u015b\u0107 w podejmowaniu decyzji<\/div>\n<\/li>\n<li>\n<div>Dobra organizacja pracy<\/div>\n<\/li>\n<\/ul>\n<div><strong>Mile widziane:<\/strong><\/div>\n<ul>\n<li><strong>Prawo jazdy kat. B (125 EUR brutto dla kierowcy firmowego busa)<\/strong><\/li>\n<\/ul>\n<div><strong>Oferujemy:<\/strong><\/div>\n<ul>\n<li>\n<div>Zakwaterowanie z wifi<\/div>\n<\/li>\n<li>\n<div>Wsparcie polskiego koordynatora<\/div>\n<\/li>\n<li>\n<div>Pomoc w doje\u017adzie do Niemiec<\/div>\n<\/li>\n<li>\n<div>Ubezpieczenie<\/div>\n<\/li>\n<li>\n<div>Dojazd firmowymi busami<\/div>\n<\/li>\n<li>\n<div>Wyp\u0142ata do 10 dnia miesi\u0105ca<\/div>\n<\/li>\n<li>\n<div>100EUR brutto\u00a0 za\u00a0 POLECENIE pracownik\u00f3w do pracy<\/div>\n<\/li>\n<li>\n<div>229,48EUR premii Urlabsgeld, 235,22EUR premii Weihnachtsgeld<\/div>\n<\/li>\n<\/ul>\n<div><strong>Zainteresowany? Kliknij przycisk &#8220;Aplikuj&#8221; i wype\u0142nij kr\u00f3tki formularz!<\/strong><\/div>\n<div>IDEAL WORK GERMANY SP. Z O.O. Numer wpisu do rejestru agencji zatrudnienia: 12001\u00a0<\/div>\n","protected":false},"excerpt":{"rendered":"<p>Lokalizacja: Okolice Frankfurtu nad Menem Wynagrodzenie: 2 650- 2 800 euro brutto Stawka godzinowa: 15,80 EUR brutto\/h Konserwacja, naprawa oraz serwisowanie kontener\u00f3w towarowych Wymagania: Znajomo\u015b\u0107 j\u0119zyka niemieckiego na poziomie B1&#8230;<\/p>\n","protected":false},"featured_media":0,"comment_status":"open","ping_status":"closed","template":"","meta":{"_acf_changed":false,"inline_featured_image":false},"product_brand":[],"product_cat":[56],"product_tag":[],"class_list":{"0":"post-15708","1":"product","2":"type-product","3":"status-publish","5":"product_cat-niemcy","6":"pa_branza-produkcja","7":"pa_dzial-praca-tymczasowa-zagranica","8":"pa_kraj-niemcy","9":"pa_obszar-pracy-okolice-frankfurtu-nad-menem","10":"pa_stanowisko-technik-serwisu","12":"first","13":"instock","14":"shipping-taxable","15":"product-type-simple"},"acf":{"idealWorkDescription":"","idealWorkCountry":"Niemcy","IdealWorkIndustry":"Produkcja","idealWorkDepartment":"Praca Tymczasowa Zagranica","idealWorkPlace":"Technik serwisu","idealZohoSkrypt":"","idealAplicationLink":"https:\/\/idealwork.traffit.com\/public\/form\/a\/6fdb2f7bd092a636aa7cca1706cc0e457a72673d?utm_source=IDEALGRUPA.PL-APLIKACJA","idealWorkArea":"okolice Frankfurtu nad Menem","idealWorkHours":"","idealWorkLevel":"Technik serwisu","idealWorkSallary":"2 650- 2 800 euro brutto miesi\u0119cznie","idealWorkDataCreate":"2026-03-31","idealWorkDataExpiration":"2026-04-30","idealWorkVacancies":"1","recruitJobID":41,"stanowiskoZohoCRM":"","biale_kolnierzyki":false,"idealOfertaDlaPar":false,"idealOfertaOdZaraz":false,"idealOfertaTygodnia":false,"idealOfertaSuper":false},"_links":{"self":[{"href":"https:\/\/idealstaff.com\/pl\/wp-json\/wp\/v2\/product\/15708","targetHints":{"allow":["GET"]}}],"collection":[{"href":"https:\/\/idealstaff.com\/pl\/wp-json\/wp\/v2\/product"}],"about":[{"href":"https:\/\/idealstaff.com\/pl\/wp-json\/wp\/v2\/types\/product"}],"replies":[{"embeddable":true,"href":"https:\/\/idealstaff.com\/pl\/wp-json\/wp\/v2\/comments?post=15708"}],"wp:attachment":[{"href":"https:\/\/idealstaff.com\/pl\/wp-json\/wp\/v2\/media?parent=15708"}],"wp:term":[{"taxonomy":"product_brand","embeddable":true,"href":"https:\/\/idealstaff.com\/pl\/wp-json\/wp\/v2\/product_brand?post=15708"},{"taxonomy":"product_cat","embeddable":true,"href":"https:\/\/idealstaff.com\/pl\/wp-json\/wp\/v2\/product_cat?post=15708"},{"taxonomy":"product_tag","embeddable":true,"href":"https:\/\/idealstaff.com\/pl\/wp-json\/wp\/v2\/product_tag?post=15708"}],"curies":[{"name":"wp","href":"https:\/\/api.w.org\/{rel}","templated":true}]}}