{"id":15709,"date":"2026-03-31T17:05:15","date_gmt":"2026-03-31T15:05:15","guid":{"rendered":"https:\/\/idealstaff.com\/oferta\/operator-wozka-widlowego-praca-za-granica-niemcy-zakwaterowanie-m-k-3\/"},"modified":"2026-04-10T16:27:55","modified_gmt":"2026-04-10T14:27:55","slug":"operator-wozka-widlowego-praca-za-granica-niemcy-zakwaterowanie-m-k-3","status":"publish","type":"product","link":"https:\/\/idealstaff.com\/pl\/oferta\/operator-wozka-widlowego-praca-za-granica-niemcy-zakwaterowanie-m-k-3\/","title":{"rendered":"Operator W\u00f3zka Wid\u0142owego | Praca za granic\u0105 | Niemcy | Zakwaterowanie (m\/k)"},"content":{"rendered":"<div><strong>Lokalizacja:<\/strong> Okolice Kassel<br \/>\n<strong>Wynagrodzenie<\/strong>: 2 850- 3 600 euro brutto miesi\u0119cznie<br \/>\nStawka godzinowa: 17 euro brutto\/ h stawka dzienna+ 19,61 euro brutto\/h za prac\u0119 w godzinach nocnych<\/div>\n<div><strong>Zadania:\u00a0<\/strong><\/div>\n<ul>\n<li>Obs\u0142uga w\u00f3zka wid\u0142owego<\/li>\n<\/ul>\n<div><\/div>\n<div><strong>Wymagania:\u00a0<\/strong><\/div>\n<ul>\n<li>Do\u015bwiadczenie na podobnym stanowisku w Polsce lub za granic\u0105<\/li>\n<li>Uprawnienia na w\u00f3zki minimum II WJO<\/li>\n<\/ul>\n<div><\/div>\n<div><strong>Mile widziane:\u00a0<\/strong><\/div>\n<ul>\n<li>Prawo jazdy kat. B (125EUR brutto premii za prowadzenie firmowego busa)<\/li>\n<li>Do\u015bwiadczenie w pracy fizycznej<\/li>\n<\/ul>\n<div><\/div>\n<div><strong>Oferujemy:\u00a0<\/strong><\/div>\n<ul>\n<li>Zakwaterowanie z wifi<\/li>\n<li>Wsparcie polskiego koordynatora<\/li>\n<li>Pomoc w doje\u017adzie do Niemiec<\/li>\n<li>Ubezpieczenie<\/li>\n<li>Dojazd firmowymi busami<\/li>\n<li>Wyp\u0142ata do 10 dnia miesi\u0105ca<\/li>\n<li>100EUR brutto\u202f za\u202f POLECENIE pracownik\u00f3w do pracy<\/li>\n<li>229,48EUR premii Urlabsgeld, 235,22EUR premii Weihnachtsgeld<\/li>\n<\/ul>\n<div><\/div>\n<div><strong>Mo\u017cliwo\u015bci:\u00a0<\/strong><\/div>\n<ul>\n<li>Szkolenia i rozw\u00f3j na lidera\/brygadzist\u0119<\/li>\n<\/ul>\n<div><\/div>\n<div>Zainteresowany? Skontaktuj si\u0119 z nami!<\/div>\n<div>IDEAL WORK GERMANY SP. Z O.O. Numer wpisu do rejestru agencji zatrudnienia: 12001<\/div>\n","protected":false},"excerpt":{"rendered":"<p>Lokalizacja: Okolice Kassel Wynagrodzenie: 2 850- 3 600 euro brutto miesi\u0119cznie Stawka godzinowa: 17 euro brutto\/ h stawka dzienna+ 19,61 euro brutto\/h za prac\u0119 w godzinach nocnych Zadania:\u00a0 Obs\u0142uga w\u00f3zka&#8230;<\/p>\n","protected":false},"featured_media":0,"comment_status":"open","ping_status":"closed","template":"","meta":{"_acf_changed":false,"inline_featured_image":false},"product_brand":[],"product_cat":[56],"product_tag":[],"class_list":{"0":"post-15709","1":"product","2":"type-product","3":"status-publish","5":"product_cat-niemcy","6":"pa_branza-handel","7":"pa_dzial-praca-tymczasowa-zagranica","8":"pa_kraj-niemcy","9":"pa_obszar-pracy-okolice-kassel","10":"pa_stanowisko-operator-wozka-widlowego","12":"first","13":"instock","14":"shipping-taxable","15":"product-type-simple"},"acf":{"idealWorkDescription":"","idealWorkCountry":"Niemcy","IdealWorkIndustry":"Handel","idealWorkDepartment":"Praca Tymczasowa Zagranica","idealWorkPlace":"Operator w\u00f3zka wid\u0142owego","idealZohoSkrypt":"","idealAplicationLink":"https:\/\/idealwork.traffit.com\/public\/form\/a\/3d958363e1770fbd6cc379d53eebdb947268513d","idealWorkArea":"okolice Kassel","idealWorkHours":"","idealWorkLevel":"Operator w\u00f3zka wid\u0142owego","idealWorkSallary":"2 900 - 3 600 Euro brutto miesi\u0119cznie","idealWorkDataCreate":"2025-12-19","idealWorkDataExpiration":"","idealWorkVacancies":"1","recruitJobID":90,"stanowiskoZohoCRM":"","biale_kolnierzyki":false,"idealOfertaDlaPar":false,"idealOfertaOdZaraz":false,"idealOfertaTygodnia":false,"idealOfertaSuper":false},"_links":{"self":[{"href":"https:\/\/idealstaff.com\/pl\/wp-json\/wp\/v2\/product\/15709","targetHints":{"allow":["GET"]}}],"collection":[{"href":"https:\/\/idealstaff.com\/pl\/wp-json\/wp\/v2\/product"}],"about":[{"href":"https:\/\/idealstaff.com\/pl\/wp-json\/wp\/v2\/types\/product"}],"replies":[{"embeddable":true,"href":"https:\/\/idealstaff.com\/pl\/wp-json\/wp\/v2\/comments?post=15709"}],"wp:attachment":[{"href":"https:\/\/idealstaff.com\/pl\/wp-json\/wp\/v2\/media?parent=15709"}],"wp:term":[{"taxonomy":"product_brand","embeddable":true,"href":"https:\/\/idealstaff.com\/pl\/wp-json\/wp\/v2\/product_brand?post=15709"},{"taxonomy":"product_cat","embeddable":true,"href":"https:\/\/idealstaff.com\/pl\/wp-json\/wp\/v2\/product_cat?post=15709"},{"taxonomy":"product_tag","embeddable":true,"href":"https:\/\/idealstaff.com\/pl\/wp-json\/wp\/v2\/product_tag?post=15709"}],"curies":[{"name":"wp","href":"https:\/\/api.w.org\/{rel}","templated":true}]}}