{"id":15800,"date":"2026-04-14T18:24:19","date_gmt":"2026-04-14T16:24:19","guid":{"rendered":"https:\/\/idealstaff.com\/oferta\/spawacz-mig-mag-elementy-wyposazenia-sklepow-praca-w-niemczech-m-k\/"},"modified":"2026-04-14T18:24:19","modified_gmt":"2026-04-14T16:24:19","slug":"spawacz-mig-mag-elementy-wyposazenia-sklepow-praca-w-niemczech-m-k","status":"publish","type":"product","link":"https:\/\/idealstaff.com\/pl\/oferta\/spawacz-mig-mag-elementy-wyposazenia-sklepow-praca-w-niemczech-m-k\/","title":{"rendered":"Spawacz MIG\/MAG (elementy wyposa\u017cenia sklep\u00f3w) | Praca w Niemczech (m\/k)"},"content":{"rendered":"<div class=\"MsoNormal\"><strong>Miejsce pracy:<\/strong> Niemcy, okolice Osnabr\u00fcck<\/div>\n<div id=\"labelTD_CONTACTCF219\" class=\"dv_info_label mR5 pR fShrink0\" style=\"width: 170px\" data-zcqa=\"dtVw_lbl_CONTACTCF219\"><\/div>\n<div class=\"MsoNormal\"><strong>Pocz\u0105tek pracy:<\/strong> kwiecie\u0144\/maj 2026<\/div>\n<div class=\"MsoNormal\"><strong>Wynagrodzenie: <\/strong><span data-teams=\"true\">4 234<\/span>EUR brutto miesi\u0119cznie\u00a0<\/div>\n<div class=\"MsoNormal\"><strong>Stawka godzinowa:<\/strong> 19,20 EUR\/h brutto + 28 EUR netto za ka\u017cdy przepracowany dzie\u0144 \u00a0 \u00a0\u00a0<\/div>\n<div class=\"MsoNormal\">\u00a0<\/div>\n<div class=\"MsoNormal\"><strong>Zadania:<\/strong><\/div>\n<ul>\n<li>Spawanie metod\u0105 MAG\/MIG element\u00f3w wyposa\u017cenia sklep\u00f3w<\/li>\n<li>Spawanie punktowe (spawanie \u0142ukowe w os\u0142onie gaz\u00f3w ochronnych)<\/li>\n<li>Spawany materia\u0142 to stal zwyk\u0142a i\/lub stal 137<\/li>\n<li>Spawanie cienkich blach, od 0,5 mm grubo\u015bci<\/li>\n<li>Praca na podstawie rysunk\u00f3w technicznych<\/li>\n<li>Praca stacjonarna w hali<\/li>\n<li>Praca zaczyna si\u0119 od jednodniowych pr\u00f3bek spawalniczych na miejscu pracy (okolice Osnabr\u00fcck)<\/li>\n<\/ul>\n<div class=\"MsoNormal\">\u00a0<\/div>\n<div class=\"MsoNormal\"><strong>Wymagania:<span>\u00a0 <\/span><\/strong><\/div>\n<ul>\n<li class=\"MsoNormal\">Udokumentowane do\u015bwiadczenie w pracy na stanowisku Spawacz MAG\/MIG\u00a0<\/li>\n<li class=\"MsoNormal\">Znajomo\u015b\u0107 i do\u015bwiadczenie w pracy z rysunkiem technicznym<\/li>\n<li class=\"MsoNormal\">Certyfikat spawalniczy MAG\/MIG. W przypadku braku pomagamy w\u00a0<br \/>wyrobieniu\/mo\u017cliwo\u015b\u0107 odnowienia certyfikatu<\/li>\n<li class=\"MsoNormal\">Za\u015bwiadczenie o niekaralno\u015bci do ukazania przy podpisywaniu umowy o prac\u0119<\/li>\n<li class=\"MsoNormal\">Gotowo\u015b\u0107 do rozpocz\u0119cia pracy w kwietniu\/maju 2026 i nastawienie na d\u0142ugofalow\u0105 wsp\u00f3\u0142prac\u0119<\/li>\n<li class=\"MsoNormal\">Prawo jazdy i w\u0142asny \u015brodek transportu\u00a0<\/li>\n<li class=\"MsoNormal\">Podstawowa znajomo\u015b\u0107 j\u0119zyka niemieckiego i\/lub angielskiego pozwalaj\u0105ca na\u00a0<br \/>komunikacj\u0119 w \u015brodowisku pracy<\/li>\n<\/ul>\n<div class=\"MsoNormal\">\u00a0<\/div>\n<div class=\"MsoNormal\"><strong>Oferujemy:<\/strong><\/div>\n<ul>\n<li class=\"MsoNormal\">Darmowe zakwaterowanie w komfortowych pokojach<\/li>\n<li class=\"MsoNormal\">Niemieck\u0105 umow\u0119<\/li>\n<li class=\"MsoNormal\">Kompletn\u0105 odzie\u017c robocz\u0105 i sprz\u0119t do spawania (przy\u0142bica z nawiewem)<\/li>\n<li class=\"MsoNormal\">Praca poniedzia\u0142ek-pi\u0105tek z mo\u017cliwo\u015bci\u0105 nadgodzin wg zapotrzebowania<\/li>\n<li class=\"MsoNormal\">Praca na 3 zmiany<\/li>\n<li class=\"MsoNormal\">Wsparcie polskiego koordynatora<\/li>\n<li class=\"MsoNormal\">Ubezpieczenie<\/li>\n<li class=\"MsoNormal\">Wynagrodzenie wyp\u0142acane do 10 dnia miesi\u0105ca<\/li>\n<\/ul>\n<div class=\"MsoNormal\">\u00a0<\/div>\n<div>IDEAL WORK GERMANY SP. Z O.O. Numer wpisu do rejestru agencji zatrudnienia: 12001\u00a0<\/div>\n","protected":false},"excerpt":{"rendered":"<p>Miejsce pracy: Niemcy, okolice Osnabr\u00fcck Pocz\u0105tek pracy: kwiecie\u0144\/maj 2026 Wynagrodzenie: 4 234EUR brutto miesi\u0119cznie\u00a0 Stawka godzinowa: 19,20 EUR\/h brutto + 28 EUR netto za ka\u017cdy przepracowany dzie\u0144 \u00a0 \u00a0\u00a0 \u00a0&#8230;<\/p>\n","protected":false},"featured_media":0,"comment_status":"open","ping_status":"closed","template":"","meta":{"_acf_changed":false,"inline_featured_image":false},"product_brand":[],"product_cat":[56],"product_tag":[],"class_list":{"0":"post-15800","1":"product","2":"type-product","3":"status-publish","5":"product_cat-niemcy","6":"pa_branza-produkcja","7":"pa_dzial-praca-tymczasowa-zagranica","8":"pa_kraj-niemcy","9":"pa_obszar-pracy-okolice-osnabruck","10":"pa_stanowisko-spawacz","12":"first","13":"instock","14":"shipping-taxable","15":"product-type-simple"},"acf":{"idealWorkDescription":"","idealWorkCountry":"Niemcy","IdealWorkIndustry":"Produkcja","idealWorkDepartment":"Praca Tymczasowa Zagranica","idealWorkPlace":"Spawacz","idealZohoSkrypt":"","idealAplicationLink":"https:\/\/idealwork.traffit.com\/public\/form\/a\/abf70a77d6956834e513bf8c1d90588062474669","idealWorkArea":"okolice Osnabruck","idealWorkHours":"","idealWorkLevel":"Spawacz","idealWorkSallary":"4234 EUR brutto\/mc","idealWorkDataCreate":"2026-04-14","idealWorkDataExpiration":"","idealWorkVacancies":"1","recruitJobID":115,"stanowiskoZohoCRM":"","biale_kolnierzyki":false,"idealOfertaDlaPar":false,"idealOfertaOdZaraz":false,"idealOfertaTygodnia":false,"idealOfertaSuper":false},"_links":{"self":[{"href":"https:\/\/idealstaff.com\/pl\/wp-json\/wp\/v2\/product\/15800","targetHints":{"allow":["GET"]}}],"collection":[{"href":"https:\/\/idealstaff.com\/pl\/wp-json\/wp\/v2\/product"}],"about":[{"href":"https:\/\/idealstaff.com\/pl\/wp-json\/wp\/v2\/types\/product"}],"replies":[{"embeddable":true,"href":"https:\/\/idealstaff.com\/pl\/wp-json\/wp\/v2\/comments?post=15800"}],"wp:attachment":[{"href":"https:\/\/idealstaff.com\/pl\/wp-json\/wp\/v2\/media?parent=15800"}],"wp:term":[{"taxonomy":"product_brand","embeddable":true,"href":"https:\/\/idealstaff.com\/pl\/wp-json\/wp\/v2\/product_brand?post=15800"},{"taxonomy":"product_cat","embeddable":true,"href":"https:\/\/idealstaff.com\/pl\/wp-json\/wp\/v2\/product_cat?post=15800"},{"taxonomy":"product_tag","embeddable":true,"href":"https:\/\/idealstaff.com\/pl\/wp-json\/wp\/v2\/product_tag?post=15800"}],"curies":[{"name":"wp","href":"https:\/\/api.w.org\/{rel}","templated":true}]}}