{"id":15814,"date":"2026-04-16T18:57:05","date_gmt":"2026-04-16T16:57:05","guid":{"rendered":"https:\/\/idealstaff.com\/oferta\/praca-w-niemczech-wyjazd-po-majowce-rozne-stanowiska\/"},"modified":"2026-04-16T18:57:05","modified_gmt":"2026-04-16T16:57:05","slug":"praca-w-niemczech-wyjazd-po-majowce-rozne-stanowiska","status":"publish","type":"product","link":"https:\/\/idealstaff.com\/pl\/oferta\/praca-w-niemczech-wyjazd-po-majowce-rozne-stanowiska\/","title":{"rendered":"Praca w Niemczech | Wyjazd po maj\u00f3wce | R\u00f3\u017cne stanowiska"},"content":{"rendered":"<div class=\"MsoNormal\">Szukasz pracy za granic\u0105? Oferujemy zatrudnienie na stanowiskach magazyniera i komisjonera w r\u00f3\u017cnych lokalizacjach. Rozpocznij nowy etap swojej kariery zawodowej i wyjed\u017a do pracy po maj\u00f3wce!<\/div>\n<div class=\"MsoNormal\"><strong>Lokalizacja:<\/strong> Niemcy,\u00a0okolice Kassel, Berlina, Hanower, Monachium<br \/><strong>Dost\u0119pne stanowiska: <\/strong>Magazynier, komisjoner<br \/><strong>Wynagrodzenie:<\/strong> 2\u00a0300- 3\u00a0450EUR miesi\u0119cznie<br \/><!-- [if !supportLineBreakNewLine]--><br \/><!--[endif]--><\/div>\n<div class=\"MsoNormal\">\u00a0<\/div>\n<div class=\"MsoNormal\"><strong>Wymagania:<\/strong><\/div>\n<ul>\n<li class=\"MsoNormal\">Wysoka sprawno\u015b\u0107 fizyczna<\/li>\n<li class=\"MsoNormal\">Uprawnienia na w\u00f3zki wid\u0142owe w przypadku stanowiska operatora w\u00f3zka<\/li>\n<li class=\"MsoNormal\">Mile widziane:<\/li>\n<li class=\"MsoNormal\">Prawo jazdy kat. B (premia dla kierowc\u00f3w firmowego busa lub os\u00f3b posiadaj\u0105cych w\u0142asne auto)<\/li>\n<\/ul>\n<div class=\"MsoNormal\"><strong>Oferujemy:<\/strong><\/div>\n<ul>\n<li class=\"MsoNormal\">Zakwaterowanie z wifi<\/li>\n<li class=\"MsoNormal\">Wsparcie polskiego koordynatora<\/li>\n<li class=\"MsoNormal\">Pomoc w doje\u017adzie do Niemiec<\/li>\n<li class=\"MsoNormal\">Ubezpieczenie<\/li>\n<li class=\"MsoNormal\">Dojazd firmowymi busami<\/li>\n<li class=\"MsoNormal\">Wyp\u0142ata do 10 dnia miesi\u0105ca<\/li>\n<li class=\"MsoNormal\">100EUR brutto\u00a0 za\u00a0 POLECENIE pracownik\u00f3w do pracy<\/li>\n<li class=\"MsoNormal\">229,48EUR premii Urlabsgeld, 235,22EUR premii Weihnachtsgeld<\/li>\n<\/ul>\n<div class=\"MsoNormal\"><strong>Mo\u017cliwo\u015bci:<\/strong><\/div>\n<ul>\n<li class=\"MsoNormal\">Szkolenia i rozw\u00f3j na lidera\/brygadzist\u0119<\/li>\n<\/ul>\n<div class=\"MsoNormal\">\u00a0<\/div>\n<div class=\"MsoNormal\">Zainteresowany? Kliknij przycisk &#8220;Aplikuj&#8221; i wype\u0142nij kr\u00f3tki formularz!<\/div>\n<div class=\"MsoNormal\">\u00a0<\/div>\n<div class=\"MsoNormal\">IDEAL WORK GERMANY SP. Z O.O. Numer wpisu do rejestru agencji zatrudnienia: 12001\u00a0<\/div>\n<div class=\"MsoNormal\">IDEAL WORK\u00a0\u2013 to polska agencja pracy tymczasowej, kt\u00f3ra wsp\u00f3\u0142pracuje z najwi\u0119kszymi dostawcami us\u0142ug kurierskich w Europie oraz z firmami z bran\u017cy produkcji, automotive, rolnictwa czy meblarskiej.<\/div>\n<div class=\"MsoNormal\">Przez lata naszej dzia\u0142alno\u015bci na rynku niemieckim zapewnili\u015bmy miejsca pracy tysi\u0105com pracownik\u00f3w z Polski. Do\u0142\u0105cz do grona zadowolonych pracownik\u00f3w i spr\u00f3buj swoich si\u0142 w pracy w Niemczech z IDEAL!<\/div>\n<div class=\"MsoNormal\">Zapoznaj si\u0119 z nasz\u0105 Polityk\u0105 prywatno\u015bci i tym, w jaki spos\u00f3b b\u0119dziemy przetwarza\u0107 Twoje dane osobowe https:\/\/idealstaff.com\/pl\/polityka-prywatnosci-i-cookies\/.<\/div>\n<div class=\"MsoNormal\">\u00a0<\/div>\n","protected":false},"excerpt":{"rendered":"<p>Szukasz pracy za granic\u0105? Oferujemy zatrudnienie na stanowiskach magazyniera i komisjonera w r\u00f3\u017cnych lokalizacjach. Rozpocznij nowy etap swojej kariery zawodowej i wyjed\u017a do pracy po maj\u00f3wce! Lokalizacja: Niemcy,\u00a0okolice Kassel, Berlina,&#8230;<\/p>\n","protected":false},"featured_media":0,"comment_status":"open","ping_status":"closed","template":"","meta":{"_acf_changed":false,"inline_featured_image":false},"product_brand":[],"product_cat":[56],"product_tag":[],"class_list":{"0":"post-15814","1":"product","2":"type-product","3":"status-publish","5":"product_cat-niemcy","6":"pa_branza-logistyka","7":"pa_dzial-praca-tymczasowa-zagranica","8":"pa_kraj-niemcy","9":"pa_obszar-pracy-inne","10":"pa_stanowisko-magazynier","12":"first","13":"instock","14":"shipping-taxable","15":"product-type-simple"},"acf":{"idealWorkDescription":"","idealWorkCountry":"Niemcy","IdealWorkIndustry":"Logistyka","idealWorkDepartment":"Praca Tymczasowa Zagranica","idealWorkPlace":"Magazynier","idealZohoSkrypt":"","idealAplicationLink":"https:\/\/idealwork.traffit.com\/public\/form\/a\/ae685b1c416b99299bb7db1ac9b653423177754d","idealWorkArea":"inne","idealWorkHours":"","idealWorkLevel":"Magazynier","idealWorkSallary":"2 300 - 3 450 EUR brutto miesi\u0119cznie","idealWorkDataCreate":"2026-04-16","idealWorkDataExpiration":"2026-05-13","idealWorkVacancies":"1","recruitJobID":120,"stanowiskoZohoCRM":"","biale_kolnierzyki":false,"idealOfertaDlaPar":false,"idealOfertaOdZaraz":false,"idealOfertaTygodnia":false,"idealOfertaSuper":false},"_links":{"self":[{"href":"https:\/\/idealstaff.com\/pl\/wp-json\/wp\/v2\/product\/15814","targetHints":{"allow":["GET"]}}],"collection":[{"href":"https:\/\/idealstaff.com\/pl\/wp-json\/wp\/v2\/product"}],"about":[{"href":"https:\/\/idealstaff.com\/pl\/wp-json\/wp\/v2\/types\/product"}],"replies":[{"embeddable":true,"href":"https:\/\/idealstaff.com\/pl\/wp-json\/wp\/v2\/comments?post=15814"}],"wp:attachment":[{"href":"https:\/\/idealstaff.com\/pl\/wp-json\/wp\/v2\/media?parent=15814"}],"wp:term":[{"taxonomy":"product_brand","embeddable":true,"href":"https:\/\/idealstaff.com\/pl\/wp-json\/wp\/v2\/product_brand?post=15814"},{"taxonomy":"product_cat","embeddable":true,"href":"https:\/\/idealstaff.com\/pl\/wp-json\/wp\/v2\/product_cat?post=15814"},{"taxonomy":"product_tag","embeddable":true,"href":"https:\/\/idealstaff.com\/pl\/wp-json\/wp\/v2\/product_tag?post=15814"}],"curies":[{"name":"wp","href":"https:\/\/api.w.org\/{rel}","templated":true}]}}