{"id":15859,"date":"2026-04-20T15:39:01","date_gmt":"2026-04-20T13:39:01","guid":{"rendered":"https:\/\/idealstaff.com\/oferta\/praca-przy-skladaniu-namiotow-eventowych-praca-w-niemczech\/"},"modified":"2026-04-20T15:39:01","modified_gmt":"2026-04-20T13:39:01","slug":"praca-przy-skladaniu-namiotow-eventowych-praca-w-niemczech","status":"publish","type":"product","link":"https:\/\/idealstaff.com\/pl\/oferta\/praca-przy-skladaniu-namiotow-eventowych-praca-w-niemczech\/","title":{"rendered":"Praca przy sk\u0142adaniu namiot\u00f3w eventowych | Praca w Niemczech"},"content":{"rendered":"<div class=\"MsoNormal\">Szukasz pracy za granic\u0105? Do\u0142\u0105cz do naszego zespo\u0142u i pomagaj w monta\u017cu namiot\u00f3w eventowych w Niemczech! Oferujemy atrakcyjne warunki pracy. Aplikuj i dowiedz si\u0119 wi\u0119cej!<\/div>\n<div class=\"MsoNormal\">\u00a0<\/div>\n<div class=\"MsoNormal\"><strong>Lokalizacja:\u202f<\/strong>Okolice M\u00fcnster\u00a0<\/div>\n<div class=\"MsoNormal\"><strong>Wynagrodzenie:<\/strong> 2 750-3 100EUR brutto miesi\u0119cznie\u00a0<\/div>\n<div class=\"MsoNormal\"><strong>Stawka godzinowa brutto: <\/strong>dzienna\u202f15,50EUR<\/div>\n<div class=\"MsoNormal\">\u00a0<\/div>\n<div class=\"MsoNormal\"><strong>Zadania:\u00a0<\/strong><\/div>\n<ul>\n<li class=\"MsoNormal\">Sk\u0142adanie i rozk\u0142adanie namiot\u00f3w na potrzeby festyn\u00f3w strzeleckich<\/li>\n<\/ul>\n<div class=\"MsoNormal\"><strong>Wymagania:\u00a0<\/strong><\/div>\n<ul>\n<li class=\"MsoNormal\">Wysoka sprawno\u015b\u0107 fizyczna\u00a0<\/li>\n<\/ul>\n<div class=\"MsoNormal\"><strong>Oferujemy:\u00a0<\/strong><\/div>\n<ul>\n<li class=\"MsoNormal\">Zakwaterowanie<\/li>\n<li class=\"MsoNormal\">Wsparcie polskiego koordynatora\u00a0<\/li>\n<li class=\"MsoNormal\">Pomoc w doje\u017adzie do Niemiec\u00a0<\/li>\n<li class=\"MsoNormal\">Wyp\u0142ata do 10 dnia miesi\u0105ca\u00a0<\/li>\n<li class=\"MsoNormal\">100EUR brutto\u00a0 za\u00a0 POLECENIE pracownik\u00f3w do pracy<\/li>\n<\/ul>\n<div class=\"MsoNormal\">\u00a0<\/div>\n<div class=\"MsoNormal\">Aplikuj ju\u017c dzi\u015b!<\/div>\n<div class=\"MsoNormal\">\u00a0<\/div>\n<div>IDEAL WORK GERMANY SP. Z O.O. Numer wpisu do rejestru agencji zatrudnienia: 12001\u00a0<\/div>\n","protected":false},"excerpt":{"rendered":"<p>Szukasz pracy za granic\u0105? Do\u0142\u0105cz do naszego zespo\u0142u i pomagaj w monta\u017cu namiot\u00f3w eventowych w Niemczech! Oferujemy atrakcyjne warunki pracy. Aplikuj i dowiedz si\u0119 wi\u0119cej! \u00a0 Lokalizacja:\u202fOkolice M\u00fcnster\u00a0 Wynagrodzenie: 2&#8230;<\/p>\n","protected":false},"featured_media":0,"comment_status":"open","ping_status":"closed","template":"","meta":{"_acf_changed":false,"inline_featured_image":false},"product_brand":[],"product_cat":[56],"product_tag":[],"class_list":{"0":"post-15859","1":"product","2":"type-product","3":"status-publish","5":"product_cat-niemcy","6":"pa_branza-logistyka","7":"pa_dzial-praca-tymczasowa-zagranica","8":"pa_kraj-niemcy","9":"pa_obszar-pracy-okolice-munster","10":"pa_stanowisko-magazynier","12":"first","13":"instock","14":"shipping-taxable","15":"product-type-simple"},"acf":{"idealWorkDescription":"","idealWorkCountry":"Niemcy","IdealWorkIndustry":"Logistyka","idealWorkDepartment":"Praca Tymczasowa Zagranica","idealWorkPlace":"Magazynier","idealZohoSkrypt":"","idealAplicationLink":"https:\/\/idealwork.traffit.com\/public\/form\/a\/f2d62e266c5b3f1f7ae06cc9f6f446c167306a4d","idealWorkArea":"okolice Munster","idealWorkHours":"","idealWorkLevel":"Magazynier","idealWorkSallary":"2 750-3 100EUR brutto\/mc","idealWorkDataCreate":"2026-07-30","idealWorkDataExpiration":"","idealWorkVacancies":"1","recruitJobID":121,"stanowiskoZohoCRM":"","biale_kolnierzyki":false,"idealOfertaDlaPar":false,"idealOfertaOdZaraz":false,"idealOfertaTygodnia":false,"idealOfertaSuper":false},"_links":{"self":[{"href":"https:\/\/idealstaff.com\/pl\/wp-json\/wp\/v2\/product\/15859","targetHints":{"allow":["GET"]}}],"collection":[{"href":"https:\/\/idealstaff.com\/pl\/wp-json\/wp\/v2\/product"}],"about":[{"href":"https:\/\/idealstaff.com\/pl\/wp-json\/wp\/v2\/types\/product"}],"replies":[{"embeddable":true,"href":"https:\/\/idealstaff.com\/pl\/wp-json\/wp\/v2\/comments?post=15859"}],"wp:attachment":[{"href":"https:\/\/idealstaff.com\/pl\/wp-json\/wp\/v2\/media?parent=15859"}],"wp:term":[{"taxonomy":"product_brand","embeddable":true,"href":"https:\/\/idealstaff.com\/pl\/wp-json\/wp\/v2\/product_brand?post=15859"},{"taxonomy":"product_cat","embeddable":true,"href":"https:\/\/idealstaff.com\/pl\/wp-json\/wp\/v2\/product_cat?post=15859"},{"taxonomy":"product_tag","embeddable":true,"href":"https:\/\/idealstaff.com\/pl\/wp-json\/wp\/v2\/product_tag?post=15859"}],"curies":[{"name":"wp","href":"https:\/\/api.w.org\/{rel}","templated":true}]}}