{"id":15874,"date":"2026-04-23T09:49:49","date_gmt":"2026-04-23T07:49:49","guid":{"rendered":"https:\/\/idealstaff.com\/oferta\/spawacz-mag-135-136-elementy-maszyn-rolniczych-praca-niemcy-m-k\/"},"modified":"2026-04-23T09:49:49","modified_gmt":"2026-04-23T07:49:49","slug":"spawacz-mag-135-136-elementy-maszyn-rolniczych-praca-niemcy-m-k","status":"publish","type":"product","link":"https:\/\/idealstaff.com\/pl\/oferta\/spawacz-mag-135-136-elementy-maszyn-rolniczych-praca-niemcy-m-k\/","title":{"rendered":"Spawacz MAG 135\/136- elementy maszyn rolniczych | Praca Niemcy (m\/k)"},"content":{"rendered":"<div class=\"MsoNormal\"><strong>Miejsce pracy: <\/strong>Niemcy, Verl<\/div>\n<div class=\"MsoNormal\"><strong>Pocz\u0105tek pracy: <\/strong>04.05.2026<\/div>\n<div class=\"MsoNormal\"><strong>Stawka godzinowa: <\/strong>19,00 EUR brutto\/h + 28EUR netto za ka\u017cdy przepracowany dzie\u0144<\/div>\n<div class=\"MsoNormal\"><strong>Wynagrodzenie:<\/strong> <span>\u00a0<\/span>3 200 Euro brutto + 28 EUR netto\/pe\u0142en dzie\u0144 pracy (za przepracowanie 168 godzin)<\/div>\n<div class=\"MsoNormal\"><strong>Zadania:<\/strong><\/div>\n<ul>\n<li class=\"MsoNormal\">Spawanie metod\u0105 MAG 135 i\/lub 136 element\u00f3w maszyn rolniczych, du\u017ce i ma\u0142e elementy ze stali czarnej<\/li>\n<li class=\"MsoNormal\">Grubo\u015b\u0107 spawanych element\u00f3w od 2 do 12 mm<span>\u00a0 <\/span><\/li>\n<li class=\"MsoNormal\">Praca stacjonarna w hali<\/li>\n<\/ul>\n<div class=\"MsoNormal\"><strong>Wymagania:<span>\u00a0 <\/span><\/strong><\/div>\n<ul>\n<li class=\"MsoNormal\">Udokumentowane do\u015bwiadczenie w pracy na stanowisku Spawacz MAG 135\/136 min 2 lata<\/li>\n<li class=\"MsoNormal\">Znajomo\u015b\u0107 w pracy z rysunkiem technicznym <span>\u00a0<\/span><\/li>\n<li class=\"MsoNormal\">Gotowo\u015b\u0107 do rozpocz\u0119cia pracy w maju 2026<\/li>\n<li class=\"MsoNormal\">Prawo jazdy i w\u0142asny \u015brodek transportu<\/li>\n<\/ul>\n<div><strong>Mile widziane:<\/strong><\/div>\n<ul>\n<li class=\"MsoNormal\">Certyfikat spawalniczy MAG 135<\/li>\n<\/ul>\n<div class=\"MsoNormal\"><strong>Oferujemy:<\/strong><\/div>\n<ul>\n<li class=\"MsoNormal\">Darmowe zakwaterowanie w komfortowych pokojach<\/li>\n<li class=\"MsoNormal\">Niemieck\u0105 umow\u0119 o prac\u0119 i stabilne, sprawdzone miejsce pracy<\/li>\n<li class=\"MsoNormal\">Kompletn\u0105 odzie\u017c robocz\u0105 i sprz\u0119t do spawania (przy\u0142bica z nawiewem)<\/li>\n<li class=\"MsoNormal\">Prac\u0119 na dwie zmiany poniedzia\u0142ek-pi\u0105tek z mo\u017cliwo\u015bci\u0105 nadgodzin wg zapotrzebowania<\/li>\n<li class=\"MsoNormal\">Wsparcie\u00a0polskiego koordynatora<\/li>\n<li class=\"MsoNormal\">wynagrodzenie wyp\u0142acane do 10 dnia miesi\u0105ca<\/li>\n<\/ul>\n<div class=\"MsoNormal\">Zapraszamy do wsp\u00f3\u0142pracy:-)<\/div>\n<div>IDEAL WORK GERMANY SP. Z O.O. Numer wpisu do rejestru agencji zatrudnienia: 12001\u00a0<\/div>\n","protected":false},"excerpt":{"rendered":"<p>Miejsce pracy: Niemcy, Verl Pocz\u0105tek pracy: 04.05.2026 Stawka godzinowa: 19,00 EUR brutto\/h + 28EUR netto za ka\u017cdy przepracowany dzie\u0144 Wynagrodzenie: \u00a03 200 Euro brutto + 28 EUR netto\/pe\u0142en dzie\u0144 pracy&#8230;<\/p>\n","protected":false},"featured_media":0,"comment_status":"open","ping_status":"closed","template":"","meta":{"_acf_changed":false,"inline_featured_image":false},"product_brand":[],"product_cat":[56],"product_tag":[],"class_list":{"0":"post-15874","1":"product","2":"type-product","3":"status-publish","5":"product_cat-niemcy","6":"pa_branza-produkcja","7":"pa_dzial-praca-tymczasowa-zagranica","8":"pa_kraj-niemcy","9":"pa_obszar-pracy-okolice-munster","10":"pa_stanowisko-spawacz","12":"first","13":"instock","14":"shipping-taxable","15":"product-type-simple"},"acf":{"idealWorkDescription":"","idealWorkCountry":"Niemcy","IdealWorkIndustry":"Produkcja","idealWorkDepartment":"Praca Tymczasowa Zagranica","idealWorkPlace":"Spawacz","idealZohoSkrypt":"","idealAplicationLink":"https:\/\/idealwork.traffit.com\/public\/form\/a\/b5f1f5fdcc2a3bb05b4597fba7bb498c764c2b4f","idealWorkArea":"okolice Munster","idealWorkHours":"","idealWorkLevel":"Spawacz","idealWorkSallary":"3 200EUR brutto\/ mc","idealWorkDataCreate":"2026-04-23","idealWorkDataExpiration":"","idealWorkVacancies":"1","recruitJobID":124,"stanowiskoZohoCRM":"","biale_kolnierzyki":false,"idealOfertaDlaPar":false,"idealOfertaOdZaraz":false,"idealOfertaTygodnia":false,"idealOfertaSuper":false},"_links":{"self":[{"href":"https:\/\/idealstaff.com\/pl\/wp-json\/wp\/v2\/product\/15874","targetHints":{"allow":["GET"]}}],"collection":[{"href":"https:\/\/idealstaff.com\/pl\/wp-json\/wp\/v2\/product"}],"about":[{"href":"https:\/\/idealstaff.com\/pl\/wp-json\/wp\/v2\/types\/product"}],"replies":[{"embeddable":true,"href":"https:\/\/idealstaff.com\/pl\/wp-json\/wp\/v2\/comments?post=15874"}],"wp:attachment":[{"href":"https:\/\/idealstaff.com\/pl\/wp-json\/wp\/v2\/media?parent=15874"}],"wp:term":[{"taxonomy":"product_brand","embeddable":true,"href":"https:\/\/idealstaff.com\/pl\/wp-json\/wp\/v2\/product_brand?post=15874"},{"taxonomy":"product_cat","embeddable":true,"href":"https:\/\/idealstaff.com\/pl\/wp-json\/wp\/v2\/product_cat?post=15874"},{"taxonomy":"product_tag","embeddable":true,"href":"https:\/\/idealstaff.com\/pl\/wp-json\/wp\/v2\/product_tag?post=15874"}],"curies":[{"name":"wp","href":"https:\/\/api.w.org\/{rel}","templated":true}]}}