{"id":15887,"date":"2026-04-24T08:39:08","date_gmt":"2026-04-24T06:39:08","guid":{"rendered":"https:\/\/idealstaff.com\/oferta\/spawacz-mag-mig-praca-w-niemczech-od-maja-m-k\/"},"modified":"2026-04-24T08:39:08","modified_gmt":"2026-04-24T06:39:08","slug":"spawacz-mag-mig-praca-w-niemczech-od-maja-m-k","status":"publish","type":"product","link":"https:\/\/idealstaff.com\/pl\/oferta\/spawacz-mag-mig-praca-w-niemczech-od-maja-m-k\/","title":{"rendered":"Spawacz MAG\/MIG | Praca w Niemczech | Od maja (m\/k)"},"content":{"rendered":"<div class=\"MsoNormal\"><span style=\"font-size: 11.0pt;line-height: 107%;font-family: 'Calibri',sans-serif\">Masz do\u015bwiadczenie w MAG\/MIG i szukasz stabilnej pracy? Aplikuj ju\u017c dzi\u015b!<\/span><\/div>\n<div class=\"MsoNormal\"><strong>Wynagrodzenie: <\/strong>wynagrodzenie od 3 000- 4 000 EUR brutto plus 28 EUR netto\/dzie\u0144.\u00a0<\/div>\n<div class=\"MsoNormal\"><strong>Start pracy:<\/strong> maj 2026<\/div>\n<div class=\"MsoNormal\">\u00a0<\/div>\n<div class=\"MsoNormal\"><strong>Zadania:<\/strong><\/div>\n<ul>\n<li class=\"MsoNormal\">Spawanie element\u00f3w stalowych, praca z rysunkiem technicznym i nowoczesnym sprz\u0119tem &#8211; wszystko w hali produkcyjnej.<\/li>\n<\/ul>\n<div class=\"MsoNormal\"><strong>Oczekujemy:<\/strong><\/div>\n<ul>\n<li class=\"MsoNormal\">Do\u015bwiadczenia jako spawacz<\/li>\n<li class=\"MsoNormal\">Znajomo\u015bci rysunku technicznego<\/li>\n<li class=\"MsoNormal\">Certyfikatu (lub pomo\u017cemy go\u00a0zdoby\u0107)<\/li>\n<li class=\"MsoNormal\">Komunikatywnego j\u0119zyka DE\/EN (mile widziane)<\/li>\n<li class=\"MsoNormal\">Gotowo\u015bci do wyjazdu i pracy d\u0142ugoterminowej<\/li>\n<\/ul>\n<div class=\"MsoNormal\"><strong>Wymagania:<\/strong><\/div>\n<ul>\n<li class=\"MsoNormal\">Wynagrodzenie od 2700 EUR netto\/mc<\/li>\n<li class=\"MsoNormal\">Stabiln\u0105 niemieck\u0105 umow\u0119<\/li>\n<li class=\"MsoNormal\">Darmowe zakwaterowanie<\/li>\n<li class=\"MsoNormal\">Wysokie zarobki + dodatki dzienne<\/li>\n<li class=\"MsoNormal\">Sprz\u0119t i odzie\u017c zapewnione<\/li>\n<li class=\"MsoNormal\">Wsparcie polskiego koordynatora<\/li>\n<\/ul>\n<div class=\"MsoNormal\">Zostaw swoje dane \u2013 oddzwonimy i opowiemy szczeg\u00f3\u0142y!<\/div>\n<div>IDEAL WORK GERMANY SP. Z O.O. Numer wpisu do rejestru agencji zatrudnienia: 12001\u00a0<\/div>\n","protected":false},"excerpt":{"rendered":"<p>Masz do\u015bwiadczenie w MAG\/MIG i szukasz stabilnej pracy? Aplikuj ju\u017c dzi\u015b! Wynagrodzenie: wynagrodzenie od 3 000- 4 000 EUR brutto plus 28 EUR netto\/dzie\u0144.\u00a0 Start pracy: maj 2026 \u00a0 Zadania:&#8230;<\/p>\n","protected":false},"featured_media":0,"comment_status":"open","ping_status":"closed","template":"","meta":{"_acf_changed":false,"inline_featured_image":false},"product_brand":[],"product_cat":[56],"product_tag":[],"class_list":{"0":"post-15887","1":"product","2":"type-product","3":"status-publish","5":"product_cat-niemcy","6":"pa_branza-produkcja","7":"pa_dzial-praca-tymczasowa-zagranica","8":"pa_kraj-niemcy","9":"pa_obszar-pracy-inne","10":"pa_stanowisko-spawacz","12":"first","13":"instock","14":"shipping-taxable","15":"product-type-simple"},"acf":{"idealWorkDescription":"","idealWorkCountry":"Niemcy","IdealWorkIndustry":"Produkcja","idealWorkDepartment":"Praca Tymczasowa Zagranica","idealWorkPlace":"Spawacz","idealZohoSkrypt":"","idealAplicationLink":"https:\/\/idealwork.traffit.com\/public\/form\/a\/4c327752c821ba6c688f27a37125bdb54e545042","idealWorkArea":"inne","idealWorkHours":"","idealWorkLevel":"Spawacz","idealWorkSallary":"od 3 000- 4 000 EUR brutto\/ mc","idealWorkDataCreate":"2026-04-22","idealWorkDataExpiration":"","idealWorkVacancies":"1","recruitJobID":123,"stanowiskoZohoCRM":"","biale_kolnierzyki":false,"idealOfertaDlaPar":false,"idealOfertaOdZaraz":false,"idealOfertaTygodnia":false,"idealOfertaSuper":false},"_links":{"self":[{"href":"https:\/\/idealstaff.com\/pl\/wp-json\/wp\/v2\/product\/15887","targetHints":{"allow":["GET"]}}],"collection":[{"href":"https:\/\/idealstaff.com\/pl\/wp-json\/wp\/v2\/product"}],"about":[{"href":"https:\/\/idealstaff.com\/pl\/wp-json\/wp\/v2\/types\/product"}],"replies":[{"embeddable":true,"href":"https:\/\/idealstaff.com\/pl\/wp-json\/wp\/v2\/comments?post=15887"}],"wp:attachment":[{"href":"https:\/\/idealstaff.com\/pl\/wp-json\/wp\/v2\/media?parent=15887"}],"wp:term":[{"taxonomy":"product_brand","embeddable":true,"href":"https:\/\/idealstaff.com\/pl\/wp-json\/wp\/v2\/product_brand?post=15887"},{"taxonomy":"product_cat","embeddable":true,"href":"https:\/\/idealstaff.com\/pl\/wp-json\/wp\/v2\/product_cat?post=15887"},{"taxonomy":"product_tag","embeddable":true,"href":"https:\/\/idealstaff.com\/pl\/wp-json\/wp\/v2\/product_tag?post=15887"}],"curies":[{"name":"wp","href":"https:\/\/api.w.org\/{rel}","templated":true}]}}