{"id":3506,"date":"2025-04-15T12:45:12","date_gmt":"2025-04-15T10:45:12","guid":{"rendered":"https:\/\/idealstaff.com\/oferta\/pracownik-fizyczny-dpd-4\/"},"modified":"2025-12-07T21:42:58","modified_gmt":"2025-12-07T20:42:58","slug":"pracownik-fizyczny-dpd-4","status":"publish","type":"product","link":"https:\/\/idealstaff.com\/pl\/oferta\/pracownik-fizyczny-dpd-4\/","title":{"rendered":"Pracownik fizyczny DPD"},"content":{"rendered":"<p><span id=\"spandesc\"><\/p>\n<div class=\"align-center\"><\/div>\n<h2>PRACOWNIK   MAGAZYNU<br \/><\/h2>\n<div class=\"align-center\"><span style=\"text-indent:0px\" class=\"font\">roz\u0142adunek &#8211; za\u0142adunek przesy\u0142ek kurierskich<\/span> <\/div>\n<div class=\"align-center\"><span style=\"text-indent:0px\" class=\"font\">(Firma kurierska: DPD Niemcy)<\/span> <\/div>\n<div>\n<hr>\n<p><strong><br \/><\/strong><\/div>\n<div class=\"align-center\"><span style=\"text-indent:0px\" class=\"font\"><span class=\"size\"><strong>Wynagrodzenie          2 350 &#8211; 2 650 Euro miesi\u0119cznie brutto<\/strong><\/span><\/span> <strong> <br \/><\/strong><\/div>\n<div><strong>Lokalizacja: <\/strong>Okolice Berlina<\/p>\n<hr>\n<\/div>\n<ul>\n<li><span><span><strong>Stawka   godzinowa brutto<\/strong>: dzienna&nbsp;14,53 Euro i nocna      18,16 Euro&nbsp;<\/span><\/span> <span>&nbsp;<\/span><\/li>\n<li>Do wyboru   &#8211; Lokalizacje tylko ze zmianami         dziennymi lub     dziennymi i   nocnymi <\/li>\n<li>G\u0142\u00f3wne zadanie   to roz\u0142adunek lub za\u0142adunek r\u0119czny     przesy\u0142ek kurierskich lub zwrot\u00f3w<\/li>\n<li>Praca w      polskim   zespole,       koordynowanym przez     polskiego brygadzist\u0119<\/li>\n<li>Gwarantujemy     prace na d\u0142u\u017cej, je\u015bli sprawdzisz       si\u0119 w     powierzonych zadaniach<\/li>\n<\/ul>\n<p><\/span><br \/><span id=\"spanreq\"><\/p>\n<h3>Wymagania<\/h3>\n<h3>        <span class=\"size\">         <span class=\"font\">           <strong>Poszukujemy pracownik\u00f3w, kt\u00f3rzy przede   wszystkim:<\/strong><\/span><\/span><\/h3>\n<ul>\n<li>     <span><span><span class=\"size\"><\/span><\/span><\/span><strong>posiadaj\u0105 prawo jazdy kat. B (mile widziane)<\/strong><\/li>\n<li>maj\u0105             minimum p\u00f3\u0142             roku do\u015bwiadczenia na podobnym stanowisku w             Polsce         lub za granic\u0105<\/li>\n<li>                                  planuj\u0105             pracowa\u0107             d\u0142u\u017cej &#8211; od 3 miesi\u0119cy plus<\/li>\n<li>                                  maj\u0105             wysok\u0105             sprawno\u015b\u0107 fizyczn\u0105<\/li>\n<li>                                  potrafi\u0105             szybko             dostosowywa\u0107 si\u0119 do nowych miejsc i zasad             pracy<\/li>\n<\/ul>\n<div><\/div>\n<div>   <span class=\"size\">     <span class=\"font\">       <span class=\"size\">         <span class=\"font\">           <strong>Doceniamy w   pracownikach:<\/strong><\/span><\/span><\/span><\/span><\/div>\n<ul>\n<li>     <span>       <span>         <span>           <span>             <span class=\"font\">               <\/span><\/span><\/span><\/span><\/span>odpowiedzialno\u015b\u0107 i     uczciwo\u015b\u0107<\/li>\n<li>                                             kole\u017ce\u0144sko\u015b\u0107<\/li>\n<li>                                             prac\u0119 zespo\u0142ow\u0105<\/li>\n<\/ul>\n<p><\/span><br \/><span id=\"spanben\"><\/p>\n<h3>\u015awiadczenia<\/h3>\n<h3><span class=\"font\"><span class=\"size\"><span class=\"size\"><span class=\"font\"><span class=\"size\"><span class=\"font\"><strong>Naszym pracownikom zapewniamy:&nbsp; <\/strong> <\/span> <\/span> <\/span> <\/span> <\/span> <\/span> <strong> <\/strong> <br \/><\/h3>\n<div class=\"align-center\" style=\"text-indent:0px;text-align:center\">\n<ul>\n<li class=\"align-left\" style=\"text-align:left\"><span><span><span><span><span class=\"font\"><span class=\"size\"><strong>zakwaterowanie <\/strong> w mieszkaniach lub pensjonatach z wifi\/ pokoje 2-3 osobowe&nbsp; <\/span> <\/span> <\/span> <\/span> <\/span> <\/span> <\/li>\n<li class=\"align-left\" style=\"text-align:left\"><span><span><span><span><span class=\"font\"><span class=\"size\"><strong>ca\u0142odobowe&nbsp;wsparcie&nbsp;polskiego koordynatora i brygadzisty <\/strong> <\/span> <\/span> <span class=\"font\"> <span class=\"size\"> na terenie Niemiec&nbsp; <\/span> <\/span> <\/span> <\/span> <\/span> <\/span> <\/li>\n<li class=\"align-left\" style=\"text-align:left\"><span><span><span><span><span class=\"font\"><span class=\"size\"><strong>pomoc w zorganizowaniu dojazdu <\/strong> &nbsp;do Niemiec<\/span><\/span><\/span><\/span><\/span><\/span><\/li>\n<li class=\"align-left\" style=\"text-align:left\"><span><span><span><span><span class=\"font\"><span class=\"size\"><strong>opiek\u0119 medyczn\u0105 i ubezpieczenie<\/strong><\/span><\/span><\/span><\/span><\/span><\/span><\/li>\n<li class=\"align-left\" style=\"text-align:left\"><span><span><span><span><span class=\"font\"><span class=\"size\"><strong>zapewniony dojazd&nbsp; <\/strong> z miejsca zakwaterowania do pracy na terenie Niemiec <\/span> <\/span> <\/span> <\/span> <\/span> <\/span> <\/li>\n<li class=\"align-left\" style=\"text-align:left\"><span><span><span><span class=\"font\"><span class=\"size\">mo\u017cliwo\u015b\u0107 <strong> zaliczek <\/strong> <\/span> <\/span> <\/span> <\/span> <\/span> <\/li>\n<li class=\"align-left\" style=\"text-align:left\"><span><span><span><span class=\"font\"><span class=\"size\">wynagrodzenie wyp\u0142acane 10. dnia miesi\u0105ca&nbsp;&nbsp; <\/span> <\/span> <\/span> <\/span> <\/span> <\/li>\n<\/ul>\n<div class=\"align-left\" style=\"text-align:left\"><span class=\"font\"><span class=\"size\"><span class=\"size\"><span class=\"font\"><span class=\"size\"><span class=\"font\"><strong>W pakiecie mamy dodatki: <\/strong><\/span><\/span><\/span><\/span><\/span><\/span><\/div>\n<ul>\n<li class=\"align-left\" style=\"text-align:left\"><span><span><span><span class=\"font\"><span class=\"size\"><span><span><span class=\"font\"><span class=\"size\"><strong><span><span><span><span><span class=\"font\"><span class=\"size\"><span><span><span class=\"font\"><span class=\"size\"><strong>100EUR brutto<\/strong><\/span><\/span><\/span><\/span><\/span><\/span><\/span><\/span><\/span><\/span> <\/strong> za <\/span><\/span><\/span><\/span>POLECENIE pracownik\u00f3w do pracy<\/span><\/span><\/span><\/span><\/span><\/li>\n<li class=\"align-left\" style=\"text-align:left\"><span><span><span class=\"font\"><span class=\"size\"><span><span><span class=\"font\"><span class=\"size\"><strong>150EUR brutto <\/strong> za <\/span><\/span><\/span><\/span>U\u017bYWANIE W\u0141ASNEGO SAMOCHODU<\/span><\/span><\/span><\/span><\/li>\n<li class=\"align-left\" style=\"text-align:left\"><span><span><span class=\"font\"><span class=\"size\"><strong>125EUR brutto <\/strong> za pe\u0142nienie FUNKCJI KIEROWCY firmowego busa<\/span><\/span><\/span><\/span><\/li>\n<\/ul>\n<div style=\"text-align:left\" class=\"align-left\"><\/div>\n<div class=\"align-left\" style=\"text-align:left\"><span class=\"font\"><span class=\"size\"><span class=\"size\"><span class=\"font\"><span class=\"size\"><span class=\"font\"><strong>Gwarantujemy r\u00f3wnie\u017c: <\/strong> <\/span> <\/span> <\/span> <\/span> <\/span> <\/span> <strong> <\/strong> <\/div>\n<ul>\n<li class=\"align-left\" style=\"text-align:left\"><span><span style=\"text-align:center\"><strong>222,82 EUR brutto <\/strong> <\/span> <strong> premii <\/strong> p\u00f3\u0142rocznej <span style=\"text-align:center\"> ( Urlabsgeld\/ Weihnachtsgeld)<\/span><\/span><\/li>\n<li class=\"align-left\" style=\"text-align:left\"><strong>p\u0142atne dni \u015bwi\u0105teczne <\/strong> wg niemieckiego kalendarza<\/li>\n<li class=\"align-left\" style=\"text-align:left\"><strong>mo\u017cliwo\u015b\u0107 zmiany lokalizacji <\/strong> (do dyspozycji ponad 30 miejsc pracy w Niemczech)<\/li>\n<li class=\"align-left\" style=\"text-align:left\"><strong>mo\u017cliwo\u015bci zostania na d\u0142u\u017cej <\/strong> &#8211; &nbsp;je\u015bli i Ty i my b\u0119dziemy zadowoleni ze wsp\u00f3\u0142pracy ch\u0119tnie podpisujemy kontrakty na d\u0142u\u017cy okres <\/li>\n<li class=\"align-left\" style=\"text-align:left\"><strong>szkolenia i rozw\u00f3j <\/strong> &#8211; zale\u017cy nam aby osoby, kt\u00f3re chc\u0119 si\u0119 rozwija\u0107 mog\u0142y to robi\u0107 &#8211; wi\u0119c je\u015bli interesuje Ci\u0119 stanowisko Leadera lub Brygadzisty pomo\u017ce Ci si\u0119 rozwin\u0105\u0107 <\/li>\n<li class=\"align-left\" style=\"text-align:left\"><strong>stabilne miejsce pracy <\/strong> <span style=\"text-align:center\"> &#8211; wiemy jak wa\u017cna jest stabilizacja i gwarancja pracy, szczeg\u00f3lnie jak pracujesz za granica &#8211; to te\u017c mo\u017cemy zapewni\u0107 naszym dobrze pracuj\u0105cym pracownikom. <\/span> <\/li>\n<\/ul>\n<\/div>\n<div>&nbsp;<\/div>\n<div>\n<hr>\n<p><\/div>\n<div>IDEAL WORK GERMANY SP. Z O.O. Numer wpisu do rejestru agencji zatrudnienia: 12001&nbsp; <\/div>\n<div>\n<hr>\n<p><\/div>\n<div>Zastanawiasz si\u0119 nad zdobyciem pierwszych szlif\u00f3w w bran\u017cy logistycznej za granic\u0105? Z IDEAL masz szans\u0119 sprawdzi\u0107 si\u0119 w tym sektorze, pracuj\u0105c jako <strong> magazynier DPD w Berlinie &#8211; to mo\u017ce by\u0107 wa\u017cny krok na Twojej \u015bcie\u017cce zawodowej. <\/strong> <\/div>\n<div>\n<h2><span class=\"size\" style=\"font-size:24px\">Praca w DPD na magazynie w Berlinie w Niemczech &#8211; najwa\u017cniejsze wymagania<\/span><br \/><\/h2>\n<\/div>\n<div>Je\u015bli posiadasz w\u0142asny samoch\u00f3d, minimalnie p\u00f3\u0142roczne do\u015bwiadczenie na podobnym stanowisku w Polsce lub zagranic\u0105, planujesz d\u0142u\u017csz\u0105 wsp\u00f3\u0142prac\u0119 (od 3 miesi\u0119cy) i cechuje Ci\u0119 wysoka sprawno\u015b\u0107 fizyczna oraz zdolno\u015b\u0107 szybkiego dostosowywania si\u0119 do nowych zasad pracy &#8211; jeste\u015bmy zainteresowani wsp\u00f3\u0142prac\u0105. <strong> Zesp\u00f3\u0142 DPD pracuj\u0105cy w Berlinie doceni Twoj\u0105 odpowiedzialno\u015b\u0107, uczciwo\u015b\u0107, prac\u0119 zespo\u0142ow\u0105 oraz kole\u017ce\u0144sko\u015b\u0107. <\/strong> <\/div>\n<div>\n<h2><span class=\"size\" style=\"font-size:24px\">Na co mo\u017cesz liczy\u0107, aplikuj\u0105c na stanowisko magazyniera DPD w Berlinie?<\/span><br \/><\/h2>\n<\/div>\n<div><strong>Gwarantujemy d\u0142ugotrwa\u0142\u0105 wsp\u00f3\u0142prac\u0119 przy wynagrodzeniu miesi\u0119cznym brutto w wysoko\u015bci 2 350 \u2013 2 650 Euro. <\/strong> Mo\u017cesz liczy\u0107 tak\u017ce na r\u00f3\u017cnorodne premie i dodatki: za polecenie pracownik\u00f3w, u\u017cywanie w\u0142asnego samochodu, pe\u0142nienie funkcji kierowcy firmowego busa, premi\u0119 p\u00f3\u0142roczn\u0105 (Urlaubsgeld\/Weihnachtsgeld) oraz p\u0142atne dni \u015bwi\u0105teczne. <\/div>\n<div><strong>W trakcie pracy w DPD na magazynie w Berlinie masz gwarantowane zakwaterowanie w wygodnych pensjonatach, w odpowiednio wyposa\u017conych 2-3 osobowych pokojach. <\/strong> Pracuj\u0105c za granic\u0105 za po\u015brednictwem IDEAL nie jeste\u015b sam &#8211; zapewniamy wsparcie polskiego koordynatora i brygadzisty, pomoc w organizacji dojazdu do Niemiec, ubezpieczenie i opiek\u0119 medyczn\u0105, zapewniony dojazd do pracy, a w razie potrzeby &#8211; mo\u017cliwo\u015b\u0107 pobierania zaliczek. <\/div>\n<div>\n<h2><span class=\"size\" style=\"font-size:24px\">Rozwi\u0144 skrzyd\u0142a w logistyce poprzez prac\u0119 na magazynie DPD w Berlinie<\/span><br \/><\/h2>\n<\/div>\n<div>Zapewniamy stabilno\u015b\u0107 zatrudnienia i d\u0142ugoterminowe kontrakty dla zadowolonych ze wsp\u00f3\u0142pracy pracownik\u00f3w. <strong> Warto jednak zaznaczy\u0107, \u017ce stanowisko pracownika magazynu w DPD w Niemczech to nie tylko wyj\u0105tkowa okazja do stabilizacji finansowej i zdobycia cennego do\u015bwiadczenia zawodowego &#8211; mo\u017cesz rozwin\u0105\u0107 swoje umiej\u0119tno\u015bci i awansowa\u0107. Rozwijaj\u0105c si\u0119 w zespole DPD pracuj\u0105cym w Berlinie, masz szans\u0119 awansu na stanowiska z wi\u0119ksz\u0105 odpowiedzialno\u015bci\u0105: Leader b\u0105d\u017a Brygadzista <\/strong> &#8211; podobnie jak w przypadku <a href=\"https:\/\/idealstaff.com\/oferta\/pracownik-fizyczny-gls-4\/\" target=\"_blank\"> pracy na magazynie GLS w Berlinie <\/a> . Mo\u017cesz liczy\u0107 na wsparcie w planowaniu \u015bcie\u017cki kariery, pomoc w zidentyfikowaniu obszar\u00f3w do doskonalenia oraz regularne oceny osi\u0105gni\u0119\u0107 zawodowych. Spr\u00f3buj swoich si\u0142 z IDEAL i rozwijaj swoj\u0105 karier\u0119 zawodow\u0105 w bran\u017cy logistycznej z wiod\u0105cym graczem z tego sektora.<\/div>\n<p><\/span><\/p>\n","protected":false},"excerpt":{"rendered":"<p>PRACOWNIK MAGAZYNU roz\u0142adunek &#8211; za\u0142adunek przesy\u0142ek kurierskich (Firma kurierska: DPD Niemcy) Wynagrodzenie 2 350 &#8211; 2 650 Euro miesi\u0119cznie brutto Lokalizacja: Okolice Berlina Stawka godzinowa brutto: dzienna&nbsp;14,53 Euro i nocna&#8230;<\/p>\n","protected":false},"featured_media":0,"comment_status":"open","ping_status":"closed","template":"","meta":{"_acf_changed":false,"inline_featured_image":false},"product_brand":[],"product_cat":[84],"product_tag":[],"class_list":{"0":"post-3506","1":"product","2":"type-product","3":"status-publish","5":"product_cat-archiwum","6":"pa_branza-logistyka","7":"pa_dzial-praca-tymczasowa-zagranica","8":"pa_kraj-niemcy","9":"pa_obszar-pracy-okolice-berlin","10":"pa_stanowisko-magazynier","12":"first","13":"instock","14":"shipping-taxable","15":"product-type-simple"},"acf":{"idealWorkDescription":"","idealWorkCountry":"Niemcy","IdealWorkIndustry":"Logistyka","idealWorkDepartment":"Praca Tymczasowa Zagranica","idealWorkPlace":"Magazynier","idealZohoSkrypt":"<script type=\"text\/javascript\"> var xhr = new XMLHttpRequest(); xhr.open(\"GET\", \"https:\/\/idealgrupa.zohorecruit.eu\/recruit\/PortalDetail.na?iframe=true&digest=KRqHuidkPGGsXSohZiMno7R@KhhO4sNvD4wPaRr1lL8-&jobid=1710000005140059&widgetid=1710000000211080&embedsource=CareerSite\"); xhr.send(); <\/script>","idealAplicationLink":"https:\/\/forms.zohopublic.eu\/idealgrupa\/form\/FormularzaplikacyjnyCRM\/formperma\/qxWd9ajn_GlbLKvGv5V26d6RkqYkgftZGkQ0UMmlf94?jobID=1710000005140059&stanowiskoCRM=pracownik fizyczny DE&obszar=okolice Berlin&kampania=DPD&link=https:\/\/idealstaff.com\/oferta\/pracownik-fizyczny-dpd-4\/","idealWorkArea":"okolice Berlin","idealWorkHours":"","idealWorkLevel":"Pracownik fizyczny","idealWorkSallary":"2  350 - 2  650 Euro brutto\/mc","idealWorkDataCreate":"2025-09-01","idealWorkDataExpiration":"2025-12-31","idealWorkVacancies":"1","recruitJobID":1710000005140059,"stanowiskoZohoCRM":"pracownik fizyczny DE","biale_kolnierzyki":false,"idealOfertaDlaPar":false,"idealOfertaOdZaraz":false,"idealOfertaTygodnia":false,"idealOfertaSuper":false},"_links":{"self":[{"href":"https:\/\/idealstaff.com\/pl\/wp-json\/wp\/v2\/product\/3506","targetHints":{"allow":["GET"]}}],"collection":[{"href":"https:\/\/idealstaff.com\/pl\/wp-json\/wp\/v2\/product"}],"about":[{"href":"https:\/\/idealstaff.com\/pl\/wp-json\/wp\/v2\/types\/product"}],"replies":[{"embeddable":true,"href":"https:\/\/idealstaff.com\/pl\/wp-json\/wp\/v2\/comments?post=3506"}],"wp:attachment":[{"href":"https:\/\/idealstaff.com\/pl\/wp-json\/wp\/v2\/media?parent=3506"}],"wp:term":[{"taxonomy":"product_brand","embeddable":true,"href":"https:\/\/idealstaff.com\/pl\/wp-json\/wp\/v2\/product_brand?post=3506"},{"taxonomy":"product_cat","embeddable":true,"href":"https:\/\/idealstaff.com\/pl\/wp-json\/wp\/v2\/product_cat?post=3506"},{"taxonomy":"product_tag","embeddable":true,"href":"https:\/\/idealstaff.com\/pl\/wp-json\/wp\/v2\/product_tag?post=3506"}],"curies":[{"name":"wp","href":"https:\/\/api.w.org\/{rel}","templated":true}]}}