{"id":3509,"date":"2024-12-02T08:46:08","date_gmt":"2024-12-02T07:46:08","guid":{"rendered":"https:\/\/idealstaff.com\/oferta\/pracownik-fizyczny-gls-4\/"},"modified":"2025-12-07T21:31:11","modified_gmt":"2025-12-07T20:31:11","slug":"pracownik-fizyczny-gls-4","status":"publish","type":"product","link":"https:\/\/idealstaff.com\/pl\/oferta\/pracownik-fizyczny-gls-4\/","title":{"rendered":"Pracownik fizyczny GLS"},"content":{"rendered":"<p><span id=\"spandesc\"><\/p>\n<h2><span class=\"highlight\"><span class=\"colour\"><span class=\"font\"><span style=\"text-indent:0px\" class=\"size\">PRACOWNIK   MAGAZYNU<\/span><\/span><\/span><\/span><\/h2>\n<div><\/div>\n<div class=\"align-center\">  <span class=\"highlight\">       <span class=\"colour\">      <span class=\"font\">           <span style=\"text-indent:0px\" class=\"size\">roz\u0142adunek           &#8211; za\u0142adunek przesy\u0142ek   kurierskich<\/span><\/span><\/span><\/span> <\/div>\n<div class=\"align-center\">  <span class=\"highlight\">       <span class=\"colour\">      <span class=\"font\">           <span style=\"text-indent:0px\" class=\"size\">(Firma           kurierska:   GLS&nbsp;Niemcy)<\/span><\/span><\/span><\/span> <\/div>\n<div><\/div>\n<div>\n<hr>\n<p><\/div>\n<div class=\"align-center\"><span><span class=\"highlight\"><span class=\"colour\"><span class=\"font\"><span style=\"text-indent:0px\" class=\"size\"><span class=\"size\"><strong>Wynagrodzenie          2 300-                   2 500 Euro brutto     miesi\u0119cznie&nbsp;<\/strong><\/span><\/span><\/span><\/span><\/span><\/span><\/div>\n<div>Lokalizacja: Okolice Berlina<\/div>\n<div><\/div>\n<div>\n<hr>\n<p><\/div>\n<ul>\n<li class=\"align-left\">    <span>      <span>           <strong>Stawka   godzinowa brutto<\/strong>:         dzienna&nbsp;14,53 Euro<\/span>     <br \/><\/span><\/li>\n<li class=\"align-left\">G\u0142\u00f3wne zadanie   to<strong> roz\u0142adunek       lub       za\u0142adunek r\u0119czny<\/strong> przesy\u0142ek       kurierskich lub   zwrot\u00f3w<\/li>\n<li class=\"align-left\">    <strong>Praca w       polskim   zespole<\/strong>,      koordynowanym przez    polskiego   brygadzist\u0119<\/li>\n<li class=\"align-left\">       <strong>Gwarantujemy     prac\u0119 na       d\u0142u\u017cej,<\/strong> je\u015bli sprawdzisz     si\u0119 w powierzonych zadaniach<\/li>\n<\/ul>\n<p><\/span><br \/><span id=\"spanreq\"><\/p>\n<h3>Wymagania<\/h3>\n<div class=\"align-justify\">  <span class=\"size\">       <span class=\"font\">       <strong>Poszukujemy pracownik\u00f3w,         kt\u00f3rzy przede   wszystkim:<\/strong><\/span><\/span>       <span><span><span><span><span class=\"size\"><\/span><\/span><\/span><\/span><\/span><\/div>\n<ul>\n<li>    <span>      <span>        <span>          <span>               <span class=\"size\">              <span class=\"font\">planuj\u0105                pracowa\u0107 d\u0142u\u017cej &#8211; od                 3 miesi\u0119cy     plus<\/span><\/span><\/span><\/span><\/span><\/span><span><br \/><\/span><\/li>\n<li>       <span>      <span>        <span>          <span>               <span class=\"size\">              <span class=\"font\">maj\u0105                 wysok\u0105                 sprawno\u015b\u0107     fizyczn\u0105 <\/span><\/span><\/span><\/span><\/span><\/span><\/li>\n<li>    <span>      <span>        <span>          <span>               <span class=\"size\">              <span class=\"font\">potrafi\u0105                szybko dostosowywa\u0107                 si\u0119 do nowych miejsc i zasad                pracy<\/span><\/span><\/span><\/span><\/span><\/span><\/li>\n<li><span><span><span><span><span class=\"size\"><span class=\"font\"><strong>posiadaj\u0105 prawo jazdy kat. B (mile widziane)<\/strong><\/span><\/span><\/span><\/span><\/span><\/span><\/li>\n<\/ul>\n<div class=\"align-left\">  <span class=\"size\">       <span class=\"font\">      <span class=\"size\">           <span class=\"font\">          <strong>Doceniamy w   pracownikach:<\/strong><\/span><\/span><\/span><\/span>   <\/div>\n<ul>\n<li>    <span>      <span>        <span>             <span>               <span class=\"font\">                 <span class=\"size\">odpowiedzialno\u015b\u0107 i     uczciwo\u015b\u0107<\/span><\/span><\/span><\/span><\/span><\/span><\/li>\n<li>kole\u017ce\u0144sko\u015b\u0107<\/li>\n<li>prac\u0119     zespo\u0142ow\u0105<\/li>\n<\/ul>\n<div><\/div>\n<p><\/span><br \/><span id=\"spanben\"><\/p>\n<h3>\u015awiadczenia<\/h3>\n<div><strong>Naszym pracownikom zapewniamy: <\/strong> <\/div>\n<ul>\n<li><span>zakwaterowanie w pensjonatach\/ pokoje 2-3 osobowe <\/span> <\/li>\n<li><span>ca\u0142odobowe wsparcie&nbsp;polskiego koordynatora i brygadzisty na terenie Niemiec <\/span> <\/li>\n<li><span>pomoc w zorganizowaniu dojazdu do Niemiec<\/span><\/li>\n<li><span>opiek\u0119 medyczn\u0105 i ubezpieczenie<\/span><\/li>\n<li><span>dojazd&nbsp;z miejsca zakwaterowania do pracy na terenie Niemiec firmowymi busami<\/span><\/li>\n<li><span>mo\u017cliwo\u015b\u0107 zaliczek<\/span><\/li>\n<li><span>wynagrodzenie wyp\u0142acane 10. dnia miesi\u0105ca<\/span><\/li>\n<\/ul>\n<div><strong>W pakiecie mamy dodatki: <\/strong> <\/div>\n<ul>\n<li><span><strong>100EUR brutto za POLECENIE <\/strong> pracownik\u00f3w do pracy <\/span> <\/li>\n<li><span><strong>150EUR brutto za pe\u0142nienie FUNKCJI KIEROWCY <\/strong> firmowego busa<\/span><\/li>\n<\/ul>\n<div><strong>Gwarantujemy r\u00f3wnie\u017c: <\/strong> <span> <\/span> <\/div>\n<ul>\n<li><span><strong>222,82 EUR brutto premii p\u00f3\u0142rocznej <\/strong> (Urlabsgeld\/ Weihnachtsgeld) <\/span> <\/li>\n<li><span><strong>p\u0142atne dni \u015bwi\u0105teczne <\/strong> wg niemieckiego kalendarza <\/span> <\/li>\n<li><span><strong>mo\u017cliwo\u015b\u0107 zmiany lokalizacji <\/strong> (do dyspozycji ponad 30 miejsc pracy w Niemczech) <\/span> <\/li>\n<li><span><strong>mo\u017cliwo\u015bci zostania na d\u0142u\u017cej <\/strong> &#8211; &nbsp;je\u015bli i Ty i my b\u0119dziemy zadowoleni ze wsp\u00f3\u0142pracy ch\u0119tnie podpisujemy kontrakty na d\u0142u\u017cszy okres <\/span> <\/li>\n<li><span><strong>szkolenia i rozw\u00f3j <\/strong> &#8211; zale\u017cy nam aby osoby, kt\u00f3re chc\u0105 si\u0119 rozwija\u0107 mog\u0142y to robi\u0107 &#8211; wi\u0119c je\u015bli interesuje Ci\u0119 stanowisko Leadera lub Brygadzisty pomo\u017cemy Ci si\u0119 rozwin\u0105\u0107 <\/span> <\/li>\n<li><span><strong>stabilne miejsce pracy <\/strong> &#8211; wiemy jak wa\u017cna jest stabilizacja i gwarancja pracy, szczeg\u00f3lnie jak pracujesz za granic\u0105 &#8211; to te\u017c mo\u017cemy zapewni\u0107 naszym dobrze pracuj\u0105cym pracownikom. <\/span> &nbsp;<\/li>\n<\/ul>\n<div>\n<hr>\n<p><\/div>\n<div>IDEAL WORK GERMANY SP. Z O.O. Numer wpisu do rejestru agencji zatrudnienia: 12001&nbsp; <\/div>\n<div>\n<hr>\n<p><\/div>\n<div>Szukasz stabilnej pracy w obszarze logistyki? Chcesz do\u0142\u0105czy\u0107 do dynamicznego zespo\u0142u w jednej z najbardziej renomowanych firm kurierskich w Niemczech? <strong> Z IDEAL mo\u017cesz zacz\u0105\u0107 zagraniczn\u0105 karier\u0119 w GLS &#8211; dzi\u0119ki pracy na magazynie w Berlinie w Niemczech. <\/strong> <\/div>\n<div>\n<h2><span class=\"size\" style=\"font-size:24px\">Wymagania wobec kandydat\u00f3w do pracy na magazynie GLS w Berlinie <\/span> <br \/><\/h2>\n<\/div>\n<div>Poszukujemy pracownik\u00f3w z co najmniej p\u00f3\u0142rocznym do\u015bwiadczeniem na podobnych stanowiskach, zar\u00f3wno w Polsce, jak i za granic\u0105. Wa\u017cna jest dla nas tak\u017ce wysoka sprawno\u015b\u0107 fizyczna oraz zdolno\u015b\u0107 szybkiego przystosowania si\u0119 do nowych miejsc i zasad pracy. <strong>Je\u015bli dodatkowo umiesz pracowa\u0107 zespo\u0142owo i wiesz, jak wa\u017cna jest kole\u017ce\u0144sko\u015b\u0107, odpowiedzialno\u015b\u0107 i uczciwo\u015b\u0107 &#8211; b\u0119dziesz idealnym pracownikiem magazynu GLS w Berlinie!<\/strong> <\/div>\n<div>\n<h2><span class=\"size\" style=\"font-size:24px\">Co sprawia, \u017ce warto zaaplikowa\u0107 na stanowisko magazyniera GLS w Berlinie? <\/span><br \/><\/h2>\n<\/div>\n<div><strong>Zapewniamy mo\u017cliwo\u015b\u0107 osi\u0105gni\u0119cia stabilno\u015bci finansowej: wynagrodzenie mie\u015bci si\u0119 w przedziale 2 300-2 500 Euro brutto miesi\u0119cznie. <\/strong>Czekaj\u0105 na Ciebie tak\u017ce atrakcyjne dodatki za polecenie nowych pracownik\u00f3w b\u0105d\u017a przej\u0119cie roli kierowcy busa firmowego oraz 207 Euro brutto premii p\u00f3\u0142rocznej (Urlaubsgeld oraz Weihnachtsgeld). <\/div>\n<div>Do\u0142\u0105czaj\u0105c do naszego zespo\u0142u, zyskujesz mo\u017cliwo\u015b\u0107 pracy w zgranej grupie Polak\u00f3w, kt\u00f3rej dzia\u0142ania koordynuje polski brygadzista &#8211; nie b\u0119dziesz sam za granic\u0105, a w razie potrzeby pomo\u017cemy Ci zorganizowa\u0107 transport do Niemiec. <strong>W pracy na magazynie GLS w Berlinie tworzymy przyjazne otoczenie, a komunikacja w ojczystym j\u0119zyku u\u0142atwia wsp\u00f3\u0142prac\u0119.<\/strong> Przygotowali\u015bmy dla Ciebie odpowiednie zakwaterowanie &#8211; na miejscu czekaj\u0105 wygodne pokoje 3-4 osobowe w nowoczesnych pensjonatach. <\/div>\n<div><strong>Kompleksowe wsparcie dla ka\u017cdego magazyniera GLS w Berlinie obejmuje tak\u017ce opiek\u0119 medyczn\u0105, ubezpieczenie oraz organizacj\u0119 dojazd\u00f3w do pracy.<\/strong> Zale\u017cy nam na zapewnieniu stabilno\u015bci zawodowej dla pracownik\u00f3w zatrudnionych za granic\u0105. Oferujemy mo\u017cliwo\u015b\u0107 d\u0142u\u017cszej wsp\u00f3\u0142pracy, kt\u00f3ra przynosi korzy\u015bci obu stronom. <\/div>\n<div>\n<h2><span class=\"size\" style=\"font-size:24px\">Praca w GLS na magazynie w Berlinie to szansa na rozw\u00f3j <\/span><br \/><\/h2>\n<\/div>\n<div>Stawiamy na rozw\u00f3j naszych pracownik\u00f3w, oferuj\u0105c szkolenia i wsparcie &#8211; je\u015bli zale\u017cy Ci na zdobyciu wy\u017cszego stanowiska, wspieramy Twoje starania o awans. Zach\u0119camy do aktywnego uczestnictwa w projektach zespo\u0142owych, inicjatywach doskonalenia proces\u00f3w oraz zg\u0142aszania swoich pomys\u0142\u00f3w na usprawnienia. Twoje zaanga\u017cowanie jako <strong>pracownik magazynu GLS w Berlinie<\/strong> (lub jako <a href=\"https:\/\/idealstaff.com\/oferta\/pracownik-fizyczny-dpd-4\/\" target=\"_blank\">magazynier DPD w Berlinie<\/a>) mo\u017ce otworzy\u0107 Ci drzwi do awansu na stanowisko Leadera lub Brygadzisty. <strong>W IDEAL wierzymy, \u017ce wsp\u00f3lnie mo\u017cemy osi\u0105gn\u0105\u0107 wi\u0119cej &#8211; razem budujmy Twoj\u0105 przysz\u0142o\u015b\u0107 zawodow\u0105!<\/strong> <\/div>\n<p><\/span><\/p>\n","protected":false},"excerpt":{"rendered":"<p>PRACOWNIK MAGAZYNU roz\u0142adunek &#8211; za\u0142adunek przesy\u0142ek kurierskich (Firma kurierska: GLS&nbsp;Niemcy) Wynagrodzenie 2 300- 2 500 Euro brutto miesi\u0119cznie&nbsp; Lokalizacja: Okolice Berlina Stawka godzinowa brutto: dzienna&nbsp;14,53 Euro G\u0142\u00f3wne zadanie to roz\u0142adunek&#8230;<\/p>\n","protected":false},"featured_media":0,"comment_status":"open","ping_status":"closed","template":"","meta":{"_acf_changed":false,"inline_featured_image":false},"product_brand":[],"product_cat":[84],"product_tag":[],"class_list":{"0":"post-3509","1":"product","2":"type-product","3":"status-publish","5":"product_cat-archiwum","6":"pa_branza-logistyka","7":"pa_dzial-praca-tymczasowa-zagranica","8":"pa_kraj-niemcy","9":"pa_obszar-pracy-okolice-berlin","10":"pa_stanowisko-magazynier","12":"first","13":"instock","14":"shipping-taxable","15":"product-type-simple"},"acf":{"idealWorkDescription":"","idealWorkCountry":"Niemcy","IdealWorkIndustry":"Logistyka","idealWorkDepartment":"Praca Tymczasowa Zagranica","idealWorkPlace":"Magazynier","idealZohoSkrypt":"<script type=\"text\/javascript\"> var xhr = new XMLHttpRequest(); xhr.open(\"GET\", \"https:\/\/idealgrupa.zohorecruit.eu\/recruit\/PortalDetail.na?iframe=true&digest=KRqHuidkPGGsXSohZiMno7R@KhhO4sNvD4wPaRr1lL8-&jobid=1710000005140001&widgetid=1710000000211080&embedsource=CareerSite\"); xhr.send(); <\/script>","idealAplicationLink":"https:\/\/forms.zohopublic.eu\/idealgrupa\/form\/FormularzaplikacyjnyCRM\/formperma\/qxWd9ajn_GlbLKvGv5V26d6RkqYkgftZGkQ0UMmlf94?jobID=1710000005140001&stanowiskoCRM=pracownik fizyczny DE&obszar=okolice Berlin&kampania=GLS&link=https:\/\/idealstaff.com\/oferta\/pracownik-fizyczny-gls-4\/","idealWorkArea":"okolice Berlin","idealWorkHours":"","idealWorkLevel":"Pracownik fizyczny","idealWorkSallary":"2 300- 2 500 Euro brutto\/mc","idealWorkDataCreate":"2025-09-01","idealWorkDataExpiration":"2025-12-31","idealWorkVacancies":"1","recruitJobID":1710000005140001,"stanowiskoZohoCRM":"pracownik fizyczny DE","biale_kolnierzyki":false,"idealOfertaDlaPar":false,"idealOfertaOdZaraz":false,"idealOfertaTygodnia":false,"idealOfertaSuper":false},"_links":{"self":[{"href":"https:\/\/idealstaff.com\/pl\/wp-json\/wp\/v2\/product\/3509","targetHints":{"allow":["GET"]}}],"collection":[{"href":"https:\/\/idealstaff.com\/pl\/wp-json\/wp\/v2\/product"}],"about":[{"href":"https:\/\/idealstaff.com\/pl\/wp-json\/wp\/v2\/types\/product"}],"replies":[{"embeddable":true,"href":"https:\/\/idealstaff.com\/pl\/wp-json\/wp\/v2\/comments?post=3509"}],"wp:attachment":[{"href":"https:\/\/idealstaff.com\/pl\/wp-json\/wp\/v2\/media?parent=3509"}],"wp:term":[{"taxonomy":"product_brand","embeddable":true,"href":"https:\/\/idealstaff.com\/pl\/wp-json\/wp\/v2\/product_brand?post=3509"},{"taxonomy":"product_cat","embeddable":true,"href":"https:\/\/idealstaff.com\/pl\/wp-json\/wp\/v2\/product_cat?post=3509"},{"taxonomy":"product_tag","embeddable":true,"href":"https:\/\/idealstaff.com\/pl\/wp-json\/wp\/v2\/product_tag?post=3509"}],"curies":[{"name":"wp","href":"https:\/\/api.w.org\/{rel}","templated":true}]}}