{"id":8245,"date":"2023-07-18T08:09:40","date_gmt":"2023-07-18T06:09:40","guid":{"rendered":"https:\/\/idealstaff.com\/oferta\/operator-wozka-widlowego-3\/"},"modified":"2025-04-02T00:01:21","modified_gmt":"2025-04-01T22:01:21","slug":"operator-wozka-widlowego-3","status":"publish","type":"product","link":"https:\/\/idealstaff.com\/pl\/oferta\/operator-wozka-widlowego-3\/","title":{"rendered":"Operator w\u00f3zka wid\u0142owego"},"content":{"rendered":"<p><span id=\"spandesc\"><\/p>\n<div>\n<h2>Operator w\u00f3zka wid\u0142owego<\/h2>\n<div>\n<hr \/>\n<p><\/div>\n<\/div>\n<div><strong>Wynagrodzenie: 2 600- 2 850&nbsp;<\/strong>euro brutto miesi\u0119cznie <strong> <\/strong><\/div>\n<div><strong>Miejsce pracy:<\/strong> okolice Berlina<\/div>\n<div>\n<hr \/>\n<p><strong>Co b\u0119dzie nale\u017ca\u0142o do Twoich zada\u0144?<\/strong><\/div>\n<ul>\n<li><span>obs\u0142uga w\u00f3zka wid\u0142owego<\/span><\/li>\n<li>przyjmowanie i kontrola kompletno\u015bci towar\u00f3w<\/li>\n<li>roz\u0142adunek i za\u0142adunek samochod\u00f3w ci\u0119\u017carowych<\/li>\n<\/ul>\n<p><\/span><br \/><span id=\"spanreq\"><\/p>\n<h3>Wymagania<\/h3>\n<h3><strong>Poszukujemy pracownik\u00f3w, kt\u00f3rzy przede wszystkim:<\/strong> <strong> <\/strong><br \/><\/h3>\n<ul>\n<li><span>maj\u0105 do\u015bwiadczenie na podobnym       stanowisku w       Polsce lub za granic\u0105<\/span><strong> <\/strong><\/li>\n<li><span><strong>posiadaj\u0105 uprawnienia na w\u00f3zki minimum II WJO<\/strong><\/span><strong><br \/><\/strong><\/li>\n<li><span>maj\u0105 wysok\u0105 sprawno\u015b\u0107   fizyczn\u0105<\/span><\/li>\n<li><span><strong>posiadaj\u0105 w\u0142asne auto na dojazdy do pracy (mile widziane)<\/strong><\/span><\/li>\n<li><span>potrafi\u0105 szybko       dostosowywa\u0107 si\u0119 do nowych miejsc i zasad       pracy<\/span><\/li>\n<\/ul>\n<div><span><span><span><span><strong>Doceniamy w pracownikach:<\/strong><\/span><\/span><\/span><\/span><\/div>\n<ul>\n<li><span><span><span><span><span>odpowiedzialno\u015b\u0107 i   uczciwo\u015b\u0107&nbsp;<\/span><\/span><\/span><\/span><\/span><\/li>\n<li><span><span><span>kole\u017ce\u0144sko\u015b\u0107&nbsp;<\/span><\/span><\/span><\/li>\n<li><span><span>prac\u0119 zespo\u0142ow\u0105<\/span><\/span><\/li>\n<\/ul>\n<p><\/span><br \/><span id=\"spanben\"><\/p>\n<h3>\u015awiadczenia<\/h3>\n<h3><strong>Naszym       pracownikom zapewniamy:&nbsp;<\/strong><br \/><\/h3>\n<ul>\n<li><strong>Stawk\u0119 godzinow\u0105<\/strong> &#8211; 15,60 euro brutto\/ h&nbsp;&nbsp;<\/li>\n<li><strong>Zapewniamy zakwaterowanie w mieszkaniach<\/strong><\/li>\n<li><span><strong>Ca\u0142odobowe&nbsp;wsparcie<\/strong>&nbsp;polskiego       koordynatora i       brygadzisty na terenie   Niemiec&nbsp;<\/span><\/li>\n<li><span><strong>Pomoc w         zorganizowaniu dojazdu&nbsp;do Niemiec<\/strong><\/span><\/li>\n<li><span><strong>Opiek\u0119 medyczn\u0105 i ubezpieczenie<\/strong><\/span><\/li>\n<li><span>Mo\u017cliwo\u015b\u0107 <strong>zaliczek<\/strong><\/span><\/li>\n<li><span>Wynagrodzenie wyp\u0142acane 10 dnia miesi\u0105ca&nbsp;&nbsp;<\/span><\/li>\n<\/ul>\n<div><strong>W pakiecie mamy dodatki:&nbsp;<\/strong><\/div>\n<ul>\n<li><span><span><span><span><span><span class=\"font\"><span class=\"size\"><span><span><span class=\"font\"><span class=\"size\"><strong>100EUR brutto&nbsp;<\/strong><\/span><\/span><\/span><\/span><\/span><\/span><\/span><\/span><\/span><\/span>za&nbsp;POLECENIE       pracownik\u00f3w do   pracy<\/span><\/li>\n<li><span><strong>150EUR brutto <\/strong>za u\u017cytkowanie w\u0142asnego auta<\/span><\/li>\n<\/ul>\n<div><strong>Gwarantujemy r\u00f3wnie\u017c:<\/strong><\/div>\n<ul>\n<li><span><strong>222,82 EUR brutto <\/strong>premii p\u00f3\u0142rocznej       (       Urlabsgeld\/   Weihnachtsgeld)<\/span><\/li>\n<li><span><strong>p\u0142atne dni \u015bwi\u0105teczne<\/strong> wg niemieckiego   kalendarza<\/span><\/li>\n<li><span><strong>mo\u017cliwo\u015b\u0107         zmiany lokalizacji<\/strong> (do dyspozycji ponad 30 miejsc       pracy w Niemczech)<\/span><\/li>\n<li><span><strong>mo\u017cliwo\u015bci zostania na d\u0142u\u017cej<\/strong> &#8211; &nbsp;je\u015bli       i Ty i my       b\u0119dziemy       zadowoleni ze wsp\u00f3\u0142pracy ch\u0119tnie       podpisujemy       kontrakty na d\u0142u\u017cy okres<\/span><\/li>\n<li><span><strong>szkolenia i rozw\u00f3j<\/strong> &#8211; zale\u017cy nam aby       osoby, kt\u00f3re chc\u0119 si\u0119       rozwija\u0107 mog\u0142y to robi\u0107 &#8211; wi\u0119c je\u015bli       interesuje Ci\u0119 stanowisko       Leadera lub Brygadzisty pomo\u017ce Ci       si\u0119 rozwin\u0105\u0107<\/span><\/li>\n<li><span><strong>stabilne miejsce pracy<\/strong> &#8211; wiemy jak wa\u017cna jest stabilizacja       i       gwarancja pracy, szczeg\u00f3lnie jak pracujesz za granica &#8211; to       te\u017c       mo\u017cemy zapewni\u0107 naszym dobrze pracuj\u0105cym pracownikom.<\/span><\/li>\n<\/ul>\n<p><\/span><\/p>\n","protected":false},"excerpt":{"rendered":"<p>Operator w\u00f3zka wid\u0142owego Wynagrodzenie: 2 600- 2 850&nbsp;euro brutto miesi\u0119cznie Miejsce pracy: okolice Berlina Co b\u0119dzie nale\u017ca\u0142o do Twoich zada\u0144? obs\u0142uga w\u00f3zka wid\u0142owego przyjmowanie i kontrola kompletno\u015bci towar\u00f3w roz\u0142adunek i&#8230;<\/p>\n","protected":false},"featured_media":0,"comment_status":"open","ping_status":"closed","template":"","meta":{"_acf_changed":false,"inline_featured_image":false},"product_brand":[],"product_cat":[84],"product_tag":[],"class_list":{"0":"post-8245","1":"product","2":"type-product","3":"status-publish","5":"product_cat-archiwum","6":"pa_branza-logistyka","7":"pa_dzial-praca-tymczasowa-zagranica","8":"pa_kraj-niemcy","9":"pa_obszar-pracy-okolice-berlin","10":"pa_stanowisko-operator-wozka-widlowego","12":"first","13":"instock","14":"shipping-taxable","15":"product-type-simple"},"acf":{"idealWorkDescription":"","idealWorkCountry":"Niemcy","IdealWorkIndustry":"Logistyka","idealWorkDepartment":"Praca Tymczasowa Zagranica","idealWorkPlace":"Operator w\u00f3zka wid\u0142owego","idealZohoSkrypt":"<script type=\"text\/javascript\"> var xhr = new XMLHttpRequest(); xhr.open(\"GET\", \"https:\/\/idealgrupa.zohorecruit.eu\/recruit\/PortalDetail.na?iframe=true&digest=KRqHuidkPGGsXSohZiMno7R@KhhO4sNvD4wPaRr1lL8-&jobid=1710000006634029&widgetid=1710000000211080&embedsource=CareerSite\"); xhr.send(); <\/script>","idealAplicationLink":"https:\/\/forms.zohopublic.eu\/idealgrupa\/form\/FormularzaplikacyjnyCRM\/formperma\/qxWd9ajn_GlbLKvGv5V26d6RkqYkgftZGkQ0UMmlf94?jobID=1710000006634029&stanowiskoCRM=operator wozka jezdniowego DE&obszar=okolice Berlin&kampania=BGM&link=https:\/\/idealstaff.com\/oferta\/operator-wozka-widlowego-okolice-berlin\/","idealWorkArea":"okolice Berlin","idealWorkHours":"","idealWorkLevel":"Pracownik fizyczny","idealWorkSallary":"2 600- 2 850 euro brutto\/mc","idealWorkDataCreate":"2024-12-30","idealWorkDataExpiration":"2025-03-31","idealWorkVacancies":"1","recruitJobID":1710000006634029,"stanowiskoZohoCRM":"operator wozka jezdniowego DE","biale_kolnierzyki":false,"idealOfertaDlaPar":false,"idealOfertaOdZaraz":false,"idealOfertaTygodnia":false,"idealOfertaSuper":false},"_links":{"self":[{"href":"https:\/\/idealstaff.com\/pl\/wp-json\/wp\/v2\/product\/8245","targetHints":{"allow":["GET"]}}],"collection":[{"href":"https:\/\/idealstaff.com\/pl\/wp-json\/wp\/v2\/product"}],"about":[{"href":"https:\/\/idealstaff.com\/pl\/wp-json\/wp\/v2\/types\/product"}],"replies":[{"embeddable":true,"href":"https:\/\/idealstaff.com\/pl\/wp-json\/wp\/v2\/comments?post=8245"}],"wp:attachment":[{"href":"https:\/\/idealstaff.com\/pl\/wp-json\/wp\/v2\/media?parent=8245"}],"wp:term":[{"taxonomy":"product_brand","embeddable":true,"href":"https:\/\/idealstaff.com\/pl\/wp-json\/wp\/v2\/product_brand?post=8245"},{"taxonomy":"product_cat","embeddable":true,"href":"https:\/\/idealstaff.com\/pl\/wp-json\/wp\/v2\/product_cat?post=8245"},{"taxonomy":"product_tag","embeddable":true,"href":"https:\/\/idealstaff.com\/pl\/wp-json\/wp\/v2\/product_tag?post=8245"}],"curies":[{"name":"wp","href":"https:\/\/api.w.org\/{rel}","templated":true}]}}