{"id":8537,"date":"2024-04-08T11:15:54","date_gmt":"2024-04-08T09:15:54","guid":{"rendered":"https:\/\/idealstaff.com\/oferta\/komisjoner\/"},"modified":"2024-09-04T10:40:18","modified_gmt":"2024-09-04T08:40:18","slug":"komisjoner","status":"publish","type":"product","link":"https:\/\/idealstaff.com\/pl\/oferta\/komisjoner\/","title":{"rendered":"Komisjoner"},"content":{"rendered":"<p>&nbsp;<\/p>\n<div>\n<h2>Komisjoner<\/h2>\n<div>\n<hr \/>\n<p>&nbsp;<\/p>\n<\/div>\n<\/div>\n<div><strong>Wynagrodzenie: 2 350- 2 500\u00a0<\/strong>euro brutto miesi\u0119cznie<\/div>\n<div><strong>Miejsce pracy:<\/strong> okolice Kilonii\/ Hamburga<\/div>\n<div>\n<hr \/>\n<p><strong>Co b\u0119dzie nale\u017ca\u0142o do Twoich zada\u0144? <\/strong><\/p>\n<\/div>\n<ul>\n<li>przyjmowanie towar\u00f3w z kontrol\u0105 kompletno\u015bci i integralno\u015bci<\/li>\n<li>transport wewn\u0119trzny<\/li>\n<li>roz\u0142adunek i za\u0142adunek samochod\u00f3w ci\u0119\u017carowych<\/li>\n<li>kompletacja zam\u00f3wie\u0144<\/li>\n<\/ul>\n<p><span id=\"spanreq\"><\/span><\/p>\n<h3>Wymagania<\/h3>\n<h3><strong>Poszukujemy pracownik\u00f3w, kt\u00f3rzy przede wszystkim:<\/strong><\/h3>\n<ul>\n<li><strong>maj\u0105 do\u015bwiadczenie na podobnym stanowisku<\/strong> w Polsce lub za granic\u0105 (komisjoner\/magazynier)<\/li>\n<li>chc\u0105 podj\u0105\u0107 prac\u0119 na d\u0142u\u017cszy okres (najlepiej min. 3 miesi\u0105ce)<\/li>\n<li>potrafi\u0105 szybko dostosowywa\u0107 si\u0119 do nowych miejsc i zasad pracy<\/li>\n<\/ul>\n<div><strong>Doceniamy w pracownikach:\u00a0 \u00a0 \u00a0 \u00a0 \u00a0 \u00a0 \u00a0 \u00a0 \u00a0 \u00a0 \u00a0 \u00a0 \u00a0 \u00a0 \u00a0 \u00a0 \u00a0 \u00a0 \u00a0 \u00a0 \u00a0 \u00a0 \u00a0 \u00a0 \u00a0 \u00a0 \u00a0 \u00a0 \u00a0 \u00a0 \u00a0 \u00a0 \u00a0 \u00a0 \u00a0 \u00a0 \u00a0 \u00a0 \u00a0 \u00a0 \u00a0 \u00a0 \u00a0 \u00a0 \u00a0<\/strong><\/div>\n<ul>\n<li>odpowiedzialno\u015b\u0107 i uczciwo\u015b\u0107<\/li>\n<li>kole\u017ce\u0144sko\u015b\u0107<\/li>\n<li>prac\u0119 zespo\u0142ow\u0105<\/li>\n<\/ul>\n<p><span id=\"spanben\"><\/span><\/p>\n<h3>\u015awiadczenia<\/h3>\n<h3><strong>Naszym pracownikom zapewniamy:\u00a0<\/strong><\/h3>\n<ul>\n<li><strong>Stawk\u0119 godzinow\u0105<\/strong> &#8211; 14,00 euro brutto\/ h<\/li>\n<li><strong>Zapewniamy zakwaterowanie w pensjonacie<\/strong><\/li>\n<li><strong>Szkolenie wprowadzaj\u0105ce przed rozpocz\u0119ciem pracy<\/strong><\/li>\n<li><strong>Ca\u0142odobowe\u00a0wsparcie<\/strong>\u00a0polskiego koordynatora i brygadzisty na terenie Niemiec<\/li>\n<li><strong>Pomoc w zorganizowaniu dojazdu\u00a0do Niemiec\u00a0<\/strong><\/li>\n<li><strong>Ubezpieczenie<\/strong> podstawowe i dodatkowe<\/li>\n<li><strong>Opiek\u0119 medyczn\u0105 Luxmed<\/strong><\/li>\n<li>Mo\u017cliwo\u015b\u0107 <strong>zaliczek<\/strong><\/li>\n<li>Wynagrodzenie wyp\u0142acane 10 dnia miesi\u0105ca<\/li>\n<\/ul>\n<div><strong>W pakiecie mamy dodatki:\u00a0<\/strong><\/div>\n<ul>\n<li><strong><span class=\"font\"><span class=\"size\"><span class=\"font\"><span class=\"size\"><strong>100EUR brutto\u00a0<\/strong><\/span><\/span><\/span><\/span>\u200b<\/strong> za\u00a0POLECENIE pracownik\u00f3w do pracy<\/li>\n<li><strong>150EUR brutto <\/strong>za u\u017cytkowanie w\u0142asnego auta<\/li>\n<\/ul>\n<div><strong>Gwarantujemy r\u00f3wnie\u017c:<\/strong><\/div>\n<ul>\n<li><strong>200 EUR brutto <\/strong>premii p\u00f3\u0142rocznej ( Urlabsgeld\/ Weihnachtsgeld)<\/li>\n<li><strong>p\u0142atne dni \u015bwi\u0105teczne<\/strong> wg niemieckiego kalendarza<\/li>\n<li><strong>mo\u017cliwo\u015b\u0107 zmiany lokalizacji<\/strong> (do dyspozycji ponad 30 miejsc pracy w Niemczech)<\/li>\n<li><strong>mo\u017cliwo\u015bci zostania na d\u0142u\u017cej<\/strong> &#8211; \u00a0je\u015bli i Ty i my b\u0119dziemy zadowoleni ze wsp\u00f3\u0142pracy ch\u0119tnie podpisujemy kontrakty na d\u0142u\u017cy okres<\/li>\n<li><strong>szkolenia i rozw\u00f3j<\/strong> &#8211; zale\u017cy nam aby osoby, kt\u00f3re chc\u0119 si\u0119 rozwija\u0107 mog\u0142y to robi\u0107 &#8211; wi\u0119c je\u015bli interesuje Ci\u0119 stanowisko Leadera lub Brygadzisty pomo\u017ce Ci si\u0119 rozwin\u0105\u0107<\/li>\n<li><strong>stabilne miejsce pracy<\/strong> &#8211; wiemy jak wa\u017cna jest stabilizacja i gwarancja pracy, szczeg\u00f3lnie jak pracujesz za granica &#8211; to te\u017c mo\u017cemy zapewni\u0107 naszym dobrze pracuj\u0105cym pracownikom.<\/li>\n<\/ul>\n<div>\n<hr \/>\n<p>&nbsp;<\/p>\n<\/div>\n<div><strong>IDEAL WORK<\/strong> &#8211; to polska agencja pracy tymczasowej, kt\u00f3ra wsp\u00f3\u0142pracuje z najwi\u0119kszymi dostawcami us\u0142ug kurierskich w Europie oraz z firmami z bran\u017cy produkcji, automotive, rolnictwa czy meblarskiej.<\/div>\n<div>Przez lata naszej dzia\u0142alno\u015bci na rynku niemieckim zapewnili\u015bmy miejsca pracy tysi\u0105com pracownikom z Polski. Do\u0142\u0105cz do grona zadowolonych pracownik\u00f3w i spr\u00f3buj swoich si\u0142 w pracy w Niemczech z IDEAL!<\/div>\n<div>\n<hr \/>\n<p>&nbsp;<\/p>\n<\/div>\n<div class=\"align-left\" style=\"text-align: left;\"><span class=\"font\">Zapoznaj si\u0119 z nasz\u0105 Polityk\u0105 prywatno\u015bci i tym, w jaki spos\u00f3b b\u0119dziemy przetwarza\u0107 Twoje <\/span> dane osobowe <a href=\"https:\/\/idealstaff.com\/polityka-prywatnosci-i-cookies\/\" target=\"_blank\" rel=\"noopener\"> https:\/\/idealstaff.com\/polityka-prywatnosci-i-cookies\/ <\/a><\/div>\n<div>Agencja zatrudnienia IDEAL WORK GERMANY SP. Z O.O. &#8211;\u00a0 nr certyfikatu 12 001<\/div>\n<p>&nbsp;<\/p>\n","protected":false},"excerpt":{"rendered":"<p>&nbsp; Komisjoner &nbsp; Wynagrodzenie: 2 350- 2 500\u00a0euro brutto miesi\u0119cznie Miejsce pracy: okolice Kilonii\/ Hamburga Co b\u0119dzie nale\u017ca\u0142o do Twoich zada\u0144? przyjmowanie towar\u00f3w z kontrol\u0105 kompletno\u015bci i integralno\u015bci transport wewn\u0119trzny&#8230;<\/p>\n","protected":false},"featured_media":0,"comment_status":"open","ping_status":"closed","template":"","meta":{"_acf_changed":false,"inline_featured_image":false},"product_brand":[],"product_cat":[84],"product_tag":[],"class_list":{"0":"post-8537","1":"product","2":"type-product","3":"status-publish","5":"product_cat-archiwum","6":"pa_branza-logistyka","7":"pa_dzial-praca-tymczasowa-zagranica","8":"pa_kraj-niemcy","9":"pa_obszar-pracy-okolice-kilonii","10":"pa_stanowisko-komisjoner","12":"first","13":"instock","14":"shipping-taxable","15":"product-type-simple"},"acf":{"idealWorkDescription":"","idealWorkCountry":"Niemcy","IdealWorkIndustry":"Logistyka","idealWorkDepartment":"Praca Tymczasowa Zagranica","idealWorkPlace":"Komisjoner","idealZohoSkrypt":"<script type=\"text\/javascript\"> var xhr = new XMLHttpRequest(); xhr.open(\"GET\", \"https:\/\/idealgrupa.zohorecruit.eu\/recruit\/PortalDetail.na?iframe=true&digest=KRqHuidkPGGsXSohZiMno7R@KhhO4sNvD4wPaRr1lL8-&jobid=1710000006887013&widgetid=1710000000211080&embedsource=CareerSite\"); xhr.send(); <\/script>","idealAplicationLink":"https:\/\/forms.zohopublic.eu\/idealgrupa\/form\/FormularzaplikacyjnyCRM\/formperma\/qxWd9ajn_GlbLKvGv5V26d6RkqYkgftZGkQ0UMmlf94?jobID=1710000006887013&stanowiskoCRM=komisjoner DE&obszar=okolice Kilonii&kampania=PK","idealWorkArea":"okolice Kilonii","idealWorkHours":"","idealWorkLevel":"Pracownik fizyczny","idealWorkSallary":"2 350 \u2013 2 500 euro brutto\/mc","idealWorkDataCreate":"2024-08-01","idealWorkDataExpiration":"2024-09-03","idealWorkVacancies":"1","recruitJobID":1710000006887013,"stanowiskoZohoCRM":"komisjoner DE","biale_kolnierzyki":false,"idealOfertaDlaPar":false,"idealOfertaOdZaraz":false,"idealOfertaTygodnia":false,"idealOfertaSuper":false},"_links":{"self":[{"href":"https:\/\/idealstaff.com\/pl\/wp-json\/wp\/v2\/product\/8537","targetHints":{"allow":["GET"]}}],"collection":[{"href":"https:\/\/idealstaff.com\/pl\/wp-json\/wp\/v2\/product"}],"about":[{"href":"https:\/\/idealstaff.com\/pl\/wp-json\/wp\/v2\/types\/product"}],"replies":[{"embeddable":true,"href":"https:\/\/idealstaff.com\/pl\/wp-json\/wp\/v2\/comments?post=8537"}],"wp:attachment":[{"href":"https:\/\/idealstaff.com\/pl\/wp-json\/wp\/v2\/media?parent=8537"}],"wp:term":[{"taxonomy":"product_brand","embeddable":true,"href":"https:\/\/idealstaff.com\/pl\/wp-json\/wp\/v2\/product_brand?post=8537"},{"taxonomy":"product_cat","embeddable":true,"href":"https:\/\/idealstaff.com\/pl\/wp-json\/wp\/v2\/product_cat?post=8537"},{"taxonomy":"product_tag","embeddable":true,"href":"https:\/\/idealstaff.com\/pl\/wp-json\/wp\/v2\/product_tag?post=8537"}],"curies":[{"name":"wp","href":"https:\/\/api.w.org\/{rel}","templated":true}]}}