{"id":8883,"date":"2023-10-20T09:42:27","date_gmt":"2023-10-20T07:42:27","guid":{"rendered":"https:\/\/idealstaff.com\/oferta\/kurier-gls-3\/"},"modified":"2024-04-08T13:57:03","modified_gmt":"2024-04-08T11:57:03","slug":"kurier-gls-3","status":"publish","type":"product","link":"https:\/\/idealstaff.com\/pl\/oferta\/kurier-gls-3\/","title":{"rendered":"Kurier GLS"},"content":{"rendered":"<p>&nbsp;<\/p>\n<div class=\"align-center\"><\/div>\n<h2>KURIER<\/h2>\n<div>\n<hr \/>\n<p><strong>\u00a0<\/strong><\/p>\n<\/div>\n<div><strong> Wynagrodzenie:\u00a0<\/strong>2000-2500 EUR brutto\/mc<\/div>\n<div><strong>Miejsce pracy: <\/strong>Miejscowo\u015b\u0107 Guxhagen i okolice<\/div>\n<div><strong>Klient:<\/strong>\u00a0GLS Niemcy<\/div>\n<div class=\"align-center\">\n<hr \/>\n<\/div>\n<div><span class=\"font\"><span class=\"size\"><strong>Co b\u0119dzie nale\u017ca\u0142o do Twoich zada\u0144:<\/strong><\/span><\/span><\/div>\n<ul>\n<li>Dostarczanie przesy\u0142ek kurierskich do klient\u00f3w indywidualnych<\/li>\n<li>Praca ze skanerem<\/li>\n<li>Za\u0142adunek paczek na magazynie, paczki do 30 kg<\/li>\n<\/ul>\n<p><span id=\"spanreq\"><\/span><\/p>\n<h3>Wymagania<\/h3>\n<h3><span class=\"font\"> <span class=\"size\"> <strong>Czego oczekujemy:<\/strong><\/span><\/span><\/h3>\n<ul>\n<li>Prawo jazdy kat. B<\/li>\n<li>Sprawno\u015bci fizycznej<\/li>\n<li>Do\u015bwiadczenia w prowadzeniu auta 7 metrowego<\/li>\n<\/ul>\n<p><span id=\"spanben\"><\/span><\/p>\n<h3>\u015awiadczenia<\/h3>\n<h3>Co oferujemy:<\/h3>\n<ul>\n<li><strong>Wynagrodzenie<\/strong> 2000-2500 EUR brutto miesi\u0119cznie<\/li>\n<li>Zakwaterowanie w komfortowych mieszkaniach w 1-2 osobowych pokojach-wyposa\u017cone w pralk\u0119, lod\u00f3wk\u0119, kuchenk\u0119, czajnik, internet<\/li>\n<li><strong>Samoch\u00f3d s\u0142u\u017cbowy<\/strong> na dojazdy z zakwaterowania do miejsca pracy na terenie Niemiec<\/li>\n<li>Nowa flota: VW Crafter z kamer\u0105 cofania, nawigacja i skaner w j\u0119zyku polskim,<\/li>\n<li>Kart\u0119 paliwow\u0105<\/li>\n<li>Gwarancja niemieckiej umowy o prac\u0119 po okresie pr\u00f3bnym<\/li>\n<li>Prac\u0119 od poniedzia\u0142ku do pi\u0105tku<\/li>\n<li>D\u0142ugoterminow\u0105 wsp\u00f3\u0142prac\u0119<\/li>\n<li><strong>Zaliczk\u0119 po 1 przepracowanym tygodniu<\/strong><\/li>\n<li>Odprowadzanie sk\u0142adek na emerytur\u0119 niemieck\u0105<\/li>\n<\/ul>\n<h3>Dodatkowo:<\/h3>\n<ul>\n<li><strong>Premia 150-450 EUR brutto<\/strong> za polecenie pracownika do pracy<\/li>\n<li><strong>Premia 450 EUR brutto<\/strong> za przepracowanie okresu pr\u00f3bnego<\/li>\n<li><strong>Premia uznaniowa do 450 EUR brutto<\/strong> za efektywno\u015b\u0107 pracy<\/li>\n<\/ul>\n<div>\n<hr \/>\n<p>&nbsp;<\/p>\n<\/div>\n<div><strong>IDEAL KURIER<\/strong> &#8211;\u00a0to mi\u0119dzynarodowa, pr\u0119\u017cnie rozwijaj\u0105ca si\u0119 firma \u015bwiadcz\u0105ca us\u0142ugi kurierskie oraz transportowe.<\/div>\n<div>Wyr\u00f3\u017cnia nas sprawna organizacja oraz orientacja na satysfakcj\u0119 Klienta. Nasi pracownicy ka\u017cdego dnia wprowadzaj\u0105 nowoczesne rozwi\u0105zania aby zapewni\u0107 najwy\u017csza jako\u015b\u0107 \u015bwiadczonych us\u0142ug.<\/div>\n<div>\n<hr \/>\n<p>&nbsp;<\/p>\n<\/div>\n<p>&nbsp;<\/p>\n","protected":false},"excerpt":{"rendered":"<p>&nbsp; KURIER \u00a0 Wynagrodzenie:\u00a02000-2500 EUR brutto\/mc Miejsce pracy: Miejscowo\u015b\u0107 Guxhagen i okolice Klient:\u00a0GLS Niemcy Co b\u0119dzie nale\u017ca\u0142o do Twoich zada\u0144: Dostarczanie przesy\u0142ek kurierskich do klient\u00f3w indywidualnych Praca ze skanerem Za\u0142adunek&#8230;<\/p>\n","protected":false},"featured_media":0,"comment_status":"open","ping_status":"closed","template":"","meta":{"_acf_changed":false,"inline_featured_image":false},"product_brand":[],"product_cat":[84],"product_tag":[],"class_list":{"0":"post-8883","1":"product","2":"type-product","3":"status-publish","5":"product_cat-archiwum","6":"pa_branza-transport","7":"pa_dzial-kurier","8":"pa_kraj-niemcy","9":"pa_obszar-pracy-okolice-kassel","10":"pa_stanowisko-kurier","12":"first","13":"instock","14":"shipping-taxable","15":"product-type-simple"},"acf":{"idealWorkDescription":"","idealWorkCountry":"Niemcy","IdealWorkIndustry":"Transport","idealWorkDepartment":"Kurier","idealWorkPlace":"Kurier","idealZohoSkrypt":"<script type=\"text\/javascript\"> var xhr = new XMLHttpRequest(); xhr.open(\"GET\", \"https:\/\/idealgrupa.zohorecruit.eu\/recruit\/PortalDetail.na?iframe=true&digest=KRqHuidkPGGsXSohZiMno7R@KhhO4sNvD4wPaRr1lL8-&jobid=1710000007220079&widgetid=1710000000211080&embedsource=CareerSite\"); xhr.send(); <\/script>","idealAplicationLink":"https:\/\/forms.zohopublic.eu\/idealgrupa\/form\/Formularzaplikacyjny\/formperma\/WZjwT6VA8hvNOwjkxd1mzCFcuBqcFkpbLB0CY19DW50?jobID=1710000007220079&stanowiskoCRM=kurier DE&obszar=okolice Kassel&kampania=GLS","idealWorkArea":"okolice Kassel","idealWorkHours":"","idealWorkLevel":"","idealWorkSallary":"2000-2500 EUR brutto\/mc","idealWorkDataCreate":"2024-03-27","idealWorkDataExpiration":"2024-04-05","idealWorkVacancies":"1","recruitJobID":1710000007220079,"stanowiskoZohoCRM":"kurier DE","biale_kolnierzyki":false,"idealOfertaDlaPar":false,"idealOfertaOdZaraz":false,"idealOfertaTygodnia":false,"idealOfertaSuper":false},"_links":{"self":[{"href":"https:\/\/idealstaff.com\/pl\/wp-json\/wp\/v2\/product\/8883","targetHints":{"allow":["GET"]}}],"collection":[{"href":"https:\/\/idealstaff.com\/pl\/wp-json\/wp\/v2\/product"}],"about":[{"href":"https:\/\/idealstaff.com\/pl\/wp-json\/wp\/v2\/types\/product"}],"replies":[{"embeddable":true,"href":"https:\/\/idealstaff.com\/pl\/wp-json\/wp\/v2\/comments?post=8883"}],"wp:attachment":[{"href":"https:\/\/idealstaff.com\/pl\/wp-json\/wp\/v2\/media?parent=8883"}],"wp:term":[{"taxonomy":"product_brand","embeddable":true,"href":"https:\/\/idealstaff.com\/pl\/wp-json\/wp\/v2\/product_brand?post=8883"},{"taxonomy":"product_cat","embeddable":true,"href":"https:\/\/idealstaff.com\/pl\/wp-json\/wp\/v2\/product_cat?post=8883"},{"taxonomy":"product_tag","embeddable":true,"href":"https:\/\/idealstaff.com\/pl\/wp-json\/wp\/v2\/product_tag?post=8883"}],"curies":[{"name":"wp","href":"https:\/\/api.w.org\/{rel}","templated":true}]}}