{"id":8885,"date":"2023-10-20T09:57:23","date_gmt":"2023-10-20T07:57:23","guid":{"rendered":"https:\/\/idealstaff.com\/oferta\/kurier-gls-4\/"},"modified":"2024-04-08T13:56:22","modified_gmt":"2024-04-08T11:56:22","slug":"kurier-gls-4","status":"publish","type":"product","link":"https:\/\/idealstaff.com\/pl\/oferta\/kurier-gls-4\/","title":{"rendered":"Kurier GLS"},"content":{"rendered":"<p>&nbsp;<\/p>\n<div class=\"align-center\"><\/div>\n<h2>KURIER<\/h2>\n<div>\n<hr \/>\n<p><strong>\u00a0<\/strong><\/p>\n<\/div>\n<div><strong> Wynagrodzenie:\u00a0<\/strong>2000-2500 EUR brutto\/mc<\/div>\n<div><strong>Miejsce pracy: <\/strong>Miejscowo\u015b\u0107\u00a0Kabelsketal i okolice<\/div>\n<div><strong>Klient:<\/strong>\u00a0GLS Niemcy<\/div>\n<div class=\"align-center\">\n<hr \/>\n<\/div>\n<div><span class=\"font\"><span class=\"size\"><strong>Co b\u0119dzie nale\u017ca\u0142o do Twoich zada\u0144:<\/strong><\/span><\/span><\/div>\n<ul>\n<li>Dostarczanie przesy\u0142ek kurierskich do klient\u00f3w indywidualnych<\/li>\n<li>Praca ze skanerem<\/li>\n<li>Za\u0142adunek paczek na magazynie, paczki do 30 kg<\/li>\n<\/ul>\n<p><span id=\"spanreq\"><\/span><\/p>\n<h3>Wymagania<\/h3>\n<h3><span class=\"font\"> <span class=\"size\"> <strong>Czego oczekujemy:<\/strong><\/span><\/span><\/h3>\n<ul>\n<li>Prawo jazdy kat. B<\/li>\n<li>Do\u015bwiadczenie na stanowisku kuriera<\/li>\n<li>Umiej\u0119tno\u015bci obs\u0142ugiwania skanera<\/li>\n<li>Sprawno\u015bci fizycznej<\/li>\n<\/ul>\n<p><span id=\"spanben\"><\/span><\/p>\n<h3>\u015awiadczenia<\/h3>\n<h3>Co oferujemy:<\/h3>\n<ul>\n<li><strong>Wynagrodzenie <\/strong> 2000-2500 EUR brutto miesi\u0119cznie<\/li>\n<li><strong>Samoch\u00f3d s\u0142u\u017cbowy <\/strong> na dojazdy z zakwaterowania do miejsca pracy na terenie Niemiec<\/li>\n<li>Nowa flota: VW Crafter z kamer\u0105 cofania, nawigacja i skaner w j\u0119zyku polskim<\/li>\n<li>Kart\u0119 paliwow\u0105<\/li>\n<li><strong>Gwarancja niemieckiej umowy <\/strong> o prac\u0119 po okresie pr\u00f3bnym<\/li>\n<li>Prac\u0119 od poniedzia\u0142ku do pi\u0105tku<\/li>\n<li><strong>D\u0142ugoterminow\u0105 wsp\u00f3\u0142prac\u0119 <\/strong><\/li>\n<li><strong>Zakwaterowanie w komfortowych mieszkaniach <\/strong> w 1-2 osobowych pokojach-wyposa\u017cone w pralk\u0119, lod\u00f3wk\u0119, kuchenk\u0119, czajnik, internet<\/li>\n<li><strong>Zaliczk\u0119 po 1 przepracowanym tygodniu <\/strong><\/li>\n<li>Odprowadzanie sk\u0142adek na emerytur\u0119 niemieck\u0105<\/li>\n<\/ul>\n<h3>Dodatkowo:<\/h3>\n<ul>\n<li><strong>Premia 150-450 EUR brutto <\/strong> za polecenie pracownika do pracy<\/li>\n<li><strong>Premia 450 EUR brutto <\/strong> za przepracowanie okresu pr\u00f3bnego<\/li>\n<li><strong>Premia uznaniowa do 450 EUR brutto <\/strong> za efektywno\u015b\u0107 pracy<\/li>\n<\/ul>\n<div>\n<hr \/>\n<p>&nbsp;<\/p>\n<\/div>\n<div><strong>IDEAL KURIER <\/strong> &#8211;\u00a0to mi\u0119dzynarodowa, pr\u0119\u017cnie rozwijaj\u0105ca si\u0119 firma \u015bwiadcz\u0105ca us\u0142ugi kurierskie oraz transportowe.<\/div>\n<div>Wyr\u00f3\u017cnia nas sprawna organizacja oraz orientacja na satysfakcj\u0119 Klienta. Nasi pracownicy ka\u017cdego dnia wprowadzaj\u0105 nowoczesne rozwi\u0105zania aby zapewni\u0107 najwy\u017csza jako\u015b\u0107 \u015bwiadczonych us\u0142ug.<\/div>\n<div>\n<hr \/>\n<p>&nbsp;<\/p>\n<\/div>\n<div>Je\u015bli poszukujesz pracy za granic\u0105, gdzie codzienne wyzwania id\u0105 w parze z atrakcyjnymi korzy\u015bciami i mo\u017cliwo\u015bciami rozwoju zawodowego &#8211; IDEAL ma dla Ciebie \u015bwietn\u0105 propozycj\u0119! <strong> Sprawd\u017a si\u0119 w pracy w Lipsku jako kurier GLS i rozwi\u0144 swoje skrzyd\u0142a w wiod\u0105cej firmie kurierskiej w Niemczech. <\/strong><\/div>\n<div>\n<h2><span class=\"size\" style=\"font-size: 24px;\">Idealny kurier GLS w Lipsku &#8211; kogo poszukujemy?<\/span><\/h2>\n<\/div>\n<div>Mia\u0142e\u015b okazj\u0119 zrobi\u0107 prawo jazdy kategorii B i masz ju\u017c wst\u0119pne do\u015bwiadczenie na stanowisku kuriera w podobnej firmie? Wiesz, jak obs\u0142u\u017cy\u0107 skaner? Jeste\u015b na tyle sprawny fizycznie, \u017ce za\u0142adunek i dostarczanie paczek o wadze do 30 kg nie b\u0119dzie stanowi\u0107 problemu? <strong> \u015awietnie &#8211; je\u015bli dodatkowo jeste\u015b got\u00f3w na dynamiczn\u0105 prac\u0119 i masz umiej\u0119tno\u015b\u0107 radzenia sobie z r\u00f3\u017cnymi wyzwaniami, to oferta pracy jako kurier GLS w Lipsku jest w\u0142a\u015bnie dla Ciebie. <\/strong><\/div>\n<div>\n<h2><span class=\"size\" style=\"font-size: 24px;\">Dlaczego warto zaaplikowa\u0107 do pracy w Lipsku jako kurier GLS?<\/span><\/h2>\n<\/div>\n<div><strong>Mo\u017cesz liczy\u0107 na atrakcyjne wynagrodzenie w przedziale od 2000 do 2500 Euro brutto miesi\u0119cznie <\/strong> &#8211; wynagradzamy Ci\u0119 nie tylko za prac\u0119, ale r\u00f3wnie\u017c zaanga\u017cowanie i wysi\u0142ek, kt\u00f3ry wk\u0142adasz w codziennie wykonywane zadania. Twoje zatrudnienie b\u0119dzie stuprocentowo stabilne &#8211; masz gwarancj\u0119 niemieckiej umowy o prac\u0119 po okresie pr\u00f3bnym.<\/div>\n<div>Oferujemy zakwaterowanie w komfortowych mieszkaniach, w kt\u00f3rych znajdziesz 1-2 osobowe pokoje, wyposa\u017cone w pralk\u0119, lod\u00f3wk\u0119, kuchenk\u0119, czajnik i dost\u0119p do internetu. W pracy tak\u017ce mo\u017cesz liczy\u0107 na kompleksowe wyposa\u017cenie &#8211; <strong> Twoim narz\u0119dziem pracy b\u0119dzie nowy VW Crafter z zaawansowanymi funkcjami (kamera cofania, nawigacja i skaner w j\u0119zyku polskim), kt\u00f3re nie tylko u\u0142atwiaj\u0105 codzienn\u0105 prac\u0119, ale tak\u017ce zapewniaj\u0105 bezpiecze\u0144stwo i komfort podczas pracy jako kurier GLS w Lipsku. <\/strong><\/div>\n<div>Docenimy zaanga\u017cowanie i pozytywne rezultaty Twojej pracy. Mo\u017cesz liczy\u0107 szereg dodatkowych korzy\u015bci finansowych &#8211; premie za polecenie nowych pracownik\u00f3w, premie za efektywno\u015b\u0107 pracy.<\/div>\n<div><\/div>\n<div>\n<h2><span class=\"size\" style=\"font-size: 24px;\">Rozwijaj karier\u0119 jako kurier GLS w Lipsku<\/span><\/h2>\n<\/div>\n<div>Oferujemy nie tylko stabiln\u0105 prac\u0119, ale tak\u017ce mo\u017cliwo\u015b\u0107 rozwoju zawodowego. <strong> Pozytywne podej\u015bcie do pracy, efektywno\u015b\u0107 i zaanga\u017cowanie na stanowisku kuriera GLS w Lipsku nagradzamy wy\u017cej wspomnianymi premiami &#8211; a to tylko pocz\u0105tek Twojej drogi. <\/strong><\/div>\n<div>Zobacz, jak mo\u017cesz si\u0119 rozwin\u0105\u0107 i ile mo\u017cesz zyska\u0107, <strong> pracuj\u0105c w Lipsku jako kurier GLS <\/strong> b\u0105d\u017a <a href=\"https:\/\/idealstaff.com\/oferta\/kurier-dpd-2\/\" target=\"_blank\" rel=\"noopener\"> kurier DPD <\/a> . Aplikuj z IDEAL i postaw pierwszy krok na drodze do kariery za granic\u0105!<\/div>\n<p>&nbsp;<\/p>\n","protected":false},"excerpt":{"rendered":"<p>&nbsp; KURIER \u00a0 Wynagrodzenie:\u00a02000-2500 EUR brutto\/mc Miejsce pracy: Miejscowo\u015b\u0107\u00a0Kabelsketal i okolice Klient:\u00a0GLS Niemcy Co b\u0119dzie nale\u017ca\u0142o do Twoich zada\u0144: Dostarczanie przesy\u0142ek kurierskich do klient\u00f3w indywidualnych Praca ze skanerem Za\u0142adunek paczek&#8230;<\/p>\n","protected":false},"featured_media":0,"comment_status":"open","ping_status":"closed","template":"","meta":{"_acf_changed":false,"inline_featured_image":false},"product_brand":[],"product_cat":[84],"product_tag":[],"class_list":{"0":"post-8885","1":"product","2":"type-product","3":"status-publish","5":"product_cat-archiwum","6":"pa_branza-transport","7":"pa_dzial-kurier","8":"pa_kraj-niemcy","9":"pa_obszar-pracy-okolice-lipsk","10":"pa_stanowisko-kurier","12":"first","13":"instock","14":"shipping-taxable","15":"product-type-simple"},"acf":{"idealWorkDescription":"","idealWorkCountry":"Niemcy","IdealWorkIndustry":"Transport","idealWorkDepartment":"Kurier","idealWorkPlace":"Kurier","idealZohoSkrypt":"<script type=\"text\/javascript\"> var xhr = new XMLHttpRequest(); xhr.open(\"GET\", \"https:\/\/idealgrupa.zohorecruit.eu\/recruit\/PortalDetail.na?iframe=true&digest=KRqHuidkPGGsXSohZiMno7R@KhhO4sNvD4wPaRr1lL8-&jobid=1710000007220099&widgetid=1710000000211080&embedsource=CareerSite\"); xhr.send(); <\/script>","idealAplicationLink":"https:\/\/forms.zohopublic.eu\/idealgrupa\/form\/Formularzaplikacyjny\/formperma\/WZjwT6VA8hvNOwjkxd1mzCFcuBqcFkpbLB0CY19DW50?jobID=1710000007220099&stanowiskoCRM=kurier DE&obszar=okolice Lipsk&kampania=GLS","idealWorkArea":"okolice Lipsk","idealWorkHours":"","idealWorkLevel":"","idealWorkSallary":"2000-2500 EUR brutto\/mc","idealWorkDataCreate":"2024-03-27","idealWorkDataExpiration":"2024-04-05","idealWorkVacancies":"1","recruitJobID":1710000007220099,"stanowiskoZohoCRM":"kurier DE","biale_kolnierzyki":false,"idealOfertaDlaPar":false,"idealOfertaOdZaraz":false,"idealOfertaTygodnia":false,"idealOfertaSuper":false},"_links":{"self":[{"href":"https:\/\/idealstaff.com\/pl\/wp-json\/wp\/v2\/product\/8885","targetHints":{"allow":["GET"]}}],"collection":[{"href":"https:\/\/idealstaff.com\/pl\/wp-json\/wp\/v2\/product"}],"about":[{"href":"https:\/\/idealstaff.com\/pl\/wp-json\/wp\/v2\/types\/product"}],"replies":[{"embeddable":true,"href":"https:\/\/idealstaff.com\/pl\/wp-json\/wp\/v2\/comments?post=8885"}],"wp:attachment":[{"href":"https:\/\/idealstaff.com\/pl\/wp-json\/wp\/v2\/media?parent=8885"}],"wp:term":[{"taxonomy":"product_brand","embeddable":true,"href":"https:\/\/idealstaff.com\/pl\/wp-json\/wp\/v2\/product_brand?post=8885"},{"taxonomy":"product_cat","embeddable":true,"href":"https:\/\/idealstaff.com\/pl\/wp-json\/wp\/v2\/product_cat?post=8885"},{"taxonomy":"product_tag","embeddable":true,"href":"https:\/\/idealstaff.com\/pl\/wp-json\/wp\/v2\/product_tag?post=8885"}],"curies":[{"name":"wp","href":"https:\/\/api.w.org\/{rel}","templated":true}]}}