{"id":8886,"date":"2023-10-20T10:13:11","date_gmt":"2023-10-20T08:13:11","guid":{"rendered":"https:\/\/idealstaff.com\/oferta\/kurier-dpd-2\/"},"modified":"2024-04-08T13:55:34","modified_gmt":"2024-04-08T11:55:34","slug":"kurier-dpd-2","status":"publish","type":"product","link":"https:\/\/idealstaff.com\/pl\/oferta\/kurier-dpd-2\/","title":{"rendered":"Kurier DPD"},"content":{"rendered":"<p>&nbsp;<\/p>\n<div class=\"align-center\"><\/div>\n<h2>KURIER<\/h2>\n<div>\n<hr \/>\n<p><strong>\u00a0<\/strong><\/p>\n<\/div>\n<div><strong> Wynagrodzenie:\u00a0<\/strong>2000-2950 EUR brutto\/mc<\/div>\n<div><strong>Miejsce pracy: <\/strong>Miejscowo\u015b\u0107 Halle i okolice<\/div>\n<div><strong>Klient:<\/strong> DPD Niemcy<\/div>\n<div class=\"align-center\">\n<hr \/>\n<\/div>\n<div><span class=\"font\"><span class=\"size\"><strong>Co b\u0119dzie nale\u017ca\u0142o do Twoich zada\u0144:<\/strong><\/span><\/span><\/div>\n<ul>\n<li>Dostarczanie przesy\u0142ek kurierskich do klient\u00f3w indywidualnych<\/li>\n<li>Praca ze skanerem<\/li>\n<li>Za\u0142adunek paczek na magazynie, paczki do 30 kg<\/li>\n<\/ul>\n<p><span id=\"spanreq\"><\/span><\/p>\n<h3>Wymagania<\/h3>\n<h3><span class=\"font\"> <span class=\"size\"> <strong>Czego oczekujemy:<\/strong><\/span><\/span><\/h3>\n<ul>\n<li>Czynne prawo jazdy kat. B<\/li>\n<li>Umiej\u0119tno\u015bci poruszania si\u0119 autem do 3,5 t<\/li>\n<li>Sprawno\u015bci fizycznej<\/li>\n<\/ul>\n<p><span id=\"spanben\"><\/span><\/p>\n<h3>\u015awiadczenia<\/h3>\n<h3>Co oferujemy:<\/h3>\n<ul>\n<li><strong>Wynagrodzenie <\/strong> 2000-2950 EUR brutto miesi\u0119cznie<\/li>\n<li>Prac\u0119 od poniedzia\u0142ku do pi\u0105tku + 2 soboty w miesi\u0105cu- pracuj\u0105c w 2 obowi\u0105zkowe soboty w miesi\u0105cu, poniedzia\u0142ki s\u0105 wolne<\/li>\n<li><strong>Zakwaterowanie w komfortowych mieszkaniach <\/strong> w 1-2 osobowych pokojach-wyposa\u017cone w pralk\u0119, lod\u00f3wk\u0119, kuchenk\u0119, czajnik, internet<\/li>\n<li>Samoch\u00f3d s\u0142u\u017cbowy na dojazdy z zakwaterowania do miejsca pracy na terenie Niemiec<\/li>\n<li>Nowa flota: VW Crafter z kamer\u0105 cofania, nawigacja i skaner w j\u0119zyku polskim<\/li>\n<li>Kart\u0119 paliwow\u0105<\/li>\n<li>7 dniowe p\u0142atne szkolenie<\/li>\n<li>Gwarancja niemieckiej umowy o prac\u0119 po okresie pr\u00f3bnym<\/li>\n<li>Mo\u017cliwo\u015b\u0107 awansu na stanowisko brygadzisty lub koordynatora<\/li>\n<li>Opiek\u0119 polskoj\u0119zycznego brygadzisty\/koordynatora w DE<\/li>\n<li>Wsparcie w zakresie wszelkich formalno\u015bci zwi\u0105zanych z wyjazdem oraz pobytem w DE<\/li>\n<li>D\u0142ugoterminow\u0105 wsp\u00f3\u0142prac\u0119<\/li>\n<li>Zaliczk\u0119 po 1 przepracowanym tygodniu<\/li>\n<li>Odprowadzanie sk\u0142adek na emerytur\u0119 niemieck\u0105<\/li>\n<\/ul>\n<h3>Dodatkowo:<\/h3>\n<ul>\n<li><strong>Premia 150-450 EUR brutto <\/strong> za polecenie pracownika do pracy<\/li>\n<li><strong>Premia 450 EUR brutto <\/strong> za przepracowanie okresu pr\u00f3bnego<\/li>\n<li><strong>Premia uznaniowa do 450 EUR brutto <\/strong> za efektywno\u015b\u0107 pracy<\/li>\n<li><strong>Dodatki za prac\u0119 w sobot\u0119 &#8211; <\/strong> 1 EUR brutto od dostarczonej paczki<\/li>\n<\/ul>\n<div>\n<hr \/>\n<p>&nbsp;<\/p>\n<\/div>\n<div><strong>IDEAL KURIER <\/strong> &#8211;\u00a0to mi\u0119dzynarodowa, pr\u0119\u017cnie rozwijaj\u0105ca si\u0119 firma \u015bwiadcz\u0105ca us\u0142ugi kurierskie oraz transportowe.<\/div>\n<div>Wyr\u00f3\u017cnia nas sprawna organizacja oraz orientacja na satysfakcj\u0119 Klienta. Nasi pracownicy ka\u017cdego dnia wprowadzaj\u0105 nowoczesne rozwi\u0105zania aby zapewni\u0107 najwy\u017csza jako\u015b\u0107 \u015bwiadczonych us\u0142ug.<\/div>\n<div>\n<hr \/>\n<p>&nbsp;<\/p>\n<\/div>\n<div><strong>Je\u015bli szukasz nowych wyzwa\u0144 zawodowych &#8211; praca jako kurier DPD w Lipsku b\u0119dzie idealnym nast\u0119pnym krokiem w Twojej karierze. <\/strong> Spr\u00f3buj swoich si\u0142 w sektorze logistycznym i otw\u00f3rz drzwi na nowej \u015bcie\u017cce kariery!<\/div>\n<div>\n<h2><span class=\"size\" style=\"font-size: 24px;\">Kim jest wymarzony kandydat na kuriera DPD w Lipsku?<\/span><\/h2>\n<\/div>\n<div>Masz prawo jazdy kategorii B? Jeste\u015b na tyle sprawny fizycznie, \u017ce dostarczanie paczek do klient\u00f3w indywidualnych i za\u0142adunek paczek do 30 kg nie b\u0119d\u0105 stanowi\u0142y \u017cadnych problem\u00f3w? Umiesz zorganizowa\u0107 si\u0119 w dynamicznym \u015brodowisku i potrafisz obs\u0142u\u017cy\u0107 skaner? <strong> Czekamy w\u0142a\u015bnie na Ciebie &#8211; pracuj\u0105c w Lipsku jako kurier DPD odnajdziesz si\u0119 idealnie! <\/strong><\/div>\n<div>\n<h2><span class=\"size\" style=\"font-size: 24px;\">Praca w Lipsku jako kurier DPD &#8211; dlaczego warto?<\/span><\/h2>\n<\/div>\n<div><strong>Pracuj\u0105c jako kurier DPD w Lipsku, mo\u017cesz liczy\u0107 na atrakcyjne wynagrodzenie w przedziale od 2000 do 2950 Euro brutto miesi\u0119cznie. <\/strong> To oferta dedykowana osobom, kt\u00f3re chc\u0105 by\u0107 wynagradzane uczciwie za swoj\u0105 prac\u0119.<\/div>\n<div>Mo\u017cesz liczy\u0107 na kompleksowe wsparcie &#8211; pocz\u0105wszy od siedmiodniowego p\u0142atnego szkolenia, poprzez samoch\u00f3d s\u0142u\u017cbowy na dojazdy, a\u017c po gwarancj\u0119 niemieckiej umowy o prac\u0119 po okresie pr\u00f3bnym. Nowa flota pojazd\u00f3w (w tym najnowszy VW Crafter z kamer\u0105 cofania, nawigacj\u0105 i skanerem w j\u0119zyku polskim!) zapewnia komfortowe warunki pracy. <strong> Karta paliwowa oraz premia \u015bwi\u0105teczna (do 700 Euro brutto) to dodatkowe zach\u0119ty, kt\u00f3re m\u00f3wi\u0105 jasno &#8211; warto podj\u0105\u0107 prac\u0119 w Lipsku jako kurier DPD z IDEAL. <\/strong><\/div>\n<div>Zadbamy tak\u017ce o komfortowe warunki bytowania. Zakwaterowanie nie stanowi problemu, poniewa\u017c oferujemy komfortowe mieszkania wyposa\u017cone w pralk\u0119, lod\u00f3wk\u0119, kuchenk\u0119, czajnik oraz dost\u0119p do internetu. Wiemy te\u017c, \u017ce prywatno\u015b\u0107 jest niezwykle istotna &#8211; dost\u0119pne pokoje s\u0105 jedno- lub dwuosobowe, w zale\u017cno\u015bci od preferencji.<\/div>\n<div>\n<h2><span class=\"size\" style=\"font-size: 24px;\">Rozwijaj si\u0119 zawodowo w Lipsku &#8211; jako kurier DPD!<\/span><\/h2>\n<\/div>\n<div><strong>Je\u015bli marzysz o dalszym rozwoju &#8211; w Lipsku, jako kurier DPD masz naprawd\u0119 wiele mo\u017cliwo\u015bci. <\/strong> Oferujemy premie za efektywno\u015b\u0107 pracy, premie uznaniowe oraz premie za polecenie nowych pracownik\u00f3w. Mo\u017cesz zdobywa\u0107 do\u015bwiadczenie na r\u00f3\u017cnych etapach kariery, a nasze szkolenia zapewni\u0105 Ci niezb\u0119dn\u0105 wiedz\u0119 do osi\u0105gni\u0119cia sukcesu zawodowego.<\/div>\n<div>Je\u015bli poszukujesz stabilnej pracy z perspektyw\u0105 awansu oraz cenisz sobie wsparcie i benefity &#8211; niniejsza oferta jest dla Ciebie, podobnie jak <a href=\"https:\/\/idealstaff.com\/oferta\/kurier-gls-4\/\" target=\"_blank\" rel=\"noopener\"> praca kuriera GLS w Lipsku <\/a> . Aplikuj z IDEAL i zacznij budowa\u0107 swoj\u0105 karier\u0119 jako <strong> kurier DPD w Lipsku <\/strong> ju\u017c dzi\u015b!<\/div>\n<p>&nbsp;<\/p>\n","protected":false},"excerpt":{"rendered":"<p>&nbsp; KURIER \u00a0 Wynagrodzenie:\u00a02000-2950 EUR brutto\/mc Miejsce pracy: Miejscowo\u015b\u0107 Halle i okolice Klient: DPD Niemcy Co b\u0119dzie nale\u017ca\u0142o do Twoich zada\u0144: Dostarczanie przesy\u0142ek kurierskich do klient\u00f3w indywidualnych Praca ze skanerem&#8230;<\/p>\n","protected":false},"featured_media":0,"comment_status":"open","ping_status":"closed","template":"","meta":{"_acf_changed":false,"inline_featured_image":false},"product_brand":[],"product_cat":[84],"product_tag":[],"class_list":{"0":"post-8886","1":"product","2":"type-product","3":"status-publish","5":"product_cat-archiwum","6":"pa_branza-transport","7":"pa_dzial-kurier","8":"pa_kraj-niemcy","9":"pa_obszar-pracy-okolice-lipsk","10":"pa_stanowisko-kurier","12":"first","13":"instock","14":"shipping-taxable","15":"product-type-simple"},"acf":{"idealWorkDescription":"","idealWorkCountry":"Niemcy","IdealWorkIndustry":"Transport","idealWorkDepartment":"Kurier","idealWorkPlace":"Kurier","idealZohoSkrypt":"<script type=\"text\/javascript\"> var xhr = new XMLHttpRequest(); xhr.open(\"GET\", \"https:\/\/idealgrupa.zohorecruit.eu\/recruit\/PortalDetail.na?iframe=true&digest=KRqHuidkPGGsXSohZiMno7R@KhhO4sNvD4wPaRr1lL8-&jobid=1710000007220119&widgetid=1710000000211080&embedsource=CareerSite\"); xhr.send(); <\/script>","idealAplicationLink":"https:\/\/forms.zohopublic.eu\/idealgrupa\/form\/Formularzaplikacyjny\/formperma\/WZjwT6VA8hvNOwjkxd1mzCFcuBqcFkpbLB0CY19DW50?jobID=1710000007220119&stanowiskoCRM=kurier DE&obszar=okolice Lipsk&kampania=DPD","idealWorkArea":"okolice Lipsk","idealWorkHours":"","idealWorkLevel":"","idealWorkSallary":"2000-2950 EUR brutto\/mc","idealWorkDataCreate":"2024-03-27","idealWorkDataExpiration":"2024-04-05","idealWorkVacancies":"1","recruitJobID":1710000007220119,"stanowiskoZohoCRM":"kurier DE","biale_kolnierzyki":false,"idealOfertaDlaPar":false,"idealOfertaOdZaraz":false,"idealOfertaTygodnia":false,"idealOfertaSuper":false},"_links":{"self":[{"href":"https:\/\/idealstaff.com\/pl\/wp-json\/wp\/v2\/product\/8886","targetHints":{"allow":["GET"]}}],"collection":[{"href":"https:\/\/idealstaff.com\/pl\/wp-json\/wp\/v2\/product"}],"about":[{"href":"https:\/\/idealstaff.com\/pl\/wp-json\/wp\/v2\/types\/product"}],"replies":[{"embeddable":true,"href":"https:\/\/idealstaff.com\/pl\/wp-json\/wp\/v2\/comments?post=8886"}],"wp:attachment":[{"href":"https:\/\/idealstaff.com\/pl\/wp-json\/wp\/v2\/media?parent=8886"}],"wp:term":[{"taxonomy":"product_brand","embeddable":true,"href":"https:\/\/idealstaff.com\/pl\/wp-json\/wp\/v2\/product_brand?post=8886"},{"taxonomy":"product_cat","embeddable":true,"href":"https:\/\/idealstaff.com\/pl\/wp-json\/wp\/v2\/product_cat?post=8886"},{"taxonomy":"product_tag","embeddable":true,"href":"https:\/\/idealstaff.com\/pl\/wp-json\/wp\/v2\/product_tag?post=8886"}],"curies":[{"name":"wp","href":"https:\/\/api.w.org\/{rel}","templated":true}]}}